{"id":1410,"date":"2024-08-16T16:04:41","date_gmt":"2024-08-16T14:04:41","guid":{"rendered":"https:\/\/snm-online.sk\/?page_id=1410"},"modified":"2024-09-02T17:56:06","modified_gmt":"2024-09-02T15:56:06","slug":"clovek-a-priroda","status":"publish","type":"page","link":"https:\/\/snm-online.sk\/en\/clovek-a-priroda\/","title":{"rendered":"\u010clovek a pr\u00edroda"},"content":{"rendered":"<div class=\"wp-block-image\">\n<figure class=\"aligncenter size-large\"><img loading=\"lazy\" decoding=\"async\" width=\"1024\" height=\"468\" src=\"https:\/\/snm-online.sk\/wp-content\/uploads\/2024\/09\/Clovek-a-priroda-2024-1024x468.png\" alt=\"\" class=\"wp-image-1493\" srcset=\"https:\/\/snm-online.sk\/wp-content\/uploads\/2024\/09\/Clovek-a-priroda-2024-1024x468.png 1024w, https:\/\/snm-online.sk\/wp-content\/uploads\/2024\/09\/Clovek-a-priroda-2024-300x137.png 300w, https:\/\/snm-online.sk\/wp-content\/uploads\/2024\/09\/Clovek-a-priroda-2024-768x351.png 768w, https:\/\/snm-online.sk\/wp-content\/uploads\/2024\/09\/Clovek-a-priroda-2024.png 1050w\" sizes=\"auto, (max-width: 1024px) 100vw, 1024px\" \/><\/figure>\n<\/div>\n\n\n<div style=\"height:30px\" aria-hidden=\"true\" class=\"wp-block-spacer\"><\/div>\n\n\n\n<p><strong>Vyberte si pros\u00edm z ponuky d\u00e1tumov a term\u00ednov prehliadok:<\/strong><\/p>\n\n\n\r\n<section class=\"mb-4\">\r\n    <nav class=\"wper-days\">\r\n        \r\n            <\/nav>\r\n\r\n    \r\n    <ul id=\"wperItems\" class=\"wper-list\">\r\n        Sorry, this date is not available.    <\/ul>\r\n<\/section>\r\n\r\n<div class=\"wper-modal\">\r\n    <div class=\"wper-modal__inner\">\r\n        <div class=\"wper-modal__header\">\r\n            <button type=\"button\" class=\"wper-modal__close js-wper-close-modal\">\r\n                <svg width=\"16\" height=\"16\" viewBox=\"0 0 16 16\" fill=\"none\" class=\"svg\" xmlns=\"http:\/\/www.w3.org\/2000\/svg\"><path d=\"M16 7H3.83L9.42 1.41L8 0L0 8L8 16L9.41 14.59L3.83 9H16V7Z\" fill=\"currentColor\"\/><\/svg> <span>Continue shopping<\/span>\r\n            <\/button>\r\n        <\/div>\r\n\r\n        <iframe src=\"\" frameborder=\"0\" class=\"wper-modal__iframe\"><\/iframe>\r\n    <\/div>\r\n<\/div>\r\n\r\n<div class=\"wper-note\">\r\n    <div class=\"wper-note__inner\">\r\n        <div id=\"wperNoteRetail\" class=\"wper-note__content\">\r\n            <h5 class=\"wper-note__title\">Last tickets available only at the museum ticket office.<\/h5>\r\n\r\n            <p>We are sorry, but due to high interest, all tickets reserved for online sales are sold out.<\/p>\r\n\r\n            <p>Last few tickets are available at the castle ticket office. We recommend you visit the ticket office as soon as possible, as tickets sell out quickly.<\/p>\r\n        <\/div>\r\n\r\n        <div id=\"wperNoteSold\" class=\"wper-note__content\">\r\n            <h5 class=\"wper-note__title\">Tickets for this time slot are sold out.<\/h5>\r\n\r\n            <p>We are sorry, but due to high interest, all tickets for this tour are sold out. No tickets are available for this time slot at the castle ticket office either.<\/p>\r\n\r\n            <p>Please try to select another time slot within the day or consider visiting on a different day. We recommend monitoring our website for availability of tickets for individual tours and events.<\/p>\r\n\r\n            <p>Given the high attendance, we advise purchasing tickets well in advance online.<\/p>\r\n        <\/div>\r\n\r\n        <div class=\"wper-note__actions\">\r\n            <button type=\"submit\" class=\"wper-note__close js-wper-close-note\">Got it<\/button>\r\n        <\/div>\r\n    <\/div>\r\n<\/div>\r\n\n\n\n\n<h4 class=\"wp-block-heading\">T\u00fd\u017ede\u0148 m\u00faze\u00ed v pr\u00edrode &#8211; \u010clovek a pr\u00edroda<\/h4>\n\n\n\n<p><strong>V nede\u013eu 8. septembra 2024 od 10.00 do 16.00 hod. <\/strong>sa uskuto\u010dn\u00ed u\u017e 19. ro\u010dn\u00edk<strong> podujatia \u010clovek a pr\u00edroda, tentokr\u00e1t v&nbsp;r\u00e1mci T\u00fd\u017ed\u0148a m\u00faze\u00ed v&nbsp;pr\u00edrode.<\/strong> Do <strong>stavebn\u00fdch remesiel na\u0161ich predkov <\/strong>zasv\u00e4tia n\u00e1v\u0161tevn\u00edkov nad\u0161enci aj profesion\u00e1li. Uk\u00e1\u017eu v\u00e1m, ako sa kedysi opracov\u00e1valo surov\u00e9 drevo \u2013 gu\u013eatina na <strong>v\u00fdrobu tr\u00e1mov<\/strong>, ako sa vyr\u00e1bala dreven\u00e1 krytina \u2013 <strong>\u0161inde\u013e<\/strong> na pokrytie striech alebo <strong>hlinen\u00e1 omietka<\/strong> na omaz\u00e1vanie stien. Okrem toho v\u00e1s remeseln\u00edci zozn\u00e1mia s t\u00fdm, ako sa <strong>priadol \u013ean<\/strong> na kolovrate \u010di spracov\u00e1vali listy kukuri\u010dn\u00e9ho klasu na <strong>\u0161\u00fapolie<\/strong>. V programov\u00fdch vstupoch o&nbsp;11.00, 13.00 a&nbsp;15.00 hod. predvedie Folkl\u00f3rna skupina Sklabi\u0148a, <strong>ako sa tkali koberce v&nbsp;Turci<\/strong>. Pre t\u00fdch, ktor\u00ed chc\u00fa bli\u017e\u0161ie spozna\u0165 pr\u00edrodu, pripravilo mno\u017estvo aktiv\u00edt Slovensk\u00e9 n\u00e1rodn\u00e9 m\u00fazeum v&nbsp;Martine \u2013 M\u00fazeum Andreja Kme\u0165a. Ne\u017eiv\u00fa pr\u00edrodu bud\u00fa reprezentova\u0165 uk\u00e1\u017eky <strong>ry\u017eovania zlata a prezent\u00e1cie miner\u00e1lov<\/strong> zo slovensk\u00fdch potokov a riek. Pre milovn\u00edkov h\u00fab pon\u00fakneme zauj\u00edmav\u00e9 predn\u00e1\u0161ky a <strong>v\u00fdstavu \u201eNa\u0161e huby\u201c spojen\u00e9 s hub\u00e1rskou porad\u0148ou<\/strong>. N\u00e1v\u0161tevn\u00edci sa m\u00f4\u017eu te\u0161i\u0165 aj na uk\u00e1\u017eku pr\u00edpravy <strong>hubov\u00e9ho gul\u00e1\u0161u<\/strong>.<\/p>\n\n\n\n<p>S\u00fakromn\u00ed pestovatelia predstavia <strong>exotick\u00e9 orchidey, sukulenty a&nbsp;kaktusy<\/strong> a poskytn\u00fa cenn\u00e9 rady pri ich pestovan\u00ed. Slovensk\u00e1 spolo\u010dnos\u0165 pestovate\u013eov <strong>m\u00e4so\u017erav\u00fdch rastl\u00edn<\/strong> priprav\u00ed v\u00fdstavu spojen\u00fa s&nbsp;predajom a pestovate\u013eskou porad\u0148ou. <strong>Bylinn\u00e9 zmesi<\/strong>, ktor\u00e9 si budete m\u00f4c\u0165 zak\u00fapi\u0165, v\u00e1m pribl\u00ed\u017eia vyu\u017eitie lie\u010div\u00fdch byl\u00edn v ka\u017edodennom \u017eivote.<\/p>\n\n\n\n<p>Predov\u0161etk\u00fdm pre detsk\u00fdch n\u00e1v\u0161tevn\u00edkov bude pripraven\u00e1 <strong>Minip\u00e1tra\u010dka po \u017eivo\u010d\u00edchoch pri \u013eudsk\u00fdch obydliach<\/strong>, kde si vysk\u00fa\u0161aj\u00fa svoju pozornos\u0165 pri h\u013eadan\u00ed skryt\u00fdch zvieratiek a&nbsp;ich obydl\u00ed. \u010eal\u0161ie aktivity zabezpe\u010dia pracovn\u00edci <strong>Spr\u00e1vy N\u00e1rodn\u00e9ho parku Mal\u00e1 Fatra<\/strong>, ktor\u00ed predstavia atrakt\u00edvne t\u00e9my, ak\u00fdmi s\u00fa <strong>\u201eSpoznaj chr\u00e1nen\u00e9 \u017eivo\u010d\u00edchy pod\u013ea pobytov\u00fdch znakov\u201c<\/strong>, <strong>\u201ePozn\u00e1te dreviny na\u0161ich lesov?\u201c<\/strong>, detsk\u00ed n\u00e1v\u0161tevn\u00edci sa zabavia aj pri h\u013eadan\u00ed \u017eivo\u010d\u00edchov zachyten\u00fdch na <strong>z\u00e1beroch z fotopasc\u00ed<\/strong>, bud\u00fa si m\u00f4c\u0165 pomocou pe\u010diatok vytvori\u0165 svoj vlastn\u00fd strom, vysklada\u0165 <strong>puzzle<\/strong> r\u00f4znych \u017eivo\u010d\u00edchov alebo s rodi\u010dmi \u010di star\u00fdmi rodi\u010dmi zlo\u017ei\u0165 <strong>mega puzzle medve\u010fa<\/strong> hned\u00e9ho.<\/p>\n\n\n\n<details class=\"wp-block-details is-layout-flow wp-block-details-is-layout-flow\" style=\"font-size:18px\"><summary>Otv\u00e1racie hodiny<\/summary>\n<p style=\"font-size:15px\"><br>1.5. \u2013 30.6.:<br>denne okrem pondelka od 9:00 do 18:00<br>1.7. \u2013 31. 8.:<br>denne od 9:00 do 18:00<br>1.9. \u2013 31. 10:<br>denne okrem pondelka od 9:00 do 17:00<br>1.11. \u2013 30. 4.:<br>denne okrem pondelka a soboty od 10:00 do 14:30<br><br>Posledn\u00fd vstup do are\u00e1lu je 30 min\u00fat pred koncom otv\u00e1rac\u00edch hod\u00edn.<\/p>\n<\/details>\n\n\n\n<details class=\"wp-block-details is-layout-flow wp-block-details-is-layout-flow\" style=\"font-size:18px\"><summary>Kontakt<\/summary>\n<p style=\"font-size:15px\"><br>Poklad\u0148a \/ Box office: +421 43\/24 58 116<br>Kancel\u00e1ria: +421 43\/24 58 111<br>e-mail:&nbsp;msd@snm.sk<\/p>\n<\/details>\n\n\n\n<details class=\"wp-block-details is-layout-flow wp-block-details-is-layout-flow\" style=\"font-size:18px\"><summary>Kde n\u00e1s n\u00e1jdete<\/summary>\n<p><\/p>\n\n\n\n<h5 class=\"wp-block-heading\">Pr\u00edstup do M\u00fazea slovenskej dediny motorov\u00fdmi vozidlami<\/h5>\n\n\n\n<p style=\"font-size:15px\"><strong>Z centra<\/strong>&nbsp;Jesensk\u00e9ho ulicou, smer Tur\u010dianske Teplice (resp. Bansk\u00e1 Bystrica) pod\u013ea smerov\u00fdch dopravn\u00fdch tab\u00fa\u013e.<\/p>\n\n\n\n<h5 class=\"wp-block-heading\">Pr\u00edstup do M\u00fazea slovenskej dediny linkami MHD<\/h5>\n\n\n\n<p style=\"font-size:15px\"><strong>Z Vr\u00fatok<\/strong>, zast\u00e1vka MHD \u201eVr\u00fatky, \u017eelezni\u010dn\u00e1 stanica\u201c (nach\u00e1dza sa pri \u017eelezni\u010dnej stanici), autobusov\u00e9 linky MHD smer s\u00eddlisko \u013dadove\u0148.&nbsp;<br>Viac na:&nbsp;<a href=\"https:\/\/mhdmt.sk\/\" target=\"_blank\" rel=\"noreferrer noopener\">MHD Martin<\/a><\/p>\n\n\n\n<p style=\"font-size:15px\"><strong>Z Martina<\/strong>, najbli\u017e\u0161ia zast\u00e1vka MHD od \u017eelezni\u010dnej stanice \u201eHlavn\u00e1 po\u0161ta\u201c (nach\u00e1dza sa v centre),<br>pr\u00edpadne zo zast\u00e1vky dia\u013ekov\u00fdch autobusov na ul. Jesensk\u00e9ho (treba prejs\u0165 pe\u0161o cca 2 min. na zast\u00e1vku MHD \u201eNEMOCNICA\u201c).<br>Autobusov\u00e9 linky MHD smer s\u00eddlisko \u013dadove\u0148.&nbsp;<br>Viac na:&nbsp;<a href=\"https:\/\/mhdmt.sk\/\" target=\"_blank\" rel=\"noreferrer noopener\">MHD Martin<\/a><\/p>\n\n\n\n<p style=\"font-size:15px\">Cesta z kone\u010dnej zast\u00e1vky MHD \u013dadove\u0148 trv\u00e1 do M\u00fazea slovenskej dediny pe\u0161o cca 30 min\u00fat.&nbsp;<\/p>\n\n\n<div style=\"height:400pxpx;\" class=\"wp-block-themeisle-blocks-leaflet-map\" id=\"wp-block-themeisle-blocks-leaflet-map-59634def\"><\/div>\n<script type=\"text\/javascript\">\n\t\/* <![CDATA[ *\/\n\t\tif ( ! window.themeisleLeafletMaps ) window.themeisleLeafletMaps =[];\n\t\twindow.themeisleLeafletMaps.push( { container: \"wp-block-themeisle-blocks-leaflet-map-59634def\", attributes: {\"id\":\"wp-block-themeisle-blocks-leaflet-map-59634def\",\"location\":\"Martin, Slovakia\",\"latitude\":\"49.0711669588361\",\"longitude\":\"18.92703832529763\",\"bbox\":\"18.927040100097656,49.0711669588361,18.927040100097656,49.0711669588361\",\"zoom\":12,\"markers\":[{\"id\":\"cf3be65a-f907-4434-bbdb-469507d2f718\",\"latitude\":49.041018807224276088163605891168117523193359375,\"longitude\":18.925957844868346313660367741249501705169677734375,\"title\":\"SNM - M\\u00fazeum slovenskej dediny\",\"description\":\"\"}],\"height\":\"400px\",\"zoomControl\":true,\"draggable\":true,\"hasCustomCSS\":false,\"customCSS\":\"\",\"TrpContentRestriction\":{\"restriction_type\":\"exclude\",\"selected_languages\":[],\"panel_open\":true},\"otterConditions\":[]} } );\n\t\/* ]]> *\/\n<\/script>\n<\/details>\n\n\n\n<div style=\"height:50px\" aria-hidden=\"true\" class=\"wp-block-spacer\"><\/div>\n\n\n\n<p><strong>V pr\u00edpade ot\u00e1zok t\u00fdkaj\u00facich sa online n\u00e1kupu vstupeniek n\u00e1s kontaktujte na email<\/strong> <a href=\"mailto:pomoc@snm-online.sk\"><strong>pomoc@snm-online.sk<\/strong><\/a><\/p>\n\n\n\n<div style=\"height:100px\" aria-hidden=\"true\" class=\"wp-block-spacer\"><\/div>\n","protected":false},"excerpt":{"rendered":"<p>Vyberte si pros\u00edm z ponuky d\u00e1tumov a term\u00ednov prehliadok: T\u00fd\u017ede\u0148 m\u00faze\u00ed v pr\u00edrode &#8211; \u010clovek a pr\u00edroda V nede\u013eu 8. septembra 2024 od 10.00 do 16.00 hod. sa uskuto\u010dn\u00ed u\u017e&hellip;&nbsp;<a href=\"https:\/\/snm-online.sk\/en\/clovek-a-priroda\/\" class=\"\" rel=\"bookmark\">Read More &raquo;<span class=\"screen-reader-text\">\u010clovek a pr\u00edroda<\/span><\/a><\/p>","protected":false},"author":2,"featured_media":0,"parent":0,"menu_order":0,"comment_status":"closed","ping_status":"closed","template":"","meta":{"_eb_attr":"","neve_meta_sidebar":"","neve_meta_container":"","neve_meta_enable_content_width":"","neve_meta_content_width":0,"neve_meta_title_alignment":"","neve_meta_author_avatar":"","neve_post_elements_order":"","neve_meta_disable_header":"","neve_meta_disable_footer":"","neve_meta_disable_title":"","_themeisle_gutenberg_block_has_review":false,"footnotes":""},"class_list":["post-1410","page","type-page","status-publish","hentry"],"_links":{"self":[{"href":"https:\/\/snm-online.sk\/en\/wp-json\/wp\/v2\/pages\/1410","targetHints":{"allow":["GET"]}}],"collection":[{"href":"https:\/\/snm-online.sk\/en\/wp-json\/wp\/v2\/pages"}],"about":[{"href":"https:\/\/snm-online.sk\/en\/wp-json\/wp\/v2\/types\/page"}],"author":[{"embeddable":true,"href":"https:\/\/snm-online.sk\/en\/wp-json\/wp\/v2\/users\/2"}],"replies":[{"embeddable":true,"href":"https:\/\/snm-online.sk\/en\/wp-json\/wp\/v2\/comments?post=1410"}],"version-history":[{"count":22,"href":"https:\/\/snm-online.sk\/en\/wp-json\/wp\/v2\/pages\/1410\/revisions"}],"predecessor-version":[{"id":1516,"href":"https:\/\/snm-online.sk\/en\/wp-json\/wp\/v2\/pages\/1410\/revisions\/1516"}],"wp:attachment":[{"href":"https:\/\/snm-online.sk\/en\/wp-json\/wp\/v2\/media?parent=1410"}],"curies":[{"name":"wp","href":"https:\/\/api.w.org\/{rel}","templated":true}]}}