{"id":1511,"date":"2024-09-06T13:27:08","date_gmt":"2024-09-06T11:27:08","guid":{"rendered":"https:\/\/snm-online.sk\/?page_id=1511"},"modified":"2025-10-28T14:34:59","modified_gmt":"2025-10-28T13:34:59","slug":"hudba-u-martina-benku","status":"publish","type":"page","link":"https:\/\/snm-online.sk\/en\/hudba-u-martina-benku\/","title":{"rendered":"Hudba u Martina Benku"},"content":{"rendered":"<div class=\"wp-block-image\">\n<figure class=\"aligncenter size-large is-resized\"><img loading=\"lazy\" decoding=\"async\" width=\"1024\" height=\"373\" src=\"https:\/\/snm-online.sk\/wp-content\/uploads\/2024\/11\/webimg-1920_hudba-u-MB-1024x373.png\" alt=\"\" class=\"wp-image-2587\" style=\"width:1145px;height:auto\" srcset=\"https:\/\/snm-online.sk\/wp-content\/uploads\/2024\/11\/webimg-1920_hudba-u-MB-1024x373.png 1024w, https:\/\/snm-online.sk\/wp-content\/uploads\/2024\/11\/webimg-1920_hudba-u-MB-300x109.png 300w, https:\/\/snm-online.sk\/wp-content\/uploads\/2024\/11\/webimg-1920_hudba-u-MB-768x280.png 768w, https:\/\/snm-online.sk\/wp-content\/uploads\/2024\/11\/webimg-1920_hudba-u-MB-1536x560.png 1536w, https:\/\/snm-online.sk\/wp-content\/uploads\/2024\/11\/webimg-1920_hudba-u-MB.png 1920w\" sizes=\"auto, (max-width: 1024px) 100vw, 1024px\" \/><\/figure>\n<\/div>\n\n\n<div style=\"height:29px\" aria-hidden=\"true\" class=\"wp-block-spacer\"><\/div>\n\n\n\n<p><strong>Please choose from the listed dates:<\/strong><\/p>\n\n\n\r\n<section class=\"mb-4\">\r\n    <nav class=\"wper-days\">\r\n        \r\n            <\/nav>\r\n\r\n    \r\n    <ul id=\"wperItems\" class=\"wper-list\">\r\n        Sorry, this date is not available.    <\/ul>\r\n<\/section>\r\n\r\n<div class=\"wper-modal\">\r\n    <div class=\"wper-modal__inner\">\r\n        <div class=\"wper-modal__header\">\r\n            <button type=\"button\" class=\"wper-modal__close js-wper-close-modal\">\r\n                <svg width=\"16\" height=\"16\" viewbox=\"0 0 16 16\" fill=\"none\" class=\"svg\" xmlns=\"http:\/\/www.w3.org\/2000\/svg\"><path d=\"M16 7H3.83L9.42 1.41L8 0L0 8L8 16L9.41 14.59L3.83 9H16V7Z\" fill=\"currentColor\"\/><\/svg> <span>Continue shopping<\/span>\r\n            <\/button>\r\n        <\/div>\r\n\r\n        <iframe src=\"\" frameborder=\"0\" class=\"wper-modal__iframe\"><\/iframe>\r\n    <\/div>\r\n<\/div>\r\n\r\n<div class=\"wper-note\">\r\n    <div class=\"wper-note__inner\">\r\n        <div id=\"wperNoteRetail\" class=\"wper-note__content\">\r\n            <h5 class=\"wper-note__title\">Last tickets available only at the museum ticket office.<\/h5>\r\n\r\n            <p>We are sorry, but due to high interest, all tickets reserved for online sales are sold out.<\/p>\r\n\r\n            <p>Last few tickets are available at the castle ticket office. We recommend you visit the ticket office as soon as possible, as tickets sell out quickly.<\/p>\r\n        <\/div>\r\n\r\n        <div id=\"wperNoteSold\" class=\"wper-note__content\">\r\n            <h5 class=\"wper-note__title\">Tickets for this time slot are sold out.<\/h5>\r\n\r\n            <p>We are sorry, but due to high interest, all tickets for this tour are sold out. No tickets are available for this time slot at the castle ticket office either.<\/p>\r\n\r\n            <p>Please try to select another time slot within the day or consider visiting on a different day. We recommend monitoring our website for availability of tickets for individual tours and events.<\/p>\r\n\r\n            <p>Given the high attendance, we advise purchasing tickets well in advance online.<\/p>\r\n        <\/div>\r\n\r\n        <div class=\"wper-note__actions\">\r\n            <button type=\"submit\" class=\"wper-note__close js-wper-close-note\">Got it<\/button>\r\n        <\/div>\r\n    <\/div>\r\n<\/div>\r\n\n\n\n\n<p>Zapo\u010d\u00favajte sa do symf\u00f3nie farieb a t\u00f3nov, ktor\u00fa sme pre V\u00e1s pripravili pri pr\u00edle\u017eitosti men\u00edn jedn\u00e9ho z najv\u00fdznamnej\u0161\u00edch slovensk\u00fdch umelcov. <strong>Poz\u00fdvame V\u00e1s na koncert Hudba u&nbsp;Martina Benku,<\/strong> ktor\u00fd vzd\u00e1 hold nielen maliarskemu umeniu, ale aj Benkovej l\u00e1ske k&nbsp;hudbe. Do Slovensk\u00e9ho n\u00e1rodn\u00e9ho m\u00fazea v Martine \u2013 M\u00fazea Martina Benku V\u00e1s poz\u00fdvame <strong>v&nbsp;stredu 5. novembra a 12. novembra 2025 o 17.00 hod. <\/strong>Koncert je realizovan\u00fd s&nbsp;finan\u010dnou podporou mesta Martin.<\/p>\n\n\n\n<p>Hoci je Martin Benka zn\u00e1my ako zakladate\u013e slovenskej v\u00fdtvarnej moderny, o jeho hudobn\u00fdch aktivit\u00e1ch sa vie len ve\u013emi m\u00e1lo. Benka bol v\u00fdborn\u00fdm huslistom (na husle sa nau\u010dil hra\u0165 ako 13-ro\u010dn\u00fd) a <strong>dokonca komponoval vlastn\u00e9 hudobn\u00e9 diela.<\/strong><\/p>\n\n\n\n<p>Na koncerte zaznie <strong>unik\u00e1tne na\u0161tudovanie Benkovho hudobn\u00e9ho diela<\/strong> v podan\u00ed sl\u00e1\u010dikov\u00e9ho kvarteta pod veden\u00edm Mari\u00e1na Kram\u00e1ra. N\u00e1v\u0161tevn\u00edci si bud\u00fa m\u00f4c\u0165 vypo\u010du\u0165 nielen m\u00e1lo zn\u00e1mu tvorbu samotn\u00e9ho maliara, ale <strong>aj diela jeho ob\u013e\u00faben\u00fdch skladate\u013eov<\/strong>.<\/p>\n\n\n\n<p>Hudobn\u00e1 str\u00e1nka Benkovho \u017eivota sa premietla nielen do jeho maliarskeho a grafick\u00e9ho umenia, v ktorom \u010dasto \u010derpal in\u0161pir\u00e1ciu z hudby, ale aj do \u010fal\u0161\u00edch projektov, ako bol napr\u00edklad dizajn kubistick\u00fdch husl\u00ed, ktor\u00e9 s\u00e1m navrhoval a upravoval. V ateli\u00e9roch v Prahe a&nbsp;Martine pravidelne organizoval s\u00fakromn\u00e9 koncerty a hr\u00e1val so sl\u00e1\u010dikov\u00fdmi kvartetami pre svojich bl\u00edzkych. V ateli\u00e9ri svojej vily na Kuzm\u00e1nyho ulici v Martine si dal postavi\u0165 pr\u00e1ve na t\u00fato pr\u00edle\u017eitos\u0165 aj hudobn\u00e9 p\u00f3dium.<\/p>\n\n\n\n<div style=\"height:50px\" aria-hidden=\"true\" class=\"wp-block-spacer\"><\/div>\n\n\n\n<p><strong>If you have any questions about online tickets, please contact us at<\/strong> <a href=\"mailto:pomoc@snm-online.sk\"><strong>pomoc@snm-online.sk<\/strong><\/a><\/p>\n\n\n\n<div style=\"height:100px\" aria-hidden=\"true\" class=\"wp-block-spacer\"><\/div>\n\n\n\n<p><\/p>","protected":false},"excerpt":{"rendered":"<p>Vyberte si pros\u00edm z ponuky d\u00e1tumov a term\u00ednov prehliadok: Zapo\u010d\u00favajte sa do symf\u00f3nie farieb a t\u00f3nov, ktor\u00fa sme pre V\u00e1s pripravili pri pr\u00edle\u017eitosti men\u00edn jedn\u00e9ho z najv\u00fdznamnej\u0161\u00edch slovensk\u00fdch umelcov. Poz\u00fdvame&hellip;&nbsp;<a href=\"https:\/\/snm-online.sk\/en\/hudba-u-martina-benku\/\" class=\"\" rel=\"bookmark\">Read More &raquo;<span class=\"screen-reader-text\">Hudba u Martina Benku<\/span><\/a><\/p>","protected":false},"author":2,"featured_media":0,"parent":0,"menu_order":0,"comment_status":"closed","ping_status":"closed","template":"","meta":{"_eb_attr":"","neve_meta_sidebar":"","neve_meta_container":"","neve_meta_enable_content_width":"","neve_meta_content_width":0,"neve_meta_title_alignment":"","neve_meta_author_avatar":"","neve_post_elements_order":"","neve_meta_disable_header":"","neve_meta_disable_footer":"","neve_meta_disable_title":"","_themeisle_gutenberg_block_has_review":false,"footnotes":""},"class_list":["post-1511","page","type-page","status-publish","hentry"],"_links":{"self":[{"href":"https:\/\/snm-online.sk\/en\/wp-json\/wp\/v2\/pages\/1511","targetHints":{"allow":["GET"]}}],"collection":[{"href":"https:\/\/snm-online.sk\/en\/wp-json\/wp\/v2\/pages"}],"about":[{"href":"https:\/\/snm-online.sk\/en\/wp-json\/wp\/v2\/types\/page"}],"author":[{"embeddable":true,"href":"https:\/\/snm-online.sk\/en\/wp-json\/wp\/v2\/users\/2"}],"replies":[{"embeddable":true,"href":"https:\/\/snm-online.sk\/en\/wp-json\/wp\/v2\/comments?post=1511"}],"version-history":[{"count":10,"href":"https:\/\/snm-online.sk\/en\/wp-json\/wp\/v2\/pages\/1511\/revisions"}],"predecessor-version":[{"id":4721,"href":"https:\/\/snm-online.sk\/en\/wp-json\/wp\/v2\/pages\/1511\/revisions\/4721"}],"wp:attachment":[{"href":"https:\/\/snm-online.sk\/en\/wp-json\/wp\/v2\/media?parent=1511"}],"curies":[{"name":"wp","href":"https:\/\/api.w.org\/{rel}","templated":true}]}}