{"id":1553,"date":"2024-09-06T15:01:50","date_gmt":"2024-09-06T13:01:50","guid":{"rendered":"https:\/\/snm-online.sk\/?page_id=1553"},"modified":"2024-09-17T12:28:54","modified_gmt":"2024-09-17T10:28:54","slug":"cierna-pani","status":"publish","type":"page","link":"https:\/\/snm-online.sk\/en\/cierna-pani\/","title":{"rendered":"\u010cierna pani"},"content":{"rendered":"<div class=\"wp-block-image\">\n<figure class=\"aligncenter size-large\"><img loading=\"lazy\" decoding=\"async\" width=\"1024\" height=\"447\" src=\"https:\/\/snm-online.sk\/wp-content\/uploads\/2024\/09\/Cierna-pani-1024x447.png\" alt=\"\" class=\"wp-image-1554\" srcset=\"https:\/\/snm-online.sk\/wp-content\/uploads\/2024\/09\/Cierna-pani-1024x447.png 1024w, https:\/\/snm-online.sk\/wp-content\/uploads\/2024\/09\/Cierna-pani-300x131.png 300w, https:\/\/snm-online.sk\/wp-content\/uploads\/2024\/09\/Cierna-pani-768x335.png 768w, https:\/\/snm-online.sk\/wp-content\/uploads\/2024\/09\/Cierna-pani.png 1200w\" sizes=\"auto, (max-width: 1024px) 100vw, 1024px\" \/><\/figure>\n<\/div>\n\n\n<div style=\"height:15px\" aria-hidden=\"true\" class=\"wp-block-spacer\"><\/div>\n\n\n\n<p><strong>Vyberte si pros\u00edm z ponuky d\u00e1tumov a term\u00ednov prehliadok:<\/strong><\/p>\n\n\n\r\n<section class=\"mb-4\">\r\n    <nav class=\"wper-days\">\r\n        \r\n            <\/nav>\r\n\r\n    \r\n    <ul id=\"wperItems\" class=\"wper-list\">\r\n        Sorry, this date is not available.    <\/ul>\r\n<\/section>\r\n\r\n<div class=\"wper-modal\">\r\n    <div class=\"wper-modal__inner\">\r\n        <div class=\"wper-modal__header\">\r\n            <button type=\"button\" class=\"wper-modal__close js-wper-close-modal\">\r\n                <svg width=\"16\" height=\"16\" viewBox=\"0 0 16 16\" fill=\"none\" class=\"svg\" xmlns=\"http:\/\/www.w3.org\/2000\/svg\"><path d=\"M16 7H3.83L9.42 1.41L8 0L0 8L8 16L9.41 14.59L3.83 9H16V7Z\" fill=\"currentColor\"\/><\/svg> <span>Continue shopping<\/span>\r\n            <\/button>\r\n        <\/div>\r\n\r\n        <iframe src=\"\" frameborder=\"0\" class=\"wper-modal__iframe\"><\/iframe>\r\n    <\/div>\r\n<\/div>\r\n\r\n<div class=\"wper-note\">\r\n    <div class=\"wper-note__inner\">\r\n        <div id=\"wperNoteRetail\" class=\"wper-note__content\">\r\n            <h5 class=\"wper-note__title\">Last tickets available only at the museum ticket office.<\/h5>\r\n\r\n            <p>We are sorry, but due to high interest, all tickets reserved for online sales are sold out.<\/p>\r\n\r\n            <p>Last few tickets are available at the castle ticket office. We recommend you visit the ticket office as soon as possible, as tickets sell out quickly.<\/p>\r\n        <\/div>\r\n\r\n        <div id=\"wperNoteSold\" class=\"wper-note__content\">\r\n            <h5 class=\"wper-note__title\">Tickets for this time slot are sold out.<\/h5>\r\n\r\n            <p>We are sorry, but due to high interest, all tickets for this tour are sold out. No tickets are available for this time slot at the castle ticket office either.<\/p>\r\n\r\n            <p>Please try to select another time slot within the day or consider visiting on a different day. We recommend monitoring our website for availability of tickets for individual tours and events.<\/p>\r\n\r\n            <p>Given the high attendance, we advise purchasing tickets well in advance online.<\/p>\r\n        <\/div>\r\n\r\n        <div class=\"wper-note__actions\">\r\n            <button type=\"submit\" class=\"wper-note__close js-wper-close-note\">Got it<\/button>\r\n        <\/div>\r\n    <\/div>\r\n<\/div>\r\n\n\n\n\n<p>V\u010faka b\u00e1bkov\u00e9mu predstaveniu <strong>\u010cierna pani<\/strong> uvid\u00edte b\u00e1bky, ak\u00e9 ste doteraz nevideli. Vznikaj\u00fa, o\u017e\u00edvaj\u00fa a menia sa priamo pred o\u010dami div\u00e1ka, v ruk\u00e1ch \u0161ikovn\u00fdch b\u00e1bkohercov, ktor\u00ed ich vyr\u00e1baj\u00fa z cesta. <strong>Predstavenie na mot\u00edvy rozhlasovej hry Zuzany L\u00ed\u0161kovej<\/strong> pribli\u017euje t\u00e9mu \u017eiarlivosti, a to pomocou pr\u00edbehu dvoch diev\u010dat, ktor\u00fdch priate\u013estvo vis\u00ed na vl\u00e1sku.<br>Ich spor sa vyrie\u0161i a\u017e v\u010faka pr\u00edbehu o up\u00e1lenej Ag\u00e1te zo 17. storo\u010dia, ktor\u00fd diev\u010dat\u00e1m prerozpr\u00e1vaj\u00fa ich spolu\u017eiaci.<\/p>\n\n\n\n<details class=\"wp-block-details is-layout-flow wp-block-details-is-layout-flow\" style=\"font-size:18px\"><summary>Otv\u00e1racie hodiny<\/summary>\n<p style=\"font-size:15px\"><mark style=\"background-color:rgba(0, 0, 0, 0);color:#9f3515\" class=\"has-inline-color\"><strong>Okt\u00f3ber \u2013 apr\u00edl<\/strong><\/mark><br><strong>Mal\u00fd okruh<\/strong><br>Prehliadky Mal\u00e9ho okruhu v slovenskom jazyku<br>utorok &#8211; nede\u013ea: od 9.30 do 15.30 h, prehliadky za\u010d\u00ednaj\u00fa o 9.30, 11.30, 13.30 a 15.30 h<br><strong>Ve\u013ek\u00fd okruh<\/strong><br>Prehliadky Ve\u013ek\u00e9ho okruhu v slovenskom jazyku<br>utorok &#8211; nede\u013ea: od 9.30 do 15.30 h, prehliadky za\u010d\u00ednaj\u00fa o 9.30, 11.30, 13.30 a 15.30 h<br><strong><mark style=\"background-color:rgba(0, 0, 0, 0);color:#9f3515\" class=\"has-inline-color\">M\u00e1j<\/mark><\/strong><br><strong>Mal\u00fd okruh<\/strong><br>Prehliadky Mal\u00e9ho okruhu v slovenskom jazyku<br>utorok &#8211; piatok: od 9.30 do 15.30 h, prehliadky za\u010d\u00ednaj\u00fa o 9.30, 11.30, 13.30 a 15.30 h<br>sobota &#8211; nede\u013ea: od 9.00 do 17.00 h, prehliadky za\u010d\u00ednaj\u00fa ka\u017ed\u00fa cel\u00fa hodinu<br><strong>Ve\u013ek\u00fd okruh<\/strong><br>Prehliadky Ve\u013ek\u00e9ho okruhu v slovenskom jazyku<br>utorok &#8211; piatok: od 9.30 do 15.30 h, prehliadky za\u010d\u00ednaj\u00fa o 9.30, 11.30, 13.30 a 15.30 h<br>sobota &#8211; nede\u013ea: od 9.00 do 17.00 h, prehliadky za\u010d\u00ednaj\u00fa ka\u017ed\u00fa cel\u00fa hodinu<br><strong><mark style=\"background-color:rgba(0, 0, 0, 0);color:#9f3515\" class=\"has-inline-color\">J\u00fan \u2013 september<\/mark><\/strong><br><strong>Mal\u00fd okruh<\/strong><br>Prehliadky Mal\u00e9ho okruhu v slovenskom jazyku<br>j\u00fan a\u017e september: pondelok &#8211; nede\u013ea: od 9.00 do 17.00 h, prehliadky za\u010d\u00ednaj\u00fa ka\u017ed\u00fa cel\u00fa hodinu<br>Prehliadky Mal\u00e9ho okruhu v anglickom jazyku<br>j\u00fal \u2013 september: pondelok \u2013 nede\u013ea, prehliadky za\u010d\u00ednaj\u00fa o 11.30 a 15.30 h<br><strong>Ve\u013ek\u00fd okruh<\/strong><br>Prehliadky Ve\u013ek\u00e9ho okruhu v slovenskom jazyku<br>j\u00fan a\u017e september: pondelok &#8211; nede\u013ea: od 9.00 do 17.00 h, prehliadky za\u010d\u00ednaj\u00fa ka\u017ed\u00fa cel\u00fa hodinu<br>Prehliadky Ve\u013ek\u00e9ho okruhu v anglickom jazyku<br>j\u00fal \u2013 september: pondelok \u2013 nede\u013ea, prehliadky o 11.30 a 15.30 h<br><strong>Renesan\u010dn\u00e1 pevnos\u0165<\/strong><br>Prehliadky Renesan\u010dnej pevnosti v slovenskom jazyku<br>j\u00fan: sobota \u2013 nede\u013ea, prehliadky za\u010d\u00ednaj\u00fa o 10.00, 12.00, 14.00, 16.00 h<br>j\u00fal a\u017e august: pondelok \u2013 nede\u013ea, prehliadky za\u010d\u00ednaj\u00fa o 10.00, 12.00, 14.00, 16.00 h<br>Prehliadky Renesan\u010dnej pevnosti v cudzom jazyku s\u00fa len na objednanie<br><strong>Ako sa \u017eilo na hrade<\/strong><br>Prehliadky pre deti v slovenskom jazyku<br>j\u00fal, august: pondelok \u2013 nede\u013ea, prehliadky za\u010d\u00ednaj\u00fa o 12.30 a 14.30 h<\/p>\n<\/details>\n\n\n\n<details class=\"wp-block-details is-layout-flow wp-block-details-is-layout-flow\" style=\"font-size:18px\"><summary>Kontakt<\/summary>\n<p style=\"font-size:15px\"><mark style=\"background-color:rgba(0, 0, 0, 0);color:#9f3515\" class=\"has-inline-color\"><strong>S\u00eddlo<\/strong><\/mark><br>SNM \u2013 M\u00fazeum \u010cerven\u00fd Kame\u0148<br>Hrad \u010cerven\u00fd Kame\u0148<br>900 89 \u010cast\u00e1<\/p>\n\n\n\n<p style=\"font-size:15px\"><strong><mark style=\"background-color:rgba(0, 0, 0, 0);color:#9f3515\" class=\"has-inline-color\">Kontakt<\/mark><\/strong><br>Poklad\u0148a (inform\u00e1cie)<br>email: objednavkymck@snm.sk<br>telef\u00f3n: +421 33 245 51 03<\/p>\n\n\n\n<p style=\"font-size:15px\"><strong><mark style=\"background-color:rgba(0, 0, 0, 0);color:#9f3515\" class=\"has-inline-color\">Sekretari\u00e1t<\/mark><\/strong><br>email: sekretariatmck@snm.sk<br>telef\u00f3n: +421 33 690 58 05<\/p>\n<\/details>\n\n\n\n<details class=\"wp-block-details is-layout-flow wp-block-details-is-layout-flow\" style=\"font-size:18px\"><summary>Kde n\u00e1s n\u00e1jdete<\/summary>\n<p><\/p>\n\n\n<div style=\"height:400pxpx;\" class=\"wp-block-themeisle-blocks-leaflet-map\" id=\"wp-block-themeisle-blocks-leaflet-map-260aa3a1\"><\/div>\n<script type=\"text\/javascript\">\n\t\/* <![CDATA[ *\/\n\t\tif ( ! window.themeisleLeafletMaps ) window.themeisleLeafletMaps =[];\n\t\twindow.themeisleLeafletMaps.push( { container: \"wp-block-themeisle-blocks-leaflet-map-260aa3a1\", attributes: {\"id\":\"wp-block-themeisle-blocks-leaflet-map-260aa3a1\",\"location\":\"\\u010casta Slovakia\",\"latitude\":\"48.39376373706687\",\"longitude\":\"17.351617813110355\",\"bbox\":\"17.302179336547855,48.3823640143716,17.40114212036133,48.405160906249705\",\"zoom\":14,\"markers\":[{\"id\":\"112295e5-c21f-4e0d-ae2f-b1b5ab8f8379\",\"latitude\":48.39273786659242659879964776337146759033203125,\"longitude\":17.335181236267093396463678800500929355621337890625,\"title\":\"SNM - Hrad \\u010cerven\\u00fd Kame\\u0148\",\"description\":\"\"}],\"height\":\"400px\",\"zoomControl\":true,\"draggable\":true,\"hasCustomCSS\":false,\"customCSS\":\"\",\"TrpContentRestriction\":{\"restriction_type\":\"exclude\",\"selected_languages\":[],\"panel_open\":true},\"otterConditions\":[]} } );\n\t\/* ]]> *\/\n<\/script>\n<\/details>\n\n\n\n<div style=\"height:50px\" aria-hidden=\"true\" class=\"wp-block-spacer\"><\/div>\n\n\n\n<p><strong>V pr\u00edpade ot\u00e1zok t\u00fdkaj\u00facich sa online n\u00e1kupu vstupeniek n\u00e1s kontaktujte na email <a href=\"mailto:pomoc@snm-online.sk\">pomoc@snm-online.sk<\/a><\/strong><\/p>\n\n\n\n<div style=\"height:60px\" aria-hidden=\"true\" class=\"wp-block-spacer\"><\/div>\n","protected":false},"excerpt":{"rendered":"<p>Vyberte si pros\u00edm z ponuky d\u00e1tumov a term\u00ednov prehliadok: V\u010faka b\u00e1bkov\u00e9mu predstaveniu \u010cierna pani uvid\u00edte b\u00e1bky, ak\u00e9 ste doteraz nevideli. Vznikaj\u00fa, o\u017e\u00edvaj\u00fa a menia sa priamo pred o\u010dami div\u00e1ka, v&hellip;&nbsp;<a href=\"https:\/\/snm-online.sk\/en\/cierna-pani\/\" class=\"\" rel=\"bookmark\">Read More &raquo;<span class=\"screen-reader-text\">\u010cierna pani<\/span><\/a><\/p>","protected":false},"author":2,"featured_media":1637,"parent":0,"menu_order":0,"comment_status":"closed","ping_status":"closed","template":"","meta":{"_eb_attr":"","neve_meta_sidebar":"","neve_meta_container":"","neve_meta_enable_content_width":"","neve_meta_content_width":0,"neve_meta_title_alignment":"","neve_meta_author_avatar":"","neve_post_elements_order":"","neve_meta_disable_header":"","neve_meta_disable_footer":"","neve_meta_disable_title":"","_themeisle_gutenberg_block_has_review":false,"footnotes":""},"class_list":["post-1553","page","type-page","status-publish","has-post-thumbnail","hentry"],"_links":{"self":[{"href":"https:\/\/snm-online.sk\/en\/wp-json\/wp\/v2\/pages\/1553","targetHints":{"allow":["GET"]}}],"collection":[{"href":"https:\/\/snm-online.sk\/en\/wp-json\/wp\/v2\/pages"}],"about":[{"href":"https:\/\/snm-online.sk\/en\/wp-json\/wp\/v2\/types\/page"}],"author":[{"embeddable":true,"href":"https:\/\/snm-online.sk\/en\/wp-json\/wp\/v2\/users\/2"}],"replies":[{"embeddable":true,"href":"https:\/\/snm-online.sk\/en\/wp-json\/wp\/v2\/comments?post=1553"}],"version-history":[{"count":6,"href":"https:\/\/snm-online.sk\/en\/wp-json\/wp\/v2\/pages\/1553\/revisions"}],"predecessor-version":[{"id":1805,"href":"https:\/\/snm-online.sk\/en\/wp-json\/wp\/v2\/pages\/1553\/revisions\/1805"}],"wp:featuredmedia":[{"embeddable":true,"href":"https:\/\/snm-online.sk\/en\/wp-json\/wp\/v2\/media\/1637"}],"wp:attachment":[{"href":"https:\/\/snm-online.sk\/en\/wp-json\/wp\/v2\/media?parent=1553"}],"curies":[{"name":"wp","href":"https:\/\/api.w.org\/{rel}","templated":true}]}}