{"id":1722,"date":"2024-09-16T10:25:26","date_gmt":"2024-09-16T08:25:26","guid":{"rendered":"https:\/\/snm-online.sk\/?page_id=1722"},"modified":"2025-09-19T14:15:59","modified_gmt":"2025-09-19T12:15:59","slug":"michalsky-jarmok","status":"publish","type":"page","link":"https:\/\/snm-online.sk\/en\/michalsky-jarmok\/","title":{"rendered":"Michalsk\u00fd jarmok"},"content":{"rendered":"<figure class=\"wp-block-image size-large\"><img loading=\"lazy\" decoding=\"async\" width=\"1024\" height=\"373\" src=\"https:\/\/snm-online.sk\/wp-content\/uploads\/2024\/09\/1920_webimg-michalsky-jarmok-2024-1024x373.png\" alt=\"\" class=\"wp-image-1723\" srcset=\"https:\/\/snm-online.sk\/wp-content\/uploads\/2024\/09\/1920_webimg-michalsky-jarmok-2024-1024x373.png 1024w, https:\/\/snm-online.sk\/wp-content\/uploads\/2024\/09\/1920_webimg-michalsky-jarmok-2024-300x109.png 300w, https:\/\/snm-online.sk\/wp-content\/uploads\/2024\/09\/1920_webimg-michalsky-jarmok-2024-768x280.png 768w, https:\/\/snm-online.sk\/wp-content\/uploads\/2024\/09\/1920_webimg-michalsky-jarmok-2024-1536x560.png 1536w, https:\/\/snm-online.sk\/wp-content\/uploads\/2024\/09\/1920_webimg-michalsky-jarmok-2024.png 1920w\" sizes=\"auto, (max-width: 1024px) 100vw, 1024px\" \/><\/figure>\n\n\n\n<div style=\"height:15px\" aria-hidden=\"true\" class=\"wp-block-spacer\"><\/div>\n\n\n\n<p><br><strong>Please choose from the listed dates:<\/strong><\/p>\n\n\n\r\n<section class=\"mb-4\">\r\n    <nav class=\"wper-days\">\r\n        \r\n            <\/nav>\r\n\r\n    \r\n    <ul id=\"wperItems\" class=\"wper-list\">\r\n        Sorry, this date is not available.    <\/ul>\r\n<\/section>\r\n\r\n<div class=\"wper-modal\">\r\n    <div class=\"wper-modal__inner\">\r\n        <div class=\"wper-modal__header\">\r\n            <button type=\"button\" class=\"wper-modal__close js-wper-close-modal\">\r\n                <svg width=\"16\" height=\"16\" viewbox=\"0 0 16 16\" fill=\"none\" class=\"svg\" xmlns=\"http:\/\/www.w3.org\/2000\/svg\"><path d=\"M16 7H3.83L9.42 1.41L8 0L0 8L8 16L9.41 14.59L3.83 9H16V7Z\" fill=\"currentColor\"\/><\/svg> <span>Continue shopping<\/span>\r\n            <\/button>\r\n        <\/div>\r\n\r\n        <iframe src=\"\" frameborder=\"0\" class=\"wper-modal__iframe\"><\/iframe>\r\n    <\/div>\r\n<\/div>\r\n\r\n<div class=\"wper-note\">\r\n    <div class=\"wper-note__inner\">\r\n        <div id=\"wperNoteRetail\" class=\"wper-note__content\">\r\n            <h5 class=\"wper-note__title\">Last tickets available only at the museum ticket office.<\/h5>\r\n\r\n            <p>We are sorry, but due to high interest, all tickets reserved for online sales are sold out.<\/p>\r\n\r\n            <p>Last few tickets are available at the castle ticket office. We recommend you visit the ticket office as soon as possible, as tickets sell out quickly.<\/p>\r\n        <\/div>\r\n\r\n        <div id=\"wperNoteSold\" class=\"wper-note__content\">\r\n            <h5 class=\"wper-note__title\">Tickets for this time slot are sold out.<\/h5>\r\n\r\n            <p>We are sorry, but due to high interest, all tickets for this tour are sold out. No tickets are available for this time slot at the castle ticket office either.<\/p>\r\n\r\n            <p>Please try to select another time slot within the day or consider visiting on a different day. We recommend monitoring our website for availability of tickets for individual tours and events.<\/p>\r\n\r\n            <p>Given the high attendance, we advise purchasing tickets well in advance online.<\/p>\r\n        <\/div>\r\n\r\n        <div class=\"wper-note__actions\">\r\n            <button type=\"submit\" class=\"wper-note__close js-wper-close-note\">Got it<\/button>\r\n        <\/div>\r\n    <\/div>\r\n<\/div>\r\n\n\n\n\n<p>Nechajte sa zl\u00e1ka\u0165 tradi\u010dnou jarmo\u010dnou atmosf\u00e9rou do M\u00fazea slovenskej dediny. V<strong> nede\u013eu 28. septembra 2025<\/strong> od 10.00 do 16.00 hod. op\u00e4\u0165 za\u017eijete za jeho br\u00e1nami jarmo\u010dn\u00e9 radov\u00e1nky po\u010das 34. ro\u010dn\u00edka podujatia <strong>Michalsk\u00fd jarmok<\/strong>.<\/p>\n\n\n\n<p>Predstav\u00ed sa mno\u017estvo remeseln\u00edkov a \u013eudov\u00fdch v\u00fdrobcov, ktor\u00ed predved\u00fa <strong>uk\u00e1\u017eky r\u00f4znych v\u00fdrobn\u00fdch techn\u00edk<\/strong>. Pon\u00faka\u0165 bud\u00fa dreven\u00e9 v\u00fdrobky, hlinen\u00fd riad, textiln\u00e9 produkty, \u0161perky, hra\u010dky a mnoho in\u00e9ho. Z&nbsp;bohatej trhovej ponuky sa nechajte zl\u00e1ka\u0165 na medovn\u00edky, dom\u00e1ci kv\u00e1skov\u00fd chlieb a in\u00e9 druhy kol\u00e1\u010dov alebo pe\u010diva, v\u00fdrobky z&nbsp;ov\u010dieho mlieka, bur\u010diak, medovinu a \u010fal\u0161ie v\u010delie produkty, bylinky \u010di korenie.<\/p>\n\n\n\n<p>Na jarmokoch v&nbsp;minulosti nesmelo ch\u00fdba\u0165 divadlo. N\u00e1v\u0161tevn\u00edci si bud\u00fa m\u00f4c\u0165 pozrie\u0165 <strong>divadeln\u00e9 predstavenie \u017dirafa, pelik\u00e1n a&nbsp;my<\/strong>, ktor\u00e9 odohraj\u00fa \u017eiaci zo Z\u00e1kladnej umeleckej \u0161koly Martin o&nbsp;11.00 a&nbsp;13.30 hod. K prech\u00e1dzke po jarmoku neodmyslite\u013ene patria aj muzikanti \u2013 atmosf\u00e9ru spr\u00edjemnia harmonik\u00e1ri z <strong>\u013dudovej hudby Folkl\u00f3rneho s\u00faboru Turiec<\/strong>.<\/p>\n\n\n\n<p>\u017divot v stredoveku V\u00e1m pribl\u00ed\u017eia \u010dlenovia skupiny <strong>Komp\u00e1nia z Turca<\/strong>. V ich podan\u00ed sa obozn\u00e1mite s vojensk\u00fdm t\u00e1borom a vysk\u00fa\u0161ate si lukostre\u013ebu.<\/p>\n\n\n\n<p>V r\u00e1mci projektu <strong>U\u010d sa v m\u00fazeu!<\/strong> V\u00e1s kov\u00e1\u010dka Andrea Kosecov\u00e1 zasv\u00e4t\u00ed do tajov umeleck\u00e9ho spracovania kovu, ktor\u00e9ho v\u00fdrobu si budete m\u00f4c\u0165 aj vysk\u00fa\u0161a\u0165.<\/p>\n\n\n\n<p>O&nbsp;12.30 hod. si budete m\u00f4c\u0165 vypo\u010du\u0165 <strong>Rozpr\u00e1vanie s&nbsp;bylinkami<\/strong>, kde v\u00e1m o&nbsp;ich \u00fa\u010dinkoch porozpr\u00e1vaj\u00fa sk\u00fasen\u00e9 bylink\u00e1rky. Kupova\u0165 a zjedn\u00e1va\u0165 m\u00f4\u017eete na <strong>burze<\/strong> kn\u00edh.<\/p>\n\n\n\n<p>N\u00e1v\u0161tevn\u00edci bud\u00fa ma\u0165 mo\u017enos\u0165 vyu\u017ei\u0165 aj jednu z&nbsp;posledn\u00fdch \u0161anc\u00ed pozrie\u0165 si v\u00fdstavu Od Juraja do Mitra, ktor\u00e1 predstavuje pastierstvo a ov\u010diarstvo v tradi\u010dnom prostred\u00ed.<\/p>\n\n\n\n<p>Organiz\u00e1tor si vyhradzuje pr\u00e1vo na zmenu programu.<\/p>\n\n\n\n<div style=\"height:70px\" aria-hidden=\"true\" class=\"wp-block-spacer\"><\/div>\n\n\n\n<p><strong>If you have any questions about online tickets, please contact us at<\/strong> <a href=\"mailto:pomoc@snm-online.sk\"><strong>pomoc@snm-online.sk<\/strong><\/a><\/p>\n\n\n\n<div style=\"height:70px\" aria-hidden=\"true\" class=\"wp-block-spacer\"><\/div>\n\n\n\n<p><\/p>","protected":false},"excerpt":{"rendered":"<p>Vyberte si pros\u00edm z ponuky d\u00e1tumov a term\u00ednov prehliadok: Nechajte sa zl\u00e1ka\u0165 tradi\u010dnou jarmo\u010dnou atmosf\u00e9rou do M\u00fazea slovenskej dediny. V nede\u013eu 28. septembra 2025 od 10.00 do 16.00 hod. op\u00e4\u0165&hellip;&nbsp;<a href=\"https:\/\/snm-online.sk\/en\/michalsky-jarmok\/\" class=\"\" rel=\"bookmark\">Read More &raquo;<span class=\"screen-reader-text\">Michalsk\u00fd jarmok<\/span><\/a><\/p>","protected":false},"author":2,"featured_media":1723,"parent":0,"menu_order":0,"comment_status":"closed","ping_status":"closed","template":"","meta":{"_eb_attr":"","neve_meta_sidebar":"","neve_meta_container":"","neve_meta_enable_content_width":"","neve_meta_content_width":0,"neve_meta_title_alignment":"","neve_meta_author_avatar":"","neve_post_elements_order":"","neve_meta_disable_header":"","neve_meta_disable_footer":"","neve_meta_disable_title":"","_themeisle_gutenberg_block_has_review":false,"footnotes":""},"class_list":["post-1722","page","type-page","status-publish","has-post-thumbnail","hentry"],"_links":{"self":[{"href":"https:\/\/snm-online.sk\/en\/wp-json\/wp\/v2\/pages\/1722","targetHints":{"allow":["GET"]}}],"collection":[{"href":"https:\/\/snm-online.sk\/en\/wp-json\/wp\/v2\/pages"}],"about":[{"href":"https:\/\/snm-online.sk\/en\/wp-json\/wp\/v2\/types\/page"}],"author":[{"embeddable":true,"href":"https:\/\/snm-online.sk\/en\/wp-json\/wp\/v2\/users\/2"}],"replies":[{"embeddable":true,"href":"https:\/\/snm-online.sk\/en\/wp-json\/wp\/v2\/comments?post=1722"}],"version-history":[{"count":12,"href":"https:\/\/snm-online.sk\/en\/wp-json\/wp\/v2\/pages\/1722\/revisions"}],"predecessor-version":[{"id":4532,"href":"https:\/\/snm-online.sk\/en\/wp-json\/wp\/v2\/pages\/1722\/revisions\/4532"}],"wp:featuredmedia":[{"embeddable":true,"href":"https:\/\/snm-online.sk\/en\/wp-json\/wp\/v2\/media\/1723"}],"wp:attachment":[{"href":"https:\/\/snm-online.sk\/en\/wp-json\/wp\/v2\/media?parent=1722"}],"curies":[{"name":"wp","href":"https:\/\/api.w.org\/{rel}","templated":true}]}}