{"id":2073,"date":"2024-10-08T12:05:15","date_gmt":"2024-10-08T10:05:15","guid":{"rendered":"https:\/\/snm-online.sk\/?page_id=2073"},"modified":"2024-10-13T17:28:36","modified_gmt":"2024-10-13T15:28:36","slug":"akademia-historickeho-muzea-2024-2025","status":"publish","type":"page","link":"https:\/\/snm-online.sk\/en\/akademia-historickeho-muzea-2024-2025\/","title":{"rendered":"Akad\u00e9mia Historick\u00e9ho m\u00fazea 2024\/2025"},"content":{"rendered":"<div class=\"wp-block-image\">\n<figure class=\"aligncenter size-large\"><img loading=\"lazy\" decoding=\"async\" width=\"1024\" height=\"373\" src=\"https:\/\/snm-online.sk\/wp-content\/uploads\/2024\/10\/Akademia-Historickeho-muzea-vypredane-1024x373.png\" alt=\"\" class=\"wp-image-2148\" srcset=\"https:\/\/snm-online.sk\/wp-content\/uploads\/2024\/10\/Akademia-Historickeho-muzea-vypredane-1024x373.png 1024w, https:\/\/snm-online.sk\/wp-content\/uploads\/2024\/10\/Akademia-Historickeho-muzea-vypredane-300x109.png 300w, https:\/\/snm-online.sk\/wp-content\/uploads\/2024\/10\/Akademia-Historickeho-muzea-vypredane-768x280.png 768w, https:\/\/snm-online.sk\/wp-content\/uploads\/2024\/10\/Akademia-Historickeho-muzea-vypredane-1536x560.png 1536w, https:\/\/snm-online.sk\/wp-content\/uploads\/2024\/10\/Akademia-Historickeho-muzea-vypredane.png 1920w\" sizes=\"auto, (max-width: 1024px) 100vw, 1024px\" \/><\/figure>\n<\/div>\n\n\n<div style=\"height:30px\" aria-hidden=\"true\" class=\"wp-block-spacer\"><\/div>\n\n\n\r\n<section class=\"mb-4\">\r\n    <nav class=\"wper-days\">\r\n        \r\n            <\/nav>\r\n\r\n    \r\n    <ul id=\"wperItems\" class=\"wper-list\">\r\n        Sorry, this date is not available.    <\/ul>\r\n<\/section>\r\n\r\n<div class=\"wper-modal\">\r\n    <div class=\"wper-modal__inner\">\r\n        <div class=\"wper-modal__header\">\r\n            <button type=\"button\" class=\"wper-modal__close js-wper-close-modal\">\r\n                <svg width=\"16\" height=\"16\" viewBox=\"0 0 16 16\" fill=\"none\" class=\"svg\" xmlns=\"http:\/\/www.w3.org\/2000\/svg\"><path d=\"M16 7H3.83L9.42 1.41L8 0L0 8L8 16L9.41 14.59L3.83 9H16V7Z\" fill=\"currentColor\"\/><\/svg> <span>Continue shopping<\/span>\r\n            <\/button>\r\n        <\/div>\r\n\r\n        <iframe src=\"\" frameborder=\"0\" class=\"wper-modal__iframe\"><\/iframe>\r\n    <\/div>\r\n<\/div>\r\n\r\n<div class=\"wper-note\">\r\n    <div class=\"wper-note__inner\">\r\n        <div id=\"wperNoteRetail\" class=\"wper-note__content\">\r\n            <h5 class=\"wper-note__title\">Last tickets available only at the museum ticket office.<\/h5>\r\n\r\n            <p>We are sorry, but due to high interest, all tickets reserved for online sales are sold out.<\/p>\r\n\r\n            <p>Last few tickets are available at the castle ticket office. We recommend you visit the ticket office as soon as possible, as tickets sell out quickly.<\/p>\r\n        <\/div>\r\n\r\n        <div id=\"wperNoteSold\" class=\"wper-note__content\">\r\n            <h5 class=\"wper-note__title\">Tickets for this time slot are sold out.<\/h5>\r\n\r\n            <p>We are sorry, but due to high interest, all tickets for this tour are sold out. No tickets are available for this time slot at the castle ticket office either.<\/p>\r\n\r\n            <p>Please try to select another time slot within the day or consider visiting on a different day. We recommend monitoring our website for availability of tickets for individual tours and events.<\/p>\r\n\r\n            <p>Given the high attendance, we advise purchasing tickets well in advance online.<\/p>\r\n        <\/div>\r\n\r\n        <div class=\"wper-note__actions\">\r\n            <button type=\"submit\" class=\"wper-note__close js-wper-close-note\">Got it<\/button>\r\n        <\/div>\r\n    <\/div>\r\n<\/div>\r\n\n\n\n\n<p><em><strong>V cene cyklu je&nbsp;personalizovan\u00e1&nbsp;ro\u010dn\u00e1 vstupenka&nbsp;do SNM \u2013 Historick\u00e9ho m\u00fazea&nbsp;pre&nbsp;\u00fa\u010dastn\u00ed\u010dku\/\u00fa\u010dastn\u00edka. V&nbsp;pr\u00edpade, \u017ee kupujete l\u00edstok v mene \u00fa\u010dastn\u00edka\/\u00fa\u010dastn\u00ed\u010dky, uve\u010fte jeho\/jej meno<\/strong><\/em> <em><strong>pri vyp\u013a\u0148an\u00ed objedn\u00e1vky do kol\u00f3nky Dodacia adresa<\/strong><\/em> <em><strong>alebo n\u00e1s o tom informujte po n\u00e1kupe na adrese <a href=\"mailto:bratislavskyhrad@snm.sk\">bratislavskyhrad@snm.sk<\/a><\/strong><\/em> .<\/p>\n\n\n\n<p>Nahliadnite do z\u00e1kulisia SNM \u2013 Historick\u00e9ho m\u00fazea a spozn\u00e1vajte dejiny Bratislavsk\u00e9ho hradu, Slovenska a na\u0161ich zbierok. Akad\u00e9mia Historick\u00e9ho m\u00fazea je sp\u00e4\u0165!<\/p>\n\n\n\n<p>SNM \u2013 Historick\u00e9 m\u00fazeum seniorom op\u00e4\u0165 pon\u00faka mo\u017enos\u0165 sa vzdel\u00e1va\u0165 a to v podobe cyklu \u00f4smich interakt\u00edvnych lekci\u00ed prebiehaj\u00facich 2x mesa\u010dne od novembra do febru\u00e1ra. Prehliadky v\u00fdstav, v\u00fdklad odborn\u00edkov, diskusie, uk\u00e1\u017eky akviz\u00edci\u00ed, posedenie pri k\u00e1ve a \u010fal\u0161ie sprievodn\u00e9 aktivity \u2013 to v\u0161etko v\u00e1s aj tentokr\u00e1t \u010dak\u00e1 na Bratislavskom hrade. Tento tret\u00ed&nbsp;ro\u010dn\u00edk bude z\u00e1rove\u0148 obohaten\u00fd aj o host\u00ed z in\u00fdch in\u0161tit\u00faci\u00ed, ktor\u00ed sa s nami podelia o svoje poznatky a te\u0161i\u0165 sa m\u00f4\u017eete aj na predn\u00e1\u0161ku s novou t\u00e9mou zameranou na z\u00e1kulisie m\u00fazea.<\/p>\n\n\n\n<p><strong>Za\u010d\u00edname u\u017e 4. 11. 2024<\/strong>. <strong>V\u0161etky lekcie za\u010d\u00ednaj\u00fa o 14:00 s predpokladan\u00fdm trvan\u00edm 120 min\u00fat<\/strong><\/p>\n\n\n\n<p>V cene cyklu je ro\u010dn\u00e1 vstupenka do SNM \u2013 Historick\u00e9ho m\u00fazea, aby ste si mohli na\u0161e v\u00fdstavy vychutna\u0165 aj individu\u00e1lne&nbsp;po skon\u010den\u00ed akad\u00e9mie.<\/p>\n\n\n\n<p><strong>Cena za cel\u00fd cyklus: 48 \u20ac<\/strong><\/p>\n\n\n\n<p>Kapacita je obmedzen\u00e1, registr\u00e1cia a l\u00edstky dostupn\u00e9 na www.snm-online.sk a v pokladni SNM \u2013 Historick\u00e9ho m\u00fazea<br>Odpor\u00fa\u010dan\u00fd vek \u00fa\u010dastn\u00edkov je 60+ .<\/p>\n\n\n\n<p><strong>Rozvrh lekci\u00ed<\/strong><\/p>\n\n\n\n<p><strong>04. 11. 2024&nbsp;<\/strong>\u00favodn\u00e1 lekcia, predpokladan\u00fd koniec o 16:30<br>Dejiny hradu<br><strong>Bratislavsk\u00fd hrad za M\u00e1rie Ter\u00e9zie<br><\/strong>Predn\u00e1\u0161a: J. Kuchar\u00edk<\/p>\n\n\n\n<p><strong>18. 11. 2024<\/strong><br>Z depozit\u00e1rov m\u00fazea<br><strong>Mince antickeho sveta<br><\/strong>Predn\u00e1\u0161a: B. Stoklas<\/p>\n\n\n\n<p><strong>2. 12. 2024<\/strong><br>Dejiny Slovenska<br><strong>Dvojkr\u00ed\u017e<\/strong><br>Predn\u00e1\u0161a: R. Raga\u010d<\/p>\n\n\n\n<p><strong>16. 12. 2024<\/strong><br>Dejiny Slovenska, Dejiny Bratislavsk\u00e9ho hradu<br><strong>V\u00fdskum v Zimnej jazdiarni Bratislavsk\u00e9ho hradu<br><\/strong>Predn\u00e1\u0161a: M. Musilov\u00e1<\/p>\n\n\n\n<p><strong>13. 1. 2025<\/strong><br>Z depozit\u00e1rov m\u00fazea<br><strong>Klenotnica: Zlatn\u00edctvo na Slovensku a cechov\u00fd \u017eivot<br><\/strong>Predn\u00e1\u0161a: A. Milanov\u00e1<\/p>\n\n\n\n<p><strong>27. 1. 2025<\/strong><br>Dejiny Slovenska, Z depozit\u00e1rov m\u00fazea<br><strong>Medzi \u00fa\u017eitkom a umen\u00edm: Zbierka \u0161to\u010dkov&nbsp;z majetku rodiny grafikov Chotekovcov z Hlohovca<br><\/strong>Predn\u00e1\u0161a: M. Vyskupov\u00e1<\/p>\n\n\n\n<p><strong>3. 2. 2025<\/strong><br>Dejiny Slovenska<br><strong>Clementisova hviezda<br><\/strong>Predn\u00e1\u0161a: V. Hami<\/p>\n\n\n\n<p><strong>17. 2. 2025<\/strong><br>Zo z\u00e1kulisia m\u00fazea<br><strong>Ochrana a renov\u00e1cia zbierkov\u00fdch predmetov<br><\/strong>Predn\u00e1\u0161a: R. \u0160kuciov\u00e1<\/p>\n\n\n\n<p><strong>3. 3. 2025<br>Sl\u00e1vnostn\u00e9 ukon\u010denie akad\u00e9mie<\/strong><\/p>\n\n\n\n<p><strong>Zmena programu je vyhraden\u00e1<\/strong><br>Kontakt:&nbsp;bratislavskyhrad@snm.sk<\/p>\n\n\n\n<div style=\"height:50px\" aria-hidden=\"true\" class=\"wp-block-spacer\"><\/div>\n\n\n\n<details class=\"wp-block-details is-layout-flow wp-block-details-is-layout-flow\"><summary>Kontakt<\/summary>\n<p><strong>S\u00eddlo m\u00fazea<\/strong><br>SNM \u2013 Historick\u00e9 m\u00fazeum<br>Bratislavsk\u00fd hrad<br>P. O. Box 13<br>810 06 Bratislava 16<\/p>\n\n\n\n<p><strong>Kontakt<\/strong><br>SNM \u2013 Historick\u00e9 m\u00fazeum, Bratislavsk\u00fd hrad<br>e-mail: bratislavskyhrad@snm.sk<br>telef\u00f3n: +421 2 204 83 110, +421 915 99 33 01, +421 915 99 33 03<\/p>\n<\/details>\n\n\n\n<details class=\"wp-block-details is-layout-flow wp-block-details-is-layout-flow\"><summary>Kde n\u00e1s n\u00e1jdete<\/summary>\n<p><strong>Pr\u00edstup do objektu pre osoby Z\u0164P<\/strong> <\/p>\n\n\n\n<p>Bo\u010dn\u00fd vstup do m\u00fazea je vybaven\u00fd bezbari\u00e9rov\u00fdm pr\u00edstupom, ku ktor\u00e9mu V\u00e1s nasmeruj\u00fa&nbsp;v&nbsp;pokladni m\u00fazea.&nbsp;Na hrade sa taktie\u017e nach\u00e1dza bezbari\u00e9rov\u00e9 WC.&nbsp;<\/p>\n\n\n\n<h6 class=\"wp-block-heading\"><strong>Kontakt&nbsp;<\/strong><\/h6>\n\n\n\n<p>Oddelenie komunik\u00e1cie a vzdel\u00e1vania&nbsp;<br>e-mail:&nbsp;&nbsp;<a href=\"mailto:bratislavskyhrad@snm.sk\">bratislavskyhrad@snm.sk<\/a>&nbsp;<br>telef\u00f3n:&nbsp; +421 2 204 83 104&nbsp;<br>mobil:&nbsp;&nbsp; +421 915 993 301, 915 993 303&nbsp;<\/p>\n\n\n\n<p>M\u00fazejn\u00fd obchod&nbsp;<br>e-mail: slavomir.pjatek@snm.sk&nbsp;<br>telef\u00f3n: +421 2 204 83 126<br>mobil: +421 917330623&nbsp;<\/p>\n\n\n\n<p>Poklad\u0148a&nbsp;<br>telef\u00f3n: +421 2 204 83 122&nbsp;<\/p>\n\n\n\n<h6 class=\"wp-block-heading\"><strong>Ako sa k n\u00e1m dostanete?<\/strong><\/h6>\n\n\n\n<p>Mestskou hromadnou dopravou: z Hod\u017eovho n\u00e1mestia \u2013 trolejbusy \u010d. 44 a 47 na zast\u00e1vku Hrad alebo Z\u00e1mock\u00e1&nbsp;<br>Pe\u0161o zo Star\u00e9ho mesta: po Z\u00e1mockej ulici, alebo spod&nbsp;Mosta SNP&nbsp;po Z\u00e1mock\u00fdch schodoch&nbsp;<br>Autom:&nbsp;parkovanie v podzemnej gar\u00e1\u017ei, vjazd&nbsp;z ulice Palis\u00e1dy. Cenn\u00edk: 3\u20ac \/hodina, pre n\u00e1v\u0161tevn\u00edkov SNM&nbsp;\u2013&nbsp;Historick\u00e9ho m\u00fazea z\u013eava 50% na max. 3 hodiny (nutn\u00e9 predlo\u017ei\u0165 parkovaciu kartu v pokladni m\u00fazea)<\/p>\n\n\n<div style=\"height:400pxpx;\" class=\"wp-block-themeisle-blocks-leaflet-map\" id=\"wp-block-themeisle-blocks-leaflet-map-10e853db\"><\/div>\n<script type=\"text\/javascript\">\n\t\/* <![CDATA[ *\/\n\t\tif ( ! window.themeisleLeafletMaps ) window.themeisleLeafletMaps =[];\n\t\twindow.themeisleLeafletMaps.push( { container: \"wp-block-themeisle-blocks-leaflet-map-10e853db\", attributes: {\"id\":\"wp-block-themeisle-blocks-leaflet-map-10e853db\",\"location\":\"Bratislava, Slovakia\",\"latitude\":\"48.14266613142288\",\"longitude\":\"17.104167938232425\",\"bbox\":\"17.07906246185303,48.13693851796932,17.12927341461182,48.14839310585686\",\"zoom\":15,\"markers\":[{\"id\":\"575a0ffc-bdcc-459a-82af-6e90bffcec53\",\"latitude\":48.14220794586267260228851228021085262298583984375,\"longitude\":17.098449468612674451151178800500929355621337890625,\"title\":\"SNM - Historick\\u00e9 m\\u00fazeum, Bratislavsk\\u00fd hrad\",\"description\":\"\"}],\"height\":\"400px\",\"zoomControl\":true,\"draggable\":true,\"hasCustomCSS\":false,\"customCSS\":\"\",\"TrpContentRestriction\":{\"restriction_type\":\"exclude\",\"selected_languages\":[],\"panel_open\":true},\"otterConditions\":[]} } );\n\t\/* ]]> *\/\n<\/script>\n<\/details>\n\n\n\n<div style=\"height:47px\" aria-hidden=\"true\" class=\"wp-block-spacer\"><\/div>\n\n\n\n<p><strong>V pr\u00edpade ot\u00e1zok t\u00fdkaj\u00facich sa online n\u00e1kupu vstupeniek n\u00e1s kontaktujte na email&nbsp;<a href=\"mailto:pomoc@snm-online.sk\">pomoc@snm-online.sk<\/a><\/strong><\/p>\n\n\n\n<div style=\"height:60px\" aria-hidden=\"true\" class=\"wp-block-spacer\"><\/div>\n\n\n\n<p><\/p>\n","protected":false},"excerpt":{"rendered":"<p>V cene cyklu je&nbsp;personalizovan\u00e1&nbsp;ro\u010dn\u00e1 vstupenka&nbsp;do SNM \u2013 Historick\u00e9ho m\u00fazea&nbsp;pre&nbsp;\u00fa\u010dastn\u00ed\u010dku\/\u00fa\u010dastn\u00edka. V&nbsp;pr\u00edpade, \u017ee kupujete l\u00edstok v mene \u00fa\u010dastn\u00edka\/\u00fa\u010dastn\u00ed\u010dky, uve\u010fte jeho\/jej meno pri vyp\u013a\u0148an\u00ed objedn\u00e1vky do kol\u00f3nky Dodacia adresa alebo n\u00e1s o tom&hellip;&nbsp;<a href=\"https:\/\/snm-online.sk\/en\/akademia-historickeho-muzea-2024-2025\/\" class=\"\" rel=\"bookmark\">Read More &raquo;<span class=\"screen-reader-text\">Akad\u00e9mia Historick\u00e9ho m\u00fazea 2024\/2025<\/span><\/a><\/p>","protected":false},"author":2,"featured_media":0,"parent":0,"menu_order":0,"comment_status":"closed","ping_status":"closed","template":"","meta":{"_eb_attr":"","neve_meta_sidebar":"","neve_meta_container":"","neve_meta_enable_content_width":"","neve_meta_content_width":0,"neve_meta_title_alignment":"","neve_meta_author_avatar":"","neve_post_elements_order":"","neve_meta_disable_header":"","neve_meta_disable_footer":"","neve_meta_disable_title":"","_themeisle_gutenberg_block_has_review":false,"footnotes":""},"class_list":["post-2073","page","type-page","status-publish","hentry"],"_links":{"self":[{"href":"https:\/\/snm-online.sk\/en\/wp-json\/wp\/v2\/pages\/2073","targetHints":{"allow":["GET"]}}],"collection":[{"href":"https:\/\/snm-online.sk\/en\/wp-json\/wp\/v2\/pages"}],"about":[{"href":"https:\/\/snm-online.sk\/en\/wp-json\/wp\/v2\/types\/page"}],"author":[{"embeddable":true,"href":"https:\/\/snm-online.sk\/en\/wp-json\/wp\/v2\/users\/2"}],"replies":[{"embeddable":true,"href":"https:\/\/snm-online.sk\/en\/wp-json\/wp\/v2\/comments?post=2073"}],"version-history":[{"count":11,"href":"https:\/\/snm-online.sk\/en\/wp-json\/wp\/v2\/pages\/2073\/revisions"}],"predecessor-version":[{"id":3035,"href":"https:\/\/snm-online.sk\/en\/wp-json\/wp\/v2\/pages\/2073\/revisions\/3035"}],"wp:attachment":[{"href":"https:\/\/snm-online.sk\/en\/wp-json\/wp\/v2\/media?parent=2073"}],"curies":[{"name":"wp","href":"https:\/\/api.w.org\/{rel}","templated":true}]}}