{"id":2156,"date":"2024-10-13T17:52:38","date_gmt":"2024-10-13T15:52:38","guid":{"rendered":"https:\/\/snm-online.sk\/?page_id=2156"},"modified":"2026-03-27T17:32:00","modified_gmt":"2026-03-27T16:32:00","slug":"etnograficke-muzeum","status":"publish","type":"page","link":"https:\/\/snm-online.sk\/en\/etnograficke-muzeum\/","title":{"rendered":"Etnografick\u00e9 m\u00fazeum"},"content":{"rendered":"\n<h2 class=\"wp-block-heading\">Slovensk\u00e9 n\u00e1rodn\u00e9 m\u00fazeum<\/h2>\n\n\n\n<div style=\"height:40px\" aria-hidden=\"true\" class=\"wp-block-spacer\"><\/div>\n\n\n\n<div id=\"wp-block-themeisle-blocks-advanced-columns-2c656d81\" class=\"wp-block-themeisle-blocks-advanced-columns has-2-columns has-desktop-equal-layout has-tablet-equal-layout has-mobile-equal-layout has-vertical-unset\"><div class=\"wp-block-themeisle-blocks-advanced-columns-overlay\"><\/div><div class=\"innerblocks-wrap\">\n<div id=\"wp-block-themeisle-blocks-advanced-column-934c71fd\" class=\"wp-block-themeisle-blocks-advanced-column\">\n<figure class=\"wp-block-image size-full has-custom-border\"><img loading=\"lazy\" decoding=\"async\" width=\"763\" height=\"400\" src=\"https:\/\/snm-online.sk\/wp-content\/uploads\/2024\/10\/Etnograficke.jpg\" alt=\"\" class=\"wp-image-2177\" style=\"border-radius:8px;aspect-ratio:3\/2;object-fit:cover\" srcset=\"https:\/\/snm-online.sk\/wp-content\/uploads\/2024\/10\/Etnograficke.jpg 763w, https:\/\/snm-online.sk\/wp-content\/uploads\/2024\/10\/Etnograficke-300x157.jpg 300w\" sizes=\"auto, (max-width: 763px) 100vw, 763px\" \/><\/figure>\n<\/div>\n\n\n\n<div id=\"wp-block-themeisle-blocks-advanced-column-3a8fec61\" class=\"wp-block-themeisle-blocks-advanced-column\">\n<figure class=\"wp-block-image size-full has-custom-border\"><img loading=\"lazy\" decoding=\"async\" width=\"1080\" height=\"720\" src=\"https:\/\/snm-online.sk\/wp-content\/uploads\/2024\/10\/1730360354778.jpg\" alt=\"\" class=\"wp-image-2531\" style=\"border-radius:8px;aspect-ratio:3\/2;object-fit:cover\" srcset=\"https:\/\/snm-online.sk\/wp-content\/uploads\/2024\/10\/1730360354778.jpg 1080w, https:\/\/snm-online.sk\/wp-content\/uploads\/2024\/10\/1730360354778-300x200.jpg 300w, https:\/\/snm-online.sk\/wp-content\/uploads\/2024\/10\/1730360354778-1024x683.jpg 1024w, https:\/\/snm-online.sk\/wp-content\/uploads\/2024\/10\/1730360354778-768x512.jpg 768w, https:\/\/snm-online.sk\/wp-content\/uploads\/2024\/10\/1730360354778-930x620.jpg 930w\" sizes=\"auto, (max-width: 1080px) 100vw, 1080px\" \/><\/figure>\n<\/div>\n<\/div><\/div>\n\n\n\n<div style=\"height:30px\" aria-hidden=\"true\" class=\"wp-block-spacer\"><\/div>\n\n\n\n<p><strong>Vyberte si pros\u00edm z ponuky d\u00e1tumov a term\u00ednov prehliadok:<\/strong><\/p>\n\n\n\n\n\n<p><strong>SNM &#8211; Etnografick\u00e9 m\u00fazeum<\/strong> je \u0161pi\u010dkov\u00fdm pracoviskom v celoslovenskom kontexte v oblasti <strong>n\u00e1rodopisnej muzeol\u00f3gie<\/strong> a vo vz\u0165ahu k svojej z\u00e1kladnej \u010dinnosti \u2013 <strong>z\u00edskavaniu, odborn\u00e9mu a vedeck\u00e9mu spracovaniu a prezent\u00e1cii zbierok \u013eudovej kult\u00fary<\/strong>. Ku konkr\u00e9tnym v\u00fdsledkom tejto \u010dinnosti patr\u00ed n\u00e1rodopisn\u00e1 expoz\u00edcia v hlavnej budove (1974 \u2013 1975), \u0161pecializovan\u00e9 expoz\u00edcie jednotliv\u00fdch zlo\u017eiek, rozsiahla zbierkotvorn\u00e1 a v\u00fdstavn\u00e1 \u010dinnos\u0165, v oblasti publika\u010dnej najm\u00e4 tituly ed\u00edcie FONTES, zborn\u00edk Etnografia ako aj pr\u00edle\u017eitostn\u00e9 tla\u010de.&nbsp;<\/p>\n\n\n\n<div style=\"height:50px\" aria-hidden=\"true\" class=\"wp-block-spacer\"><\/div>\n\n\n\n<div class=\"wp-block-essential-blocks-accordion  root-eb-accordion-93tdm\"><div class=\"eb-parent-wrapper eb-parent-eb-accordion-93tdm \"><div class=\"eb-accordion-container eb-accordion-93tdm\" data-accordion-type=\"accordion\" data-tab-icon=\"fas fa-angle-right\" data-expanded-icon=\"fas fa-angle-down\" data-transition-duration=\"500\"><div class=\"eb-accordion-inner\">\n<div class=\"wp-block-essential-blocks-accordion-item eb-accordion-item-2ur9j eb-accordion-wrapper\" data-clickable=\"false\"><div class=\"eb-accordion-title-wrapper eb-accordion-title-wrapper-eb-accordion-93tdm\" tabindex=\"0\"><span class=\"eb-accordion-icon-wrapper eb-accordion-icon-wrapper-eb-accordion-93tdm\"><i icon=\"fas fa-angle-right\" class=\"fas fa-angle-right eb-accordion-icon\"><\/i><\/span><div class=\"eb-accordion-title-content-wrap title-content-eb-accordion-93tdm\"><h3 class=\"eb-accordion-title\">Otv\u00e1racie hodiny<\/h3><\/div><\/div><div class=\"eb-accordion-content-wrapper eb-accordion-content-wrapper-eb-accordion-93tdm\"><div class=\"eb-accordion-content\">\n<h6 class=\"wp-block-heading\"><strong>Be\u017en\u00e9 otv\u00e1racie hodiny:<\/strong><\/h6>\n\n\n\n<p><strong><\/strong>Utorok \u2013 piatok:&nbsp;9.00 \u2013 17.00 h<br>Sobota \u2013 nede\u013ea:&nbsp;10.00 \u2013 18.00 h<br>Posledn\u00fd vstup do m\u00fazea je 30 min\u00fat pred koncom otv\u00e1rac\u00edch hod\u00edn.&nbsp;<\/p>\n\n\n\n<h6 class=\"wp-block-heading\"><strong>Z\u00e1hrada pri Slovenskom n\u00e1rodnom m\u00fazeu v Martine<\/strong><\/h6>\n\n\n\n<h6 class=\"wp-block-heading\"><strong>Od 1. apr\u00edla do 31. okt\u00f3bra<\/strong>&nbsp;<\/h6>\n\n\n\n<p>Utorok \u2013 piatok:&nbsp;9.00 \u2013 17.00 h&nbsp;<br>Sobota \u2013 nede\u013ea:&nbsp;10.00 \u2013 17.30 h<\/p>\n<\/div><\/div><\/div>\n\n\n\n<div class=\"wp-block-essential-blocks-accordion-item eb-accordion-item-v38rx eb-accordion-wrapper\" data-clickable=\"false\"><div class=\"eb-accordion-title-wrapper eb-accordion-title-wrapper-eb-accordion-93tdm\" tabindex=\"0\"><span class=\"eb-accordion-icon-wrapper eb-accordion-icon-wrapper-eb-accordion-93tdm\"><i icon=\"fas fa-angle-right\" class=\"fas fa-angle-right eb-accordion-icon\"><\/i><\/span><div class=\"eb-accordion-title-content-wrap title-content-eb-accordion-93tdm\"><h3 class=\"eb-accordion-title\">Kontakt<\/h3><\/div><\/div><div class=\"eb-accordion-content-wrapper eb-accordion-content-wrapper-eb-accordion-93tdm\"><div class=\"eb-accordion-content\">\n<h6 class=\"wp-block-heading\"><strong>S\u00eddlo&nbsp;<\/strong><\/h6>\n\n\n\n<p>Etnografick\u00e9 m\u00fazeum<br>Mal\u00e1 hora 2<br>036 80 Martin&nbsp;<\/p>\n\n\n\n<h6 class=\"wp-block-heading\"><strong>Kore\u0161ponden\u010dn\u00e1 adresa<\/strong><\/h6>\n\n\n\n<p>SNM&nbsp;\u2013 M\u00faze\u00e1 v Martine<\/p>\n\n\n\n<p>Etnografick\u00e9 m\u00fazeum<br>Mal\u00e1 hora 2<br>P. O. BOX 155<br>036 80 Martin&nbsp;<\/p>\n\n\n\n<h6 class=\"wp-block-heading\"><strong>Kontakt<\/strong><\/h6>\n\n\n\n<p>e-mail:&nbsp;&nbsp;<a href=\"mailto:snmmartin@snm.sk\">snmmartin@snm.sk<br><\/a>telef\u00f3n:&nbsp;+421 43 24 54 231<br>web:&nbsp;&nbsp;&nbsp;&nbsp;<a href=\"http:\/\/www.snm.sk\/\">www.snm.sk<\/a><\/p>\n<\/div><\/div><\/div>\n\n\n\n<div class=\"wp-block-essential-blocks-accordion-item eb-accordion-item-vtp64 eb-accordion-wrapper\" data-clickable=\"false\"><div class=\"eb-accordion-title-wrapper eb-accordion-title-wrapper-eb-accordion-93tdm\" tabindex=\"0\"><span class=\"eb-accordion-icon-wrapper eb-accordion-icon-wrapper-eb-accordion-93tdm\"><i icon=\"fas fa-angle-right\" class=\"fas fa-angle-right eb-accordion-icon\"><\/i><\/span><div class=\"eb-accordion-title-content-wrap title-content-eb-accordion-93tdm\"><h3 class=\"eb-accordion-title\">Kde n\u00e1s n\u00e1jdete<\/h3><\/div><\/div><div class=\"eb-accordion-content-wrapper eb-accordion-content-wrapper-eb-accordion-93tdm\"><div class=\"eb-accordion-content\"><div style=\"height:400pxpx;\" class=\"wp-block-themeisle-blocks-leaflet-map\" id=\"wp-block-themeisle-blocks-leaflet-map-675c6b1a\"><\/div>\n<script type=\"text\/javascript\">\n\t\/* <![CDATA[ *\/\n\t\tif ( ! window.themeisleLeafletMaps ) window.themeisleLeafletMaps =[];\n\t\twindow.themeisleLeafletMaps.push( { container: \"wp-block-themeisle-blocks-leaflet-map-675c6b1a\", attributes: {\"id\":\"wp-block-themeisle-blocks-leaflet-map-675c6b1a\",\"location\":\"Martin, Slovakia\",\"latitude\":\"49.065740516243366\",\"longitude\":\"18.929143071555636\",\"bbox\":\"18.929142951965332,49.065740516243366,18.929142951965332,49.065740516243366\",\"zoom\":15,\"markers\":[{\"id\":\"a1a3d948-f968-49dc-aed8-3b394a38d3b8\",\"latitude\":49.06416589347560375244938768446445465087890625,\"longitude\":18.928177700542025974073112593032419681549072265625,\"title\":\"SNM - Etnografick\\u00e9 m\\u00fazeum\",\"description\":\"\"}],\"height\":\"400px\",\"zoomControl\":true,\"draggable\":true,\"hasCustomCSS\":false,\"customCSS\":\"\",\"TrpContentRestriction\":{\"restriction_type\":\"exclude\",\"selected_languages\":[],\"panel_open\":true},\"otterConditions\":[]} } );\n\t\/* ]]> *\/\n<\/script>\n<\/div><\/div><\/div>\n<\/div><\/div><\/div><\/div>\n\n\n\n<div style=\"height:50px\" aria-hidden=\"true\" class=\"wp-block-spacer\"><\/div>\n\n\n\n<h3 class=\"wp-block-heading has-text-align-center\">Sledujte n\u00e1s na soci\u00e1lnych sie\u0165ach<\/h3>\n\n\n\n<div class=\"wp-block-essential-blocks-social  root-eb-social-links-blics\"><div class=\"eb-parent-wrapper eb-parent-eb-social-links-blics \"><div class=\"eb-social-links-blics eb-social-links-wrapper\"><ul class=\"eb-socials\"><li><a class=\"facebook-f-original  \" href=\"https:\/\/www.facebook.com\/muzeummartin\/?locale=sk_SK\" target=\"_self\" rel=\"noopener\" aria-label=\"social link\"><i class=\"fab fa-facebook-f hvr-icon eb-social-icon\" icon=\"fab fa-facebook-f\"><\/i><\/a><\/li><li><a class=\"instagram-original  \" href=\"\" target=\"_self\" rel=\"noopener\" aria-label=\"social link\"><i class=\"fab fa-instagram hvr-icon eb-social-icon\" icon=\"fab fa-instagram\"><\/i><\/a><\/li><li><a class=\"youtube-original  \" href=\"\" target=\"_self\" rel=\"noopener\" aria-label=\"social link\"><i class=\"fab fa-youtube hvr-icon eb-social-icon\" icon=\"fab fa-youtube\"><\/i><\/a><\/li><\/ul><\/div><\/div><\/div>\n\n\n\n<div style=\"height:30px\" aria-hidden=\"true\" class=\"wp-block-spacer\"><\/div>\n\n\n\n<p class=\"has-text-align-center\"><strong>V pr\u00edpade ot\u00e1zok t\u00fdkaj\u00facich sa online n\u00e1kupu vstupeniek n\u00e1s kontaktujte na email&nbsp;<a href=\"mailto:pomoc@snm-online.sk\">pomoc@snm-online.sk<\/a><\/strong><\/p>\n\n\n\n<div style=\"height:100px\" aria-hidden=\"true\" class=\"wp-block-spacer\"><\/div>\n\n\n\n<p><\/p>\n","protected":false},"excerpt":{"rendered":"<p>Slovensk\u00e9 n\u00e1rodn\u00e9 m\u00fazeum Vyberte si pros\u00edm z ponuky d\u00e1tumov a term\u00ednov prehliadok: SNM &#8211; Etnografick\u00e9 m\u00fazeum je \u0161pi\u010dkov\u00fdm pracoviskom v celoslovenskom kontexte v oblasti n\u00e1rodopisnej muzeol\u00f3gie a vo vz\u0165ahu k&hellip;&nbsp;<a href=\"https:\/\/snm-online.sk\/en\/etnograficke-muzeum\/\" class=\"\" rel=\"bookmark\">Read More &raquo;<span class=\"screen-reader-text\">Etnografick\u00e9 m\u00fazeum<\/span><\/a><\/p>","protected":false},"author":2,"featured_media":0,"parent":0,"menu_order":0,"comment_status":"closed","ping_status":"closed","template":"","meta":{"_eb_attr":"","neve_meta_sidebar":"","neve_meta_container":"","neve_meta_enable_content_width":"","neve_meta_content_width":0,"neve_meta_title_alignment":"","neve_meta_author_avatar":"","neve_post_elements_order":"","neve_meta_disable_header":"","neve_meta_disable_footer":"","neve_meta_disable_title":"","_themeisle_gutenberg_block_has_review":false,"footnotes":""},"class_list":["post-2156","page","type-page","status-publish","hentry"],"_links":{"self":[{"href":"https:\/\/snm-online.sk\/en\/wp-json\/wp\/v2\/pages\/2156","targetHints":{"allow":["GET"]}}],"collection":[{"href":"https:\/\/snm-online.sk\/en\/wp-json\/wp\/v2\/pages"}],"about":[{"href":"https:\/\/snm-online.sk\/en\/wp-json\/wp\/v2\/types\/page"}],"author":[{"embeddable":true,"href":"https:\/\/snm-online.sk\/en\/wp-json\/wp\/v2\/users\/2"}],"replies":[{"embeddable":true,"href":"https:\/\/snm-online.sk\/en\/wp-json\/wp\/v2\/comments?post=2156"}],"version-history":[{"count":55,"href":"https:\/\/snm-online.sk\/en\/wp-json\/wp\/v2\/pages\/2156\/revisions"}],"predecessor-version":[{"id":5190,"href":"https:\/\/snm-online.sk\/en\/wp-json\/wp\/v2\/pages\/2156\/revisions\/5190"}],"wp:attachment":[{"href":"https:\/\/snm-online.sk\/en\/wp-json\/wp\/v2\/media?parent=2156"}],"curies":[{"name":"wp","href":"https:\/\/api.w.org\/{rel}","templated":true}]}}