{"id":2188,"date":"2024-10-30T15:44:14","date_gmt":"2024-10-30T14:44:14","guid":{"rendered":"https:\/\/snm-online.sk\/?page_id=2188"},"modified":"2026-03-27T17:33:51","modified_gmt":"2026-03-27T16:33:51","slug":"muzeum-andreja-kmeta","status":"publish","type":"page","link":"https:\/\/snm-online.sk\/en\/muzeum-andreja-kmeta\/","title":{"rendered":"M\u00fazeum Andreja Kme\u0165a"},"content":{"rendered":"\n<h2 class=\"wp-block-heading\">Slovensk\u00e9 n\u00e1rodn\u00e9 m\u00fazeum<\/h2>\n\n\n\n<div style=\"height:40px\" aria-hidden=\"true\" class=\"wp-block-spacer\"><\/div>\n\n\n\n<div id=\"wp-block-themeisle-blocks-advanced-columns-00e91e0f\" class=\"wp-block-themeisle-blocks-advanced-columns has-2-columns has-desktop-equal-layout has-tablet-equal-layout has-mobile-equal-layout has-vertical-unset\"><div class=\"wp-block-themeisle-blocks-advanced-columns-overlay\"><\/div><div class=\"innerblocks-wrap\">\n<div id=\"wp-block-themeisle-blocks-advanced-column-d04b8aa1\" class=\"wp-block-themeisle-blocks-advanced-column\">\n<figure class=\"wp-block-image size-full has-custom-border\"><img loading=\"lazy\" decoding=\"async\" width=\"2048\" height=\"1536\" src=\"https:\/\/snm-online.sk\/wp-content\/uploads\/2024\/10\/Muzeum-A.Kmeta_-1.jpg\" alt=\"\" class=\"wp-image-2527\" style=\"border-radius:5px;aspect-ratio:3\/2;object-fit:cover\" srcset=\"https:\/\/snm-online.sk\/wp-content\/uploads\/2024\/10\/Muzeum-A.Kmeta_-1.jpg 2048w, https:\/\/snm-online.sk\/wp-content\/uploads\/2024\/10\/Muzeum-A.Kmeta_-1-300x225.jpg 300w, https:\/\/snm-online.sk\/wp-content\/uploads\/2024\/10\/Muzeum-A.Kmeta_-1-1024x768.jpg 1024w, https:\/\/snm-online.sk\/wp-content\/uploads\/2024\/10\/Muzeum-A.Kmeta_-1-768x576.jpg 768w, https:\/\/snm-online.sk\/wp-content\/uploads\/2024\/10\/Muzeum-A.Kmeta_-1-1536x1152.jpg 1536w\" sizes=\"auto, (max-width: 2048px) 100vw, 2048px\" \/><\/figure>\n<\/div>\n\n\n\n<div id=\"wp-block-themeisle-blocks-advanced-column-7d055766\" class=\"wp-block-themeisle-blocks-advanced-column\">\n<figure class=\"wp-block-image size-full has-custom-border\"><img loading=\"lazy\" decoding=\"async\" width=\"512\" height=\"342\" src=\"https:\/\/snm-online.sk\/wp-content\/uploads\/2024\/10\/Muzeum-A.Kmeta_.jpg\" alt=\"\" class=\"wp-image-2351\" style=\"border-radius:5px;aspect-ratio:3\/2;object-fit:cover\" srcset=\"https:\/\/snm-online.sk\/wp-content\/uploads\/2024\/10\/Muzeum-A.Kmeta_.jpg 512w, https:\/\/snm-online.sk\/wp-content\/uploads\/2024\/10\/Muzeum-A.Kmeta_-300x200.jpg 300w\" sizes=\"auto, (max-width: 512px) 100vw, 512px\" \/><\/figure>\n<\/div>\n<\/div><\/div>\n\n\n\n<div style=\"height:30px\" aria-hidden=\"true\" class=\"wp-block-spacer\"><\/div>\n\n\n\n<p><strong>Vyberte si pros\u00edm z ponuky d\u00e1tumov a term\u00ednov prehliadok:<\/strong><\/p>\n\n\n\n\n\n<p>V syst\u00e9me s\u00fa\u010dasn\u00fdch pracov\u00edsk Slovensk\u00e9ho n\u00e1rodn\u00e9ho m\u00fazea m\u00e1 jeho prv\u00e1 budova v\u00fdnimo\u010dn\u00e9 postavenie.&nbsp;I. budova SNM je s\u00eddlom M\u00fazea Andreja Kme\u0165a, v ktorej s\u00fa situovan\u00e9 pr\u00edrodovedn\u00e9 expoz\u00edcie, depozit\u00e1rne priestory pre 498.898 zbierkov\u00fdch predmetov, v\u00fdstavn\u00e9 priestory, pracovne a kni\u017enica vr\u00e1tane dokumenta\u010dn\u00fdch a arch\u00edvnych fondov.&nbsp;V s\u00fa\u010dasnosti sa v budove nach\u00e1dzaj\u00fa trval\u00e9 <strong>expoz\u00edcie Kmetianum,<\/strong> venovan\u00e1 pr\u00e1ci Andreja Kme\u0165a a <strong>Pr\u00edroda Turca.<\/strong> 1. 4. 2004 sa m\u00fazeum stalo s\u00fa\u010das\u0165ou Slovensk\u00e9ho n\u00e1rodn\u00e9ho m\u00fazea v Martine a v s\u00fa\u010dasnosti sa tu nach\u00e1dza <strong>Oddelenie pr\u00edrodovedn\u00fdch zbierok M\u00faze\u00ed v Martine<\/strong>.<\/p>\n\n\n\n<div style=\"height:50px\" aria-hidden=\"true\" class=\"wp-block-spacer\"><\/div>\n\n\n\n<div class=\"wp-block-essential-blocks-accordion  root-eb-accordion-0wxb5\"><div class=\"eb-parent-wrapper eb-parent-eb-accordion-0wxb5 \"><div class=\"eb-accordion-container eb-accordion-0wxb5\" data-accordion-type=\"accordion\" data-tab-icon=\"fas fa-angle-right\" data-expanded-icon=\"fas fa-angle-down\" data-transition-duration=\"500\"><div class=\"eb-accordion-inner\">\n<div class=\"wp-block-essential-blocks-accordion-item eb-accordion-item-h1kyk eb-accordion-wrapper\" data-clickable=\"false\"><div class=\"eb-accordion-title-wrapper eb-accordion-title-wrapper-eb-accordion-0wxb5\" tabindex=\"0\"><span class=\"eb-accordion-icon-wrapper eb-accordion-icon-wrapper-eb-accordion-0wxb5\"><i icon=\"fas fa-angle-right\" class=\"fas fa-angle-right eb-accordion-icon\"><\/i><\/span><div class=\"eb-accordion-title-content-wrap title-content-eb-accordion-0wxb5\"><h3 class=\"eb-accordion-title\">Otv\u00e1racie hodiny<\/h3><\/div><\/div><div class=\"eb-accordion-content-wrapper eb-accordion-content-wrapper-eb-accordion-0wxb5\"><div class=\"eb-accordion-content\">\n<h6 class=\"wp-block-heading\"><strong>Be\u017en\u00e9 otv\u00e1racie hodiny:<\/strong><\/h6>\n\n\n\n<p><strong><\/strong>Utorok&nbsp;\u2013 piatok: 9.00&nbsp;\u2013 12.00 h, 12.30&nbsp;\u2013&nbsp;17.00 h, posledn\u00fd vstup 16.30 h<br>Sobota&nbsp;\u2013 nede\u013ea: 10.00&nbsp;\u2013 12.00 h, 13.00&nbsp;\u2013 18.00 h,&nbsp;posledn\u00fd vstup 17.30 h<br>Po\u010das pracovn\u00e9ho t\u00fd\u017ed\u0148a je m\u00fazeum otvoren\u00e9 aj po\u010das obeda.&nbsp;<\/p>\n\n\n\n<h6 class=\"wp-block-heading\"><strong>Objedn\u00e1vanie skup\u00edn&nbsp;<\/strong><\/h6>\n\n\n\n<p>Vzh\u013eadom na obmedzen\u00fa kapacitu priestorov m\u00fazea&nbsp;V\u00e1s pros\u00edme pri v\u00e4\u010d\u0161om po\u010dte \u010dlenov skupiny (napr. \u0161kolsk\u00e1 trieda&#8230;) dostato\u010dne v\u010das n\u00e1v\u0161tevu objedna\u0165 na pokladni m\u00fazea na t. \u010d. 043\/ 24 55 113 (pr\u00edpadne mailom:&nbsp;<a href=\"mailto:snmmarin@snm.sk\">snmmartin@snm.sk<\/a>). Objednan\u00e9 skupiny maj\u00fa pri vstupe a prehliadke s lektorom prednos\u0165 pred neobjednan\u00fdmi n\u00e1v\u0161tevn\u00edkmi.&nbsp;<\/p>\n<\/div><\/div><\/div>\n\n\n\n<div class=\"wp-block-essential-blocks-accordion-item eb-accordion-item-gsbgg eb-accordion-wrapper\" data-clickable=\"false\"><div class=\"eb-accordion-title-wrapper eb-accordion-title-wrapper-eb-accordion-0wxb5\" tabindex=\"0\"><span class=\"eb-accordion-icon-wrapper eb-accordion-icon-wrapper-eb-accordion-0wxb5\"><i icon=\"fas fa-angle-right\" class=\"fas fa-angle-right eb-accordion-icon\"><\/i><\/span><div class=\"eb-accordion-title-content-wrap title-content-eb-accordion-0wxb5\"><h3 class=\"eb-accordion-title\">Kontakt<\/h3><\/div><\/div><div class=\"eb-accordion-content-wrapper eb-accordion-content-wrapper-eb-accordion-0wxb5\"><div class=\"eb-accordion-content\">\n<h6 class=\"wp-block-heading\"><strong>S\u00eddlo<\/strong><\/h6>\n\n\n\n<p>M\u00fazea Andreja Kme\u0165a<\/p>\n\n\n\n<p>Ul. Andreja Kme\u0165a 20<br>P. O. BOX 155<br>036 01 Martin&nbsp;<\/p>\n\n\n\n<h6 class=\"wp-block-heading\"><strong>Kore\u0161ponden\u010dn\u00e1 adresa<\/strong><\/h6>\n\n\n\n<p>SNM&nbsp;\u2013 M\u00faze\u00e1 v Martine<\/p>\n\n\n\n<p><\/p>\n\n\n\n<p>M\u00fazeum Andreja Kme\u0165a<br>Mal\u00e1 hora 2<br>P. O. Box 155<br>036 80 Martin<\/p>\n\n\n\n<h6 class=\"wp-block-heading\"><strong>Kontakt&nbsp;<\/strong><\/h6>\n\n\n\n<p>Poklad\u0148a m\u00fazea<br>telef\u00f3n: +421 43 24 55 113&nbsp;<br>e-mail:&nbsp; muzeumandrejakmeta@snm.sk<br>web:&nbsp;&nbsp;&nbsp;&nbsp;&nbsp;<a href=\"http:\/\/www.snm.sk\/\">www.snm.sk<\/a>&nbsp;<\/p>\n<\/div><\/div><\/div>\n\n\n\n<div class=\"wp-block-essential-blocks-accordion-item eb-accordion-item-u6r0i eb-accordion-wrapper\" data-clickable=\"false\"><div class=\"eb-accordion-title-wrapper eb-accordion-title-wrapper-eb-accordion-0wxb5\" tabindex=\"0\"><span class=\"eb-accordion-icon-wrapper eb-accordion-icon-wrapper-eb-accordion-0wxb5\"><i icon=\"fas fa-angle-right\" class=\"fas fa-angle-right eb-accordion-icon\"><\/i><\/span><div class=\"eb-accordion-title-content-wrap title-content-eb-accordion-0wxb5\"><h3 class=\"eb-accordion-title\">Kde n\u00e1s n\u00e1jdete<\/h3><\/div><\/div><div class=\"eb-accordion-content-wrapper eb-accordion-content-wrapper-eb-accordion-0wxb5\"><div class=\"eb-accordion-content\"><div style=\"height:400pxpx;\" class=\"wp-block-themeisle-blocks-leaflet-map\" id=\"wp-block-themeisle-blocks-leaflet-map-3cd721d4\"><\/div>\n<script type=\"text\/javascript\">\n\t\/* <![CDATA[ *\/\n\t\tif ( ! window.themeisleLeafletMaps ) window.themeisleLeafletMaps =[];\n\t\twindow.themeisleLeafletMaps.push( { container: \"wp-block-themeisle-blocks-leaflet-map-3cd721d4\", attributes: {\"id\":\"wp-block-themeisle-blocks-leaflet-map-3cd721d4\",\"location\":\"Martin, Slovakia\",\"latitude\":\"49.06569833949812\",\"longitude\":\"18.92315722564074\",\"bbox\":\"18.923156261444095,49.06569833949812,18.923156261444095,49.06569833949812\",\"zoom\":17,\"markers\":[{\"id\":\"57a0915d-aaa2-40b9-a665-99aaf568fb53\",\"latitude\":49.06529062911537408808726468123495578765869140625,\"longitude\":18.920205723149006615813050302676856517791748046875,\"title\":\"SNM - M\\u00fazeum Andreja Kme\\u0165a\",\"description\":\"\"}],\"height\":\"400px\",\"zoomControl\":true,\"draggable\":true,\"hasCustomCSS\":false,\"customCSS\":\"\",\"TrpContentRestriction\":{\"restriction_type\":\"exclude\",\"selected_languages\":[],\"panel_open\":true},\"otterConditions\":[]} } );\n\t\/* ]]> *\/\n<\/script>\n<\/div><\/div><\/div>\n<\/div><\/div><\/div><\/div>\n\n\n\n<div style=\"height:50px\" aria-hidden=\"true\" class=\"wp-block-spacer\"><\/div>\n\n\n\n<h3 class=\"wp-block-heading has-text-align-center\">Sledujte n\u00e1s na soci\u00e1lnych sie\u0165ach<\/h3>\n\n\n\n<div class=\"wp-block-essential-blocks-social  root-eb-social-links-87kfh\"><div class=\"eb-parent-wrapper eb-parent-eb-social-links-87kfh \"><div class=\"eb-social-links-87kfh eb-social-links-wrapper\"><ul class=\"eb-socials\"><li><a class=\"facebook-f-original  \" href=\"https:\/\/www.facebook.com\/muzeumandrejakmeta\/\" target=\"_self\" rel=\"noopener\" aria-label=\"social link\"><i class=\"fab fa-facebook-f hvr-icon eb-social-icon\" icon=\"fab fa-facebook-f\"><\/i><\/a><\/li><li><a class=\"instagram-original  \" href=\"\" target=\"_self\" rel=\"noopener\" aria-label=\"social link\"><i class=\"fab fa-instagram hvr-icon eb-social-icon\" icon=\"fab fa-instagram\"><\/i><\/a><\/li><li><a class=\"youtube-original  \" href=\"\" target=\"_self\" rel=\"noopener\" aria-label=\"social link\"><i class=\"fab fa-youtube hvr-icon eb-social-icon\" icon=\"fab fa-youtube\"><\/i><\/a><\/li><\/ul><\/div><\/div><\/div>\n\n\n\n<div style=\"height:30px\" aria-hidden=\"true\" class=\"wp-block-spacer\"><\/div>\n\n\n\n<p class=\"has-text-align-center\"><strong>V pr\u00edpade ot\u00e1zok t\u00fdkaj\u00facich sa online n\u00e1kupu vstupeniek n\u00e1s kontaktujte na email&nbsp;<a href=\"mailto:pomoc@snm-online.sk\">pomoc@snm-online.sk<\/a><\/strong><\/p>\n\n\n\n<div style=\"height:100px\" aria-hidden=\"true\" class=\"wp-block-spacer\"><\/div>\n","protected":false},"excerpt":{"rendered":"<p>Slovensk\u00e9 n\u00e1rodn\u00e9 m\u00fazeum Vyberte si pros\u00edm z ponuky d\u00e1tumov a term\u00ednov prehliadok: V syst\u00e9me s\u00fa\u010dasn\u00fdch pracov\u00edsk Slovensk\u00e9ho n\u00e1rodn\u00e9ho m\u00fazea m\u00e1 jeho prv\u00e1 budova v\u00fdnimo\u010dn\u00e9 postavenie.&nbsp;I. budova SNM je s\u00eddlom M\u00fazea&hellip;&nbsp;<a href=\"https:\/\/snm-online.sk\/en\/muzeum-andreja-kmeta\/\" class=\"\" rel=\"bookmark\">Read More &raquo;<span class=\"screen-reader-text\">M\u00fazeum Andreja Kme\u0165a<\/span><\/a><\/p>","protected":false},"author":2,"featured_media":0,"parent":0,"menu_order":0,"comment_status":"closed","ping_status":"closed","template":"","meta":{"_eb_attr":"","neve_meta_sidebar":"","neve_meta_container":"","neve_meta_enable_content_width":"","neve_meta_content_width":0,"neve_meta_title_alignment":"","neve_meta_author_avatar":"","neve_post_elements_order":"","neve_meta_disable_header":"","neve_meta_disable_footer":"","neve_meta_disable_title":"","_themeisle_gutenberg_block_has_review":false,"footnotes":""},"class_list":["post-2188","page","type-page","status-publish","hentry"],"_links":{"self":[{"href":"https:\/\/snm-online.sk\/en\/wp-json\/wp\/v2\/pages\/2188","targetHints":{"allow":["GET"]}}],"collection":[{"href":"https:\/\/snm-online.sk\/en\/wp-json\/wp\/v2\/pages"}],"about":[{"href":"https:\/\/snm-online.sk\/en\/wp-json\/wp\/v2\/types\/page"}],"author":[{"embeddable":true,"href":"https:\/\/snm-online.sk\/en\/wp-json\/wp\/v2\/users\/2"}],"replies":[{"embeddable":true,"href":"https:\/\/snm-online.sk\/en\/wp-json\/wp\/v2\/comments?post=2188"}],"version-history":[{"count":76,"href":"https:\/\/snm-online.sk\/en\/wp-json\/wp\/v2\/pages\/2188\/revisions"}],"predecessor-version":[{"id":5193,"href":"https:\/\/snm-online.sk\/en\/wp-json\/wp\/v2\/pages\/2188\/revisions\/5193"}],"wp:attachment":[{"href":"https:\/\/snm-online.sk\/en\/wp-json\/wp\/v2\/media?parent=2188"}],"curies":[{"name":"wp","href":"https:\/\/api.w.org\/{rel}","templated":true}]}}