{"id":2193,"date":"2024-11-05T11:03:21","date_gmt":"2024-11-05T10:03:21","guid":{"rendered":"https:\/\/snm-online.sk\/?page_id=2193"},"modified":"2025-07-03T08:57:20","modified_gmt":"2025-07-03T06:57:20","slug":"spisske-muzeum-v-levoci","status":"publish","type":"page","link":"https:\/\/snm-online.sk\/en\/spisske-muzeum-v-levoci\/","title":{"rendered":"Spi\u0161 Museum, Levoca"},"content":{"rendered":"\n<h2 class=\"wp-block-heading\">Slovensk\u00e9 n\u00e1rodn\u00e9 m\u00fazeum<\/h2>\n\n\n\n<div id=\"wp-block-themeisle-blocks-advanced-columns-a1df8155\" class=\"wp-block-themeisle-blocks-advanced-columns has-2-columns has-desktop-equal-layout has-tablet-equal-layout has-mobile-equal-layout has-vertical-unset\"><div class=\"wp-block-themeisle-blocks-advanced-columns-overlay\"><\/div><div class=\"innerblocks-wrap\">\n<div id=\"wp-block-themeisle-blocks-advanced-column-93701404\" class=\"wp-block-themeisle-blocks-advanced-column\">\n<figure class=\"wp-block-image size-large has-custom-border\"><img loading=\"lazy\" decoding=\"async\" width=\"1024\" height=\"768\" src=\"https:\/\/snm-online.sk\/wp-content\/uploads\/2024\/10\/Levoca-Radnica-1024x768.jpg\" alt=\"\" class=\"wp-image-2233\" style=\"border-radius:8px;aspect-ratio:3\/2;object-fit:cover\" srcset=\"https:\/\/snm-online.sk\/wp-content\/uploads\/2024\/10\/Levoca-Radnica-1024x768.jpg 1024w, https:\/\/snm-online.sk\/wp-content\/uploads\/2024\/10\/Levoca-Radnica-300x225.jpg 300w, https:\/\/snm-online.sk\/wp-content\/uploads\/2024\/10\/Levoca-Radnica-768x576.jpg 768w, https:\/\/snm-online.sk\/wp-content\/uploads\/2024\/10\/Levoca-Radnica-1536x1152.jpg 1536w, https:\/\/snm-online.sk\/wp-content\/uploads\/2024\/10\/Levoca-Radnica-2048x1536.jpg 2048w\" sizes=\"auto, (max-width: 1024px) 100vw, 1024px\" \/><\/figure>\n<\/div>\n\n\n\n<div id=\"wp-block-themeisle-blocks-advanced-column-ca6e4e06\" class=\"wp-block-themeisle-blocks-advanced-column\">\n<figure class=\"wp-block-image size-large has-custom-border\"><img loading=\"lazy\" decoding=\"async\" width=\"1024\" height=\"768\" src=\"https:\/\/snm-online.sk\/wp-content\/uploads\/2024\/10\/Levoca-Klastor-minoritov-1-1-1024x768.jpg\" alt=\"\" class=\"wp-image-2234\" style=\"border-radius:8px;aspect-ratio:3\/2;object-fit:cover\" srcset=\"https:\/\/snm-online.sk\/wp-content\/uploads\/2024\/10\/Levoca-Klastor-minoritov-1-1-1024x768.jpg 1024w, https:\/\/snm-online.sk\/wp-content\/uploads\/2024\/10\/Levoca-Klastor-minoritov-1-1-300x225.jpg 300w, https:\/\/snm-online.sk\/wp-content\/uploads\/2024\/10\/Levoca-Klastor-minoritov-1-1-768x576.jpg 768w, https:\/\/snm-online.sk\/wp-content\/uploads\/2024\/10\/Levoca-Klastor-minoritov-1-1-1536x1152.jpg 1536w, https:\/\/snm-online.sk\/wp-content\/uploads\/2024\/10\/Levoca-Klastor-minoritov-1-1-2048x1536.jpg 2048w\" sizes=\"auto, (max-width: 1024px) 100vw, 1024px\" \/><\/figure>\n<\/div>\n<\/div><\/div>\n\n\n\n<div style=\"height:30px\" aria-hidden=\"true\" class=\"wp-block-spacer\"><\/div>\n\n\n\n\n\n<h5 class=\"wp-block-heading\">V\u00e1\u017een\u00ed n\u00e1v\u0161tevn\u00edci, Spi\u0161sk\u00e9 m\u00fazeum v Levo\u010di m\u00e1 viacero objektov v ktorom sa nach\u00e1dzaj\u00fa expoz\u00edcie. <\/h5>\n\n\n\n<div id=\"wp-block-themeisle-blocks-advanced-columns-45f6883b\" class=\"wp-block-themeisle-blocks-advanced-columns has-3-columns has-desktop-equal-layout has-tablet-equal-layout has-mobile-collapsedRows-layout has-vertical-unset\"><div class=\"wp-block-themeisle-blocks-advanced-columns-overlay\"><\/div><div class=\"innerblocks-wrap\">\n<div id=\"wp-block-themeisle-blocks-advanced-column-8e8c76ae\" class=\"wp-block-themeisle-blocks-advanced-column\">\n<figure class=\"wp-block-image size-full has-custom-border\"><img loading=\"lazy\" decoding=\"async\" width=\"2560\" height=\"1920\" src=\"https:\/\/snm-online.sk\/wp-content\/uploads\/2024\/10\/Levoca-Radnica-scaled.jpg\" alt=\"\" class=\"wp-image-2233\" style=\"border-radius:10px\" srcset=\"https:\/\/snm-online.sk\/wp-content\/uploads\/2024\/10\/Levoca-Radnica-scaled.jpg 2560w, https:\/\/snm-online.sk\/wp-content\/uploads\/2024\/10\/Levoca-Radnica-300x225.jpg 300w, https:\/\/snm-online.sk\/wp-content\/uploads\/2024\/10\/Levoca-Radnica-1024x768.jpg 1024w, https:\/\/snm-online.sk\/wp-content\/uploads\/2024\/10\/Levoca-Radnica-768x576.jpg 768w, https:\/\/snm-online.sk\/wp-content\/uploads\/2024\/10\/Levoca-Radnica-1536x1152.jpg 1536w, https:\/\/snm-online.sk\/wp-content\/uploads\/2024\/10\/Levoca-Radnica-2048x1536.jpg 2048w\" sizes=\"auto, (max-width: 2560px) 100vw, 2560px\" \/><\/figure>\n\n\n\n<p><\/p>\n\n\n\n<h5 class=\"wp-block-heading has-text-align-center\">Historick\u00e1 radnica<\/h5>\n\n\n\n<p class=\"has-text-align-center\">Otvoren\u00e9 denne: <br>09.00\u00a0\u2013\u00a017.00 hod. <br>posledn\u00fd vstup o 16.00 hod.<\/p>\n\n\n\n<p class=\"has-text-align-center\"> Zatvoren\u00e9 d\u0148a:<br> 24.12. , 25. 12. ,&nbsp;31.12. 2024&nbsp;a 1. 1. 2025&nbsp;&nbsp;&nbsp;<\/p>\n<\/div>\n\n\n\n<div id=\"wp-block-themeisle-blocks-advanced-column-d46dd14d\" class=\"wp-block-themeisle-blocks-advanced-column\">\n<figure class=\"wp-block-image size-full has-custom-border\"><img loading=\"lazy\" decoding=\"async\" width=\"2560\" height=\"1920\" src=\"https:\/\/snm-online.sk\/wp-content\/uploads\/2024\/10\/Levoca-Klastor-minoritov-1-scaled.jpg\" alt=\"\" class=\"wp-image-2201\" style=\"border-radius:10px\" srcset=\"https:\/\/snm-online.sk\/wp-content\/uploads\/2024\/10\/Levoca-Klastor-minoritov-1-scaled.jpg 2560w, https:\/\/snm-online.sk\/wp-content\/uploads\/2024\/10\/Levoca-Klastor-minoritov-1-300x225.jpg 300w, https:\/\/snm-online.sk\/wp-content\/uploads\/2024\/10\/Levoca-Klastor-minoritov-1-1024x768.jpg 1024w, https:\/\/snm-online.sk\/wp-content\/uploads\/2024\/10\/Levoca-Klastor-minoritov-1-768x576.jpg 768w, https:\/\/snm-online.sk\/wp-content\/uploads\/2024\/10\/Levoca-Klastor-minoritov-1-1536x1152.jpg 1536w, https:\/\/snm-online.sk\/wp-content\/uploads\/2024\/10\/Levoca-Klastor-minoritov-1-2048x1536.jpg 2048w\" sizes=\"auto, (max-width: 2560px) 100vw, 2560px\" \/><\/figure>\n\n\n\n<p><\/p>\n\n\n\n<h5 class=\"wp-block-heading has-text-align-center\">Kostol a Kl\u00e1\u0161tor minoritov<\/h5>\n\n\n\n<p class=\"has-text-align-center\">Otvoren\u00e9 denne: <br>09.00\u00a0\u2013\u00a017.00 hod. <br>posledn\u00fd vstup o 16.00 hod.<\/p>\n\n\n\n<p class=\"has-text-align-center\"> Zatvoren\u00e9 d\u0148a:<br> 24.12. , 25. 12. ,&nbsp;31.12. 2024&nbsp;a 1. 1. 2025<\/p>\n<\/div>\n\n\n\n<div id=\"wp-block-themeisle-blocks-advanced-column-4c688668\" class=\"wp-block-themeisle-blocks-advanced-column\">\n<figure class=\"wp-block-image size-full has-custom-border\"><img loading=\"lazy\" decoding=\"async\" width=\"2560\" height=\"1920\" src=\"https:\/\/snm-online.sk\/wp-content\/uploads\/2024\/10\/Vystavna-sien-v-Levoci-scaled.jpg\" alt=\"\" class=\"wp-image-2222\" style=\"border-radius:10px\" srcset=\"https:\/\/snm-online.sk\/wp-content\/uploads\/2024\/10\/Vystavna-sien-v-Levoci-scaled.jpg 2560w, https:\/\/snm-online.sk\/wp-content\/uploads\/2024\/10\/Vystavna-sien-v-Levoci-300x225.jpg 300w, https:\/\/snm-online.sk\/wp-content\/uploads\/2024\/10\/Vystavna-sien-v-Levoci-1024x768.jpg 1024w, https:\/\/snm-online.sk\/wp-content\/uploads\/2024\/10\/Vystavna-sien-v-Levoci-768x576.jpg 768w, https:\/\/snm-online.sk\/wp-content\/uploads\/2024\/10\/Vystavna-sien-v-Levoci-1536x1152.jpg 1536w, https:\/\/snm-online.sk\/wp-content\/uploads\/2024\/10\/Vystavna-sien-v-Levoci-2048x1536.jpg 2048w\" sizes=\"auto, (max-width: 2560px) 100vw, 2560px\" \/><\/figure>\n\n\n\n<p><\/p>\n\n\n\n<h5 class=\"wp-block-heading has-text-align-center\">V\u00fdstavn\u00e1 sie\u0148<\/h5>\n\n\n\n<p class=\"has-text-align-center\">Otvoren\u00e9 denne: <br>09.00\u00a0\u2013\u00a017.00 hod. <br>posledn\u00fd vstup o 16.00 hod.<\/p>\n\n\n\n<p class=\"has-text-align-center\"> Zatvoren\u00e9 d\u0148a:<br> 24.12. , 25. 12. ,&nbsp;31.12. 2024&nbsp;a 1. 1. 2025&nbsp;<\/p>\n<\/div>\n<\/div><\/div>\n\n\n\n<div class=\"wp-block-themeisle-blocks-modal\"><\/div>\n\n\n\n<div style=\"height:30px\" aria-hidden=\"true\" class=\"wp-block-spacer\"><\/div>\n\n\n\n<p><strong>Spi\u0161sk\u00e9 m\u00fazeum v Levo\u010di<\/strong> je \u0161pecializovan\u00e9 m\u00fazeum Slovensk\u00e9ho n\u00e1rodn\u00e9ho m\u00fazea s celo\u0161t\u00e1tnou p\u00f4sobnos\u0165ou. Zameriava sa na v\u00fdskum historick\u00e9ho v\u00fdvoja mesta Levo\u010da, umelecko-historick\u00fd v\u00fdskum v regi\u00f3ne p\u00f4sobenia m\u00fazea, v\u00fdskum <strong>Majstra Pavla z Levo\u010de<\/strong> v dom\u00e1com a stredoeur\u00f3pskom kontexte a v\u00fdvoj Spi\u0161sk\u00e9ho hradu a jeho okolia. R\u00f4znorod\u00fd zbierkov\u00fd fond m\u00fazea je prezentovan\u00fd v nieko\u013ek\u00fdch expoz\u00edci\u00e1ch, z ktor\u00fdch najnav\u0161tevovanej\u0161ie s\u00fa <strong>Spi\u0161sk\u00fd hrad<\/strong> a expoz\u00edcia Majstra Pavla z Levo\u010de, tvorcu najvy\u0161\u0161ieho gotick\u00e9ho olt\u00e1ra na svete, ktor\u00fd zdob\u00ed kostol sv. Jakuba v Levo\u010di. M\u00fazeum s\u00eddli v renesan\u010dnom me\u0161tianskom dome na n\u00e1mest\u00ed Majstra Pavla v Levo\u010di.&nbsp;<\/p>\n\n\n\n<div style=\"height:30px\" aria-hidden=\"true\" class=\"wp-block-spacer\"><\/div>\n\n\n\n<div class=\"wp-block-essential-blocks-accordion  root-eb-accordion-2zlgc\"><div class=\"eb-parent-wrapper eb-parent-eb-accordion-2zlgc \"><div class=\"eb-accordion-container eb-accordion-2zlgc\" data-accordion-type=\"accordion\" data-tab-icon=\"fas fa-angle-right\" data-expanded-icon=\"fas fa-angle-down\" data-transition-duration=\"500\"><div class=\"eb-accordion-inner\">\n<div class=\"wp-block-essential-blocks-accordion-item eb-accordion-item-7oa1b eb-accordion-wrapper\" data-clickable=\"false\"><div class=\"eb-accordion-title-wrapper eb-accordion-title-wrapper-eb-accordion-2zlgc\" tabindex=\"0\"><span class=\"eb-accordion-icon-wrapper eb-accordion-icon-wrapper-eb-accordion-2zlgc\"><span class=\"fas fa-angle-right eb-accordion-icon\"><\/span><\/span><div class=\"eb-accordion-title-content-wrap title-content-eb-accordion-2zlgc\"><h3 class=\"eb-accordion-title\">Kontakt<\/h3><\/div><\/div><div class=\"eb-accordion-content-wrapper eb-accordion-content-wrapper-eb-accordion-2zlgc\"><div class=\"eb-accordion-content\">\n<h6 class=\"wp-block-heading\"><strong>S\u00eddlo<\/strong>&nbsp;<\/h6>\n\n\n\n<p>SNM&nbsp;\u2013 Spi\u0161sk\u00e9 m\u00fazeum v Levo\u010di&nbsp;&nbsp;<br>N\u00e1mestie Majstra Pavla \u010d.40&nbsp;<br>054 01 Levo\u010da&nbsp;<\/p>\n\n\n\n<p><\/p>\n\n\n\n<h6 class=\"wp-block-heading\"><strong>Kontakt&nbsp;<\/strong><\/h6>\n\n\n\n<p><strong>S\u00eddeln\u00e1 budova \/ V\u00fdstavn\u00e1 sie\u0148<br><\/strong>e-mail:&nbsp;&nbsp;&nbsp;info@spisskemuzeum.com<br>telef\u00f3n:&nbsp; +421 53 2456 777<\/p>\n\n\n\n<p><strong>Historick\u00e1 radnica<br><\/strong>e-mail:&nbsp;&nbsp;&nbsp; info@spisskemuzeum.com<br>telef\u00f3n:&nbsp; +421 53 2457 000<\/p>\n\n\n\n<p><strong>Dom Majstra Pavla&nbsp;<br><\/strong>e-mail:&nbsp;&nbsp;&nbsp; info@spisskemuzeum.com<br>telef\u00f3n:&nbsp; +421 53 2455 102<\/p>\n\n\n\n<p><strong>Star\u00fd kl\u00e1\u0161tor minoritov<\/strong>&nbsp;<\/p>\n\n\n\n<p>e-mail:&nbsp;&nbsp;<a href=\"mailto:info@spisskemuzeum.com\">info@spisskemuzeum.com<\/a>&nbsp;<br>telef\u00f3n: +421 53 2457 011&nbsp;<\/p>\n<\/div><\/div><\/div>\n\n\n\n<div class=\"wp-block-essential-blocks-accordion-item eb-accordion-item-20o4w eb-accordion-wrapper\" data-clickable=\"false\"><div class=\"eb-accordion-title-wrapper eb-accordion-title-wrapper-eb-accordion-2zlgc\" tabindex=\"0\"><span class=\"eb-accordion-icon-wrapper eb-accordion-icon-wrapper-eb-accordion-2zlgc\"><span class=\"fas fa-angle-right eb-accordion-icon\"><\/span><\/span><div class=\"eb-accordion-title-content-wrap title-content-eb-accordion-2zlgc\"><h3 class=\"eb-accordion-title\">Kde n\u00e1s n\u00e1jdete<\/h3><\/div><\/div><div class=\"eb-accordion-content-wrapper eb-accordion-content-wrapper-eb-accordion-2zlgc\"><div class=\"eb-accordion-content\"><div style=\"height:400pxpx;\" class=\"wp-block-themeisle-blocks-leaflet-map\" id=\"wp-block-themeisle-blocks-leaflet-map-3ddd617a\"><\/div>\n<script type=\"text\/javascript\">\n\t\/* <![CDATA[ *\/\n\t\tif ( ! window.themeisleLeafletMaps ) window.themeisleLeafletMaps =[];\n\t\twindow.themeisleLeafletMaps.push( { container: \"wp-block-themeisle-blocks-leaflet-map-3ddd617a\", attributes: {\"id\":\"wp-block-themeisle-blocks-leaflet-map-3ddd617a\",\"location\":\"Levo\\u010da, Slovakia\",\"latitude\":\"49.025543907974736\",\"longitude\":\"20.588293017404165\",\"bbox\":\"20.588293075561527,49.025543907974736,20.588293075561527,49.025543907974736\",\"zoom\":15,\"markers\":[{\"id\":\"deed4582-2669-430c-aef5-984ee9edea87\",\"latitude\":49.0250584810056437845560139976441860198974609375,\"longitude\":20.584698923789762403657732647843658924102783203125,\"title\":\"SNM - Kostol a Kl\\u00e1\\u0161tor minoritov\",\"description\":\"\"},{\"id\":\"624c49c8-be47-469a-a17a-ecc9a3005266\",\"latitude\":49.0258182776452287043866817839443683624267578125,\"longitude\":20.5888992516833013723953627049922943115234375,\"title\":\"SNM - Historick\\u00e1 radnica\",\"description\":\"\"},{\"id\":\"4940fa35-0af3-43ca-988b-f4f9c775bf4b\",\"latitude\":49.025262501613013910173322074115276336669921875,\"longitude\":20.587477829414378760475301533006131649017333984375,\"title\":\"SNM - V\\u00fdstavn\\u00e1 sie\\u0148\",\"description\":\"\"}],\"height\":\"400px\",\"zoomControl\":true,\"draggable\":true,\"hasCustomCSS\":false,\"customCSS\":\"\",\"TrpContentRestriction\":{\"restriction_type\":\"exclude\",\"selected_languages\":[],\"panel_open\":true},\"otterConditions\":[]} } );\n\t\/* ]]> *\/\n<\/script>\n<\/div><\/div><\/div>\n<\/div><\/div><\/div><\/div>\n\n\n\n<div style=\"height:100px\" aria-hidden=\"true\" class=\"wp-block-spacer\"><\/div>\n\n\n\n<h3 class=\"wp-block-heading has-text-align-center\">Sledujte n\u00e1s na soci\u00e1lnych sie\u0165ach<\/h3>\n\n\n\n<div class=\"wp-block-essential-blocks-social  root-eb-social-links-fwqx2\"><div class=\"eb-parent-wrapper eb-parent-eb-social-links-fwqx2 \"><div class=\"eb-social-links-fwqx2 eb-social-links-wrapper\"><ul class=\"eb-socials\"><li><a class=\"facebook-f-original  \" href=\"https:\/\/www.facebook.com\/people\/SNM-Spi%C5%A1sk%C3%A9-m%C3%BAzeum-v-Levo%C4%8Di\/100063541031081\/\" target=\"_self\" rel=\"noopener\" aria-label=\"social link\"><i class=\"hvr-icon eb-social-icon fab fa-facebook-f\"><\/i><\/a><\/li><li><a class=\"instagram-original  \" href=\"\" target=\"_self\" rel=\"noopener\" aria-label=\"social link\"><i class=\"hvr-icon eb-social-icon fab fa-instagram\"><\/i><\/a><\/li><li><a class=\"youtube-original  \" href=\"\" target=\"_self\" rel=\"noopener\" aria-label=\"social link\"><i class=\"hvr-icon eb-social-icon fab fa-youtube\"><\/i><\/a><\/li><\/ul><\/div><\/div><\/div>\n\n\n\n<div style=\"height:100px\" aria-hidden=\"true\" class=\"wp-block-spacer\"><\/div>\n\n\n\n<p><strong>V pr\u00edpade ot\u00e1zok t\u00fdkaj\u00facich sa online n\u00e1kupu vstupeniek n\u00e1s kontaktujte na email <a href=\"mailto:pomoc@snm-online.sk\">pomoc@snm-online.sk<\/a><\/strong><\/p>\n\n\n\n<div style=\"height:100px\" aria-hidden=\"true\" class=\"wp-block-spacer\"><\/div>\n","protected":false},"excerpt":{"rendered":"<p>Slovensk\u00e9 n\u00e1rodn\u00e9 m\u00fazeum V\u00e1\u017een\u00ed n\u00e1v\u0161tevn\u00edci, Spi\u0161sk\u00e9 m\u00fazeum v Levo\u010di m\u00e1 viacero objektov v ktorom sa nach\u00e1dzaj\u00fa expoz\u00edcie. Spi\u0161sk\u00e9 m\u00fazeum v Levo\u010di je \u0161pecializovan\u00e9 m\u00fazeum Slovensk\u00e9ho n\u00e1rodn\u00e9ho m\u00fazea s celo\u0161t\u00e1tnou p\u00f4sobnos\u0165ou.&hellip;&nbsp;<a href=\"https:\/\/snm-online.sk\/en\/spisske-muzeum-v-levoci\/\" class=\"\" rel=\"bookmark\">Read More &raquo;<span class=\"screen-reader-text\">Spi\u0161 Museum, Levoca<\/span><\/a><\/p>","protected":false},"author":2,"featured_media":0,"parent":0,"menu_order":0,"comment_status":"closed","ping_status":"closed","template":"","meta":{"_eb_attr":"","neve_meta_sidebar":"","neve_meta_container":"","neve_meta_enable_content_width":"","neve_meta_content_width":0,"neve_meta_title_alignment":"","neve_meta_author_avatar":"","neve_post_elements_order":"","neve_meta_disable_header":"","neve_meta_disable_footer":"","neve_meta_disable_title":"","_themeisle_gutenberg_block_has_review":false,"footnotes":""},"class_list":["post-2193","page","type-page","status-publish","hentry"],"_links":{"self":[{"href":"https:\/\/snm-online.sk\/en\/wp-json\/wp\/v2\/pages\/2193","targetHints":{"allow":["GET"]}}],"collection":[{"href":"https:\/\/snm-online.sk\/en\/wp-json\/wp\/v2\/pages"}],"about":[{"href":"https:\/\/snm-online.sk\/en\/wp-json\/wp\/v2\/types\/page"}],"author":[{"embeddable":true,"href":"https:\/\/snm-online.sk\/en\/wp-json\/wp\/v2\/users\/2"}],"replies":[{"embeddable":true,"href":"https:\/\/snm-online.sk\/en\/wp-json\/wp\/v2\/comments?post=2193"}],"version-history":[{"count":46,"href":"https:\/\/snm-online.sk\/en\/wp-json\/wp\/v2\/pages\/2193\/revisions"}],"predecessor-version":[{"id":3987,"href":"https:\/\/snm-online.sk\/en\/wp-json\/wp\/v2\/pages\/2193\/revisions\/3987"}],"wp:attachment":[{"href":"https:\/\/snm-online.sk\/en\/wp-json\/wp\/v2\/media?parent=2193"}],"curies":[{"name":"wp","href":"https:\/\/api.w.org\/{rel}","templated":true}]}}