{"id":2307,"date":"2024-10-30T15:40:45","date_gmt":"2024-10-30T14:40:45","guid":{"rendered":"https:\/\/snm-online.sk\/?page_id=2307"},"modified":"2025-07-04T14:23:54","modified_gmt":"2025-07-04T12:23:54","slug":"kastiel-dolna-strehova","status":"publish","type":"page","link":"https:\/\/snm-online.sk\/en\/kastiel-dolna-strehova\/","title":{"rendered":"Imre Madach Manor House"},"content":{"rendered":"\n<h2 class=\"wp-block-heading\">Slovensk\u00e9 n\u00e1rodn\u00e9 m\u00fazeum<\/h2>\n\n\n\n<div id=\"wp-block-themeisle-blocks-advanced-columns-d3624483\" class=\"wp-block-themeisle-blocks-advanced-columns has-2-columns has-desktop-equal-layout has-tablet-equal-layout has-mobile-collapsedRows-layout has-vertical-unset\"><div class=\"wp-block-themeisle-blocks-advanced-columns-overlay\"><\/div><div class=\"innerblocks-wrap\">\n<div id=\"wp-block-themeisle-blocks-advanced-column-a72924d9\" class=\"wp-block-themeisle-blocks-advanced-column\">\n<figure class=\"wp-block-image size-full has-custom-border\"><img loading=\"lazy\" decoding=\"async\" width=\"600\" height=\"400\" src=\"https:\/\/snm-online.sk\/wp-content\/uploads\/2024\/09\/Dolna-Strehova-1.jpg\" alt=\"\" class=\"wp-image-1763\" style=\"border-radius:5px;aspect-ratio:3\/2;object-fit:cover\" srcset=\"https:\/\/snm-online.sk\/wp-content\/uploads\/2024\/09\/Dolna-Strehova-1.jpg 600w, https:\/\/snm-online.sk\/wp-content\/uploads\/2024\/09\/Dolna-Strehova-1-300x200.jpg 300w\" sizes=\"auto, (max-width: 600px) 100vw, 600px\" \/><\/figure>\n<\/div>\n\n\n\n<div id=\"wp-block-themeisle-blocks-advanced-column-a2c2f815\" class=\"wp-block-themeisle-blocks-advanced-column\">\n<figure class=\"wp-block-image size-large has-custom-border\"><img loading=\"lazy\" decoding=\"async\" width=\"1024\" height=\"466\" src=\"https:\/\/snm-online.sk\/wp-content\/uploads\/2024\/10\/Kastiel-Imre-Madachs-1024x466.jpg\" alt=\"\" class=\"wp-image-2308\" style=\"border-radius:5px;aspect-ratio:3\/2;object-fit:cover\" srcset=\"https:\/\/snm-online.sk\/wp-content\/uploads\/2024\/10\/Kastiel-Imre-Madachs-1024x466.jpg 1024w, https:\/\/snm-online.sk\/wp-content\/uploads\/2024\/10\/Kastiel-Imre-Madachs-300x137.jpg 300w, https:\/\/snm-online.sk\/wp-content\/uploads\/2024\/10\/Kastiel-Imre-Madachs-768x349.jpg 768w, https:\/\/snm-online.sk\/wp-content\/uploads\/2024\/10\/Kastiel-Imre-Madachs.jpg 1200w\" sizes=\"auto, (max-width: 1024px) 100vw, 1024px\" \/><\/figure>\n<\/div>\n<\/div><\/div>\n\n\n\n<div style=\"height:30px\" aria-hidden=\"true\" class=\"wp-block-spacer\"><\/div>\n\n\n\n<h5 class=\"wp-block-heading\">V tomto m\u00fazeu nem\u00e1me moment\u00e1lne online predaj l\u00edstkov. L\u00edstky si m\u00f4\u017eete zak\u00fapi\u0165 na mieste v pokladni m\u00fazea. <\/h5>\n\n\n\n<div style=\"height:30px\" aria-hidden=\"true\" class=\"wp-block-spacer\"><\/div>\n\n\n\n<p>Doln\u00e1 Strehov\u00e1, obec v okrese Ve\u013ek\u00fd Krt\u00ed\u0161, sa m\u00f4\u017ee p\u00fd\u0161i\u0165 jedn\u00fdm z najv\u00e4\u010d\u0161\u00edch liter\u00e1rnych m\u00faze\u00ed na Slovensku. Sl\u00fa\u017ei mu cel\u00fd ka\u0161tie\u013e Mad\u00e1chovcov, meno ktor\u00fdch je nav\u017edy spojen\u00e9 s ma\u010farskou literat\u00farou. Z tohto rodu toti\u017e poch\u00e1dza Imre Mad\u00e1ch, autor Trag\u00e9die \u010dloveka.&nbsp;<\/p>\n\n\n\n<p>Nov\u00fd ka\u0161tie\u013e za\u010dali stava\u0165 koncom 18. storo\u010dia. So stavbou za\u010dal Alexander Mad\u00e1ch, star\u00fd otec Imre Mad\u00e1cha. T\u00e1to rokokovo-klasicistick\u00e1 budova stoj\u00ed dodnes, s dobre zachovan\u00fdm exteri\u00e9rom aj interi\u00e9rom. Nov\u00fd ka\u0161tie\u013e zna\u010dne pripom\u00edna star\u00fd. Tie\u017e m\u00e1 dve rohov\u00e9 ve\u017ei\u010dky, vn\u00fatri ktor\u00fdch je obytn\u00e1 miestnos\u0165 s v\u00fdh\u013eadom na anglick\u00fd park. V tejto budove \u017eil a tvoril autor Trag\u00e9die \u010dloveka. Dodnes je tu k nahliadnutiu b\u00e1snikova pracov\u0148a, kde vznikala podstatn\u00e1 \u010das\u0165 jeho liter\u00e1rnej tvorby. N\u00e1jdeme tu kusy n\u00e1bytku, ktor\u00e9 pou\u017e\u00edval a ktor\u00e9 s\u00fa sp\u00e4t\u00e9 s jeho \u017eivotom. N\u00e1v\u0161tevn\u00edk m\u00f4\u017ee vidie\u0165 niektor\u00e9 vydania jeho diel, ale aj dobov\u00e9 fotografie.&nbsp;<\/p>\n\n\n\n<div style=\"height:60px\" aria-hidden=\"true\" class=\"wp-block-spacer\"><\/div>\n\n\n\n<div class=\"wp-block-essential-blocks-accordion  root-eb-accordion-wg3co\"><div class=\"eb-parent-wrapper eb-parent-eb-accordion-wg3co \"><div class=\"eb-accordion-container eb-accordion-wg3co\" data-accordion-type=\"accordion\" data-tab-icon=\"fas fa-angle-right\" data-expanded-icon=\"fas fa-angle-down\" data-transition-duration=\"500\"><div class=\"eb-accordion-inner\">\n<div class=\"wp-block-essential-blocks-accordion-item eb-accordion-item-vjzit eb-accordion-wrapper\" data-clickable=\"false\"><div class=\"eb-accordion-title-wrapper eb-accordion-title-wrapper-eb-accordion-wg3co\" tabindex=\"0\"><span class=\"eb-accordion-icon-wrapper eb-accordion-icon-wrapper-eb-accordion-wg3co\"><span class=\"fas fa-angle-right eb-accordion-icon\"><\/span><\/span><div class=\"eb-accordion-title-content-wrap title-content-eb-accordion-wg3co\"><h3 class=\"eb-accordion-title\">Otv\u00e1racie hodiny<\/h3><\/div><\/div><div class=\"eb-accordion-content-wrapper eb-accordion-content-wrapper-eb-accordion-wg3co\"><div class=\"eb-accordion-content\">\n<p>Pondelok \u2013 Sobota: 10.00 \u2013 17.00 (posledn\u00fd vstup o 16.30 h)<\/p>\n\n\n\n<p>Nede\u013ea: ZATVOREN\u00c9<\/p>\n<\/div><\/div><\/div>\n\n\n\n<div class=\"wp-block-essential-blocks-accordion-item eb-accordion-item-mv0hy eb-accordion-wrapper\" data-clickable=\"false\"><div class=\"eb-accordion-title-wrapper eb-accordion-title-wrapper-eb-accordion-wg3co\" tabindex=\"0\"><span class=\"eb-accordion-icon-wrapper eb-accordion-icon-wrapper-eb-accordion-wg3co\"><span class=\"fas fa-angle-right eb-accordion-icon\"><\/span><\/span><div class=\"eb-accordion-title-content-wrap title-content-eb-accordion-wg3co\"><h3 class=\"eb-accordion-title\">Kontakt<\/h3><\/div><\/div><div class=\"eb-accordion-content-wrapper eb-accordion-content-wrapper-eb-accordion-wg3co\"><div class=\"eb-accordion-content\">\n<h6 class=\"wp-block-heading\"><strong>S\u00eddlo m\u00fazea&nbsp;<\/strong><\/h6>\n\n\n\n<p>SNM \u2013 M\u00fazeum kult\u00fary Ma\u010farov na Slovensku&nbsp;\u2013&nbsp;Ka\u0161tie\u013e Imre Mad\u00e1cha<br>Ka\u0161tie\u013e Imre Mad\u00e1cha<br>Ul. Mad\u00e1cha 1<br>991 02 Doln\u00e1 Strehov\u00e1&nbsp;<\/p>\n\n\n\n<h6 class=\"wp-block-heading\"><strong>Kontakt<\/strong><\/h6>\n\n\n\n<p>+421 47 4897189&nbsp;<br>+421 907 112001&nbsp;<\/p>\n<\/div><\/div><\/div>\n\n\n\n<div class=\"wp-block-essential-blocks-accordion-item eb-accordion-item-nh4nx eb-accordion-wrapper\" data-clickable=\"false\"><div class=\"eb-accordion-title-wrapper eb-accordion-title-wrapper-eb-accordion-wg3co\" tabindex=\"0\"><span class=\"eb-accordion-icon-wrapper eb-accordion-icon-wrapper-eb-accordion-wg3co\"><span class=\"fas fa-angle-right eb-accordion-icon\"><\/span><\/span><div class=\"eb-accordion-title-content-wrap title-content-eb-accordion-wg3co\"><h3 class=\"eb-accordion-title\">Kde n\u00e1s n\u00e1jdete<\/h3><\/div><\/div><div class=\"eb-accordion-content-wrapper eb-accordion-content-wrapper-eb-accordion-wg3co\"><div class=\"eb-accordion-content\"><div style=\"height:400pxpx;\" class=\"wp-block-themeisle-blocks-leaflet-map\" id=\"wp-block-themeisle-blocks-leaflet-map-7c817fc4\"><\/div>\n<script type=\"text\/javascript\">\n\t\/* <![CDATA[ *\/\n\t\tif ( ! window.themeisleLeafletMaps ) window.themeisleLeafletMaps =[];\n\t\twindow.themeisleLeafletMaps.push( { container: \"wp-block-themeisle-blocks-leaflet-map-7c817fc4\", attributes: {\"id\":\"wp-block-themeisle-blocks-leaflet-map-7c817fc4\",\"location\":\"Doln\\u00e1 Strehov\\u00e1\",\"latitude\":\"48.2491837\",\"longitude\":\"19.4898149\",\"bbox\":\"19.48981046676636,48.249183295929214,19.48981046676636,48.249183295929214\",\"zoom\":17,\"markers\":[{\"id\":\"f10e6979-063c-4325-8390-8eda35c3c46c\",\"latitude\":48.249504786138260215011541731655597686767578125,\"longitude\":19.491290530409482784079955308698117733001708984375,\"title\":\"SNM - Ka\\u0161tie\\u013e Imre Madacha\",\"description\":\"\"}],\"height\":\"400px\",\"zoomControl\":true,\"draggable\":true,\"hasCustomCSS\":false,\"customCSS\":\"\",\"TrpContentRestriction\":{\"restriction_type\":\"exclude\",\"selected_languages\":[],\"panel_open\":true},\"otterConditions\":[]} } );\n\t\/* ]]> *\/\n<\/script>\n<\/div><\/div><\/div>\n<\/div><\/div><\/div><\/div>\n\n\n\n<div style=\"height:100px\" aria-hidden=\"true\" class=\"wp-block-spacer\"><\/div>\n","protected":false},"excerpt":{"rendered":"<p>Slovensk\u00e9 n\u00e1rodn\u00e9 m\u00fazeum V tomto m\u00fazeu nem\u00e1me moment\u00e1lne online predaj l\u00edstkov. L\u00edstky si m\u00f4\u017eete zak\u00fapi\u0165 na mieste v pokladni m\u00fazea. Doln\u00e1 Strehov\u00e1, obec v okrese Ve\u013ek\u00fd Krt\u00ed\u0161, sa m\u00f4\u017ee p\u00fd\u0161i\u0165&hellip;&nbsp;<a href=\"https:\/\/snm-online.sk\/en\/kastiel-dolna-strehova\/\" class=\"\" rel=\"bookmark\">Read More &raquo;<span class=\"screen-reader-text\">Imre Madach Manor House<\/span><\/a><\/p>","protected":false},"author":2,"featured_media":0,"parent":0,"menu_order":0,"comment_status":"closed","ping_status":"closed","template":"","meta":{"_eb_attr":"","neve_meta_sidebar":"","neve_meta_container":"","neve_meta_enable_content_width":"","neve_meta_content_width":0,"neve_meta_title_alignment":"","neve_meta_author_avatar":"","neve_post_elements_order":"","neve_meta_disable_header":"","neve_meta_disable_footer":"","neve_meta_disable_title":"","_themeisle_gutenberg_block_has_review":false,"footnotes":""},"class_list":["post-2307","page","type-page","status-publish","hentry"],"_links":{"self":[{"href":"https:\/\/snm-online.sk\/en\/wp-json\/wp\/v2\/pages\/2307","targetHints":{"allow":["GET"]}}],"collection":[{"href":"https:\/\/snm-online.sk\/en\/wp-json\/wp\/v2\/pages"}],"about":[{"href":"https:\/\/snm-online.sk\/en\/wp-json\/wp\/v2\/types\/page"}],"author":[{"embeddable":true,"href":"https:\/\/snm-online.sk\/en\/wp-json\/wp\/v2\/users\/2"}],"replies":[{"embeddable":true,"href":"https:\/\/snm-online.sk\/en\/wp-json\/wp\/v2\/comments?post=2307"}],"version-history":[{"count":7,"href":"https:\/\/snm-online.sk\/en\/wp-json\/wp\/v2\/pages\/2307\/revisions"}],"predecessor-version":[{"id":4018,"href":"https:\/\/snm-online.sk\/en\/wp-json\/wp\/v2\/pages\/2307\/revisions\/4018"}],"wp:attachment":[{"href":"https:\/\/snm-online.sk\/en\/wp-json\/wp\/v2\/media?parent=2307"}],"curies":[{"name":"wp","href":"https:\/\/api.w.org\/{rel}","templated":true}]}}