{"id":2312,"date":"2024-10-30T15:40:05","date_gmt":"2024-10-30T14:40:05","guid":{"rendered":"https:\/\/snm-online.sk\/?page_id=2312"},"modified":"2025-06-12T17:14:33","modified_gmt":"2025-06-12T15:14:33","slug":"kastiel-dolna-krupa-2","status":"publish","type":"page","link":"https:\/\/snm-online.sk\/en\/kastiel-dolna-krupa-2\/","title":{"rendered":"Ka\u0161tie\u013e Doln\u00e1 Krup\u00e1"},"content":{"rendered":"\n<h2 class=\"wp-block-heading\">Slovensk\u00e9 n\u00e1rodn\u00e9 m\u00fazeum<\/h2>\n\n\n\n<div id=\"wp-block-themeisle-blocks-advanced-columns-3f421521\" class=\"wp-block-themeisle-blocks-advanced-columns has-2-columns has-desktop-equal-layout has-tablet-equal-layout has-mobile-collapsedRows-layout has-vertical-unset\"><div class=\"wp-block-themeisle-blocks-advanced-columns-overlay\"><\/div><div class=\"innerblocks-wrap\">\n<div id=\"wp-block-themeisle-blocks-advanced-column-d02a6b45\" class=\"wp-block-themeisle-blocks-advanced-column\">\n<figure class=\"wp-block-image size-large has-custom-border\"><img loading=\"lazy\" decoding=\"async\" width=\"1024\" height=\"768\" src=\"https:\/\/snm-online.sk\/wp-content\/uploads\/2024\/10\/1728997224071-1024x768.jpg\" alt=\"\" class=\"wp-image-2198\" style=\"border-radius:8px;aspect-ratio:3\/2;object-fit:cover\" srcset=\"https:\/\/snm-online.sk\/wp-content\/uploads\/2024\/10\/1728997224071-1024x768.jpg 1024w, https:\/\/snm-online.sk\/wp-content\/uploads\/2024\/10\/1728997224071-300x225.jpg 300w, https:\/\/snm-online.sk\/wp-content\/uploads\/2024\/10\/1728997224071-768x576.jpg 768w, https:\/\/snm-online.sk\/wp-content\/uploads\/2024\/10\/1728997224071-1536x1152.jpg 1536w, https:\/\/snm-online.sk\/wp-content\/uploads\/2024\/10\/1728997224071-2048x1536.jpg 2048w\" sizes=\"auto, (max-width: 1024px) 100vw, 1024px\" \/><\/figure>\n<\/div>\n\n\n\n<div id=\"wp-block-themeisle-blocks-advanced-column-84d4d42d\" class=\"wp-block-themeisle-blocks-advanced-column\">\n<figure class=\"wp-block-image size-large has-custom-border\"><img loading=\"lazy\" decoding=\"async\" width=\"1024\" height=\"684\" src=\"https:\/\/snm-online.sk\/wp-content\/uploads\/2024\/10\/Dolna-Krupa-2-1024x684.jpg\" alt=\"\" class=\"wp-image-2314\" style=\"border-radius:8px;aspect-ratio:3\/2;object-fit:cover\" srcset=\"https:\/\/snm-online.sk\/wp-content\/uploads\/2024\/10\/Dolna-Krupa-2-1024x684.jpg 1024w, https:\/\/snm-online.sk\/wp-content\/uploads\/2024\/10\/Dolna-Krupa-2-300x200.jpg 300w, https:\/\/snm-online.sk\/wp-content\/uploads\/2024\/10\/Dolna-Krupa-2-768x513.jpg 768w, https:\/\/snm-online.sk\/wp-content\/uploads\/2024\/10\/Dolna-Krupa-2-930x620.jpg 930w, https:\/\/snm-online.sk\/wp-content\/uploads\/2024\/10\/Dolna-Krupa-2.jpg 1200w\" sizes=\"auto, (max-width: 1024px) 100vw, 1024px\" \/><\/figure>\n<\/div>\n<\/div><\/div>\n\n\n\n<div style=\"height:50px\" aria-hidden=\"true\" class=\"wp-block-spacer\"><\/div>\n\n\n\n<p>Krupsk\u00fd ka\u0161tie\u013e, jedine\u010dn\u00e9 dielo klasicistickej vidieckej architekt\u00fary na \u00fazem\u00ed Slovenska, bol s\u00eddlom&nbsp;<strong>rodiny Brunsvik \u2013 nesk\u00f4r (po praslici) Chotek.<\/strong>&nbsp;V n\u00e1dhernom are\u00e1li ka\u0161tie\u013eskeho parku si m\u00f4\u017eete odd\u00fdchnu\u0165 od \u00fanavy mesta. Na polceste pri prech\u00e1dzke stretnete&nbsp;<strong>netradi\u010dn\u00fd unik\u00e1t<\/strong>&nbsp;v na\u0161ich podnebn\u00fdch kon\u010din\u00e1ch &#8211; strom sekvojovec mamut\u00ed. Ka\u0161tie\u013e v minulosti hostil uhorsk\u00fa i eur\u00f3psku smot\u00e1nku. Pob\u00fdval tu aj v\u00fdznamn\u00fd umelec Ludwig van Beethoven, ktor\u00fd mlad\u00e9 d\u00e1my z rodiny Brunsvikovcov vyu\u010doval hre na klav\u00edri.<\/p>\n\n\n\n<p>Azda najv\u00fdraznej\u0161ou osobnos\u0165ou \u017eij\u00facou v ka\u0161tieli je&nbsp;<strong>M\u00e1ria Henrieta Chotekov\u00e1<\/strong>, prez\u00fdvan\u00e1 aj ako Ru\u017eov\u00e1 gr\u00f3fka. Ambici\u00f3zna \u017eena vybudovala na \u00fazem\u00ed Dolnej Krupej&nbsp;<strong>najv\u00e4\u010d\u0161ie roz\u00e1rium v Strednej Eur\u00f3pe<\/strong>. V na\u0161om ka\u0161tie\u013eskom roz\u00e1riu sa nach\u00e1dza odroda ru\u017ee, ktor\u00fa vy\u0161\u013eachtila a vy\u0161perkovala do dokonalosti sama pani gr\u00f3fka.<\/p>\n\n\n\n<p>Nav\u0161t\u00edvte na\u0161u krupsk\u00fa p\u00fdchu a dozviete sa ve\u013ea zauj\u00edmavost\u00ed, legiend a nap\u00ednav\u00fdch pr\u00edbehov o \u017eivote miestneho panstva.<\/p>\n\n\n\n<p><strong>O Beethovenov\u00fdch pobytoch v Krupej by sme nemali pochybova\u0165.<\/strong>&nbsp;V rodine Brunsvikovcov sa spomienky na neho odovzd\u00e1vali z gener\u00e1cie na gener\u00e1ciu. \u201eBeethovenov k\u00fat\u201c naz\u00fdvali miesto vo freskovej miestnosti, kde st\u00e1val klav\u00edr, son\u00e1tu mal skomponova\u0165 \u010dlnkuj\u00fac sa na jazere, v parku sed\u00e1val na ob\u013e\u00fabenej lavi\u010dke, do dutiny star\u00e9ho stromu vkladal \u013e\u00fabostn\u00e9 odkazy vyvolenej alebo ako pre neuhladen\u00e9 sp\u00f4soby boh\u00e9ma nemohol stolova\u0165 s panstvom&#8230; Okrem neurodzen\u00e9ho spr\u00e1vania bol aj jeho neurodzen\u00fd p\u00f4vod d\u00f4vodom, \u017ee neb\u00fdval s panstvom v ka\u0161tieli, ale v&nbsp;<strong>dom\u010deku ur\u010denom pre z\u00e1hradn\u00edka (G\u00e4rtners Wohnung<\/strong>).<\/p>\n\n\n\n<h5 class=\"wp-block-heading\">V tomto m\u00fazeu nem\u00e1me moment\u00e1lne online predaj l\u00edstkov. L\u00edstky si m\u00f4\u017eete zak\u00fapi\u0165 na mieste v pokladni m\u00fazea.<\/h5>\n\n\n\n<div style=\"height:50px\" aria-hidden=\"true\" class=\"wp-block-spacer\"><\/div>\n\n\n\n<div class=\"wp-block-essential-blocks-accordion  root-eb-accordion-vthvb\"><div class=\"eb-parent-wrapper eb-parent-eb-accordion-vthvb \"><div class=\"eb-accordion-container eb-accordion-vthvb\" data-accordion-type=\"accordion\" data-tab-icon=\"fas fa-angle-right\" data-expanded-icon=\"fas fa-angle-down\" data-transition-duration=\"500\"><div class=\"eb-accordion-inner\">\n<div class=\"wp-block-essential-blocks-accordion-item eb-accordion-item-h69qf eb-accordion-wrapper\" data-clickable=\"false\"><div class=\"eb-accordion-title-wrapper eb-accordion-title-wrapper-eb-accordion-vthvb\" tabindex=\"0\"><span class=\"eb-accordion-icon-wrapper eb-accordion-icon-wrapper-eb-accordion-vthvb\"><span class=\"fas fa-angle-right eb-accordion-icon\"><\/span><\/span><div class=\"eb-accordion-title-content-wrap title-content-eb-accordion-vthvb\"><h2 class=\"eb-accordion-title\">Otv\u00e1racie hodiny<\/h2><\/div><\/div><div class=\"eb-accordion-content-wrapper eb-accordion-content-wrapper-eb-accordion-vthvb\"><div class=\"eb-accordion-content\">\n<p class=\"has-neve-text-color-color has-text-color has-link-color wp-elements-21418a04bc813a6e4d1d5c12ad10b6c4\"><strong>Ka\u0161tie\u013e:<\/strong><\/p>\n\n\n\n<p class=\"has-neve-text-color-color has-text-color has-link-color wp-elements-9d0f266520d90e2eb094deed57ac04fb\">Sobota &#8211; nede\u013ea: 13.00 &#8211; 18.00<\/p>\n\n\n\n<p class=\"has-neve-text-color-color has-text-color has-link-color wp-elements-e6f6e7b20b6219c115a6c0056b869169\"><strong>Park:<\/strong><br>Denne od 8:00 do 20:00<\/p>\n\n\n\n<p class=\"has-neve-text-color-color has-text-color has-link-color wp-elements-cfc27681ddd6d85da0c0a3ea6ec4dec8\"><strong><strong>Ka\u0161tie\u013e a Pam\u00e4tn\u00edk L. v. Beethovena:<\/strong><\/strong><br>po\u010das pracovn\u00fdch dn\u00ed len na z\u00e1klade telefonickej objedn\u00e1vky na tel. +421 905 285 103<br>v skupine minim\u00e1lne 5 os\u00f4b.<strong>\u00a0<\/strong><\/p>\n<\/div><\/div><\/div>\n\n\n\n<div class=\"wp-block-essential-blocks-accordion-item eb-accordion-item-tb7dw eb-accordion-wrapper\" data-clickable=\"false\"><div class=\"eb-accordion-title-wrapper eb-accordion-title-wrapper-eb-accordion-vthvb\" tabindex=\"0\"><span class=\"eb-accordion-icon-wrapper eb-accordion-icon-wrapper-eb-accordion-vthvb\"><span class=\"fas fa-angle-right eb-accordion-icon\"><\/span><\/span><div class=\"eb-accordion-title-content-wrap title-content-eb-accordion-vthvb\"><h2 class=\"eb-accordion-title\">Vstupn\u00e9<\/h2><\/div><\/div><div class=\"eb-accordion-content-wrapper eb-accordion-content-wrapper-eb-accordion-vthvb\"><div class=\"eb-accordion-content\">\n<p class=\"has-neve-text-color-color has-text-color has-link-color wp-elements-f19bbf1cc12102fc76b436a340f09009\"><strong>Ka\u0161tie\u013e a Pam\u00e4tn\u00edk L. v. Beethovena:<br><\/strong>Dospel\u00ed: 2 \u20ac<br>Deti: 1 \u20ac<\/p>\n\n\n\n<p class=\"has-neve-text-color-color has-text-color has-link-color wp-elements-2a3f6f127c551acef25e8974094f7d57\"><strong>Park:<\/strong><br>Vstup zdarma<\/p>\n<\/div><\/div><\/div>\n\n\n\n<div class=\"wp-block-essential-blocks-accordion-item eb-accordion-item-eovwx eb-accordion-wrapper\" data-clickable=\"false\"><div class=\"eb-accordion-title-wrapper eb-accordion-title-wrapper-eb-accordion-vthvb\" tabindex=\"0\"><span class=\"eb-accordion-icon-wrapper eb-accordion-icon-wrapper-eb-accordion-vthvb\"><span class=\"fas fa-angle-right eb-accordion-icon\"><\/span><\/span><div class=\"eb-accordion-title-content-wrap title-content-eb-accordion-vthvb\"><h2 class=\"eb-accordion-title\">Kontakt<\/h2><\/div><\/div><div class=\"eb-accordion-content-wrapper eb-accordion-content-wrapper-eb-accordion-vthvb\"><div class=\"eb-accordion-content\">\n<p class=\"has-neve-text-color-color has-text-color has-link-color wp-elements-727cb4caf43cd9578219dfd357e0d904\"><strong>Ka\u0161tie\u013e Doln\u00e1 Krup\u00e1<\/strong><br>Hlavn\u00e1 572\/107<br>919 65 Doln\u00e1 Krup\u00e1<br>tel: +421 905 285 103<\/p>\n<\/div><\/div><\/div>\n\n\n\n<div class=\"wp-block-essential-blocks-accordion-item eb-accordion-item-wbfqt eb-accordion-wrapper\" data-clickable=\"false\"><div class=\"eb-accordion-title-wrapper eb-accordion-title-wrapper-eb-accordion-vthvb\" tabindex=\"0\"><span class=\"eb-accordion-icon-wrapper eb-accordion-icon-wrapper-eb-accordion-vthvb\"><span class=\"fas fa-angle-right eb-accordion-icon\"><\/span><\/span><div class=\"eb-accordion-title-content-wrap title-content-eb-accordion-vthvb\"><h2 class=\"eb-accordion-title\">Kde n\u00e1s n\u00e1jdete<\/h2><\/div><\/div><div class=\"eb-accordion-content-wrapper eb-accordion-content-wrapper-eb-accordion-vthvb\"><div class=\"eb-accordion-content\"><div style=\"height:400pxpx;\" class=\"wp-block-themeisle-blocks-leaflet-map\" id=\"wp-block-themeisle-blocks-leaflet-map-a2c9a705\"><\/div>\n<script type=\"text\/javascript\">\n\t\/* <![CDATA[ *\/\n\t\tif ( ! window.themeisleLeafletMaps ) window.themeisleLeafletMaps =[];\n\t\twindow.themeisleLeafletMaps.push( { container: \"wp-block-themeisle-blocks-leaflet-map-a2c9a705\", attributes: {\"id\":\"wp-block-themeisle-blocks-leaflet-map-a2c9a705\",\"location\":\"Trnava, Slovakia\",\"latitude\":\"48.35101729684786\",\"longitude\":\"17.777585903475533\",\"bbox\":\"17.777595520019535,48.35100160942683,17.777595520019535,48.35100160942683\",\"zoom\":12,\"markers\":[{\"id\":\"578b70c3-aaf5-431d-9449-643006516156\",\"latitude\":48.48444292479326378497717087157070636749267578125,\"longitude\":17.54640010458718535346633871085941791534423828125,\"title\":\"SNM - Hudobn\\u00e9 m\\u00fazeum\",\"description\":\"\"}],\"height\":\"400px\",\"zoomControl\":true,\"draggable\":true,\"hasCustomCSS\":false,\"customCSS\":\"\",\"TrpContentRestriction\":{\"restriction_type\":\"exclude\",\"selected_languages\":[],\"panel_open\":true},\"otterConditions\":[]} } );\n\t\/* ]]> *\/\n<\/script>\n<\/div><\/div><\/div>\n<\/div><\/div><\/div><\/div>\n\n\n\n<div style=\"height:100px\" aria-hidden=\"true\" class=\"wp-block-spacer\"><\/div>\n\n\n\n<p><strong>V pr\u00edpade ot\u00e1zok t\u00fdkaj\u00facich sa online n\u00e1kupu vstupeniek n\u00e1s kontaktujte na email <a href=\"mailto:pomoc@snm-online.sk\">pomoc@snm-online.sk<\/a><\/strong><\/p>\n\n\n\n<div style=\"height:100px\" aria-hidden=\"true\" class=\"wp-block-spacer\"><\/div>\n","protected":false},"excerpt":{"rendered":"<p>Slovensk\u00e9 n\u00e1rodn\u00e9 m\u00fazeum Krupsk\u00fd ka\u0161tie\u013e, jedine\u010dn\u00e9 dielo klasicistickej vidieckej architekt\u00fary na \u00fazem\u00ed Slovenska, bol s\u00eddlom&nbsp;rodiny Brunsvik \u2013 nesk\u00f4r (po praslici) Chotek.&nbsp;V n\u00e1dhernom are\u00e1li ka\u0161tie\u013eskeho parku si m\u00f4\u017eete odd\u00fdchnu\u0165 od \u00fanavy&hellip;&nbsp;<a href=\"https:\/\/snm-online.sk\/en\/kastiel-dolna-krupa-2\/\" class=\"\" rel=\"bookmark\">Read More &raquo;<span class=\"screen-reader-text\">Ka\u0161tie\u013e Doln\u00e1 Krup\u00e1<\/span><\/a><\/p>","protected":false},"author":2,"featured_media":0,"parent":0,"menu_order":0,"comment_status":"closed","ping_status":"closed","template":"","meta":{"_eb_attr":"","neve_meta_sidebar":"","neve_meta_container":"","neve_meta_enable_content_width":"","neve_meta_content_width":0,"neve_meta_title_alignment":"","neve_meta_author_avatar":"","neve_post_elements_order":"","neve_meta_disable_header":"","neve_meta_disable_footer":"","neve_meta_disable_title":"","_themeisle_gutenberg_block_has_review":false,"footnotes":""},"class_list":["post-2312","page","type-page","status-publish","hentry"],"_links":{"self":[{"href":"https:\/\/snm-online.sk\/en\/wp-json\/wp\/v2\/pages\/2312","targetHints":{"allow":["GET"]}}],"collection":[{"href":"https:\/\/snm-online.sk\/en\/wp-json\/wp\/v2\/pages"}],"about":[{"href":"https:\/\/snm-online.sk\/en\/wp-json\/wp\/v2\/types\/page"}],"author":[{"embeddable":true,"href":"https:\/\/snm-online.sk\/en\/wp-json\/wp\/v2\/users\/2"}],"replies":[{"embeddable":true,"href":"https:\/\/snm-online.sk\/en\/wp-json\/wp\/v2\/comments?post=2312"}],"version-history":[{"count":32,"href":"https:\/\/snm-online.sk\/en\/wp-json\/wp\/v2\/pages\/2312\/revisions"}],"predecessor-version":[{"id":4581,"href":"https:\/\/snm-online.sk\/en\/wp-json\/wp\/v2\/pages\/2312\/revisions\/4581"}],"wp:attachment":[{"href":"https:\/\/snm-online.sk\/en\/wp-json\/wp\/v2\/media?parent=2312"}],"curies":[{"name":"wp","href":"https:\/\/api.w.org\/{rel}","templated":true}]}}