{"id":2360,"date":"2024-10-30T15:45:13","date_gmt":"2024-10-30T14:45:13","guid":{"rendered":"https:\/\/snm-online.sk\/?page_id=2360"},"modified":"2026-04-01T15:01:30","modified_gmt":"2026-04-01T13:01:30","slug":"muzeum-kultury-romov-na-slovensku","status":"publish","type":"page","link":"https:\/\/snm-online.sk\/en\/muzeum-kultury-romov-na-slovensku\/","title":{"rendered":"Museum of Roma Culture in Slovakia, Martin"},"content":{"rendered":"\n<h2 class=\"wp-block-heading\">Slovensk\u00e9 n\u00e1rodn\u00e9 m\u00fazeum<\/h2>\n\n\n\n<div id=\"wp-block-themeisle-blocks-advanced-columns-f71fa931\" class=\"wp-block-themeisle-blocks-advanced-columns has-2-columns has-desktop-equal-layout has-tablet-equal-layout has-mobile-collapsedRows-layout has-vertical-unset\"><div class=\"wp-block-themeisle-blocks-advanced-columns-overlay\"><\/div><div class=\"innerblocks-wrap\">\n<div id=\"wp-block-themeisle-blocks-advanced-column-ebc6d610\" class=\"wp-block-themeisle-blocks-advanced-column\">\n<figure class=\"wp-block-image size-full has-custom-border\"><img loading=\"lazy\" decoding=\"async\" width=\"700\" height=\"319\" src=\"https:\/\/snm-online.sk\/wp-content\/uploads\/2024\/09\/Muzeum-kultury-Romov.jpg\" alt=\"\" class=\"wp-image-1800\" style=\"border-radius:5px;aspect-ratio:3\/2;object-fit:cover\" srcset=\"https:\/\/snm-online.sk\/wp-content\/uploads\/2024\/09\/Muzeum-kultury-Romov.jpg 700w, https:\/\/snm-online.sk\/wp-content\/uploads\/2024\/09\/Muzeum-kultury-Romov-300x137.jpg 300w\" sizes=\"auto, (max-width: 700px) 100vw, 700px\" \/><\/figure>\n<\/div>\n\n\n\n<div id=\"wp-block-themeisle-blocks-advanced-column-57638cd9\" class=\"wp-block-themeisle-blocks-advanced-column\">\n<figure class=\"wp-block-image size-large has-custom-border\"><img loading=\"lazy\" decoding=\"async\" width=\"1024\" height=\"466\" src=\"https:\/\/snm-online.sk\/wp-content\/uploads\/2024\/09\/Muzeum-Romov-1024x466.jpg\" alt=\"\" class=\"wp-image-1664\" style=\"border-radius:5px;aspect-ratio:3\/2;object-fit:cover\" srcset=\"https:\/\/snm-online.sk\/wp-content\/uploads\/2024\/09\/Muzeum-Romov-1024x466.jpg 1024w, https:\/\/snm-online.sk\/wp-content\/uploads\/2024\/09\/Muzeum-Romov-300x137.jpg 300w, https:\/\/snm-online.sk\/wp-content\/uploads\/2024\/09\/Muzeum-Romov-768x349.jpg 768w, https:\/\/snm-online.sk\/wp-content\/uploads\/2024\/09\/Muzeum-Romov.jpg 1200w\" sizes=\"auto, (max-width: 1024px) 100vw, 1024px\" \/><\/figure>\n<\/div>\n<\/div><\/div>\n\n\n\n<div style=\"height:30px\" aria-hidden=\"true\" class=\"wp-block-spacer\"><\/div>\n\n\n\n<h5 class=\"wp-block-heading\">V tomto m\u00fazeu nem\u00e1me moment\u00e1lne online predaj l\u00edstkov. L\u00edstky si m\u00f4\u017eete zak\u00fapi\u0165 na mieste v pokladni m\u00fazea.<\/h5>\n\n\n\n<p>M\u00fazeum je \u0161pecializovanou zlo\u017ekou SNM v Martine. Toto pracovisko s celoslovenskou p\u00f4sobnos\u0165ou sa za\u010dalo formova\u0165 na p\u00f4de SNM \u2013 Etnografick\u00e9ho m\u00fazea v Martine, ako Dokumenta\u010dn\u00e9 centrum r\u00f3mskej kult\u00fary na Slovensku v roku 2002. Po transform\u00e1cii v roku 2004 je dokumenta\u010dn\u00fdcm a vedecko-v\u00fdskumn\u00fdm m\u00fazejn\u00fdm pracoviskom, ktor\u00e9 v r\u00e1mci profil\u00e1cie m\u00fazea kladie d\u00f4raz na akvizi\u010dn\u00fa, metodicko-odborn\u00fa a kult\u00farno-v\u00fdchovn\u00fa \u010dinnos\u0165. Prezentuje r\u00f3msku kult\u00faru a informuje o jej \u0161pecifik\u00e1ch. V s\u00fa\u010dasnosti s\u00eddli v are\u00e1li SNM&nbsp;\u2013 M\u00fazea slovenskej dediny v Jahodn\u00edckych h\u00e1joch.<\/p>\n\n\n\n<div style=\"height:50px\" aria-hidden=\"true\" class=\"wp-block-spacer\"><\/div>\n\n\n\n<div class=\"wp-block-essential-blocks-accordion  root-eb-accordion-gbiwl\"><div class=\"eb-parent-wrapper eb-parent-eb-accordion-gbiwl \"><div class=\"eb-accordion-container eb-accordion-gbiwl\" data-accordion-type=\"accordion\" data-tab-icon=\"fas fa-angle-right\" data-expanded-icon=\"fas fa-angle-down\" data-transition-duration=\"500\"><div class=\"eb-accordion-inner\">\n<div class=\"wp-block-essential-blocks-accordion-item eb-accordion-item-mbpmk eb-accordion-wrapper\" data-clickable=\"false\"><div class=\"eb-accordion-title-wrapper eb-accordion-title-wrapper-eb-accordion-gbiwl\" tabindex=\"0\"><span class=\"eb-accordion-icon-wrapper eb-accordion-icon-wrapper-eb-accordion-gbiwl\"><i icon=\"fas fa-angle-right\" class=\"fas fa-angle-right eb-accordion-icon\"><\/i><\/span><div class=\"eb-accordion-title-content-wrap title-content-eb-accordion-gbiwl\"><h3 class=\"eb-accordion-title\">Otv\u00e1racie hodiny<\/h3><\/div><\/div><div class=\"eb-accordion-content-wrapper eb-accordion-content-wrapper-eb-accordion-gbiwl\"><div class=\"eb-accordion-content\">\n<p>M\u00fazeum kult\u00fary R\u00f3mov na Slovensku s\u00eddli v are\u00e1li&nbsp;<a href=\"https:\/\/www.snm.sk\/muzea-snm\/muzea-v-martine\/muzeum-slovenskej-dediny\/navstivte\/otvaracie-hodiny\">M\u00fazea slovenskej dediny<\/a>&nbsp;a platia pre\u0148 rovnak\u00e9 otv\u00e1racie hodiny.<\/p>\n\n\n\n<p><strong>m\u00e1j &#8211; okt\u00f3ber:<\/strong><strong><br><\/strong>denne okrem pondelka od 9:00 do 17:00 hod. (posledn\u00fd vstup o 16:00 hod.)<\/p>\n\n\n\n<p><strong>november &#8211; apr\u00edl:<\/strong><strong><br><\/strong>denne okrem pondelka a soboty od 09:00 do 14:30 hod. (posledn\u00fd vstup o 13:30 hod.)<\/p>\n\n\n\n<p><strong>Posledn\u00fd vstup do are\u00e1lu je 60 min\u00fat pred koncom otv\u00e1rac\u00edch hod\u00edn.<\/strong><\/p>\n\n\n\n<h6 class=\"wp-block-heading has-neve-text-color-color has-text-color has-link-color wp-elements-8a009a3c3d2b48d811c58591772ec714\">Objedn\u00e1vanie skup\u00edn&nbsp;<\/h6>\n\n\n\n<p><strong>Pri v\u00e4\u010d\u0161om po\u010dte \u010dlenov&nbsp;skupiny (napr. \u0161kolsk\u00e1 trieda&#8230;) si pros\u00edm objednajte svoju n\u00e1v\u0161tevu na pokladni m\u00fazea&nbsp;v \u010dase otv\u00e1rac\u00edch hod\u00edn na t. \u010d. 043\/ 24 58 116.&nbsp;<\/strong><strong><\/strong><\/p>\n\n\n\n<p><\/p>\n<\/div><\/div><\/div>\n\n\n\n<div class=\"wp-block-essential-blocks-accordion-item eb-accordion-item-1kp40 eb-accordion-wrapper\" data-clickable=\"false\"><div class=\"eb-accordion-title-wrapper eb-accordion-title-wrapper-eb-accordion-gbiwl\" tabindex=\"0\"><span class=\"eb-accordion-icon-wrapper eb-accordion-icon-wrapper-eb-accordion-gbiwl\"><i icon=\"fas fa-angle-right\" class=\"fas fa-angle-right eb-accordion-icon\"><\/i><\/span><div class=\"eb-accordion-title-content-wrap title-content-eb-accordion-gbiwl\"><h3 class=\"eb-accordion-title\">Kontakt<\/h3><\/div><\/div><div class=\"eb-accordion-content-wrapper eb-accordion-content-wrapper-eb-accordion-gbiwl\"><div class=\"eb-accordion-content\">\n<p><strong>S\u00eddlo<\/strong><\/p>\n\n\n\n<p>Are\u00e1l M\u00fazea slovenskej dediny<br>Jahodn\u00edcke h\u00e1je<br>Martin<\/p>\n\n\n\n<h6 class=\"wp-block-heading\"><strong>Kore\u0161ponden\u010dn\u00e1 adresa<\/strong>&nbsp;<\/h6>\n\n\n\n<p>SNM&nbsp;\u2013 M\u00faze\u00e1 v Martine<br>M\u00fazeum kult\u00fary R\u00f3mov&nbsp;na Slovensku<br>Mal\u00e1 hora 2<br>P. O. BOX 155<br>036 80&nbsp; Martin&nbsp;<\/p>\n\n\n\n<h6 class=\"wp-block-heading\"><strong>Kontakt<\/strong><\/h6>\n\n\n\n<p>e-mail:&nbsp;&nbsp;<a href=\"mailto:mrk@snm-em.sk\">adriana.danekova@snm.sk<\/a><br>telef\u00f3n:&nbsp;+421 43 24&nbsp;61&nbsp;111<\/p>\n<\/div><\/div><\/div>\n\n\n\n<div class=\"wp-block-essential-blocks-accordion-item eb-accordion-item-p5myf eb-accordion-wrapper\" data-clickable=\"false\"><div class=\"eb-accordion-title-wrapper eb-accordion-title-wrapper-eb-accordion-gbiwl\" tabindex=\"0\"><span class=\"eb-accordion-icon-wrapper eb-accordion-icon-wrapper-eb-accordion-gbiwl\"><i icon=\"fas fa-angle-right\" class=\"fas fa-angle-right eb-accordion-icon\"><\/i><\/span><div class=\"eb-accordion-title-content-wrap title-content-eb-accordion-gbiwl\"><h3 class=\"eb-accordion-title\">Kde n\u00e1s n\u00e1jdete<\/h3><\/div><\/div><div class=\"eb-accordion-content-wrapper eb-accordion-content-wrapper-eb-accordion-gbiwl\"><div class=\"eb-accordion-content\">\n<h6 class=\"wp-block-heading\"><strong>Ako sa k n\u00e1m dostanete?<\/strong>&nbsp;<\/h6>\n\n\n\n<p>M\u00fazeum kult\u00fary R\u00f3mov na Slovensku s\u00eddli v are\u00e1li M\u00fazea slovenskej dediny v k\u00farii z Bla\u017eoviec.<\/p>\n\n\n\n<h6 class=\"wp-block-heading\"><strong>N\u00e1v\u0161tevn\u00fd poriadok<\/strong><\/h6>\n\n\n\n<p><a href=\"https:\/\/www.snm.sk\/swift_data\/source\/sidelna_budova\/2024\/MM\/docs\/NP%20MM.pdf\">N\u00e1v\u0161tevn\u00fd poriadok M\u00fazea kult\u00fary R\u00f3mov na Slovensku n\u00e1jdete po kliknut\u00ed na tento odkaz.<\/a>&nbsp;(PDF, 2,1 MB)<\/p>\n\n\n<div style=\"height:400pxpx;\" class=\"wp-block-themeisle-blocks-leaflet-map\" id=\"wp-block-themeisle-blocks-leaflet-map-d5cc4191\"><\/div>\n<script type=\"text\/javascript\">\n\t\/* <![CDATA[ *\/\n\t\tif ( ! window.themeisleLeafletMaps ) window.themeisleLeafletMaps =[];\n\t\twindow.themeisleLeafletMaps.push( { container: \"wp-block-themeisle-blocks-leaflet-map-d5cc4191\", attributes: {\"id\":\"wp-block-themeisle-blocks-leaflet-map-d5cc4191\",\"location\":\"Martin, Slovakia\",\"latitude\":\"49.041018807224276\",\"longitude\":\"18.927037947472577\",\"bbox\":\"18.927040100097656,49.041018807224276,18.927040100097656,49.041018807224276\",\"zoom\":12,\"markers\":[{\"id\":\"8cdea459-12eb-4ad5-a635-94e98571c77a\",\"latitude\":49.0402029782050732364950818009674549102783203125,\"longitude\":18.92909931907939125039774808101356029510498046875,\"title\":\"SNM - M\\u00fazeum kult\\u00fary R\\u00f3mov na Slovensku\",\"description\":\"\"}],\"height\":\"400px\",\"zoomControl\":true,\"draggable\":true,\"hasCustomCSS\":false,\"customCSS\":\"\",\"TrpContentRestriction\":{\"restriction_type\":\"exclude\",\"selected_languages\":[],\"panel_open\":true},\"otterConditions\":[]} } );\n\t\/* ]]> *\/\n<\/script>\n<\/div><\/div><\/div>\n<\/div><\/div><\/div><\/div>\n\n\n\n<div style=\"height:100px\" aria-hidden=\"true\" class=\"wp-block-spacer\"><\/div>\n\n\n\n<p><\/p>\n","protected":false},"excerpt":{"rendered":"<p>Slovensk\u00e9 n\u00e1rodn\u00e9 m\u00fazeum V tomto m\u00fazeu nem\u00e1me moment\u00e1lne online predaj l\u00edstkov. L\u00edstky si m\u00f4\u017eete zak\u00fapi\u0165 na mieste v pokladni m\u00fazea. M\u00fazeum je \u0161pecializovanou zlo\u017ekou SNM v Martine. Toto pracovisko s&hellip;&nbsp;<a href=\"https:\/\/snm-online.sk\/en\/muzeum-kultury-romov-na-slovensku\/\" class=\"\" rel=\"bookmark\">Read More &raquo;<span class=\"screen-reader-text\">Museum of Roma Culture in Slovakia, Martin<\/span><\/a><\/p>","protected":false},"author":2,"featured_media":0,"parent":0,"menu_order":0,"comment_status":"closed","ping_status":"closed","template":"","meta":{"_eb_attr":"","neve_meta_sidebar":"","neve_meta_container":"","neve_meta_enable_content_width":"","neve_meta_content_width":0,"neve_meta_title_alignment":"","neve_meta_author_avatar":"","neve_post_elements_order":"","neve_meta_disable_header":"","neve_meta_disable_footer":"","neve_meta_disable_title":"","_themeisle_gutenberg_block_has_review":false,"footnotes":""},"class_list":["post-2360","page","type-page","status-publish","hentry"],"_links":{"self":[{"href":"https:\/\/snm-online.sk\/en\/wp-json\/wp\/v2\/pages\/2360","targetHints":{"allow":["GET"]}}],"collection":[{"href":"https:\/\/snm-online.sk\/en\/wp-json\/wp\/v2\/pages"}],"about":[{"href":"https:\/\/snm-online.sk\/en\/wp-json\/wp\/v2\/types\/page"}],"author":[{"embeddable":true,"href":"https:\/\/snm-online.sk\/en\/wp-json\/wp\/v2\/users\/2"}],"replies":[{"embeddable":true,"href":"https:\/\/snm-online.sk\/en\/wp-json\/wp\/v2\/comments?post=2360"}],"version-history":[{"count":5,"href":"https:\/\/snm-online.sk\/en\/wp-json\/wp\/v2\/pages\/2360\/revisions"}],"predecessor-version":[{"id":5211,"href":"https:\/\/snm-online.sk\/en\/wp-json\/wp\/v2\/pages\/2360\/revisions\/5211"}],"wp:attachment":[{"href":"https:\/\/snm-online.sk\/en\/wp-json\/wp\/v2\/media?parent=2360"}],"curies":[{"name":"wp","href":"https:\/\/api.w.org\/{rel}","templated":true}]}}