{"id":2362,"date":"2024-11-12T13:37:36","date_gmt":"2024-11-12T12:37:36","guid":{"rendered":"https:\/\/snm-online.sk\/?page_id=2362"},"modified":"2025-07-07T10:51:52","modified_gmt":"2025-07-07T08:51:52","slug":"archeologicke-muzeum","status":"publish","type":"page","link":"https:\/\/snm-online.sk\/en\/archeologicke-muzeum\/","title":{"rendered":"Archaeological Museum, Bratislava"},"content":{"rendered":"\n<h2 class=\"wp-block-heading\">Slovensk\u00e9 n\u00e1rodn\u00e9 m\u00fazeum<\/h2>\n\n\n\n<div id=\"wp-block-themeisle-blocks-advanced-columns-078e1f0c\" class=\"wp-block-themeisle-blocks-advanced-columns has-2-columns has-desktop-equal-layout has-tablet-equal-layout has-mobile-collapsedRows-layout has-vertical-unset\"><div class=\"wp-block-themeisle-blocks-advanced-columns-overlay\"><\/div><div class=\"innerblocks-wrap\">\n<div id=\"wp-block-themeisle-blocks-advanced-column-ef78a441\" class=\"wp-block-themeisle-blocks-advanced-column\">\n<figure class=\"wp-block-image size-large has-custom-border\"><img loading=\"lazy\" decoding=\"async\" width=\"1024\" height=\"768\" src=\"https:\/\/snm-online.sk\/wp-content\/uploads\/2025\/06\/IMG_20250224_111214-1024x768.jpg\" alt=\"\" class=\"wp-image-3790\" style=\"border-radius:5px;aspect-ratio:3\/2;object-fit:cover\" srcset=\"https:\/\/snm-online.sk\/wp-content\/uploads\/2025\/06\/IMG_20250224_111214-1024x768.jpg 1024w, https:\/\/snm-online.sk\/wp-content\/uploads\/2025\/06\/IMG_20250224_111214-300x225.jpg 300w, https:\/\/snm-online.sk\/wp-content\/uploads\/2025\/06\/IMG_20250224_111214-768x576.jpg 768w, https:\/\/snm-online.sk\/wp-content\/uploads\/2025\/06\/IMG_20250224_111214-1536x1152.jpg 1536w, https:\/\/snm-online.sk\/wp-content\/uploads\/2025\/06\/IMG_20250224_111214-2048x1536.jpg 2048w\" sizes=\"auto, (max-width: 1024px) 100vw, 1024px\" \/><\/figure>\n<\/div>\n\n\n\n<div id=\"wp-block-themeisle-blocks-advanced-column-5bf551e5\" class=\"wp-block-themeisle-blocks-advanced-column\">\n<figure class=\"wp-block-image size-full has-custom-border\"><img loading=\"lazy\" decoding=\"async\" width=\"2560\" height=\"1920\" src=\"https:\/\/snm-online.sk\/wp-content\/uploads\/2025\/06\/IMG_20250224_113946-scaled.jpg\" alt=\"\" class=\"wp-image-3786\" style=\"border-radius:5px;aspect-ratio:3\/2;object-fit:cover\" srcset=\"https:\/\/snm-online.sk\/wp-content\/uploads\/2025\/06\/IMG_20250224_113946-scaled.jpg 2560w, https:\/\/snm-online.sk\/wp-content\/uploads\/2025\/06\/IMG_20250224_113946-300x225.jpg 300w, https:\/\/snm-online.sk\/wp-content\/uploads\/2025\/06\/IMG_20250224_113946-1024x768.jpg 1024w, https:\/\/snm-online.sk\/wp-content\/uploads\/2025\/06\/IMG_20250224_113946-768x576.jpg 768w, https:\/\/snm-online.sk\/wp-content\/uploads\/2025\/06\/IMG_20250224_113946-1536x1152.jpg 1536w, https:\/\/snm-online.sk\/wp-content\/uploads\/2025\/06\/IMG_20250224_113946-2048x1536.jpg 2048w\" sizes=\"auto, (max-width: 2560px) 100vw, 2560px\" \/><\/figure>\n<\/div>\n<\/div><\/div>\n\n\n\n<div style=\"height:50px\" aria-hidden=\"true\" class=\"wp-block-spacer\"><\/div>\n\n\n\n<h5 class=\"wp-block-heading\">V tomto m\u00fazeu nem\u00e1me moment\u00e1lne online predaj l\u00edstkov. L\u00edstky si m\u00f4\u017eete zak\u00fapi\u0165 na mieste v pokladni m\u00fazea.<\/h5>\n\n\n\n<p><strong>SNM \u2013 Archeologick\u00e9 m\u00fazeum<\/strong> je \u0161pecializovan\u00e9 m\u00fazejn\u00e9 pracovisko s celo\u0161t\u00e1tnou p\u00f4sobnos\u0165ou. Zameriava sa na z\u00edskavanie, evidovanie, re\u0161taurovanie, uchov\u00e1vanie, prezentovanie a publikovanie archeologick\u00fdch n\u00e1lezov na \u00fazem\u00ed Slovenska od praveku a\u017e po vrcholn\u00fd stredovek. V bohatom zbierkovom fonde Archeologick\u00e9ho m\u00fazea sa nach\u00e1dza mno\u017estvo vz\u00e1cnych n\u00e1lezov z r\u00f4znych oblast\u00ed Slovenska od praveku a\u017e po novovek, ktor\u00e9 poch\u00e1dzaj\u00fa najm\u00e4 z vlastn\u00fdch archeologick\u00fdch v\u00fdskumov. M\u00fazeum s\u00eddli v renesan\u010dnej Kamperovej k\u00farii na \u017di\u017ekovej ul. 12 v Bratislave.&nbsp;<\/p>\n\n\n\n<p>V\u00fdstavn\u00fa \u010dinnos\u0165 vhodne dop\u013a\u0148aj\u00fa aj in\u00e9 formy kult\u00farnych aktiv\u00edt: predn\u00e1\u0161ky a besedy s archeologickou tematikou, organizovan\u00e9 odborn\u00fdmi pracovn\u00edkmi m\u00fazea, premietanie videofilmov, vyu\u010dovacie hodiny pre v\u0161etky typy \u0161k\u00f4l a odborn\u00fd v\u00fdklad pre \u0161irok\u00fa verejnos\u0165.&nbsp;<\/p>\n\n\n\n<p>M\u00fazeum zabezpe\u010duje realiz\u00e1ciu z\u00e1chrann\u00fdch archeologick\u00fdch v\u00fdskumov, vyvolan\u00fdch stavebnou \u010dinnos\u0165ou, zemn\u00fdmi pr\u00e1cami a pod. V pr\u00edpade, \u017ee V\u00e1m bol predp\u00edsan\u00fd archeologick\u00fd v\u00fdskum, kontaktujte n\u00e1s na adrese:&nbsp;<a href=\"mailto:archeolog@snm.sk\">archeolog@snm.sk<\/a>.&nbsp;<\/p>\n\n\n\n<p>N\u00e1lezy poch\u00e1dzaj\u00fa najm\u00e4&nbsp;<a href=\"https:\/\/www.snm.sk\/?archeologicke-muzeum-archeologicky-vyskum\">z archeologick\u00fdch v\u00fdskumov<\/a>&nbsp;n\u00e1\u0161ho m\u00fazea.&nbsp;<\/p>\n\n\n\n<div style=\"height:50px\" aria-hidden=\"true\" class=\"wp-block-spacer\"><\/div>\n\n\n\n<div class=\"wp-block-essential-blocks-accordion  root-eb-accordion-nrcjq\"><div class=\"eb-parent-wrapper eb-parent-eb-accordion-nrcjq \"><div class=\"eb-accordion-container eb-accordion-nrcjq\" data-accordion-type=\"accordion\" data-tab-icon=\"fas fa-angle-right\" data-expanded-icon=\"fas fa-angle-down\" data-transition-duration=\"500\"><div class=\"eb-accordion-inner\">\n<div class=\"wp-block-essential-blocks-accordion-item eb-accordion-item-a0p8b eb-accordion-wrapper\" data-clickable=\"false\"><div class=\"eb-accordion-title-wrapper eb-accordion-title-wrapper-eb-accordion-nrcjq\" tabindex=\"0\"><span class=\"eb-accordion-icon-wrapper eb-accordion-icon-wrapper-eb-accordion-nrcjq\"><span class=\"fas fa-angle-right eb-accordion-icon\"><\/span><\/span><div class=\"eb-accordion-title-content-wrap title-content-eb-accordion-nrcjq\"><h3 class=\"eb-accordion-title\">Otv\u00e1racie hodiny<\/h3><\/div><\/div><div class=\"eb-accordion-content-wrapper eb-accordion-content-wrapper-eb-accordion-nrcjq\"><div class=\"eb-accordion-content\">\n<p class=\"has-neve-text-color-color has-text-color has-link-color wp-elements-c9e9e23ecdfff3513096ca4f5b18ec35\">Otvoren\u00e9 denne okrem pondelka od 10.00&nbsp;\u2013&nbsp;17.00 h, posledn\u00fd vstup o 16.30 h.<\/p>\n\n\n\n<p>Zmena otv\u00e1rac\u00edch hod\u00edn je uveden\u00e1 na str\u00e1nke <a href=\"https:\/\/www.snm.sk\/muzea-snm\/archeologicke-muzeum\/archeologicke-muzeum\/navstivte\">https:\/\/www.snm.sk\/muzea-snm\/archeologicke-muzeum\/archeologicke-muzeum\/navstivte<\/a><\/p>\n<\/div><\/div><\/div>\n\n\n\n<div class=\"wp-block-essential-blocks-accordion-item eb-accordion-item-q8qy4 eb-accordion-wrapper\" data-clickable=\"false\"><div class=\"eb-accordion-title-wrapper eb-accordion-title-wrapper-eb-accordion-nrcjq\" tabindex=\"0\"><span class=\"eb-accordion-icon-wrapper eb-accordion-icon-wrapper-eb-accordion-nrcjq\"><span class=\"fas fa-angle-right eb-accordion-icon\"><\/span><\/span><div class=\"eb-accordion-title-content-wrap title-content-eb-accordion-nrcjq\"><h3 class=\"eb-accordion-title\">Kontakt<\/h3><\/div><\/div><div class=\"eb-accordion-content-wrapper eb-accordion-content-wrapper-eb-accordion-nrcjq\"><div class=\"eb-accordion-content\">\n<h6 class=\"wp-block-heading has-neve-text-color-color has-text-color has-link-color wp-elements-caa0c2a23f74d5ef5ac3cac0428417a5\"><strong>S\u00eddlo m\u00fazea&nbsp;<\/strong><\/h6>\n\n\n\n<p class=\"has-neve-text-color-color has-text-color has-link-color wp-elements-abba16c47ef841a06c468f93333adbc8\">SNM \u2013 Archeologick\u00e9 m\u00fazeum<br>\u017di\u017ekova ul. 12<br>(Vchod do m\u00fazea &#8211; \u017di\u017ekova 16)<br>P.O.Box 13<br>810 06 Bratislava 16&nbsp;<\/p>\n\n\n\n<h6 class=\"wp-block-heading has-neve-text-color-color has-text-color has-link-color wp-elements-82d492dcf4a5477a900ce7b020e32895\"><strong>Kontakt&nbsp;<\/strong><\/h6>\n\n\n\n<p class=\"has-neve-text-color-color has-text-color has-link-color wp-elements-7ea960d0ef46847bd2d3c05f96f1289f\">e-mail: <a href=\"mailto:%20radoslav.cambal@snm.sk\">archeolog@snm.sk<\/a><br>telef\u00f3n:&nbsp;+421 2 20 491 273<br>web:&nbsp;<a href=\"http:\/\/www.snm.sk\/am\">www.snm.sk\/am<\/a>&nbsp;<\/p>\n<\/div><\/div><\/div>\n\n\n\n<div class=\"wp-block-essential-blocks-accordion-item eb-accordion-item-evqrf eb-accordion-wrapper\" data-clickable=\"false\"><div class=\"eb-accordion-title-wrapper eb-accordion-title-wrapper-eb-accordion-nrcjq\" tabindex=\"0\"><span class=\"eb-accordion-icon-wrapper eb-accordion-icon-wrapper-eb-accordion-nrcjq\"><span class=\"fas fa-angle-right eb-accordion-icon\"><\/span><\/span><div class=\"eb-accordion-title-content-wrap title-content-eb-accordion-nrcjq\"><h3 class=\"eb-accordion-title\">Kde n\u00e1s n\u00e1jdete<\/h3><\/div><\/div><div class=\"eb-accordion-content-wrapper eb-accordion-content-wrapper-eb-accordion-nrcjq\"><div class=\"eb-accordion-content\">\n<p class=\"has-neve-text-color-color has-text-color has-link-color wp-elements-d09c5bb097fe8c13a5b750941edecced\"><strong>Ako sa k n\u00e1m dostanete?<\/strong>&nbsp;<\/p>\n\n\n\n<p class=\"has-neve-text-color-color has-text-color has-link-color wp-elements-a82a145c23e2599b5c1e00e60a55bb5a\">Archeologick\u00e9 m\u00fazeum sa nach\u00e1dza na \u017di\u017ekovej ulici \u010d. 12 v Bratislave pod hradn\u00fdm kopcom pri n\u00e1bre\u017e\u00ed Dunaja. Najbli\u017e\u0161ie zast\u00e1vky MHD: zast\u00e1vka autobusov a elektri\u010diek pod Nov\u00fdm mostom (Most SNP), elektri\u010dky \u010d. 4, autobusy \u010d. 29, 30, 37, 70, 88,&nbsp;91,&nbsp;191, 901. Autobus \u010d. 39 a 31 a elektri\u010dka \u010d. 4 stoj\u00ed pri pam\u00e4tn\u00edku Chatama S\u00f3fera, ktor\u00fd je ne\u010faleko m\u00fazea.&nbsp;Vchod do m\u00fazea je cez \u017di\u017ekov\u00fa 16.&nbsp;<\/p>\n\n\n\n<p class=\"has-neve-text-color-color has-text-color has-link-color wp-elements-99b917459f338da4f02e952d30462608\">Na tejto ulici s\u00eddlia aj \u010fal\u0161ie dve m\u00faze\u00e1 SNM&nbsp;\u2013&nbsp;M\u00fazeum kult\u00fary Ma\u010farov na Slovensku a SNM&nbsp;\u2013&nbsp;M\u00fazeum kult\u00fary karpatsk\u00fdch Nemcov. Do v\u0161etk\u00fdch troch m\u00faze\u00ed plat\u00ed 1 vstupenka.&nbsp;<\/p>\n\n\n<div style=\"height:400pxpx;\" class=\"wp-block-themeisle-blocks-leaflet-map\" id=\"wp-block-themeisle-blocks-leaflet-map-118b398b\"><\/div>\n<script type=\"text\/javascript\">\n\t\/* <![CDATA[ *\/\n\t\tif ( ! window.themeisleLeafletMaps ) window.themeisleLeafletMaps =[];\n\t\twindow.themeisleLeafletMaps.push( { container: \"wp-block-themeisle-blocks-leaflet-map-118b398b\", attributes: {\"id\":\"wp-block-themeisle-blocks-leaflet-map-118b398b\",\"location\":\"Bratislava, Slovakia\",\"latitude\":\"49.36806633482156\",\"longitude\":\"13.480224609375002\",\"bbox\":\"13.480224609375002,49.36806633482156,13.480224609375002,49.36806633482156\",\"zoom\":8,\"markers\":[{\"id\":\"74f0bfe1-3c3f-4e64-9593-0111f9cb1f2e\",\"latitude\":48.140690176983326864501577802002429962158203125,\"longitude\":17.096915289902522516740646096877753734588623046875,\"title\":\"SNM - Archeologick\\u00e9 m\\u00fazeum\",\"description\":\"\"}],\"height\":\"400px\",\"zoomControl\":true,\"draggable\":true,\"hasCustomCSS\":false,\"customCSS\":\"\",\"TrpContentRestriction\":{\"restriction_type\":\"exclude\",\"selected_languages\":[],\"panel_open\":true},\"otterConditions\":[]} } );\n\t\/* ]]> *\/\n<\/script>\n<\/div><\/div><\/div>\n<\/div><\/div><\/div><\/div>\n\n\n\n<div style=\"height:100px\" aria-hidden=\"true\" class=\"wp-block-spacer\"><\/div>\n\n\n\n<div class=\"wp-block-essential-blocks-social  root-eb-social-links-6axh8\"><div class=\"eb-parent-wrapper eb-parent-eb-social-links-6axh8 \"><div class=\"eb-social-links-6axh8 eb-social-links-wrapper\"><ul class=\"eb-socials\"><li><a class=\"facebook-f-original  \" href=\"https:\/\/www.facebook.com\/SNMarcheologickemuzeum\/\" target=\"_self\" rel=\"noopener\" aria-label=\"social link\"><i class=\"hvr-icon eb-social-icon fab fa-facebook-f\"><\/i><\/a><\/li><li><a class=\"instagram-original  \" href=\"\" target=\"_self\" rel=\"noopener\" aria-label=\"social link\"><i class=\"hvr-icon eb-social-icon fab fa-instagram\"><\/i><\/a><\/li><li><a class=\"youtube-original  \" href=\"https:\/\/www.youtube.com\/@slovenskenarodnemuzeumsnm\" target=\"_self\" rel=\"noopener\" aria-label=\"social link\"><i class=\"hvr-icon eb-social-icon fab fa-youtube\"><\/i><\/a><\/li><\/ul><\/div><\/div><\/div>\n\n\n\n<p><\/p>\n","protected":false},"excerpt":{"rendered":"<p>Slovensk\u00e9 n\u00e1rodn\u00e9 m\u00fazeum V tomto m\u00fazeu nem\u00e1me moment\u00e1lne online predaj l\u00edstkov. L\u00edstky si m\u00f4\u017eete zak\u00fapi\u0165 na mieste v pokladni m\u00fazea. SNM \u2013 Archeologick\u00e9 m\u00fazeum je \u0161pecializovan\u00e9 m\u00fazejn\u00e9 pracovisko s celo\u0161t\u00e1tnou&hellip;&nbsp;<a href=\"https:\/\/snm-online.sk\/en\/archeologicke-muzeum\/\" class=\"\" rel=\"bookmark\">Read More &raquo;<span class=\"screen-reader-text\">Archaeological Museum, Bratislava<\/span><\/a><\/p>","protected":false},"author":2,"featured_media":0,"parent":0,"menu_order":0,"comment_status":"closed","ping_status":"closed","template":"","meta":{"_eb_attr":"","neve_meta_sidebar":"","neve_meta_container":"","neve_meta_enable_content_width":"","neve_meta_content_width":0,"neve_meta_title_alignment":"","neve_meta_author_avatar":"","neve_post_elements_order":"","neve_meta_disable_header":"","neve_meta_disable_footer":"","neve_meta_disable_title":"","_themeisle_gutenberg_block_has_review":false,"footnotes":""},"class_list":["post-2362","page","type-page","status-publish","hentry"],"_links":{"self":[{"href":"https:\/\/snm-online.sk\/en\/wp-json\/wp\/v2\/pages\/2362","targetHints":{"allow":["GET"]}}],"collection":[{"href":"https:\/\/snm-online.sk\/en\/wp-json\/wp\/v2\/pages"}],"about":[{"href":"https:\/\/snm-online.sk\/en\/wp-json\/wp\/v2\/types\/page"}],"author":[{"embeddable":true,"href":"https:\/\/snm-online.sk\/en\/wp-json\/wp\/v2\/users\/2"}],"replies":[{"embeddable":true,"href":"https:\/\/snm-online.sk\/en\/wp-json\/wp\/v2\/comments?post=2362"}],"version-history":[{"count":12,"href":"https:\/\/snm-online.sk\/en\/wp-json\/wp\/v2\/pages\/2362\/revisions"}],"predecessor-version":[{"id":4069,"href":"https:\/\/snm-online.sk\/en\/wp-json\/wp\/v2\/pages\/2362\/revisions\/4069"}],"wp:attachment":[{"href":"https:\/\/snm-online.sk\/en\/wp-json\/wp\/v2\/media?parent=2362"}],"curies":[{"name":"wp","href":"https:\/\/api.w.org\/{rel}","templated":true}]}}