{"id":2390,"date":"2024-11-08T14:20:42","date_gmt":"2024-11-08T13:20:42","guid":{"rendered":"https:\/\/snm-online.sk\/?page_id=2390"},"modified":"2025-07-02T14:54:15","modified_gmt":"2025-07-02T12:54:15","slug":"prirodovedne-muzeum-2","status":"publish","type":"page","link":"https:\/\/snm-online.sk\/en\/prirodovedne-muzeum-2\/","title":{"rendered":"Natural History Museum, Bratislava"},"content":{"rendered":"\n<h2 class=\"wp-block-heading\">Slovensk\u00e9 n\u00e1rodn\u00e9 m\u00fazeum<\/h2>\n\n\n\n<div style=\"height:20px\" aria-hidden=\"true\" class=\"wp-block-spacer\"><\/div>\n\n\n\n<div id=\"wp-block-themeisle-blocks-advanced-columns-0e3f78e8\" class=\"wp-block-themeisle-blocks-advanced-columns has-2-columns has-desktop-equal-layout has-tablet-equal-layout has-mobile-collapsedRows-layout has-vertical-unset\"><div class=\"wp-block-themeisle-blocks-advanced-columns-overlay\"><\/div><div class=\"innerblocks-wrap\">\n<div id=\"wp-block-themeisle-blocks-advanced-column-7fe8e86d\" class=\"wp-block-themeisle-blocks-advanced-column\">\n<figure class=\"wp-block-image size-full has-custom-border\"><img loading=\"lazy\" decoding=\"async\" width=\"1920\" height=\"2560\" src=\"https:\/\/snm-online.sk\/wp-content\/uploads\/2024\/11\/Prirodovedne-muzeum-2-scaled.jpg\" alt=\"\" class=\"wp-image-2641\" style=\"border-radius:8px;aspect-ratio:3\/2;object-fit:cover\" srcset=\"https:\/\/snm-online.sk\/wp-content\/uploads\/2024\/11\/Prirodovedne-muzeum-2-scaled.jpg 1920w, https:\/\/snm-online.sk\/wp-content\/uploads\/2024\/11\/Prirodovedne-muzeum-2-225x300.jpg 225w, https:\/\/snm-online.sk\/wp-content\/uploads\/2024\/11\/Prirodovedne-muzeum-2-768x1024.jpg 768w, https:\/\/snm-online.sk\/wp-content\/uploads\/2024\/11\/Prirodovedne-muzeum-2-1152x1536.jpg 1152w, https:\/\/snm-online.sk\/wp-content\/uploads\/2024\/11\/Prirodovedne-muzeum-2-1536x2048.jpg 1536w\" sizes=\"auto, (max-width: 1920px) 100vw, 1920px\" \/><\/figure>\n<\/div>\n\n\n\n<div id=\"wp-block-themeisle-blocks-advanced-column-d02f2ca6\" class=\"wp-block-themeisle-blocks-advanced-column\">\n<figure class=\"wp-block-image size-full has-custom-border\"><img loading=\"lazy\" decoding=\"async\" width=\"2560\" height=\"1920\" src=\"https:\/\/snm-online.sk\/wp-content\/uploads\/2024\/11\/Prirodovedne-expozicia-scaled.jpg\" alt=\"\" class=\"wp-image-2643\" style=\"border-radius:8px;aspect-ratio:3\/2;object-fit:cover\" srcset=\"https:\/\/snm-online.sk\/wp-content\/uploads\/2024\/11\/Prirodovedne-expozicia-scaled.jpg 2560w, https:\/\/snm-online.sk\/wp-content\/uploads\/2024\/11\/Prirodovedne-expozicia-300x225.jpg 300w, https:\/\/snm-online.sk\/wp-content\/uploads\/2024\/11\/Prirodovedne-expozicia-1024x768.jpg 1024w, https:\/\/snm-online.sk\/wp-content\/uploads\/2024\/11\/Prirodovedne-expozicia-768x576.jpg 768w, https:\/\/snm-online.sk\/wp-content\/uploads\/2024\/11\/Prirodovedne-expozicia-1536x1152.jpg 1536w, https:\/\/snm-online.sk\/wp-content\/uploads\/2024\/11\/Prirodovedne-expozicia-2048x1536.jpg 2048w\" sizes=\"auto, (max-width: 2560px) 100vw, 2560px\" \/><\/figure>\n<\/div>\n<\/div><\/div>\n\n\n\n<div style=\"height:30px\" aria-hidden=\"true\" class=\"wp-block-spacer\"><\/div>\n\n\n\n<h5 class=\"wp-block-heading\">V tomto m\u00fazeu nem\u00e1me moment\u00e1lne online predaj l\u00edstkov. L\u00edstky si m\u00f4\u017eete zak\u00fapi\u0165 na mieste v pokladni m\u00fazea.<\/h5>\n\n\n\n<p><strong>SNM \u2013 Pr\u00edrodovedn\u00e9 m\u00fazeum<\/strong> sa zameriava na v\u00fdskum, dokument\u00e1ciu a prezent\u00e1ciu rozmanitosti \u017eivej a ne\u017eivej pr\u00edrody, najm\u00e4 na \u00fazem\u00ed Slovenska. Svojimi zbierkami (cca 2,5 mili\u00f3na zbierkov\u00fdch predmetov) sa zara\u010fuje medzi v\u00fdznamn\u00e9 eur\u00f3pske pr\u00edrodovedn\u00e9 m\u00faze\u00e1. Verejnosti spr\u00edstup\u0148uje mineralogick\u00e9 zbierky zo slovensk\u00fdch a svetov\u00fdch lokal\u00edt, prostredn\u00edctvom skamenel\u00edn pribli\u017euje geologick\u00fa minulos\u0165 Zeme. Je \u00fastredn\u00fdm metodick\u00fdm pracoviskom s celoslovenskou p\u00f4sobnos\u0165ou.&nbsp;<\/p>\n\n\n\n<p>Akvizi\u010dn\u00e1 \u010dinnos\u0165 m\u00fazea je zameran\u00e1 najm\u00e4 na \u00fazemie Slovenska. Odbornej verejnosti s\u00fa zbierky poskytovan\u00e9 na vedeck\u00e9 \u0161t\u00fadium a \u0161ir\u0161ej verejnosti s\u00fa prezentovan\u00e9 prostredn\u00edctvom expoz\u00edci\u00ed a v\u00fdstav, predn\u00e1\u0161ok, kni\u017en\u00fdch monografi\u00ed, publika\u010dn\u00fdch v\u00fdstupov v odbornej i dennej tla\u010di, rozhlase a telev\u00edzii. Pr\u00edrodovedn\u00e9 m\u00fazeum s\u00eddli v hlavnej budove SNM na Vajansk\u00e9ho n\u00e1bre\u017e\u00ed \u010d. 2 v Bratislave.&nbsp;<\/p>\n\n\n\n<p>V s\u00eddelnej budove Slovensk\u00e9ho n\u00e1rodn\u00e9ho m\u00fazea v s\u00fa\u010dasnosti s\u00eddli okrem&nbsp;SNM \u2013 Pr\u00edrodovedn\u00e9ho m\u00fazea aj&nbsp;Riadite\u013estvo SNM, ktor\u00e9 ako svoje v\u00fdstavn\u00e9 priestory vyu\u017e\u00edva pr\u00edzemie a prv\u00e9 poschodie. St\u00e1le expoz\u00edcie Pr\u00edrodovedn\u00e9ho m\u00fazea s\u00fa situovan\u00e9 na druhom a tre\u0165om poschod\u00ed. V budove sa nach\u00e1dza aj odborn\u00e1 kni\u017enica, pr\u00edstupn\u00e1 pre verejnos\u0165.&nbsp;<\/p>\n\n\n\n<div style=\"height:30px\" aria-hidden=\"true\" class=\"wp-block-spacer\"><\/div>\n\n\n\n<div id=\"wp-block-themeisle-blocks-advanced-columns-36767370\" class=\"wp-block-themeisle-blocks-advanced-columns has-1-columns has-desktop-equal-layout has-tablet-equal-layout has-mobile-equal-layout has-vertical-unset\"><div class=\"wp-block-themeisle-blocks-advanced-columns-overlay\"><\/div><div class=\"innerblocks-wrap\">\n<div id=\"wp-block-themeisle-blocks-advanced-column-f0fbcadd\" class=\"wp-block-themeisle-blocks-advanced-column\">\n<div class=\"alignnormal\"><!-- MetaSlider 2635 not found --><\/div>\n<\/div>\n<\/div><\/div>\n\n\n\n<div style=\"height:50px\" aria-hidden=\"true\" class=\"wp-block-spacer\"><\/div>\n\n\n\n<div class=\"wp-block-essential-blocks-accordion  root-eb-accordion-btio7\"><div class=\"eb-parent-wrapper eb-parent-eb-accordion-btio7 \"><div class=\"eb-accordion-container eb-accordion-btio7\" data-accordion-type=\"accordion\" data-tab-icon=\"fas fa-angle-right\" data-expanded-icon=\"fas fa-angle-down\" data-transition-duration=\"500\"><div class=\"eb-accordion-inner\">\n<div class=\"wp-block-essential-blocks-accordion-item eb-accordion-item-myazu eb-accordion-wrapper\" data-clickable=\"false\"><div class=\"eb-accordion-title-wrapper eb-accordion-title-wrapper-eb-accordion-btio7\" tabindex=\"0\"><span class=\"eb-accordion-icon-wrapper eb-accordion-icon-wrapper-eb-accordion-btio7\"><span class=\"fas fa-angle-right eb-accordion-icon\"><\/span><\/span><div class=\"eb-accordion-title-content-wrap title-content-eb-accordion-btio7\"><h3 class=\"eb-accordion-title\">Otv\u00e1racie hodiny<\/h3><\/div><\/div><div class=\"eb-accordion-content-wrapper eb-accordion-content-wrapper-eb-accordion-btio7\"><div class=\"eb-accordion-content\">\n<p>Otvoren\u00e9 denne okrem pondelka od 9.00&nbsp;\u2013 17.00 h, posledn\u00fd vstup o 16.30 h.<\/p>\n<\/div><\/div><\/div>\n\n\n\n<div class=\"wp-block-essential-blocks-accordion-item eb-accordion-item-pf0q1 eb-accordion-wrapper\" data-clickable=\"false\"><div class=\"eb-accordion-title-wrapper eb-accordion-title-wrapper-eb-accordion-btio7\" tabindex=\"0\"><span class=\"eb-accordion-icon-wrapper eb-accordion-icon-wrapper-eb-accordion-btio7\"><span class=\"fas fa-angle-right eb-accordion-icon\"><\/span><\/span><div class=\"eb-accordion-title-content-wrap title-content-eb-accordion-btio7\"><h3 class=\"eb-accordion-title\">Kontakt<\/h3><\/div><\/div><div class=\"eb-accordion-content-wrapper eb-accordion-content-wrapper-eb-accordion-btio7\"><div class=\"eb-accordion-content\">\n<p><strong>SNM \u2013 Pr\u00edrodovedn\u00e9 m\u00fazeum<\/strong><br>Vajansk\u00e9ho n\u00e1bre\u017eie 2<br>810 06&nbsp;Bratislava&nbsp;<\/p>\n\n\n\n<h6 class=\"wp-block-heading\"><strong>Lektor\u00e1ty a komunik\u00e1cia so \u0161kolami&nbsp;<\/strong><\/h6>\n\n\n\n<p>e-mail:&nbsp;<a href=\"mailto:jozef.somogyi@snm.sk\">jozef.somogyi@snm.sk<\/a>&nbsp;<br>telef\u00f3n: +421 2 204 69 127<\/p>\n\n\n\n<h6 class=\"wp-block-heading\"><strong>Prezenta\u010dn\u00e9 oddelenie&nbsp;<\/strong><\/h6>\n\n\n\n<p>e-mail:&nbsp;<a href=\"mailto:katarina.mastenova@snm.sk\">katarina.mastenova@snm.sk<\/a>&nbsp;<br>telef\u00f3n: +421 2 204 69 154<\/p>\n\n\n\n<h6 class=\"wp-block-heading\"><strong>Poklad\u0148a&nbsp;<\/strong><\/h6>\n\n\n\n<p>telef\u00f3n: +421 2 204 69 148&nbsp;<br>e-mail:&nbsp;<a href=\"mailto:prirmuz@snm.sk\">prirmuz@snm.sk<\/a><\/p>\n<\/div><\/div><\/div>\n\n\n\n<div class=\"wp-block-essential-blocks-accordion-item eb-accordion-item-88vol eb-accordion-wrapper\" data-clickable=\"false\"><div class=\"eb-accordion-title-wrapper eb-accordion-title-wrapper-eb-accordion-btio7\" tabindex=\"0\"><span class=\"eb-accordion-icon-wrapper eb-accordion-icon-wrapper-eb-accordion-btio7\"><span class=\"fas fa-angle-right eb-accordion-icon\"><\/span><\/span><div class=\"eb-accordion-title-content-wrap title-content-eb-accordion-btio7\"><h3 class=\"eb-accordion-title\">Kde n\u00e1s n\u00e1jdete<\/h3><\/div><\/div><div class=\"eb-accordion-content-wrapper eb-accordion-content-wrapper-eb-accordion-btio7\"><div class=\"eb-accordion-content\"><div style=\"height:400pxpx;\" class=\"wp-block-themeisle-blocks-leaflet-map\" id=\"wp-block-themeisle-blocks-leaflet-map-8740cff9\"><\/div>\n<script type=\"text\/javascript\">\n\t\/* <![CDATA[ *\/\n\t\tif ( ! window.themeisleLeafletMaps ) window.themeisleLeafletMaps =[];\n\t\twindow.themeisleLeafletMaps.push( { container: \"wp-block-themeisle-blocks-leaflet-map-8740cff9\", attributes: {\"id\":\"wp-block-themeisle-blocks-leaflet-map-8740cff9\",\"location\":\"Bratislava, Slovakia\",\"latitude\":\"48.14020333595051\",\"longitude\":\"17.111281525867767\",\"bbox\":\"17.11129188537598,48.14020333595051,17.11129188537598,48.14020333595051\",\"zoom\":15,\"markers\":[{\"id\":\"a8382418-b6ed-4b81-9e2b-caed4d7c6cb6\",\"latitude\":48.14027135078402608314718236215412616729736328125,\"longitude\":17.112922668457034802713678800500929355621337890625,\"title\":\"SNM - Pr\\u00edrodovedn\\u00e9 m\\u00fazeum\",\"description\":\"\"}],\"height\":\"400px\",\"zoomControl\":true,\"draggable\":true,\"hasCustomCSS\":false,\"customCSS\":\"\",\"TrpContentRestriction\":{\"restriction_type\":\"exclude\",\"selected_languages\":[],\"panel_open\":true},\"otterConditions\":[]} } );\n\t\/* ]]> *\/\n<\/script>\n<\/div><\/div><\/div>\n<\/div><\/div><\/div><\/div>\n\n\n\n<div style=\"height:50px\" aria-hidden=\"true\" class=\"wp-block-spacer\"><\/div>\n\n\n\n<h3 class=\"wp-block-heading has-text-align-center\">Sledujte n\u00e1s na soci\u00e1lnych sie\u0165ach<\/h3>\n\n\n\n<div class=\"wp-block-essential-blocks-social  root-eb-social-links-actg1\"><div class=\"eb-parent-wrapper eb-parent-eb-social-links-actg1 \"><div class=\"eb-social-links-actg1 eb-social-links-wrapper\"><ul class=\"eb-socials\"><li><a class=\"facebook-f-original  \" href=\"\" target=\"_self\" rel=\"noopener\" aria-label=\"social link\"><i class=\"hvr-icon eb-social-icon fab fa-facebook-f\"><\/i><\/a><\/li><li><a class=\"instagram-original  \" href=\"\" target=\"_self\" rel=\"noopener\" aria-label=\"social link\"><i class=\"hvr-icon eb-social-icon fab fa-instagram\"><\/i><\/a><\/li><li><a class=\"youtube-original  \" href=\"\" target=\"_self\" rel=\"noopener\" aria-label=\"social link\"><i class=\"hvr-icon eb-social-icon fab fa-youtube\"><\/i><\/a><\/li><\/ul><\/div><\/div><\/div>\n\n\n\n<div style=\"height:100px\" aria-hidden=\"true\" class=\"wp-block-spacer\"><\/div>\n","protected":false},"excerpt":{"rendered":"<p>Slovensk\u00e9 n\u00e1rodn\u00e9 m\u00fazeum V tomto m\u00fazeu nem\u00e1me moment\u00e1lne online predaj l\u00edstkov. L\u00edstky si m\u00f4\u017eete zak\u00fapi\u0165 na mieste v pokladni m\u00fazea. SNM \u2013 Pr\u00edrodovedn\u00e9 m\u00fazeum sa zameriava na v\u00fdskum, dokument\u00e1ciu a&hellip;&nbsp;<a href=\"https:\/\/snm-online.sk\/en\/prirodovedne-muzeum-2\/\" class=\"\" rel=\"bookmark\">Read More &raquo;<span class=\"screen-reader-text\">Natural History Museum, Bratislava<\/span><\/a><\/p>","protected":false},"author":2,"featured_media":0,"parent":0,"menu_order":0,"comment_status":"closed","ping_status":"closed","template":"","meta":{"_eb_attr":"","neve_meta_sidebar":"","neve_meta_container":"","neve_meta_enable_content_width":"","neve_meta_content_width":0,"neve_meta_title_alignment":"","neve_meta_author_avatar":"","neve_post_elements_order":"","neve_meta_disable_header":"","neve_meta_disable_footer":"","neve_meta_disable_title":"","_themeisle_gutenberg_block_has_review":false,"footnotes":""},"class_list":["post-2390","page","type-page","status-publish","hentry"],"_links":{"self":[{"href":"https:\/\/snm-online.sk\/en\/wp-json\/wp\/v2\/pages\/2390","targetHints":{"allow":["GET"]}}],"collection":[{"href":"https:\/\/snm-online.sk\/en\/wp-json\/wp\/v2\/pages"}],"about":[{"href":"https:\/\/snm-online.sk\/en\/wp-json\/wp\/v2\/types\/page"}],"author":[{"embeddable":true,"href":"https:\/\/snm-online.sk\/en\/wp-json\/wp\/v2\/users\/2"}],"replies":[{"embeddable":true,"href":"https:\/\/snm-online.sk\/en\/wp-json\/wp\/v2\/comments?post=2390"}],"version-history":[{"count":9,"href":"https:\/\/snm-online.sk\/en\/wp-json\/wp\/v2\/pages\/2390\/revisions"}],"predecessor-version":[{"id":3986,"href":"https:\/\/snm-online.sk\/en\/wp-json\/wp\/v2\/pages\/2390\/revisions\/3986"}],"wp:attachment":[{"href":"https:\/\/snm-online.sk\/en\/wp-json\/wp\/v2\/media?parent=2390"}],"curies":[{"name":"wp","href":"https:\/\/api.w.org\/{rel}","templated":true}]}}