{"id":2397,"date":"2024-10-30T16:00:29","date_gmt":"2024-10-30T15:00:29","guid":{"rendered":"https:\/\/snm-online.sk\/?page_id=2397"},"modified":"2026-03-25T14:12:24","modified_gmt":"2026-03-25T13:12:24","slug":"muzeum-ludovita-stura-v-modre","status":"publish","type":"page","link":"https:\/\/snm-online.sk\/en\/muzeum-ludovita-stura-v-modre\/","title":{"rendered":"M\u00fazeum \u013dudov\u00edta \u0160t\u00fara v Modre"},"content":{"rendered":"<h2 class=\"wp-block-heading\">Slovak National Museum<\/h2>\n\n\n\n<div id=\"wp-block-themeisle-blocks-advanced-columns-3df8366a\" class=\"wp-block-themeisle-blocks-advanced-columns has-2-columns has-desktop-equal-layout has-tablet-equal-layout has-mobile-collapsedRows-layout has-vertical-unset\"><div class=\"wp-block-themeisle-blocks-advanced-columns-overlay\"><\/div><div class=\"innerblocks-wrap\">\n<div id=\"wp-block-themeisle-blocks-advanced-column-cf67f5a9\" class=\"wp-block-themeisle-blocks-advanced-column\">\n<figure class=\"wp-block-image size-full has-custom-border\"><img loading=\"lazy\" decoding=\"async\" width=\"600\" height=\"400\" src=\"https:\/\/snm-online.sk\/wp-content\/uploads\/2024\/09\/Expozicia-Ludovit-Stur.jpg\" alt=\"\" class=\"wp-image-1709\" style=\"border-radius:8px;aspect-ratio:3\/2;object-fit:cover\" srcset=\"https:\/\/snm-online.sk\/wp-content\/uploads\/2024\/09\/Expozicia-Ludovit-Stur.jpg 600w, https:\/\/snm-online.sk\/wp-content\/uploads\/2024\/09\/Expozicia-Ludovit-Stur-300x200.jpg 300w\" sizes=\"auto, (max-width: 600px) 100vw, 600px\" \/><\/figure>\n<\/div>\n\n\n\n<div id=\"wp-block-themeisle-blocks-advanced-column-cdab4e58\" class=\"wp-block-themeisle-blocks-advanced-column\">\n<figure class=\"wp-block-image size-full has-custom-border\"><img loading=\"lazy\" decoding=\"async\" width=\"600\" height=\"400\" src=\"https:\/\/snm-online.sk\/wp-content\/uploads\/2024\/09\/Muzeum-Slovenskej-keramickej-plastiky.jpg\" alt=\"\" class=\"wp-image-1771\" style=\"border-radius:8px;aspect-ratio:3\/2;object-fit:cover\" srcset=\"https:\/\/snm-online.sk\/wp-content\/uploads\/2024\/09\/Muzeum-Slovenskej-keramickej-plastiky.jpg 600w, https:\/\/snm-online.sk\/wp-content\/uploads\/2024\/09\/Muzeum-Slovenskej-keramickej-plastiky-300x200.jpg 300w\" sizes=\"auto, (max-width: 600px) 100vw, 600px\" \/><\/figure>\n<\/div>\n<\/div><\/div>\n\n\n\n<div style=\"height:30px\" aria-hidden=\"true\" class=\"wp-block-spacer\"><\/div>\n\n\n\n<h5 class=\"wp-block-heading\">V tomto m\u00fazeu nem\u00e1me moment\u00e1lne online predaj l\u00edstkov. L\u00edstky si m\u00f4\u017eete zak\u00fapi\u0165 na mieste v pokladni m\u00fazea.<\/h5>\n\n\n\n<p>SNM &#8211; <strong>M\u00fazeum \u013dudov\u00edta \u0160t\u00fara <\/strong>vzniklo v roku 1965 v Modre, mieste \u0160t\u00farovho posledn\u00e9ho odpo\u010dinku. Od svojho vzniku sa zameriava na prezent\u00e1ciu a budovanie zbierkov\u00e9ho a \u0161tudijn\u00e9ho fondu najm\u00e4 k osobnosti \u013dudov\u00edta \u0160t\u00fara, a tie\u017e k hist\u00f3rii a kult\u00farnym i n\u00e1rodopisn\u00fdm trad\u00edci\u00e1m Modry a pri\u013eahl\u00e9ho regi\u00f3nu. Doteraz sa podarilo zozbiera\u0165 19 000-ov\u00fd kni\u017eni\u010dn\u00fd fond, roz\u010dlenen\u00fd na liter\u00e1rnohistorick\u00fa kni\u017enicu, odborn\u00fa kni\u017enicu, osobn\u00fa kni\u017enicu dr. Jozefa Ambru\u0161a a \u0161peci\u00e1lnu kni\u017enicu. Zbierkov\u00fd fond s vy\u0161e 5 000 predmetmi obsahuje najm\u00e4 n\u00e1rodopisn\u00e9 zbierky keramiky a \u013eudov\u00e9ho textilu, n\u00e1bytku a dreven\u00fdch \u010di kovov\u00fdch predmetov z dej\u00edn Modry. Arch\u00edvny fond ochra\u0148uje okolo 5 000 fotografi\u00ed a arch\u00edvnych jednotiek.&nbsp;<\/p>\n\n\n\n<p>M\u00fazeum \u013dudov\u00edta \u0160t\u00fara v s\u00fa\u010dasnosti pon\u00faka n\u00e1v\u0161tevn\u00edkom \u0161tyri st\u00e1le expoz\u00edcie: \u013dudov\u00edt \u0160t\u00far a modern\u00e9 Slovensko, Pam\u00e4tn\u00fa izbu \u013dudov\u00edta \u0160t\u00fara a M\u00fazeum slovenskej keramickej plastiky spolo\u010dne s Gal\u00e9riou Ign\u00e1ca Bizmayera.&nbsp;<\/p>\n\n\n\n<div id=\"wp-block-themeisle-blocks-advanced-columns-ecee0459\" class=\"wp-block-themeisle-blocks-advanced-columns has-1-columns has-desktop-equal-layout has-tablet-equal-layout has-mobile-equal-layout has-vertical-unset\"><div class=\"wp-block-themeisle-blocks-advanced-columns-overlay\"><\/div><div class=\"innerblocks-wrap\">\n<div id=\"wp-block-themeisle-blocks-advanced-column-ff72bafa\" class=\"wp-block-themeisle-blocks-advanced-column\"><\/div>\n<\/div><\/div>\n\n\n\n<div style=\"height:100px\" aria-hidden=\"true\" class=\"wp-block-spacer\"><\/div>\n\n\n\n<h4 class=\"wp-block-heading has-text-align-center\">Follow us on social media<\/h4>\n\n\n\n<div class=\"wp-block-essential-blocks-social  root-eb-social-links-m56oq\"><div class=\"eb-parent-wrapper eb-parent-eb-social-links-m56oq\"><div class=\"eb-social-links-m56oq eb-social-links-wrapper\"><ul class=\"eb-socials\"><li><a class=\"facebook-f-original\" href=\"https:\/\/www.facebook.com\/MuzeumLStura\/?locale=sk_SK\" target=\"_self\" rel=\"noopener\" aria-label=\"social link\"><i class=\"fab fa-facebook-f hvr-icon eb-social-icon\" icon=\"fab fa-facebook-f\"><\/i><\/a><\/li><li><a class=\"instagram-original\" href=\"https:\/\/www.instagram.com\/explore\/locations\/229578667169201\/snm-muzeum-l-stura-v-modre\/\" target=\"_self\" rel=\"noopener\" aria-label=\"social link\"><i class=\"fab fa-instagram hvr-icon eb-social-icon\" icon=\"fab fa-instagram\"><\/i><\/a><\/li><li><a class=\"youtube-original\" href=\"\" target=\"_self\" rel=\"noopener\" aria-label=\"social link\"><i class=\"fab fa-youtube hvr-icon eb-social-icon\" icon=\"fab fa-youtube\"><\/i><\/a><\/li><\/ul><\/div><\/div><\/div>\n\n\n\n<div id=\"wp-block-themeisle-blocks-popup-a6fde2ac\" class=\"wp-block-themeisle-blocks-popup is-front with-outside-button has-light-bg\" data-dismiss=\"\" data-time=\"0\" data-anchor=\"\" data-offset=\"\" data-outside=\"true\" data-anchorclose=\"\"><div class=\"otter-popup__modal_wrap\"><div role=\"presentation\" class=\"otter-popup__modal_wrap_overlay\"><\/div><div class=\"otter-popup__modal_content\"><div class=\"otter-popup__modal_header\"><button title=\"Close Button\" type=\"button\" class=\"components-button has-icon\"><svg width=\"24\" height=\"24\" xmlns=\"http:\/\/www.w3.org\/2000\/svg\" viewbox=\"0 0 24 24\" role=\"img\" aria-hidden=\"true\"><path d=\"M12 13.06l3.712 3.713 1.061-1.06L13.061 12l3.712-3.712-1.06-1.06L12 10.938 8.288 7.227l-1.061 1.06L10.939 12l-3.712 3.712 1.06 1.061L12 13.061z\"><\/path><\/svg><\/button><\/div><div class=\"otter-popup__modal_body\">\n<figure class=\"wp-block-image size-full\"><img loading=\"lazy\" decoding=\"async\" width=\"1920\" height=\"700\" src=\"https:\/\/snm-online.sk\/wp-content\/uploads\/2026\/03\/MSKP-presun_1920.jpg\" alt=\"\" class=\"wp-image-5158\" style=\"aspect-ratio:4\/3;object-fit:cover\" srcset=\"https:\/\/snm-online.sk\/wp-content\/uploads\/2026\/03\/MSKP-presun_1920.jpg 1920w, https:\/\/snm-online.sk\/wp-content\/uploads\/2026\/03\/MSKP-presun_1920-300x109.jpg 300w, https:\/\/snm-online.sk\/wp-content\/uploads\/2026\/03\/MSKP-presun_1920-1024x373.jpg 1024w, https:\/\/snm-online.sk\/wp-content\/uploads\/2026\/03\/MSKP-presun_1920-768x280.jpg 768w, https:\/\/snm-online.sk\/wp-content\/uploads\/2026\/03\/MSKP-presun_1920-1536x560.jpg 1536w, https:\/\/snm-online.sk\/wp-content\/uploads\/2026\/03\/MSKP-presun_1920-18x7.jpg 18w\" sizes=\"auto, (max-width: 1920px) 100vw, 1920px\" \/><\/figure>\n<\/div><\/div><\/div><\/div>\n\n\n\n<div style=\"height:100px\" aria-hidden=\"true\" class=\"wp-block-spacer\"><\/div>","protected":false},"excerpt":{"rendered":"<p>Slovensk\u00e9 n\u00e1rodn\u00e9 m\u00fazeum V tomto m\u00fazeu nem\u00e1me moment\u00e1lne online predaj l\u00edstkov. L\u00edstky si m\u00f4\u017eete zak\u00fapi\u0165 na mieste v pokladni m\u00fazea. SNM &#8211; M\u00fazeum \u013dudov\u00edta \u0160t\u00fara vzniklo v roku 1965 v&hellip;&nbsp;<a href=\"https:\/\/snm-online.sk\/en\/muzeum-ludovita-stura-v-modre\/\" class=\"\" rel=\"bookmark\">Read More &raquo;<span class=\"screen-reader-text\">M\u00fazeum \u013dudov\u00edta \u0160t\u00fara v Modre<\/span><\/a><\/p>","protected":false},"author":2,"featured_media":0,"parent":0,"menu_order":0,"comment_status":"closed","ping_status":"closed","template":"","meta":{"_eb_attr":"","neve_meta_sidebar":"","neve_meta_container":"","neve_meta_enable_content_width":"","neve_meta_content_width":0,"neve_meta_title_alignment":"","neve_meta_author_avatar":"","neve_post_elements_order":"","neve_meta_disable_header":"","neve_meta_disable_footer":"","neve_meta_disable_title":"","_themeisle_gutenberg_block_has_review":false,"footnotes":""},"class_list":["post-2397","page","type-page","status-publish","hentry"],"_links":{"self":[{"href":"https:\/\/snm-online.sk\/en\/wp-json\/wp\/v2\/pages\/2397","targetHints":{"allow":["GET"]}}],"collection":[{"href":"https:\/\/snm-online.sk\/en\/wp-json\/wp\/v2\/pages"}],"about":[{"href":"https:\/\/snm-online.sk\/en\/wp-json\/wp\/v2\/types\/page"}],"author":[{"embeddable":true,"href":"https:\/\/snm-online.sk\/en\/wp-json\/wp\/v2\/users\/2"}],"replies":[{"embeddable":true,"href":"https:\/\/snm-online.sk\/en\/wp-json\/wp\/v2\/comments?post=2397"}],"version-history":[{"count":39,"href":"https:\/\/snm-online.sk\/en\/wp-json\/wp\/v2\/pages\/2397\/revisions"}],"predecessor-version":[{"id":5175,"href":"https:\/\/snm-online.sk\/en\/wp-json\/wp\/v2\/pages\/2397\/revisions\/5175"}],"wp:attachment":[{"href":"https:\/\/snm-online.sk\/en\/wp-json\/wp\/v2\/media?parent=2397"}],"curies":[{"name":"wp","href":"https:\/\/api.w.org\/{rel}","templated":true}]}}