{"id":2412,"date":"2024-11-12T13:34:52","date_gmt":"2024-11-12T12:34:52","guid":{"rendered":"https:\/\/snm-online.sk\/?page_id=2412"},"modified":"2025-07-04T14:29:13","modified_gmt":"2025-07-04T12:29:13","slug":"muzeum-kultury-chorvatov-na-slovensku","status":"publish","type":"page","link":"https:\/\/snm-online.sk\/en\/muzeum-kultury-chorvatov-na-slovensku\/","title":{"rendered":"Museum of Croatian Culture in Slovakia"},"content":{"rendered":"\n<h2 class=\"wp-block-heading\">Slovensk\u00e9 n\u00e1rodn\u00e9 m\u00fazeum<\/h2>\n\n\n\n<div id=\"wp-block-themeisle-blocks-advanced-columns-b7edbb04\" class=\"wp-block-themeisle-blocks-advanced-columns has-2-columns has-desktop-equal-layout has-tablet-equal-layout has-mobile-collapsedRows-layout has-vertical-unset\"><div class=\"wp-block-themeisle-blocks-advanced-columns-overlay\"><\/div><div class=\"innerblocks-wrap\">\n<div id=\"wp-block-themeisle-blocks-advanced-column-9e4f1005\" class=\"wp-block-themeisle-blocks-advanced-column\">\n<figure class=\"wp-block-image size-full has-custom-border\"><img loading=\"lazy\" decoding=\"async\" width=\"600\" height=\"400\" src=\"https:\/\/snm-online.sk\/wp-content\/uploads\/2024\/09\/muzeum-kultury-chorvatov-na-slovensku.jpg\" alt=\"\" class=\"wp-image-1798\" style=\"border-radius:8px;aspect-ratio:3\/2;object-fit:cover\" srcset=\"https:\/\/snm-online.sk\/wp-content\/uploads\/2024\/09\/muzeum-kultury-chorvatov-na-slovensku.jpg 600w, https:\/\/snm-online.sk\/wp-content\/uploads\/2024\/09\/muzeum-kultury-chorvatov-na-slovensku-300x200.jpg 300w\" sizes=\"auto, (max-width: 600px) 100vw, 600px\" \/><\/figure>\n<\/div>\n\n\n\n<div id=\"wp-block-themeisle-blocks-advanced-column-cc4fd411\" class=\"wp-block-themeisle-blocks-advanced-column\">\n<figure class=\"wp-block-image size-large has-custom-border\"><img loading=\"lazy\" decoding=\"async\" width=\"1024\" height=\"466\" src=\"https:\/\/snm-online.sk\/wp-content\/uploads\/2024\/10\/Mzeum-Chorvatov-indoor-1024x466.jpg\" alt=\"\" class=\"wp-image-2413\" style=\"border-radius:8px;aspect-ratio:3\/2;object-fit:cover\" srcset=\"https:\/\/snm-online.sk\/wp-content\/uploads\/2024\/10\/Mzeum-Chorvatov-indoor-1024x466.jpg 1024w, https:\/\/snm-online.sk\/wp-content\/uploads\/2024\/10\/Mzeum-Chorvatov-indoor-300x137.jpg 300w, https:\/\/snm-online.sk\/wp-content\/uploads\/2024\/10\/Mzeum-Chorvatov-indoor-768x349.jpg 768w, https:\/\/snm-online.sk\/wp-content\/uploads\/2024\/10\/Mzeum-Chorvatov-indoor.jpg 1200w\" sizes=\"auto, (max-width: 1024px) 100vw, 1024px\" \/><\/figure>\n<\/div>\n<\/div><\/div>\n\n\n\n<div style=\"height:30px\" aria-hidden=\"true\" class=\"wp-block-spacer\"><\/div>\n\n\n\n<h5 class=\"wp-block-heading has-text-align-left\">V tomto m\u00fazeu nem\u00e1me moment\u00e1lne online predaj l\u00edstkov. L\u00edstky si m\u00f4\u017eete zak\u00fapi\u0165 na mieste v pokladni m\u00fazea.<\/h5>\n\n\n\n<p>V roku 1996 vzniklo na p\u00f4de SNM \u2013 Historick\u00e9ho m\u00fazea Dokumenta\u010dn\u00e9 centrum chorv\u00e1tskej kult\u00fary ako pracovisko zameran\u00e9 na hist\u00f3riu a kult\u00faru chorv\u00e1tskej n\u00e1rodnostnej men\u0161iny na Slovensku.&nbsp;<\/p>\n\n\n\n<p>Od svojho po\u010diatku smerovalo k postaveniu samostatn\u00e9ho \u0161pecializovan\u00e9ho n\u00e1rodnostn\u00e9ho m\u00fazea s celo\u0161t\u00e1tnou p\u00f4sobnos\u0165ou, p\u00f4sobiaceho v sieti Slovensk\u00e9ho n\u00e1rodn\u00e9ho m\u00fazea podobne ako ostatn\u00e9 minoritn\u00e9 m\u00faze\u00e1. Tento proces sa uskuto\u010dnil v roku 2006. Pracovisko sa pres\u0165ahovalo do novej budovy, postavenej na tieto \u00fa\u010dely na Istrijskej ulici v Dev\u00ednskej Novej Vsi.&nbsp;<\/p>\n\n\n\n<p>M\u00fazeum je dokumenta\u010dn\u00fdm, vedeckov\u00fdskumn\u00fdm a metodick\u00fdm m\u00fazejn\u00fdm pracoviskom zameran\u00fdm na dejiny a kult\u00faru Chorv\u00e1tov na Slovensku od ich pr\u00edchodu na \u00fazemie dne\u0161n\u00e9ho Slovenska a\u017e po s\u00fa\u010dasnos\u0165. M\u00fazeum zhroma\u017e\u010fuje, ochra\u0148uje, odborne spracov\u00e1va a prezentuje hmotn\u00e9 doklady s\u00favisiace s jeho profil\u00e1ciou.&nbsp;<\/p>\n\n\n\n<div style=\"height:30px\" aria-hidden=\"true\" class=\"wp-block-spacer\"><\/div>\n\n\n\n<div class=\"wp-block-essential-blocks-accordion  root-eb-accordion-7wuvo\"><div class=\"eb-parent-wrapper eb-parent-eb-accordion-7wuvo \"><div class=\"eb-accordion-container eb-accordion-7wuvo\" data-accordion-type=\"accordion\" data-tab-icon=\"fas fa-angle-right\" data-expanded-icon=\"fas fa-angle-down\" data-transition-duration=\"500\"><div class=\"eb-accordion-inner\">\n<div class=\"wp-block-essential-blocks-accordion-item eb-accordion-item-ag5pn eb-accordion-wrapper\" data-clickable=\"false\"><div class=\"eb-accordion-title-wrapper eb-accordion-title-wrapper-eb-accordion-7wuvo\" tabindex=\"0\"><span class=\"eb-accordion-icon-wrapper eb-accordion-icon-wrapper-eb-accordion-7wuvo\"><span class=\"fas fa-angle-right eb-accordion-icon\"><\/span><\/span><div class=\"eb-accordion-title-content-wrap title-content-eb-accordion-7wuvo\"><h3 class=\"eb-accordion-title\">Otv\u00e1racie hodiny<\/h3><\/div><\/div><div class=\"eb-accordion-content-wrapper eb-accordion-content-wrapper-eb-accordion-7wuvo\"><div class=\"eb-accordion-content\">\n<p class=\"has-neve-text-color-color has-text-color has-link-color wp-elements-dabec5623753713d9670640f2933b38e\"><strong>Zimn\u00e1 sez\u00f3na<\/strong><\/p>\n\n\n\n<p class=\"has-neve-text-color-color has-text-color has-link-color wp-elements-06d8ad2ab5fdcfcd031017396d5e275f\">od 1. novembra do 31. marca&nbsp;<\/p>\n\n\n\n<p class=\"has-neve-text-color-color has-text-color has-link-color wp-elements-02dd407c6d2444f83b7f196fba6bf91d\">Utorok &#8211; piatok: od 11.00 do 16.00 h. Posledn\u00fd vstup o 15.30 h<br>Sobota, nede\u013ea: zatvoren\u00e9&nbsp;<\/p>\n\n\n\n<p class=\"has-neve-text-color-color has-text-color has-link-color wp-elements-b5dd1383b808c09c311189cdab58baac\"><strong>Letn\u00e1 sez\u00f3na&nbsp;<\/strong><\/p>\n\n\n\n<p class=\"has-neve-text-color-color has-text-color has-link-color wp-elements-31b852c784d73476cba6890236bedf0c\">od 1.apr\u00edla do 31. okt\u00f3bra&nbsp;<strong>&nbsp;<\/strong><\/p>\n\n\n\n<p class=\"has-neve-text-color-color has-text-color has-link-color wp-elements-f22eb68e1df9d8a6c8c195ef80ed68ed\">Utorok &#8211; piatok: od 11.00 do 17.00 h. Posledn\u00fd vstup o 16.30 h<br>Sobota, nede\u013ea: zatvoren\u00e9<\/p>\n<\/div><\/div><\/div>\n\n\n\n<div class=\"wp-block-essential-blocks-accordion-item eb-accordion-item-w35f6 eb-accordion-wrapper\" data-clickable=\"false\"><div class=\"eb-accordion-title-wrapper eb-accordion-title-wrapper-eb-accordion-7wuvo\" tabindex=\"0\"><span class=\"eb-accordion-icon-wrapper eb-accordion-icon-wrapper-eb-accordion-7wuvo\"><span class=\"fas fa-angle-right eb-accordion-icon\"><\/span><\/span><div class=\"eb-accordion-title-content-wrap title-content-eb-accordion-7wuvo\"><h3 class=\"eb-accordion-title\">Kontakt<\/h3><\/div><\/div><div class=\"eb-accordion-content-wrapper eb-accordion-content-wrapper-eb-accordion-7wuvo\"><div class=\"eb-accordion-content\">\n<p class=\"has-neve-text-color-color has-text-color has-link-color wp-elements-1e09bf2c6cb13785be2435b30209e828\"><strong>S\u00eddlo<\/strong>&nbsp;<\/p>\n\n\n\n<p class=\"has-neve-text-color-color has-text-color has-link-color wp-elements-de3e73e942c6942a60564f96fd924a94\">SNM \u2013 M\u00fazeum kult\u00fary Chorv\u00e1tov na Slovensku<br>Istrijsk\u00e1 68<br>841 07 Bratislava&nbsp;\u2013 Dev\u00ednska Nov\u00e1 Ves&nbsp;<\/p>\n\n\n\n<p class=\"has-neve-text-color-color has-text-color has-link-color wp-elements-aaf474e73c7dfece75450458be509187\"><strong>Kontakt&nbsp;<\/strong><\/p>\n\n\n\n<p class=\"has-neve-text-color-color has-text-color has-link-color wp-elements-6c4521b11f9a75ed1cd2b3385975dbe0\">tel.: +421 2 204 931 01; +421 2 204 931 02;<br>+421 915 807 494<br>e-mail: mkchs@snm.sk&nbsp;<\/p>\n<\/div><\/div><\/div>\n\n\n\n<div class=\"wp-block-essential-blocks-accordion-item eb-accordion-item-jk20y eb-accordion-wrapper\" data-clickable=\"false\"><div class=\"eb-accordion-title-wrapper eb-accordion-title-wrapper-eb-accordion-7wuvo\" tabindex=\"0\"><span class=\"eb-accordion-icon-wrapper eb-accordion-icon-wrapper-eb-accordion-7wuvo\"><span class=\"fas fa-angle-right eb-accordion-icon\"><\/span><\/span><div class=\"eb-accordion-title-content-wrap title-content-eb-accordion-7wuvo\"><h3 class=\"eb-accordion-title\">Kde n\u00e1s n\u00e1jdete<\/h3><\/div><\/div><div class=\"eb-accordion-content-wrapper eb-accordion-content-wrapper-eb-accordion-7wuvo\"><div class=\"eb-accordion-content\"><div style=\"height:400pxpx;\" class=\"wp-block-themeisle-blocks-leaflet-map\" id=\"wp-block-themeisle-blocks-leaflet-map-6c27c928\"><\/div>\n<script type=\"text\/javascript\">\n\t\/* <![CDATA[ *\/\n\t\tif ( ! window.themeisleLeafletMaps ) window.themeisleLeafletMaps =[];\n\t\twindow.themeisleLeafletMaps.push( { container: \"wp-block-themeisle-blocks-leaflet-map-6c27c928\", attributes: {\"id\":\"wp-block-themeisle-blocks-leaflet-map-6c27c928\",\"location\":\"Slovakia Bratislava\",\"latitude\":\"48.21180522147898\",\"longitude\":\"16.97460724646752\",\"bbox\":\"16.974606513977054,48.21180522147898,16.974606513977054,48.21180522147898\",\"zoom\":15,\"markers\":[{\"id\":\"32f1dfca-c439-42b6-99e0-e0c9054cd3b9\",\"latitude\":48.21212337188445218316701357252895832061767578125,\"longitude\":16.9739790956935650001469184644520282745361328125,\"title\":\"SNM - M\\u00fazeum kult\\u00fary Chorv\\u00e1tov na Slovensku\",\"description\":\"\"}],\"height\":\"400px\",\"zoomControl\":true,\"draggable\":true,\"hasCustomCSS\":false,\"customCSS\":\"\",\"TrpContentRestriction\":{\"restriction_type\":\"exclude\",\"selected_languages\":[],\"panel_open\":true},\"otterConditions\":[]} } );\n\t\/* ]]> *\/\n<\/script>\n<\/div><\/div><\/div>\n<\/div><\/div><\/div><\/div>\n\n\n\n<div style=\"height:50px\" aria-hidden=\"true\" class=\"wp-block-spacer\"><\/div>\n\n\n\n<h3 class=\"wp-block-heading has-text-align-center\">Sledujte n\u00e1s na soci\u00e1lnych sie\u0165ach<\/h3>\n\n\n\n<div class=\"wp-block-essential-blocks-social  root-eb-social-links-9006z\"><div class=\"eb-parent-wrapper eb-parent-eb-social-links-9006z \"><div class=\"eb-social-links-9006z eb-social-links-wrapper\"><ul class=\"eb-socials\"><li><a class=\"facebook-f-original  \" href=\"\" target=\"_self\" rel=\"noopener\" aria-label=\"social link\"><i class=\"hvr-icon eb-social-icon fab fa-facebook-f\"><\/i><\/a><\/li><li><a class=\"instagram-original  \" href=\"\" target=\"_self\" rel=\"noopener\" aria-label=\"social link\"><i class=\"hvr-icon eb-social-icon fab fa-instagram\"><\/i><\/a><\/li><li><a class=\"youtube-original  \" href=\"\" target=\"_self\" rel=\"noopener\" aria-label=\"social link\"><i class=\"hvr-icon eb-social-icon fab fa-youtube\"><\/i><\/a><\/li><\/ul><\/div><\/div><\/div>\n\n\n\n<div style=\"height:100px\" aria-hidden=\"true\" class=\"wp-block-spacer\"><\/div>\n","protected":false},"excerpt":{"rendered":"<p>Slovensk\u00e9 n\u00e1rodn\u00e9 m\u00fazeum V tomto m\u00fazeu nem\u00e1me moment\u00e1lne online predaj l\u00edstkov. L\u00edstky si m\u00f4\u017eete zak\u00fapi\u0165 na mieste v pokladni m\u00fazea. V roku 1996 vzniklo na p\u00f4de SNM \u2013 Historick\u00e9ho m\u00fazea&hellip;&nbsp;<a href=\"https:\/\/snm-online.sk\/en\/muzeum-kultury-chorvatov-na-slovensku\/\" class=\"\" rel=\"bookmark\">Read More &raquo;<span class=\"screen-reader-text\">Museum of Croatian Culture in Slovakia<\/span><\/a><\/p>","protected":false},"author":2,"featured_media":0,"parent":0,"menu_order":0,"comment_status":"closed","ping_status":"closed","template":"","meta":{"_eb_attr":"","neve_meta_sidebar":"","neve_meta_container":"","neve_meta_enable_content_width":"","neve_meta_content_width":0,"neve_meta_title_alignment":"","neve_meta_author_avatar":"","neve_post_elements_order":"","neve_meta_disable_header":"","neve_meta_disable_footer":"","neve_meta_disable_title":"","_themeisle_gutenberg_block_has_review":false,"footnotes":""},"class_list":["post-2412","page","type-page","status-publish","hentry"],"_links":{"self":[{"href":"https:\/\/snm-online.sk\/en\/wp-json\/wp\/v2\/pages\/2412","targetHints":{"allow":["GET"]}}],"collection":[{"href":"https:\/\/snm-online.sk\/en\/wp-json\/wp\/v2\/pages"}],"about":[{"href":"https:\/\/snm-online.sk\/en\/wp-json\/wp\/v2\/types\/page"}],"author":[{"embeddable":true,"href":"https:\/\/snm-online.sk\/en\/wp-json\/wp\/v2\/users\/2"}],"replies":[{"embeddable":true,"href":"https:\/\/snm-online.sk\/en\/wp-json\/wp\/v2\/comments?post=2412"}],"version-history":[{"count":13,"href":"https:\/\/snm-online.sk\/en\/wp-json\/wp\/v2\/pages\/2412\/revisions"}],"predecessor-version":[{"id":4021,"href":"https:\/\/snm-online.sk\/en\/wp-json\/wp\/v2\/pages\/2412\/revisions\/4021"}],"wp:attachment":[{"href":"https:\/\/snm-online.sk\/en\/wp-json\/wp\/v2\/media?parent=2412"}],"curies":[{"name":"wp","href":"https:\/\/api.w.org\/{rel}","templated":true}]}}