{"id":2421,"date":"2024-11-12T13:24:57","date_gmt":"2024-11-12T12:24:57","guid":{"rendered":"https:\/\/snm-online.sk\/?page_id=2421"},"modified":"2025-07-01T15:09:19","modified_gmt":"2025-07-01T13:09:19","slug":"muzeum-zidovskej-kultury","status":"publish","type":"page","link":"https:\/\/snm-online.sk\/en\/muzeum-zidovskej-kultury\/","title":{"rendered":"Museum of Jewish Culture, Bratislava"},"content":{"rendered":"\n<h2 class=\"wp-block-heading\">Slovensk\u00e9 n\u00e1rodn\u00e9 m\u00fazeum<\/h2>\n\n\n\n<div style=\"height:20px\" aria-hidden=\"true\" class=\"wp-block-spacer\"><\/div>\n\n\n\n<div id=\"wp-block-themeisle-blocks-advanced-columns-5b43bd98\" class=\"wp-block-themeisle-blocks-advanced-columns has-2-columns has-desktop-equal-layout has-tablet-equal-layout has-mobile-collapsedRows-layout has-vertical-unset\"><div class=\"wp-block-themeisle-blocks-advanced-columns-overlay\"><\/div><div class=\"innerblocks-wrap\">\n<div id=\"wp-block-themeisle-blocks-advanced-column-eb912039\" class=\"wp-block-themeisle-blocks-advanced-column\">\n<figure class=\"wp-block-image size-full has-custom-border\"><img loading=\"lazy\" decoding=\"async\" width=\"700\" height=\"400\" src=\"https:\/\/snm-online.sk\/wp-content\/uploads\/2024\/09\/Zidovske-muzeum-1.jpg\" alt=\"\" class=\"wp-image-1796\" style=\"border-radius:8px;aspect-ratio:3\/2;object-fit:cover\" srcset=\"https:\/\/snm-online.sk\/wp-content\/uploads\/2024\/09\/Zidovske-muzeum-1.jpg 700w, https:\/\/snm-online.sk\/wp-content\/uploads\/2024\/09\/Zidovske-muzeum-1-300x171.jpg 300w\" sizes=\"auto, (max-width: 700px) 100vw, 700px\" \/><\/figure>\n<\/div>\n\n\n\n<div id=\"wp-block-themeisle-blocks-advanced-column-8dfc14a1\" class=\"wp-block-themeisle-blocks-advanced-column\">\n<figure class=\"wp-block-image size-full is-resized has-custom-border\"><img loading=\"lazy\" decoding=\"async\" width=\"600\" height=\"400\" src=\"https:\/\/snm-online.sk\/wp-content\/uploads\/2024\/10\/Zidovske-muzeum-obr.jpg\" alt=\"\" class=\"wp-image-2427\" style=\"border-radius:8px;object-fit:cover;width:564px;height:auto\" srcset=\"https:\/\/snm-online.sk\/wp-content\/uploads\/2024\/10\/Zidovske-muzeum-obr.jpg 600w, https:\/\/snm-online.sk\/wp-content\/uploads\/2024\/10\/Zidovske-muzeum-obr-300x200.jpg 300w\" sizes=\"auto, (max-width: 600px) 100vw, 600px\" \/><\/figure>\n<\/div>\n<\/div><\/div>\n\n\n\n<div style=\"height:30px\" aria-hidden=\"true\" class=\"wp-block-spacer\"><\/div>\n\n\n\n<h5 class=\"wp-block-heading\">V tomto m\u00fazeu nem\u00e1me moment\u00e1lne online predaj l\u00edstkov. L\u00edstky si m\u00f4\u017eete zak\u00fapi\u0165 na mieste v pokladni m\u00fazea.<\/h5>\n\n\n\n<p><strong>M\u00fazeum \u017eidovskej kult\u00fary<\/strong> je s\u00fa\u010das\u0165ou Slovensk\u00e9ho n\u00e1rodn\u00e9ho m\u00fazea. Pracovisk\u00e1 m\u00fazea sa nach\u00e1dzaj\u00fa v budove SNM \u2013 M\u017dK na \u017didovskej ulici \u010d. 17 v Bratislave.&nbsp;<\/p>\n\n\n\n<p>\u010cinnos\u0165 m\u00fazea je zameran\u00e1 na v\u00fdvin duchovnej a hmotnej \u017eidovskej kult\u00fary a dokument\u00e1ciu holokaustu na Slovensku. K hlavn\u00fdm aktivit\u00e1m m\u00fazea patr\u00ed zbierkov\u00e1, dokumenta\u010dn\u00e1 a n\u00e1sledn\u00e1 prezenta\u010dn\u00e1 \u010dinnos\u0165. Jeho snahou je zachr\u00e1ni\u0165 pred zni\u010den\u00edm, zabudnut\u00edm alebo v\u00fdvozom do zahrani\u010dia trojrozmern\u00e9 judaik\u00e1, dokumenty, obrazy \u010di spomienkov\u00e9 predmety a prezentova\u0165 ich \u0161irokej verejnosti formou expoz\u00edci\u00ed a v\u00fdstav. V\u00fdsledky s\u00fa pozoruhodn\u00e9 a hovoria sami za seba. Pri otvoren\u00ed m\u00fazea predstavovalo zbierku m\u00fazea len 5 % vlastn\u00fdch predmetov z\u00edskan\u00fdch k\u00fapou, a\u017e 95 % predmetov bolo po\u017ei\u010dan\u00fdch od r\u00f4znych \u017eidovsk\u00fdch n\u00e1bo\u017eensk\u00fdch obc\u00ed. Dnes predstavuj\u00fa p\u00f4\u017ei\u010dky len 20 kusov z celkov\u00e9ho po\u010dtu zbierkov\u00fdch predmetov, 50 % s\u00fa dary. Sprievodn\u00fdm faktom darcovstva je i predstava darcov, \u017ee predmety bud\u00fa odborne o\u0161etren\u00e9 a spr\u00edstupnen\u00e9 verejnosti.&nbsp;&nbsp;<\/p>\n\n\n\n<div style=\"height:50px\" aria-hidden=\"true\" class=\"wp-block-spacer\"><\/div>\n\n\n\n<div class=\"wp-block-essential-blocks-accordion  root-eb-accordion-j2fzn\"><div class=\"eb-parent-wrapper eb-parent-eb-accordion-j2fzn \"><div class=\"eb-accordion-container eb-accordion-j2fzn\" data-accordion-type=\"accordion\" data-tab-icon=\"fas fa-angle-right\" data-expanded-icon=\"fas fa-angle-down\" data-transition-duration=\"500\"><div class=\"eb-accordion-inner\">\n<div class=\"wp-block-essential-blocks-accordion-item eb-accordion-item-326wh eb-accordion-wrapper\" data-clickable=\"false\"><div class=\"eb-accordion-title-wrapper eb-accordion-title-wrapper-eb-accordion-j2fzn\" tabindex=\"0\"><span class=\"eb-accordion-icon-wrapper eb-accordion-icon-wrapper-eb-accordion-j2fzn\"><span class=\"fas fa-angle-right eb-accordion-icon\"><\/span><\/span><div class=\"eb-accordion-title-content-wrap title-content-eb-accordion-j2fzn\"><h3 class=\"eb-accordion-title\">Otv\u00e1racie hodiny<\/h3><\/div><\/div><div class=\"eb-accordion-content-wrapper eb-accordion-content-wrapper-eb-accordion-j2fzn\"><div class=\"eb-accordion-content\">\n<h6 class=\"wp-block-heading has-neve-text-color-color has-text-color has-link-color wp-elements-7d2a1d9818eec975bded707fa7d36131\"><strong>Be\u017en\u00e9 otv\u00e1racie hodiny<\/strong><\/h6>\n\n\n\n<p class=\"has-neve-text-color-color has-text-color has-link-color wp-elements-399e3228eb780ad532138cc0fd70aa0b\">nede\u013ea &#8211; piatok: 11.00 &#8211; 17.00 h<br>sobota: zatvoren\u00e9<\/p>\n\n\n\n<p class=\"has-neve-text-color-color has-text-color has-link-color wp-elements-f8c453c330d2d888a718e6d623fd440e\"><strong>Synag\u00f3ga v Pre\u0161ove<\/strong>&nbsp;<\/p>\n\n\n\n<p class=\"has-neve-text-color-color has-text-color has-link-color wp-elements-30b2beffac9235e16d003437685a6bf9\">Expoz\u00edcia v synag\u00f3ge v Pre\u0161ove je ka\u017edoro\u010dne zatvoren\u00e1 na sviatky Ro\u0161 ha-\u0161ana (Nov\u00fd rok) a Jom kipur (sviatky s\u00fa pohybliv\u00e9 a ka\u017ed\u00fd rok sa sl\u00e1via v inom d\u00e1tume).&nbsp;<\/p>\n<\/div><\/div><\/div>\n\n\n\n<div class=\"wp-block-essential-blocks-accordion-item eb-accordion-item-6eu66 eb-accordion-wrapper\" data-clickable=\"false\"><div class=\"eb-accordion-title-wrapper eb-accordion-title-wrapper-eb-accordion-j2fzn\" tabindex=\"0\"><span class=\"eb-accordion-icon-wrapper eb-accordion-icon-wrapper-eb-accordion-j2fzn\"><span class=\"fas fa-angle-right eb-accordion-icon\"><\/span><\/span><div class=\"eb-accordion-title-content-wrap title-content-eb-accordion-j2fzn\"><h3 class=\"eb-accordion-title\">Kontakt<\/h3><\/div><\/div><div class=\"eb-accordion-content-wrapper eb-accordion-content-wrapper-eb-accordion-j2fzn\"><div class=\"eb-accordion-content\">\n<h6 class=\"wp-block-heading has-neve-text-color-color has-text-color has-link-color wp-elements-2a7d4876f684c0e2c15293ffd4593aad\"><strong>S\u00eddlo&nbsp;<\/strong><\/h6>\n\n\n\n<p class=\"has-neve-text-color-color has-text-color has-link-color wp-elements-e91debd9a729e5c351b9ca9f7a31124c\">Zsigrayova k\u00faria<br>\u017didovsk\u00e1 17,<br>811 01 Bratislava&nbsp;<\/p>\n\n\n\n<h6 class=\"wp-block-heading has-neve-text-color-color has-text-color has-link-color wp-elements-ad74100c9f92a944e6c0cda7224177c8\"><strong>Sekretari\u00e1t M\u017dK<\/strong>&nbsp;&nbsp;<\/h6>\n\n\n\n<p class=\"has-neve-text-color-color has-text-color has-link-color wp-elements-9de4c253f7bb58d94920489ab085ed07\">telef\u00f3n:&nbsp; +421 2 204 90 101<br>&nbsp; &nbsp; &nbsp; &nbsp; &nbsp; &nbsp; &nbsp;+421 905 723 658<br>e-mail:&nbsp;&nbsp;&nbsp;sekretariat.mzk@snm.sk&nbsp;<\/p>\n<\/div><\/div><\/div>\n\n\n\n<div class=\"wp-block-essential-blocks-accordion-item eb-accordion-item-j3mxo eb-accordion-wrapper\" data-clickable=\"false\"><div class=\"eb-accordion-title-wrapper eb-accordion-title-wrapper-eb-accordion-j2fzn\" tabindex=\"0\"><span class=\"eb-accordion-icon-wrapper eb-accordion-icon-wrapper-eb-accordion-j2fzn\"><span class=\"fas fa-angle-right eb-accordion-icon\"><\/span><\/span><div class=\"eb-accordion-title-content-wrap title-content-eb-accordion-j2fzn\"><h3 class=\"eb-accordion-title\">Kde n\u00e1s n\u00e1jdete<\/h3><\/div><\/div><div class=\"eb-accordion-content-wrapper eb-accordion-content-wrapper-eb-accordion-j2fzn\"><div class=\"eb-accordion-content\"><div style=\"height:400pxpx;\" class=\"wp-block-themeisle-blocks-leaflet-map\" id=\"wp-block-themeisle-blocks-leaflet-map-b9e77e06\"><\/div>\n<script type=\"text\/javascript\">\n\t\/* <![CDATA[ *\/\n\t\tif ( ! window.themeisleLeafletMaps ) window.themeisleLeafletMaps =[];\n\t\twindow.themeisleLeafletMaps.push( { container: \"wp-block-themeisle-blocks-leaflet-map-b9e77e06\", attributes: {\"id\":\"wp-block-themeisle-blocks-leaflet-map-b9e77e06\",\"location\":\"Slovakia Bratislava\",\"latitude\":\"48.14394043850711\",\"longitude\":\"17.103780070716677\",\"bbox\":\"17.10378170013428,48.14394043850711,17.10378170013428,48.14394043850711\",\"zoom\":16,\"markers\":[{\"id\":\"ba632293-d5c0-4a6a-a9a2-caa57c51361c\",\"latitude\":48.1440585608762603442301042377948760986328125,\"longitude\":17.103454582750341472774380235932767391204833984375,\"title\":\"SNM - M\\u00fazeum \\u017eidovskej kult\\u00fary\",\"description\":\"\"}],\"height\":\"400px\",\"zoomControl\":true,\"draggable\":true,\"hasCustomCSS\":false,\"customCSS\":\"\",\"TrpContentRestriction\":{\"restriction_type\":\"exclude\",\"selected_languages\":[],\"panel_open\":true},\"otterConditions\":[]} } );\n\t\/* ]]> *\/\n<\/script>\n<\/div><\/div><\/div>\n<\/div><\/div><\/div><\/div>\n\n\n\n<div style=\"height:50px\" aria-hidden=\"true\" class=\"wp-block-spacer\"><\/div>\n\n\n\n<h3 class=\"wp-block-heading has-text-align-center\">Sledujte n\u00e1s na soci\u00e1lnych sie\u0165ach<\/h3>\n\n\n\n<div class=\"wp-block-essential-blocks-social  root-eb-social-links-yqpqt\"><div class=\"eb-parent-wrapper eb-parent-eb-social-links-yqpqt \"><div class=\"eb-social-links-yqpqt eb-social-links-wrapper\"><ul class=\"eb-socials\"><li><a class=\"facebook-f-original  \" href=\"https:\/\/www.facebook.com\/MuzeumZidovskejKultury\/?locale=sk_SK\" target=\"_blank\" rel=\"noopener\" aria-label=\"social link\"><i class=\"hvr-icon eb-social-icon fab fa-facebook-f\"><\/i><\/a><\/li><li><a class=\"instagram-original  \" href=\"\" target=\"_self\" rel=\"noopener\" aria-label=\"social link\"><i class=\"hvr-icon eb-social-icon fab fa-instagram\"><\/i><\/a><\/li><li><a class=\"youtube-original  \" href=\"\" target=\"_self\" rel=\"noopener\" aria-label=\"social link\"><i class=\"hvr-icon eb-social-icon fab fa-youtube\"><\/i><\/a><\/li><\/ul><\/div><\/div><\/div>\n\n\n\n<div style=\"height:100px\" aria-hidden=\"true\" class=\"wp-block-spacer\"><\/div>\n","protected":false},"excerpt":{"rendered":"<p>Slovensk\u00e9 n\u00e1rodn\u00e9 m\u00fazeum V tomto m\u00fazeu nem\u00e1me moment\u00e1lne online predaj l\u00edstkov. L\u00edstky si m\u00f4\u017eete zak\u00fapi\u0165 na mieste v pokladni m\u00fazea. M\u00fazeum \u017eidovskej kult\u00fary je s\u00fa\u010das\u0165ou Slovensk\u00e9ho n\u00e1rodn\u00e9ho m\u00fazea. Pracovisk\u00e1 m\u00fazea&hellip;&nbsp;<a href=\"https:\/\/snm-online.sk\/en\/muzeum-zidovskej-kultury\/\" class=\"\" rel=\"bookmark\">Read More &raquo;<span class=\"screen-reader-text\">Museum of Jewish Culture, Bratislava<\/span><\/a><\/p>","protected":false},"author":2,"featured_media":0,"parent":0,"menu_order":0,"comment_status":"closed","ping_status":"closed","template":"","meta":{"_eb_attr":"","neve_meta_sidebar":"","neve_meta_container":"","neve_meta_enable_content_width":"","neve_meta_content_width":0,"neve_meta_title_alignment":"","neve_meta_author_avatar":"","neve_post_elements_order":"","neve_meta_disable_header":"","neve_meta_disable_footer":"","neve_meta_disable_title":"","_themeisle_gutenberg_block_has_review":false,"footnotes":""},"class_list":["post-2421","page","type-page","status-publish","hentry"],"_links":{"self":[{"href":"https:\/\/snm-online.sk\/en\/wp-json\/wp\/v2\/pages\/2421","targetHints":{"allow":["GET"]}}],"collection":[{"href":"https:\/\/snm-online.sk\/en\/wp-json\/wp\/v2\/pages"}],"about":[{"href":"https:\/\/snm-online.sk\/en\/wp-json\/wp\/v2\/types\/page"}],"author":[{"embeddable":true,"href":"https:\/\/snm-online.sk\/en\/wp-json\/wp\/v2\/users\/2"}],"replies":[{"embeddable":true,"href":"https:\/\/snm-online.sk\/en\/wp-json\/wp\/v2\/comments?post=2421"}],"version-history":[{"count":25,"href":"https:\/\/snm-online.sk\/en\/wp-json\/wp\/v2\/pages\/2421\/revisions"}],"predecessor-version":[{"id":3926,"href":"https:\/\/snm-online.sk\/en\/wp-json\/wp\/v2\/pages\/2421\/revisions\/3926"}],"wp:attachment":[{"href":"https:\/\/snm-online.sk\/en\/wp-json\/wp\/v2\/media?parent=2421"}],"curies":[{"name":"wp","href":"https:\/\/api.w.org\/{rel}","templated":true}]}}