{"id":2434,"date":"2024-11-12T13:45:43","date_gmt":"2024-11-12T12:45:43","guid":{"rendered":"https:\/\/snm-online.sk\/?page_id=2434"},"modified":"2024-11-12T13:47:12","modified_gmt":"2024-11-12T12:47:12","slug":"muzeum-ukrajinskej-kultury","status":"publish","type":"page","link":"https:\/\/snm-online.sk\/en\/muzeum-ukrajinskej-kultury\/","title":{"rendered":"Museum of Ukrainian Culture, Svidnik"},"content":{"rendered":"\n<h2 class=\"wp-block-heading\">Slovensk\u00e9 n\u00e1rodn\u00e9 m\u00fazeum<\/h2>\n\n\n\n<div id=\"wp-block-themeisle-blocks-advanced-columns-7036c9d5\" class=\"wp-block-themeisle-blocks-advanced-columns has-3-columns has-desktop-equal-layout has-tablet-equal-layout has-mobile-collapsedRows-layout has-vertical-unset\"><div class=\"wp-block-themeisle-blocks-advanced-columns-overlay\"><\/div><div class=\"innerblocks-wrap\">\n<div id=\"wp-block-themeisle-blocks-advanced-column-c30e0259\" class=\"wp-block-themeisle-blocks-advanced-column\">\n<figure class=\"wp-block-image size-large has-custom-border\"><img loading=\"lazy\" decoding=\"async\" width=\"1024\" height=\"466\" src=\"https:\/\/snm-online.sk\/wp-content\/uploads\/2024\/10\/Muzeum-ukrajinskej-kultury-Svidnik-1024x466.jpg\" alt=\"\" class=\"wp-image-2435\" style=\"border-radius:9px;aspect-ratio:3\/2;object-fit:cover\" srcset=\"https:\/\/snm-online.sk\/wp-content\/uploads\/2024\/10\/Muzeum-ukrajinskej-kultury-Svidnik-1024x466.jpg 1024w, https:\/\/snm-online.sk\/wp-content\/uploads\/2024\/10\/Muzeum-ukrajinskej-kultury-Svidnik-300x137.jpg 300w, https:\/\/snm-online.sk\/wp-content\/uploads\/2024\/10\/Muzeum-ukrajinskej-kultury-Svidnik-768x349.jpg 768w, https:\/\/snm-online.sk\/wp-content\/uploads\/2024\/10\/Muzeum-ukrajinskej-kultury-Svidnik.jpg 1200w\" sizes=\"auto, (max-width: 1024px) 100vw, 1024px\" \/><\/figure>\n\n\n\n<h5 class=\"wp-block-heading has-text-align-center\" style=\"padding-top:var(--wp--preset--spacing--40);padding-bottom:var(--wp--preset--spacing--40)\">M\u00fazeum ukrajinskej kult\u00fary<\/h5>\n\n\n\n<div class=\"wp-block-buttons is-content-justification-center is-layout-flex wp-container-core-buttons-is-layout-16018d1d wp-block-buttons-is-layout-flex\"><\/div>\n<\/div>\n\n\n\n<div id=\"wp-block-themeisle-blocks-advanced-column-db1d9715\" class=\"wp-block-themeisle-blocks-advanced-column\">\n<figure class=\"wp-block-image size-full has-custom-border\"><img loading=\"lazy\" decoding=\"async\" width=\"600\" height=\"350\" src=\"https:\/\/snm-online.sk\/wp-content\/uploads\/2024\/10\/Galeria-Dezidera-Millyho-1.jpg\" alt=\"\" class=\"wp-image-2437\" style=\"border-radius:9px;aspect-ratio:3\/2;object-fit:cover\" srcset=\"https:\/\/snm-online.sk\/wp-content\/uploads\/2024\/10\/Galeria-Dezidera-Millyho-1.jpg 600w, https:\/\/snm-online.sk\/wp-content\/uploads\/2024\/10\/Galeria-Dezidera-Millyho-1-300x175.jpg 300w\" sizes=\"auto, (max-width: 600px) 100vw, 600px\" \/><\/figure>\n\n\n\n<h5 class=\"wp-block-heading has-text-align-center\" style=\"padding-top:var(--wp--preset--spacing--40);padding-bottom:var(--wp--preset--spacing--40)\">Gal\u00e9ria Dezidera Millyho<\/h5>\n\n\n\n<div class=\"wp-block-buttons is-content-justification-center is-layout-flex wp-container-core-buttons-is-layout-16018d1d wp-block-buttons-is-layout-flex\"><\/div>\n<\/div>\n\n\n\n<div id=\"wp-block-themeisle-blocks-advanced-column-9f666f05\" class=\"wp-block-themeisle-blocks-advanced-column\">\n<figure class=\"wp-block-image size-full has-custom-border\"><img loading=\"lazy\" decoding=\"async\" width=\"600\" height=\"400\" src=\"https:\/\/snm-online.sk\/wp-content\/uploads\/2024\/10\/Skanzen-Svidnik.jpg\" alt=\"\" class=\"wp-image-2438\" style=\"border-radius:9px;aspect-ratio:3\/2;object-fit:cover\" srcset=\"https:\/\/snm-online.sk\/wp-content\/uploads\/2024\/10\/Skanzen-Svidnik.jpg 600w, https:\/\/snm-online.sk\/wp-content\/uploads\/2024\/10\/Skanzen-Svidnik-300x200.jpg 300w\" sizes=\"auto, (max-width: 600px) 100vw, 600px\" \/><\/figure>\n\n\n\n<h5 class=\"wp-block-heading has-text-align-center\" style=\"padding-top:var(--wp--preset--spacing--40);padding-bottom:var(--wp--preset--spacing--40)\">N\u00e1rodopisn\u00e1 expoz\u00edcia v pr\u00edrode<\/h5>\n\n\n\n<div class=\"wp-block-buttons is-content-justification-center is-layout-flex wp-container-core-buttons-is-layout-16018d1d wp-block-buttons-is-layout-flex\"><\/div>\n<\/div>\n<\/div><\/div>\n\n\n\n<div style=\"height:30px\" aria-hidden=\"true\" class=\"wp-block-spacer\"><\/div>\n\n\n\n<p><strong>SNM \u2013 M\u00fazeum ukrajinskej kult\u00fary vo Svidn\u00edku<\/strong>, najstar\u0161ie n\u00e1rodnostn\u00e9 \u0161pecializovan\u00e9 m\u00fazeum s celoslovenskou p\u00f4sobnos\u0165ou, sa venuje dokument\u00e1cii z\u00e1kladn\u00fdch et\u00e1p kult\u00farno-historick\u00e9ho a soci\u00e1lno-ekonomick\u00e9ho v\u00fdvoja Ukrajincov na Slovensku.&nbsp;<\/p>\n\n\n\n<p>M\u00fazeum m\u00e1 tri expoz\u00edcie: Hlavn\u00e1 kult\u00farno-historick\u00e1 expoz\u00edcia, N\u00e1rodopisn\u00e1 expoz\u00edcia v pr\u00edrode \u2013 skanzen a Umelecko-historick\u00e1 expoz\u00edcia \u2013 Gal\u00e9ria Dezidera Millyho.&nbsp;<\/p>\n\n\n\n<p>Viac o m\u00fazeu sa dozviete&nbsp;<a href=\"https:\/\/www.daibau.sk\/clanok\/1664\/navstivte_svidnik_-_mestecko_pod_duklou\">v tomto \u010dl\u00e1nku<\/a>.<\/p>\n\n\n\n<div style=\"height:30px\" aria-hidden=\"true\" class=\"wp-block-spacer\"><\/div>\n\n\n\n<div class=\"wp-block-essential-blocks-accordion  root-eb-accordion-nql48\"><div class=\"eb-parent-wrapper eb-parent-eb-accordion-nql48 \"><div class=\"eb-accordion-container eb-accordion-nql48\" data-accordion-type=\"accordion\" data-tab-icon=\"fas fa-angle-right\" data-expanded-icon=\"fas fa-angle-down\" data-transition-duration=\"500\"><div class=\"eb-accordion-inner\">\n<div class=\"wp-block-essential-blocks-accordion-item eb-accordion-item-xunhc eb-accordion-wrapper\" data-clickable=\"false\"><div class=\"eb-accordion-title-wrapper eb-accordion-title-wrapper-eb-accordion-nql48\" tabindex=\"0\"><span class=\"eb-accordion-icon-wrapper eb-accordion-icon-wrapper-eb-accordion-nql48\"><span class=\"fas fa-angle-right eb-accordion-icon\"><\/span><\/span><div class=\"eb-accordion-title-content-wrap title-content-eb-accordion-nql48\"><h3 class=\"eb-accordion-title\">Otv\u00e1racie hodiny<\/h3><\/div><\/div><div class=\"eb-accordion-content-wrapper eb-accordion-content-wrapper-eb-accordion-nql48\"><div class=\"eb-accordion-content\">\n<p><strong>SNM \u2013&nbsp;MUK,&nbsp;Kult\u00farno-historick\u00e1 expoz\u00edcia<\/strong><\/p>\n\n\n\n<p>Utorok \u2013 piatok: 8:30 do 16:00 h<br>Sobota \u2013 nede\u013ea: 10:00 do 16:00 h&nbsp;<\/p>\n\n\n\n<h6 class=\"wp-block-heading has-neve-text-color-color has-text-color has-link-color wp-elements-b156070947a54b5dad33c04c73ecdea9\"><strong>SNM \u2013&nbsp;MUK&nbsp;\u2013&nbsp;<\/strong><strong>Gal\u00e9ria Dezidera Millyho, Umelecko-historick\u00e1 expoz\u00edcia&nbsp;<\/strong><\/h6>\n\n\n\n<p class=\"has-neve-text-color-color has-text-color has-link-color wp-elements-75ba44d0980e5316e61b228f11bf5b63\">Utorok \u2013 piatok: 8:30 do 16:00 h<br>Sobota \u2013 nede\u013ea: 10:00 do 16:00 h&nbsp;<\/p>\n\n\n\n<h6 class=\"wp-block-heading has-neve-text-color-color has-text-color has-link-color wp-elements-3244894ddf4b39c609ea90fcbf251f80\"><strong>SNM \u2013&nbsp;MUK&nbsp;\u2013&nbsp;N\u00e1rodopisn\u00e1 expoz\u00edcia v pr\u00edrode, skanzen&nbsp;<\/strong><\/h6>\n\n\n\n<h6 class=\"wp-block-heading has-neve-text-color-color has-text-color has-link-color wp-elements-58a99ce565f5d1c0a81c7c18a739a8f6\">M\u00e1j \u2013 okt\u00f3ber&nbsp;<\/h6>\n\n\n\n<p class=\"has-neve-text-color-color has-text-color has-link-color wp-elements-e8335885424684943d81d62d1daf1b62\">Pondelok \u2013 piatok: 8.30 \u2013 18.00 h&nbsp;<br>Sobota \u2013 nede\u013ea: 10.00 \u2013 18.00 h&nbsp;<\/p>\n\n\n\n<h6 class=\"wp-block-heading has-neve-text-color-color has-text-color has-link-color wp-elements-ce2c0d88766aaa1cf94cf251d4816675\">Okt\u00f3ber&nbsp;<\/h6>\n\n\n\n<p class=\"has-neve-text-color-color has-text-color has-link-color wp-elements-fc73ec36370a2a5ab81384e622cf2c72\">Pondelok \u2013 piatok: 8.30&nbsp;\u2013 16.00 h&nbsp;<br>Sobota \u2013 nede\u013ea: 10.00 \u2013 18.00 h&nbsp;<\/p>\n\n\n\n<h6 class=\"wp-block-heading has-neve-text-color-color has-text-color has-link-color wp-elements-2afcff589ce4d3898cfedae173e93812\">November \u2013 apr\u00edl&nbsp;<\/h6>\n\n\n\n<p class=\"has-neve-text-color-color has-text-color has-link-color wp-elements-f77a3741494296bdbaabfda4935d1d45\">Len vopred ohl\u00e1sen\u00e9 n\u00e1v\u0161tevy.<\/p>\n<\/div><\/div><\/div>\n\n\n\n<div class=\"wp-block-essential-blocks-accordion-item eb-accordion-item-30d5s eb-accordion-wrapper\" data-clickable=\"false\"><div class=\"eb-accordion-title-wrapper eb-accordion-title-wrapper-eb-accordion-nql48\" tabindex=\"0\"><span class=\"eb-accordion-icon-wrapper eb-accordion-icon-wrapper-eb-accordion-nql48\"><span class=\"fas fa-angle-right eb-accordion-icon\"><\/span><\/span><div class=\"eb-accordion-title-content-wrap title-content-eb-accordion-nql48\"><h3 class=\"eb-accordion-title\">Kontakt<\/h3><\/div><\/div><div class=\"eb-accordion-content-wrapper eb-accordion-content-wrapper-eb-accordion-nql48\"><div class=\"eb-accordion-content\">\n<p class=\"has-neve-text-color-color has-text-color has-link-color wp-elements-cda34b2882e75e1abc1580427850c748\">E-mail: sekretariat-muk@snm.sk;<br>Tel: +421 54 245 10 01, +421 54 245 10 04,<br>Mobil: +421 908 795 086<\/p>\n<\/div><\/div><\/div>\n\n\n\n<div class=\"wp-block-essential-blocks-accordion-item eb-accordion-item-fq490 eb-accordion-wrapper\" data-clickable=\"false\"><div class=\"eb-accordion-title-wrapper eb-accordion-title-wrapper-eb-accordion-nql48\" tabindex=\"0\"><span class=\"eb-accordion-icon-wrapper eb-accordion-icon-wrapper-eb-accordion-nql48\"><span class=\"fas fa-angle-right eb-accordion-icon\"><\/span><\/span><div class=\"eb-accordion-title-content-wrap title-content-eb-accordion-nql48\"><h3 class=\"eb-accordion-title\">Kde n\u00e1s n\u00e1jdete<\/h3><\/div><\/div><div class=\"eb-accordion-content-wrapper eb-accordion-content-wrapper-eb-accordion-nql48\"><div class=\"eb-accordion-content\"><div style=\"height:400pxpx;\" class=\"wp-block-themeisle-blocks-leaflet-map\" id=\"wp-block-themeisle-blocks-leaflet-map-2bc40d62\"><\/div>\n<script type=\"text\/javascript\">\n\t\/* <![CDATA[ *\/\n\t\tif ( ! window.themeisleLeafletMaps ) window.themeisleLeafletMaps =[];\n\t\twindow.themeisleLeafletMaps.push( { container: \"wp-block-themeisle-blocks-leaflet-map-2bc40d62\", attributes: {\"id\":\"wp-block-themeisle-blocks-leaflet-map-2bc40d62\",\"location\":\"Svidn\\u00edk, Slovakia\",\"latitude\":\"49.28617689807662\",\"longitude\":\"21.73204051092634\",\"bbox\":\"21.73202991485596,49.28617129915937,21.73202991485596,49.28617129915937\",\"zoom\":15,\"markers\":[{\"id\":\"b4507f1b-0cd3-4999-9fc4-007e2eb509b5\",\"latitude\":49.30570295988844264911676873452961444854736328125,\"longitude\":21.570507261818733013569726608693599700927734375,\"title\":\"SNM - M\\u00fazeum ukrajinskej ult\\u00fary\",\"description\":\"\"},{\"id\":\"fc230277-ec6e-4aab-82be-2d394cd7f227\",\"latitude\":49.3043213396915831481237546540796756744384765625,\"longitude\":21.57932101559047310956884757615625858306884765625,\"title\":\"SNM-Gal\\u00e9ria Dezidera Millyho\",\"description\":\"\"},{\"id\":\"7436e61a-cd09-4dbe-bb93-28c37f8196ac\",\"latitude\":49.30465013383336980723470333032310009002685546875,\"longitude\":21.557301353962163403821250540204346179962158203125,\"title\":\"SNM - N\\u00e1rodopisn\\u00e1 expoz\\u00edcia v pr\\u00edrode\",\"description\":\"\"}],\"height\":\"400px\",\"zoomControl\":true,\"draggable\":true,\"hasCustomCSS\":false,\"customCSS\":\"\",\"TrpContentRestriction\":{\"restriction_type\":\"exclude\",\"selected_languages\":[],\"panel_open\":true},\"otterConditions\":[]} } );\n\t\/* ]]> *\/\n<\/script>\n<\/div><\/div><\/div>\n<\/div><\/div><\/div><\/div>\n\n\n\n<div style=\"height:50px\" aria-hidden=\"true\" class=\"wp-block-spacer\"><\/div>\n\n\n\n<h3 class=\"wp-block-heading has-text-align-center\">Sledujte n\u00e1s na soci\u00e1lnych sie\u0165ach<\/h3>\n\n\n\n<div class=\"wp-block-essential-blocks-social  root-eb-social-links-uxpk6\"><div class=\"eb-parent-wrapper eb-parent-eb-social-links-uxpk6 \"><div class=\"eb-social-links-uxpk6 eb-social-links-wrapper\"><ul class=\"eb-socials\"><li><a class=\"facebook-f-original  \" href=\"https:\/\/www.facebook.com\/muzeum.svidnik\/?locale=sk_SK\" target=\"_blank\" rel=\"noopener\" aria-label=\"social link\"><i class=\"hvr-icon eb-social-icon fab fa-facebook-f\"><\/i><\/a><\/li><li><a class=\"instagram-original  \" href=\"\" target=\"_self\" rel=\"noopener\" aria-label=\"social link\"><i class=\"hvr-icon eb-social-icon fab fa-instagram\"><\/i><\/a><\/li><li><a class=\"youtube-original  \" href=\"\" target=\"_self\" rel=\"noopener\" aria-label=\"social link\"><i class=\"hvr-icon eb-social-icon fab fa-youtube\"><\/i><\/a><\/li><\/ul><\/div><\/div><\/div>\n\n\n\n<div style=\"height:100px\" aria-hidden=\"true\" class=\"wp-block-spacer\"><\/div>\n\n\n\n<p><\/p>\n","protected":false},"excerpt":{"rendered":"<p>Slovensk\u00e9 n\u00e1rodn\u00e9 m\u00fazeum SNM \u2013 M\u00fazeum ukrajinskej kult\u00fary vo Svidn\u00edku, najstar\u0161ie n\u00e1rodnostn\u00e9 \u0161pecializovan\u00e9 m\u00fazeum s celoslovenskou p\u00f4sobnos\u0165ou, sa venuje dokument\u00e1cii z\u00e1kladn\u00fdch et\u00e1p kult\u00farno-historick\u00e9ho a soci\u00e1lno-ekonomick\u00e9ho v\u00fdvoja Ukrajincov na Slovensku.&nbsp; M\u00fazeum&hellip;&nbsp;<a href=\"https:\/\/snm-online.sk\/en\/muzeum-ukrajinskej-kultury\/\" class=\"\" rel=\"bookmark\">Read More &raquo;<span class=\"screen-reader-text\">Museum of Ukrainian Culture, Svidnik<\/span><\/a><\/p>","protected":false},"author":2,"featured_media":0,"parent":0,"menu_order":0,"comment_status":"closed","ping_status":"closed","template":"","meta":{"_eb_attr":"","neve_meta_sidebar":"","neve_meta_container":"","neve_meta_enable_content_width":"","neve_meta_content_width":0,"neve_meta_title_alignment":"","neve_meta_author_avatar":"","neve_post_elements_order":"","neve_meta_disable_header":"","neve_meta_disable_footer":"","neve_meta_disable_title":"","_themeisle_gutenberg_block_has_review":false,"footnotes":""},"class_list":["post-2434","page","type-page","status-publish","hentry"],"_links":{"self":[{"href":"https:\/\/snm-online.sk\/en\/wp-json\/wp\/v2\/pages\/2434","targetHints":{"allow":["GET"]}}],"collection":[{"href":"https:\/\/snm-online.sk\/en\/wp-json\/wp\/v2\/pages"}],"about":[{"href":"https:\/\/snm-online.sk\/en\/wp-json\/wp\/v2\/types\/page"}],"author":[{"embeddable":true,"href":"https:\/\/snm-online.sk\/en\/wp-json\/wp\/v2\/users\/2"}],"replies":[{"embeddable":true,"href":"https:\/\/snm-online.sk\/en\/wp-json\/wp\/v2\/comments?post=2434"}],"version-history":[{"count":14,"href":"https:\/\/snm-online.sk\/en\/wp-json\/wp\/v2\/pages\/2434\/revisions"}],"predecessor-version":[{"id":2674,"href":"https:\/\/snm-online.sk\/en\/wp-json\/wp\/v2\/pages\/2434\/revisions\/2674"}],"wp:attachment":[{"href":"https:\/\/snm-online.sk\/en\/wp-json\/wp\/v2\/media?parent=2434"}],"curies":[{"name":"wp","href":"https:\/\/api.w.org\/{rel}","templated":true}]}}