{"id":2675,"date":"2024-11-21T16:30:38","date_gmt":"2024-11-21T15:30:38","guid":{"rendered":"https:\/\/snm-online.sk\/?page_id=2675"},"modified":"2024-11-21T16:30:39","modified_gmt":"2024-11-21T15:30:39","slug":"muzeum-ukrajinskej-kultury-vo-svidniku","status":"publish","type":"page","link":"https:\/\/snm-online.sk\/en\/muzeum-ukrajinskej-kultury-vo-svidniku\/","title":{"rendered":"M\u00fazeum ukrajinskej kult\u00fary vo Svidn\u00edku"},"content":{"rendered":"\n<h2 class=\"wp-block-heading\">Slovensk\u00e9 n\u00e1rodn\u00e9 m\u00fazeum<\/h2>\n\n\n\n<div id=\"wp-block-themeisle-blocks-advanced-columns-41771cff\" class=\"wp-block-themeisle-blocks-advanced-columns has-2-columns has-desktop-equal-layout has-tablet-equal-layout has-mobile-collapsedRows-layout has-vertical-unset\"><div class=\"wp-block-themeisle-blocks-advanced-columns-overlay\"><\/div><div class=\"innerblocks-wrap\">\n<div id=\"wp-block-themeisle-blocks-advanced-column-4a3e3b90\" class=\"wp-block-themeisle-blocks-advanced-column\">\n<figure class=\"wp-block-image size-large has-custom-border\"><img loading=\"lazy\" decoding=\"async\" width=\"1024\" height=\"466\" src=\"https:\/\/snm-online.sk\/wp-content\/uploads\/2024\/10\/Muzeum-ukrajinskej-kultury-Svidnik-1024x466.jpg\" alt=\"\" class=\"wp-image-2435\" style=\"border-radius:8px;aspect-ratio:3\/2;object-fit:cover\" srcset=\"https:\/\/snm-online.sk\/wp-content\/uploads\/2024\/10\/Muzeum-ukrajinskej-kultury-Svidnik-1024x466.jpg 1024w, https:\/\/snm-online.sk\/wp-content\/uploads\/2024\/10\/Muzeum-ukrajinskej-kultury-Svidnik-300x137.jpg 300w, https:\/\/snm-online.sk\/wp-content\/uploads\/2024\/10\/Muzeum-ukrajinskej-kultury-Svidnik-768x349.jpg 768w, https:\/\/snm-online.sk\/wp-content\/uploads\/2024\/10\/Muzeum-ukrajinskej-kultury-Svidnik.jpg 1200w\" sizes=\"auto, (max-width: 1024px) 100vw, 1024px\" \/><\/figure>\n<\/div>\n\n\n\n<div id=\"wp-block-themeisle-blocks-advanced-column-2ae4b247\" class=\"wp-block-themeisle-blocks-advanced-column\">\n<figure class=\"wp-block-image size-large has-custom-border\"><img loading=\"lazy\" decoding=\"async\" width=\"1024\" height=\"768\" src=\"https:\/\/snm-online.sk\/wp-content\/uploads\/2024\/11\/snm-muk-expozicia-2019_full-1-1024x768.jpg\" alt=\"\" class=\"wp-image-2676\" style=\"border-radius:8px;aspect-ratio:3\/2;object-fit:cover\" srcset=\"https:\/\/snm-online.sk\/wp-content\/uploads\/2024\/11\/snm-muk-expozicia-2019_full-1-1024x768.jpg 1024w, https:\/\/snm-online.sk\/wp-content\/uploads\/2024\/11\/snm-muk-expozicia-2019_full-1-300x225.jpg 300w, https:\/\/snm-online.sk\/wp-content\/uploads\/2024\/11\/snm-muk-expozicia-2019_full-1-768x576.jpg 768w, https:\/\/snm-online.sk\/wp-content\/uploads\/2024\/11\/snm-muk-expozicia-2019_full-1.jpg 1224w\" sizes=\"auto, (max-width: 1024px) 100vw, 1024px\" \/><\/figure>\n<\/div>\n<\/div><\/div>\n\n\n\n<div style=\"height:100px\" aria-hidden=\"true\" class=\"wp-block-spacer\"><\/div>\n\n\n\n<h5 class=\"wp-block-heading\">V tomto m\u00fazeu nem\u00e1me moment\u00e1lne online predaj l\u00edstkov. L\u00edstky si m\u00f4\u017eete zak\u00fapi\u0165 na mieste v pokladni m\u00fazea.<\/h5>\n\n\n\n<p>Trojpodla\u017en\u00e1 v\u00fdstavn\u00e1 plocha s rozlohou 1 700 m2 n\u00e1v\u0161tevn\u00edkom poskytuje stru\u010dn\u00fa charakteristiku pr\u00edrodno-klimatick\u00fdch pomerov regi\u00f3nu, ako aj preh\u013ead dej\u00edn os\u00eddlenia, hospod\u00e1rstva, \u0161t\u00e1tnej spr\u00e1vy, soci\u00e1lneho, n\u00e1rodnostn\u00e9ho a kult\u00farneho v\u00fdvoja pr\u00edslu\u0161n\u00e9ho etnika od najstar\u0161\u00edch \u010dias a\u017e po s\u00fa\u010dasnos\u0165. V \u010dasovom horizonte od neolitu po osemdesiate roky 20. storo\u010dia predstavuje oblas\u0165 severov\u00fdchodn\u00e9ho Slovenska s d\u00f4razom na v\u00fdvoj interetnick\u00fdch vz\u0165ahov. Jej tematick\u00e9 \u010dlenenie je nasleduj\u00face:<\/p>\n\n\n\n<ol class=\"wp-block-list\">\n<li>\u00davod (z\u00e1kladn\u00e9 inform\u00e1cie o regi\u00f3ne, m\u00fazeu a obsahu expoz\u00edcie vo forme grafiky, textov a rozmern\u00fdch expon\u00e1tov),<\/li>\n\n\n\n<li>\u010clovek a pr\u00edroda (stru\u010dn\u00e1 charakteristika pr\u00edrodno-klimatick\u00fdch podmienok z h\u013eadiska ich vplyvu na formovanie a sp\u00f4sob \u017eivota \u013eudu),<\/li>\n\n\n\n<li>Po stop\u00e1ch predkov (n\u00e1\u010drt historick\u00e9ho v\u00fdvoja od za\u010diatkov os\u00eddlenia a\u017e do roku 1918),<\/li>\n\n\n\n<li>Tradi\u010dn\u00e1 \u013eudov\u00e1 kult\u00fara (hlavn\u00e9 formy zamestnania, remesl\u00e1, odev, prejavy \u013eudov\u00e9ho umenia),<\/li>\n\n\n\n<li>\u010cesko-Slovensk\u00e9 obdobie (od roku 1918).<\/li>\n<\/ol>\n\n\n\n<div style=\"height:30px\" aria-hidden=\"true\" class=\"wp-block-spacer\"><\/div>\n\n\n\n<div class=\"wp-block-essential-blocks-accordion  root-eb-accordion-ekk11\"><div class=\"eb-parent-wrapper eb-parent-eb-accordion-ekk11 \"><div class=\"eb-accordion-container eb-accordion-ekk11\" data-accordion-type=\"accordion\" data-tab-icon=\"fas fa-angle-right\" data-expanded-icon=\"fas fa-angle-down\" data-transition-duration=\"500\"><div class=\"eb-accordion-inner\">\n<div class=\"wp-block-essential-blocks-accordion-item eb-accordion-item-y7b9z eb-accordion-wrapper\" data-clickable=\"false\"><div class=\"eb-accordion-title-wrapper eb-accordion-title-wrapper-eb-accordion-ekk11\" tabindex=\"0\"><span class=\"eb-accordion-icon-wrapper eb-accordion-icon-wrapper-eb-accordion-ekk11\"><span class=\"fas fa-angle-right eb-accordion-icon\"><\/span><\/span><div class=\"eb-accordion-title-content-wrap title-content-eb-accordion-ekk11\"><h3 class=\"eb-accordion-title\">Otv\u00e1racie hodiny<\/h3><\/div><\/div><div class=\"eb-accordion-content-wrapper eb-accordion-content-wrapper-eb-accordion-ekk11\"><div class=\"eb-accordion-content\">\n<p class=\"has-neve-text-color-color has-text-color has-link-color wp-elements-54fee42b5bc57254414aabdb2d58f604\"><strong>SNM \u2013&nbsp;MUK,&nbsp;Kult\u00farno-historick\u00e1 expoz\u00edcia<\/strong><\/p>\n\n\n\n<p class=\"has-neve-text-color-color has-text-color has-link-color wp-elements-75ba44d0980e5316e61b228f11bf5b63\">Utorok \u2013 piatok: 8:30 do 16:00 h<br>Sobota \u2013 nede\u013ea: 10:00 do 16:00 h&nbsp;<\/p>\n<\/div><\/div><\/div>\n\n\n\n<div class=\"wp-block-essential-blocks-accordion-item eb-accordion-item-pqfzf eb-accordion-wrapper\" data-clickable=\"false\"><div class=\"eb-accordion-title-wrapper eb-accordion-title-wrapper-eb-accordion-ekk11\" tabindex=\"0\"><span class=\"eb-accordion-icon-wrapper eb-accordion-icon-wrapper-eb-accordion-ekk11\"><span class=\"fas fa-angle-right eb-accordion-icon\"><\/span><\/span><div class=\"eb-accordion-title-content-wrap title-content-eb-accordion-ekk11\"><h3 class=\"eb-accordion-title\">Kontakt<\/h3><\/div><\/div><div class=\"eb-accordion-content-wrapper eb-accordion-content-wrapper-eb-accordion-ekk11\"><div class=\"eb-accordion-content\">\n<h6 class=\"wp-block-heading has-neve-text-color-color has-text-color has-link-color wp-elements-82d492dcf4a5477a900ce7b020e32895\"><strong>Kontakt&nbsp;<\/strong><\/h6>\n\n\n\n<p class=\"has-neve-text-color-color has-text-color has-link-color wp-elements-cda34b2882e75e1abc1580427850c748\">E-mail: sekretariat-muk@snm.sk;<br>Tel: +421 54 245 10 01, +421 54 245 10 04,<br>Mobil: +421 908 795 086<\/p>\n<\/div><\/div><\/div>\n\n\n\n<div class=\"wp-block-essential-blocks-accordion-item eb-accordion-item-k88nn eb-accordion-wrapper\" data-clickable=\"false\"><div class=\"eb-accordion-title-wrapper eb-accordion-title-wrapper-eb-accordion-ekk11\" tabindex=\"0\"><span class=\"eb-accordion-icon-wrapper eb-accordion-icon-wrapper-eb-accordion-ekk11\"><span class=\"fas fa-angle-right eb-accordion-icon\"><\/span><\/span><div class=\"eb-accordion-title-content-wrap title-content-eb-accordion-ekk11\"><h3 class=\"eb-accordion-title\">Kde n\u00e1s n\u00e1jdete<\/h3><\/div><\/div><div class=\"eb-accordion-content-wrapper eb-accordion-content-wrapper-eb-accordion-ekk11\"><div class=\"eb-accordion-content\"><div style=\"height:400pxpx;\" class=\"wp-block-themeisle-blocks-leaflet-map\" id=\"wp-block-themeisle-blocks-leaflet-map-5cf73d75\"><\/div>\n<script type=\"text\/javascript\">\n\t\/* <![CDATA[ *\/\n\t\tif ( ! window.themeisleLeafletMaps ) window.themeisleLeafletMaps =[];\n\t\twindow.themeisleLeafletMaps.push( { container: \"wp-block-themeisle-blocks-leaflet-map-5cf73d75\", attributes: {\"id\":\"wp-block-themeisle-blocks-leaflet-map-5cf73d75\",\"location\":\"Slovakia Svidn\\u00edk\",\"latitude\":\"49.30574843027441\",\"longitude\":\"21.571871763603216\",\"bbox\":\"21.571869850158695,49.30574843027441,21.571869850158695,49.30574843027441\",\"zoom\":16,\"markers\":[{\"id\":\"65428a0f-317e-44f2-b057-5078bf2b9910\",\"latitude\":49.30585336177420430203710566274821758270263671875,\"longitude\":21.5707919814601183361446601338684558868408203125,\"title\":\"SNM - M\\u00fazeum ukrajinskej kult\\u00fary\",\"description\":\"\"}],\"height\":\"400px\",\"zoomControl\":true,\"draggable\":true,\"hasCustomCSS\":false,\"customCSS\":\"\",\"TrpContentRestriction\":{\"restriction_type\":\"exclude\",\"selected_languages\":[],\"panel_open\":true},\"otterConditions\":[]} } );\n\t\/* ]]> *\/\n<\/script>\n<\/div><\/div><\/div>\n<\/div><\/div><\/div><\/div>\n\n\n\n<div style=\"height:50px\" aria-hidden=\"true\" class=\"wp-block-spacer\"><\/div>\n\n\n\n<h3 class=\"wp-block-heading has-text-align-center\">Sledujte n\u00e1s na soci\u00e1lnych sie\u0165ach<\/h3>\n\n\n\n<div class=\"wp-block-essential-blocks-social  root-eb-social-links-z41r5\"><div class=\"eb-parent-wrapper eb-parent-eb-social-links-z41r5 \"><div class=\"eb-social-links-z41r5 eb-social-links-wrapper\"><ul class=\"eb-socials\"><li><a class=\"facebook-f-original  \" href=\"https:\/\/www.facebook.com\/muzeum.svidnik\/?locale=sk_SK\" target=\"_self\" rel=\"noopener\" aria-label=\"social link\"><i class=\"hvr-icon eb-social-icon fab fa-facebook-f\"><\/i><\/a><\/li><li><a class=\"instagram-original  \" href=\"\" target=\"_self\" rel=\"noopener\" aria-label=\"social link\"><i class=\"hvr-icon eb-social-icon fab fa-instagram\"><\/i><\/a><\/li><li><a class=\"youtube-original  \" href=\"https:\/\/www.youtube.com\/@snm-muzeumukrajinskejkultu7945\" target=\"_self\" rel=\"noopener\" aria-label=\"social link\"><i class=\"hvr-icon eb-social-icon fab fa-youtube\"><\/i><\/a><\/li><\/ul><\/div><\/div><\/div>\n\n\n\n<div style=\"height:100px\" aria-hidden=\"true\" class=\"wp-block-spacer\"><\/div>\n","protected":false},"excerpt":{"rendered":"<p>Slovensk\u00e9 n\u00e1rodn\u00e9 m\u00fazeum V tomto m\u00fazeu nem\u00e1me moment\u00e1lne online predaj l\u00edstkov. L\u00edstky si m\u00f4\u017eete zak\u00fapi\u0165 na mieste v pokladni m\u00fazea. Trojpodla\u017en\u00e1 v\u00fdstavn\u00e1 plocha s rozlohou 1 700 m2 n\u00e1v\u0161tevn\u00edkom poskytuje&hellip;&nbsp;<a href=\"https:\/\/snm-online.sk\/en\/muzeum-ukrajinskej-kultury-vo-svidniku\/\" class=\"\" rel=\"bookmark\">Read More &raquo;<span class=\"screen-reader-text\">M\u00fazeum ukrajinskej kult\u00fary vo Svidn\u00edku<\/span><\/a><\/p>","protected":false},"author":2,"featured_media":0,"parent":0,"menu_order":0,"comment_status":"closed","ping_status":"closed","template":"","meta":{"_eb_attr":"","neve_meta_sidebar":"","neve_meta_container":"","neve_meta_enable_content_width":"","neve_meta_content_width":0,"neve_meta_title_alignment":"","neve_meta_author_avatar":"","neve_post_elements_order":"","neve_meta_disable_header":"","neve_meta_disable_footer":"","neve_meta_disable_title":"","_themeisle_gutenberg_block_has_review":false,"footnotes":""},"class_list":["post-2675","page","type-page","status-publish","hentry"],"_links":{"self":[{"href":"https:\/\/snm-online.sk\/en\/wp-json\/wp\/v2\/pages\/2675","targetHints":{"allow":["GET"]}}],"collection":[{"href":"https:\/\/snm-online.sk\/en\/wp-json\/wp\/v2\/pages"}],"about":[{"href":"https:\/\/snm-online.sk\/en\/wp-json\/wp\/v2\/types\/page"}],"author":[{"embeddable":true,"href":"https:\/\/snm-online.sk\/en\/wp-json\/wp\/v2\/users\/2"}],"replies":[{"embeddable":true,"href":"https:\/\/snm-online.sk\/en\/wp-json\/wp\/v2\/comments?post=2675"}],"version-history":[{"count":8,"href":"https:\/\/snm-online.sk\/en\/wp-json\/wp\/v2\/pages\/2675\/revisions"}],"predecessor-version":[{"id":2749,"href":"https:\/\/snm-online.sk\/en\/wp-json\/wp\/v2\/pages\/2675\/revisions\/2749"}],"wp:attachment":[{"href":"https:\/\/snm-online.sk\/en\/wp-json\/wp\/v2\/media?parent=2675"}],"curies":[{"name":"wp","href":"https:\/\/api.w.org\/{rel}","templated":true}]}}