{"id":2684,"date":"2024-11-13T09:17:13","date_gmt":"2024-11-13T08:17:13","guid":{"rendered":"https:\/\/snm-online.sk\/?page_id=2684"},"modified":"2024-12-05T10:07:02","modified_gmt":"2024-12-05T09:07:02","slug":"ne-sputani-89-komentovana-prehliadka-vystavou-pri-prilezitosti-dna-ludskych-prav","status":"publish","type":"page","link":"https:\/\/snm-online.sk\/en\/ne-sputani-89-komentovana-prehliadka-vystavou-pri-prilezitosti-dna-ludskych-prav\/","title":{"rendered":"NE\/SP\u00daTAN\u00cd &#8217;89: Komentovan\u00e1 prehliadka v\u00fdstavou pri pr\u00edle\u017eitosti D\u0148a \u013eudsk\u00fdch pr\u00e1v"},"content":{"rendered":"<div class=\"wp-block-image\">\n<figure class=\"aligncenter size-large is-resized\"><img loading=\"lazy\" decoding=\"async\" width=\"1024\" height=\"373\" src=\"https:\/\/snm-online.sk\/wp-content\/uploads\/2024\/12\/komentovka-ahoj-europa_WEB1-1024x373.png\" alt=\"\" class=\"wp-image-2868\" style=\"width:983px;height:auto\" srcset=\"https:\/\/snm-online.sk\/wp-content\/uploads\/2024\/12\/komentovka-ahoj-europa_WEB1-1024x373.png 1024w, https:\/\/snm-online.sk\/wp-content\/uploads\/2024\/12\/komentovka-ahoj-europa_WEB1-300x109.png 300w, https:\/\/snm-online.sk\/wp-content\/uploads\/2024\/12\/komentovka-ahoj-europa_WEB1-768x280.png 768w, https:\/\/snm-online.sk\/wp-content\/uploads\/2024\/12\/komentovka-ahoj-europa_WEB1-1536x560.png 1536w, https:\/\/snm-online.sk\/wp-content\/uploads\/2024\/12\/komentovka-ahoj-europa_WEB1.png 1920w\" sizes=\"auto, (max-width: 1024px) 100vw, 1024px\" \/><\/figure>\n<\/div>\n\n\n<div style=\"height:30px\" aria-hidden=\"true\" class=\"wp-block-spacer\"><\/div>\n\n\n\n<p><strong>Vyberte si pros\u00edm z ponuky d\u00e1tumov a term\u00ednov prehliadok:<\/strong><\/p>\n\n\n\r\n<section class=\"mb-4\">\r\n    <nav class=\"wper-days\">\r\n        \r\n            <\/nav>\r\n\r\n    \r\n    <ul id=\"wperItems\" class=\"wper-list\">\r\n        Sorry, this date is not available.    <\/ul>\r\n<\/section>\r\n\r\n<div class=\"wper-modal\">\r\n    <div class=\"wper-modal__inner\">\r\n        <div class=\"wper-modal__header\">\r\n            <button type=\"button\" class=\"wper-modal__close js-wper-close-modal\">\r\n                <svg width=\"16\" height=\"16\" viewBox=\"0 0 16 16\" fill=\"none\" class=\"svg\" xmlns=\"http:\/\/www.w3.org\/2000\/svg\"><path d=\"M16 7H3.83L9.42 1.41L8 0L0 8L8 16L9.41 14.59L3.83 9H16V7Z\" fill=\"currentColor\"\/><\/svg> <span>Continue shopping<\/span>\r\n            <\/button>\r\n        <\/div>\r\n\r\n        <iframe src=\"\" frameborder=\"0\" class=\"wper-modal__iframe\"><\/iframe>\r\n    <\/div>\r\n<\/div>\r\n\r\n<div class=\"wper-note\">\r\n    <div class=\"wper-note__inner\">\r\n        <div id=\"wperNoteRetail\" class=\"wper-note__content\">\r\n            <h5 class=\"wper-note__title\">Last tickets available only at the museum ticket office.<\/h5>\r\n\r\n            <p>We are sorry, but due to high interest, all tickets reserved for online sales are sold out.<\/p>\r\n\r\n            <p>Last few tickets are available at the castle ticket office. We recommend you visit the ticket office as soon as possible, as tickets sell out quickly.<\/p>\r\n        <\/div>\r\n\r\n        <div id=\"wperNoteSold\" class=\"wper-note__content\">\r\n            <h5 class=\"wper-note__title\">Tickets for this time slot are sold out.<\/h5>\r\n\r\n            <p>We are sorry, but due to high interest, all tickets for this tour are sold out. No tickets are available for this time slot at the castle ticket office either.<\/p>\r\n\r\n            <p>Please try to select another time slot within the day or consider visiting on a different day. We recommend monitoring our website for availability of tickets for individual tours and events.<\/p>\r\n\r\n            <p>Given the high attendance, we advise purchasing tickets well in advance online.<\/p>\r\n        <\/div>\r\n\r\n        <div class=\"wper-note__actions\">\r\n            <button type=\"submit\" class=\"wper-note__close js-wper-close-note\">Got it<\/button>\r\n        <\/div>\r\n    <\/div>\r\n<\/div>\r\n\n\n\n\n<p>V utorok&nbsp;10. decembra&nbsp;si po celom svete pripom\u00edname De\u0148 \u013eudsk\u00fdch pr\u00e1v, ktor\u00fd s\u00favis\u00ed s prijat\u00edm V\u0161eobecnej deklar\u00e1cie \u013eudsk\u00fdch pr\u00e1v v roku 1948 Valn\u00fdm zhroma\u017eden\u00edm OSN. Sovietsky zv\u00e4z a jeho satelity, spolu so Saudskou Ar\u00e1biou a Ju\u017enou Afrikou, sa v roku 1948 hlasovania zdr\u017eali.&nbsp;<br>10. december 1989 sa z\u00e1rove\u0148 pod n\u00e1zvom \u201eAhoj, Eur\u00f3pa\u201c udial pochod z Bratislavy do Hainburgu, ktor\u00e9ho sa manifesta\u010dne z\u00fa\u010dastnilo okolo 100 000 ob\u010danov. \u013dudia v\u0161etk\u00fdch vekov\u00fdch kateg\u00f3ri\u00ed bez pasov a cestovn\u00fdch dolo\u017eiek s t\u00fa\u017ebou po slobode cestovania pre\u0161li cez hranice, prestrih\u00e1vali plot z ostnat\u00e9ho dr\u00f4tu a symbolicky tak pretrh\u00e1vali \u017eelezn\u00fa oponu.<\/p>\n\n\n\n<p><strong>V stredu\u00a011. decemebra\u00a02024\u00a0sa\u00a0na autorskej komentovanej prehliadke v\u00fdstavou NE\/SP\u00daTAN\u00cd 89,\u00a0dozviete viac o\u00a0tom, ako sa formovalo \u0161tudentsk\u00e9 hnutie po\u010das Ne\u017enej revol\u00facie, ale aj o tom, ako sa \u017eilo pred p\u00e1dom \u017eeleznej opony mlad\u00fdm \u013eu\u010fom, ktor\u00ed si h\u013eadali cesty k slobode.<\/strong><\/p>\n\n\n\n<p><strong>V stredu 11. decembra 2024 o 16:30 v SNM \u2013 Historickom m\u00fazeu na Bratislavskom<\/strong> <strong>hrade<\/strong><\/p>\n\n\n\n<p><strong>Cena:<\/strong> jednotn\u00e9 vstupn\u00e9 7&nbsp;\u20ac<\/p>\n\n\n\n<p><strong>Kapacita je obmedzen\u00e1.<\/strong> L\u00edstky je mo\u017en\u00e9 zak\u00fapi\u0165 online (www.snm-online.sk) alebo v pokladni m\u00fazea.&nbsp;<\/p>\n\n\n\n<div style=\"height:50px\" aria-hidden=\"true\" class=\"wp-block-spacer\"><\/div>\n\n\n\n<div class=\"wp-block-essential-blocks-accordion  root-eb-accordion-kp5nu\"><div class=\"eb-parent-wrapper eb-parent-eb-accordion-kp5nu \"><div class=\"eb-accordion-container eb-accordion-kp5nu\" data-accordion-type=\"accordion\" data-tab-icon=\"fas fa-angle-right\" data-expanded-icon=\"fas fa-angle-down\" data-transition-duration=\"500\"><div class=\"eb-accordion-inner\">\n<div class=\"wp-block-essential-blocks-accordion-item eb-accordion-item-s42hj eb-accordion-wrapper\" data-clickable=\"false\"><div class=\"eb-accordion-title-wrapper eb-accordion-title-wrapper-eb-accordion-kp5nu\" tabindex=\"0\"><span class=\"eb-accordion-icon-wrapper eb-accordion-icon-wrapper-eb-accordion-kp5nu\"><span class=\"fas fa-angle-right eb-accordion-icon\"><\/span><\/span><div class=\"eb-accordion-title-content-wrap title-content-eb-accordion-kp5nu\"><h3 class=\"eb-accordion-title\">Kontakt<\/h3><\/div><\/div><div class=\"eb-accordion-content-wrapper eb-accordion-content-wrapper-eb-accordion-kp5nu\"><div class=\"eb-accordion-content\">\n<p class=\"has-neve-text-color-color has-text-color has-link-color wp-elements-0d7cb31f740a420867295a23d85d3a47\"><strong>S\u00eddlo m\u00fazea<\/strong><br>SNM \u2013 Historick\u00e9 m\u00fazeum<br>Bratislavsk\u00fd hrad<br>P. O. Box 13<br>810 06 Bratislava 16<\/p>\n\n\n\n<p class=\"has-neve-text-color-color has-text-color has-link-color wp-elements-784a21ef6b676758f2723edfad3641e6\"><strong>Kontakt<\/strong><br>SNM \u2013 Historick\u00e9 m\u00fazeum, Bratislavsk\u00fd hrad<br>e-mail: bratislavskyhrad@snm.sk<br>telef\u00f3n: +421 2 204 83 110, +421 915 99 33 01, +421 915 99 33 03<\/p>\n<\/div><\/div><\/div>\n\n\n\n<div class=\"wp-block-essential-blocks-accordion-item eb-accordion-item-a9950 eb-accordion-wrapper\" data-clickable=\"false\"><div class=\"eb-accordion-title-wrapper eb-accordion-title-wrapper-eb-accordion-kp5nu\" tabindex=\"0\"><span class=\"eb-accordion-icon-wrapper eb-accordion-icon-wrapper-eb-accordion-kp5nu\"><span class=\"fas fa-angle-right eb-accordion-icon\"><\/span><\/span><div class=\"eb-accordion-title-content-wrap title-content-eb-accordion-kp5nu\"><h3 class=\"eb-accordion-title\">Kde n\u00e1s n\u00e1jdete<\/h3><\/div><\/div><div class=\"eb-accordion-content-wrapper eb-accordion-content-wrapper-eb-accordion-kp5nu\"><div class=\"eb-accordion-content\"><div style=\"height:400pxpx;\" class=\"wp-block-themeisle-blocks-leaflet-map\" id=\"wp-block-themeisle-blocks-leaflet-map-599794fb\"><\/div>\n<script type=\"text\/javascript\">\n\t\/* <![CDATA[ *\/\n\t\tif ( ! window.themeisleLeafletMaps ) window.themeisleLeafletMaps =[];\n\t\twindow.themeisleLeafletMaps.push( { container: \"wp-block-themeisle-blocks-leaflet-map-599794fb\", attributes: {\"id\":\"wp-block-themeisle-blocks-leaflet-map-599794fb\",\"location\":\"Bratislava, Slovakia\",\"latitude\":\"48.142236582580004\",\"longitude\":\"17.10408219723664\",\"bbox\":\"17.10408210754395,48.142236582580004,17.10408210754395,48.142236582580004\",\"zoom\":15,\"markers\":[{\"id\":\"23e9b61a-4979-4484-900d-0627710c05d3\",\"latitude\":48.14167100445481395354363485239446163177490234375,\"longitude\":17.099618911743167615213678800500929355621337890625,\"title\":\"SNM - Historick\\u00e9 m\\u00fazeum\",\"description\":\"\"}],\"height\":\"400px\",\"zoomControl\":true,\"draggable\":true,\"hasCustomCSS\":false,\"customCSS\":\"\",\"TrpContentRestriction\":{\"restriction_type\":\"exclude\",\"selected_languages\":[],\"panel_open\":true},\"otterConditions\":[]} } );\n\t\/* ]]> *\/\n<\/script>\n<\/div><\/div><\/div>\n<\/div><\/div><\/div><\/div>\n\n\n\n<div style=\"height:50px\" aria-hidden=\"true\" class=\"wp-block-spacer\"><\/div>\n\n\n\n<p><strong>V pr\u00edpade ot\u00e1zok t\u00fdkaj\u00facich sa online n\u00e1kupu vstupeniek n\u00e1s kontaktujte na email&nbsp;<a href=\"mailto:pomoc@snm-online.sk\">pomoc@snm-online.sk<\/a><\/strong><\/p>\n\n\n\n<div style=\"height:100px\" aria-hidden=\"true\" class=\"wp-block-spacer\"><\/div>\n","protected":false},"excerpt":{"rendered":"<p>Vyberte si pros\u00edm z ponuky d\u00e1tumov a term\u00ednov prehliadok: V utorok&nbsp;10. decembra&nbsp;si po celom svete pripom\u00edname De\u0148 \u013eudsk\u00fdch pr\u00e1v, ktor\u00fd s\u00favis\u00ed s prijat\u00edm V\u0161eobecnej deklar\u00e1cie \u013eudsk\u00fdch pr\u00e1v v roku 1948&hellip;&nbsp;<a href=\"https:\/\/snm-online.sk\/en\/ne-sputani-89-komentovana-prehliadka-vystavou-pri-prilezitosti-dna-ludskych-prav\/\" class=\"\" rel=\"bookmark\">Read More &raquo;<span class=\"screen-reader-text\">NE\/SP\u00daTAN\u00cd &#8217;89: Komentovan\u00e1 prehliadka v\u00fdstavou pri pr\u00edle\u017eitosti D\u0148a \u013eudsk\u00fdch pr\u00e1v<\/span><\/a><\/p>","protected":false},"author":2,"featured_media":0,"parent":0,"menu_order":0,"comment_status":"closed","ping_status":"closed","template":"","meta":{"_eb_attr":"","neve_meta_sidebar":"","neve_meta_container":"","neve_meta_enable_content_width":"","neve_meta_content_width":0,"neve_meta_title_alignment":"","neve_meta_author_avatar":"","neve_post_elements_order":"","neve_meta_disable_header":"","neve_meta_disable_footer":"","neve_meta_disable_title":"","_themeisle_gutenberg_block_has_review":false,"footnotes":""},"class_list":["post-2684","page","type-page","status-publish","hentry"],"_links":{"self":[{"href":"https:\/\/snm-online.sk\/en\/wp-json\/wp\/v2\/pages\/2684","targetHints":{"allow":["GET"]}}],"collection":[{"href":"https:\/\/snm-online.sk\/en\/wp-json\/wp\/v2\/pages"}],"about":[{"href":"https:\/\/snm-online.sk\/en\/wp-json\/wp\/v2\/types\/page"}],"author":[{"embeddable":true,"href":"https:\/\/snm-online.sk\/en\/wp-json\/wp\/v2\/users\/2"}],"replies":[{"embeddable":true,"href":"https:\/\/snm-online.sk\/en\/wp-json\/wp\/v2\/comments?post=2684"}],"version-history":[{"count":14,"href":"https:\/\/snm-online.sk\/en\/wp-json\/wp\/v2\/pages\/2684\/revisions"}],"predecessor-version":[{"id":2890,"href":"https:\/\/snm-online.sk\/en\/wp-json\/wp\/v2\/pages\/2684\/revisions\/2890"}],"wp:attachment":[{"href":"https:\/\/snm-online.sk\/en\/wp-json\/wp\/v2\/media?parent=2684"}],"curies":[{"name":"wp","href":"https:\/\/api.w.org\/{rel}","templated":true}]}}