{"id":2844,"date":"2024-12-03T10:58:50","date_gmt":"2024-12-03T09:58:50","guid":{"rendered":"https:\/\/snm-online.sk\/?page_id=2844"},"modified":"2024-12-03T11:18:54","modified_gmt":"2024-12-03T10:18:54","slug":"snehulienka","status":"publish","type":"page","link":"https:\/\/snm-online.sk\/en\/snehulienka\/","title":{"rendered":"Snehulienka"},"content":{"rendered":"<h2 class=\"wp-block-heading\"><strong>Pr\u00edbeh najkraj\u0161ej princeznej<\/strong><\/h2>\n\n\n\n<div id=\"wp-block-themeisle-blocks-advanced-columns-aadd63e4\" class=\"wp-block-themeisle-blocks-advanced-columns has-1-columns has-desktop-equal-layout has-tablet-equal-layout has-mobile-equal-layout has-vertical-unset\"><div class=\"wp-block-themeisle-blocks-advanced-columns-overlay\"><\/div><div class=\"innerblocks-wrap\">\n<div id=\"wp-block-themeisle-blocks-advanced-column-a816d2c2\" class=\"wp-block-themeisle-blocks-advanced-column\"><div class=\"wp-block-image\">\n<figure class=\"aligncenter size-large is-resized\"><img loading=\"lazy\" decoding=\"async\" width=\"1024\" height=\"434\" src=\"https:\/\/snm-online.sk\/wp-content\/uploads\/2024\/12\/Snehulienka-podujatie-1024x434.jpg\" alt=\"\" class=\"wp-image-2845\" style=\"width:986px;height:auto\" srcset=\"https:\/\/snm-online.sk\/wp-content\/uploads\/2024\/12\/Snehulienka-podujatie-1024x434.jpg 1024w, https:\/\/snm-online.sk\/wp-content\/uploads\/2024\/12\/Snehulienka-podujatie-300x127.jpg 300w, https:\/\/snm-online.sk\/wp-content\/uploads\/2024\/12\/Snehulienka-podujatie-768x325.jpg 768w, https:\/\/snm-online.sk\/wp-content\/uploads\/2024\/12\/Snehulienka-podujatie.jpg 1109w\" sizes=\"auto, (max-width: 1024px) 100vw, 1024px\" \/><\/figure>\n<\/div>\n\n\n<div style=\"height:50px\" aria-hidden=\"true\" class=\"wp-block-spacer\"><\/div>\n\n\n\n<p><strong>Please choose from the listed dates:<\/strong><\/p>\n\n\n\r\n<section class=\"mb-4\">\r\n    <nav class=\"wper-days\">\r\n        \r\n            <\/nav>\r\n\r\n    \r\n    <ul id=\"wperItems\" class=\"wper-list\">\r\n        Sorry, this date is not available.    <\/ul>\r\n<\/section>\r\n\r\n<div class=\"wper-modal\">\r\n    <div class=\"wper-modal__inner\">\r\n        <div class=\"wper-modal__header\">\r\n            <button type=\"button\" class=\"wper-modal__close js-wper-close-modal\">\r\n                <svg width=\"16\" height=\"16\" viewbox=\"0 0 16 16\" fill=\"none\" class=\"svg\" xmlns=\"http:\/\/www.w3.org\/2000\/svg\"><path d=\"M16 7H3.83L9.42 1.41L8 0L0 8L8 16L9.41 14.59L3.83 9H16V7Z\" fill=\"currentColor\"\/><\/svg> <span>Continue shopping<\/span>\r\n            <\/button>\r\n        <\/div>\r\n\r\n        <iframe src=\"\" frameborder=\"0\" class=\"wper-modal__iframe\"><\/iframe>\r\n    <\/div>\r\n<\/div>\r\n\r\n<div class=\"wper-note\">\r\n    <div class=\"wper-note__inner\">\r\n        <div id=\"wperNoteRetail\" class=\"wper-note__content\">\r\n            <h5 class=\"wper-note__title\">Last tickets available only at the museum ticket office.<\/h5>\r\n\r\n            <p>We are sorry, but due to high interest, all tickets reserved for online sales are sold out.<\/p>\r\n\r\n            <p>Last few tickets are available at the castle ticket office. We recommend you visit the ticket office as soon as possible, as tickets sell out quickly.<\/p>\r\n        <\/div>\r\n\r\n        <div id=\"wperNoteSold\" class=\"wper-note__content\">\r\n            <h5 class=\"wper-note__title\">Tickets for this time slot are sold out.<\/h5>\r\n\r\n            <p>We are sorry, but due to high interest, all tickets for this tour are sold out. No tickets are available for this time slot at the castle ticket office either.<\/p>\r\n\r\n            <p>Please try to select another time slot within the day or consider visiting on a different day. We recommend monitoring our website for availability of tickets for individual tours and events.<\/p>\r\n\r\n            <p>Given the high attendance, we advise purchasing tickets well in advance online.<\/p>\r\n        <\/div>\r\n\r\n        <div class=\"wper-note__actions\">\r\n            <button type=\"submit\" class=\"wper-note__close js-wper-close-note\">Got it<\/button>\r\n        <\/div>\r\n    <\/div>\r\n<\/div>\r\n\n<\/div>\n<\/div><\/div>\n\n\n\n<p>Viano\u010dn\u00e9 predstavenie&nbsp;<strong>Snehulienka. Pr\u00edbeh najkraj\u0161ej princeznej<\/strong>,&nbsp;o\u017eiv\u00ed na hrade \u010cerven\u00fd Kame\u0148 star\u00fa zn\u00e1mu ot\u00e1zku: Kto je najkraj\u0161\u00ed na svete?<br>&nbsp;<br>Stane sa tak priamo v priestoroch hradn\u00fdch pivn\u00edc, ktor\u00e9 sa po\u010das troch dn\u00ed zmenia na nepoznanie. Odpove\u010f na polo\u017een\u00fa ot\u00e1zku v\u0161ak v\u00f4bec nebude jednoduch\u00e1. Snehulienka je toti\u017e jedna z najstar\u0161\u00edch rozpr\u00e1vok na svete a nie v ka\u017edom obdob\u00ed mala rovnak\u00fd osud. \u017div\u00e1 hudba, pln\u00e1 rozpr\u00e1vkovosti, tajuplnosti aj vtipu, premen\u00ed h\u013eadanie Snehulienkinho pr\u00edbehu na ten najkraj\u0161\u00ed Viano\u010dn\u00fd z\u00e1\u017eitok.<\/p>\n\n\n\n<div style=\"height:100px\" aria-hidden=\"true\" class=\"wp-block-spacer\"><\/div>\n\n\n\n<p class=\"has-text-align-left\"><br><strong>If you have any questions about online tickets, please contact us at\u00a0<\/strong><a href=\"mailto:pomoc@snm-online.sk\"><strong>pomoc@snm-online.sk<\/strong><\/a><\/p>\n\n\n\n<div style=\"height:100px\" aria-hidden=\"true\" class=\"wp-block-spacer\"><\/div>","protected":false},"excerpt":{"rendered":"<p>Pr\u00edbeh najkraj\u0161ej princeznej Viano\u010dn\u00e9 predstavenie&nbsp;Snehulienka. Pr\u00edbeh najkraj\u0161ej princeznej,&nbsp;o\u017eiv\u00ed na hrade \u010cerven\u00fd Kame\u0148 star\u00fa zn\u00e1mu ot\u00e1zku: Kto je najkraj\u0161\u00ed na svete?&nbsp;Stane sa tak priamo v priestoroch hradn\u00fdch pivn\u00edc, ktor\u00e9 sa po\u010das&hellip;&nbsp;<a href=\"https:\/\/snm-online.sk\/en\/snehulienka\/\" class=\"\" rel=\"bookmark\">Read More &raquo;<span class=\"screen-reader-text\">Snehulienka<\/span><\/a><\/p>","protected":false},"author":2,"featured_media":0,"parent":0,"menu_order":0,"comment_status":"closed","ping_status":"closed","template":"","meta":{"_eb_attr":"","neve_meta_sidebar":"","neve_meta_container":"","neve_meta_enable_content_width":"","neve_meta_content_width":0,"neve_meta_title_alignment":"","neve_meta_author_avatar":"","neve_post_elements_order":"","neve_meta_disable_header":"","neve_meta_disable_footer":"","neve_meta_disable_title":"","_themeisle_gutenberg_block_has_review":false,"footnotes":""},"class_list":["post-2844","page","type-page","status-publish","hentry"],"_links":{"self":[{"href":"https:\/\/snm-online.sk\/en\/wp-json\/wp\/v2\/pages\/2844","targetHints":{"allow":["GET"]}}],"collection":[{"href":"https:\/\/snm-online.sk\/en\/wp-json\/wp\/v2\/pages"}],"about":[{"href":"https:\/\/snm-online.sk\/en\/wp-json\/wp\/v2\/types\/page"}],"author":[{"embeddable":true,"href":"https:\/\/snm-online.sk\/en\/wp-json\/wp\/v2\/users\/2"}],"replies":[{"embeddable":true,"href":"https:\/\/snm-online.sk\/en\/wp-json\/wp\/v2\/comments?post=2844"}],"version-history":[{"count":7,"href":"https:\/\/snm-online.sk\/en\/wp-json\/wp\/v2\/pages\/2844\/revisions"}],"predecessor-version":[{"id":2863,"href":"https:\/\/snm-online.sk\/en\/wp-json\/wp\/v2\/pages\/2844\/revisions\/2863"}],"wp:attachment":[{"href":"https:\/\/snm-online.sk\/en\/wp-json\/wp\/v2\/media?parent=2844"}],"curies":[{"name":"wp","href":"https:\/\/api.w.org\/{rel}","templated":true}]}}