{"id":2877,"date":"2024-12-05T14:16:05","date_gmt":"2024-12-05T13:16:05","guid":{"rendered":"https:\/\/snm-online.sk\/?page_id=2877"},"modified":"2025-01-16T09:16:22","modified_gmt":"2025-01-16T08:16:22","slug":"pohlad-zblizka-na-zaciatku-slachtickeho-roka","status":"publish","type":"page","link":"https:\/\/snm-online.sk\/en\/pohlad-zblizka-na-zaciatku-slachtickeho-roka\/","title":{"rendered":"Poh\u013ead zbl\u00edzka: Na za\u010diatku \u0161\u013eachtick\u00e9ho roka&#8230;"},"content":{"rendered":"\n<div id=\"wp-block-themeisle-blocks-advanced-columns-cb1f34cc\" class=\"wp-block-themeisle-blocks-advanced-columns has-1-columns has-desktop-equal-layout has-tablet-equal-layout has-mobile-equal-layout has-vertical-unset\"><div class=\"wp-block-themeisle-blocks-advanced-columns-overlay\"><\/div><div class=\"innerblocks-wrap\">\n<div id=\"wp-block-themeisle-blocks-advanced-column-efafbf85\" class=\"wp-block-themeisle-blocks-advanced-column\"><div class=\"wp-block-image\">\n<figure class=\"alignleft size-large is-resized\"><img loading=\"lazy\" decoding=\"async\" width=\"1024\" height=\"390\" src=\"https:\/\/snm-online.sk\/wp-content\/uploads\/2025\/01\/PZ-zima-24.01.2025-FB-Cover-1024x390.jpg\" alt=\"\" class=\"wp-image-2979\" style=\"width:1170px;height:auto\" srcset=\"https:\/\/snm-online.sk\/wp-content\/uploads\/2025\/01\/PZ-zima-24.01.2025-FB-Cover-1024x390.jpg 1024w, https:\/\/snm-online.sk\/wp-content\/uploads\/2025\/01\/PZ-zima-24.01.2025-FB-Cover-300x114.jpg 300w, https:\/\/snm-online.sk\/wp-content\/uploads\/2025\/01\/PZ-zima-24.01.2025-FB-Cover-768x292.jpg 768w, https:\/\/snm-online.sk\/wp-content\/uploads\/2025\/01\/PZ-zima-24.01.2025-FB-Cover-1536x584.jpg 1536w, https:\/\/snm-online.sk\/wp-content\/uploads\/2025\/01\/PZ-zima-24.01.2025-FB-Cover-2048x779.jpg 2048w\" sizes=\"auto, (max-width: 1024px) 100vw, 1024px\" \/><\/figure>\n<\/div><\/div>\n<\/div><\/div>\n\n\n\n<p><strong><br>Vyberte si pros\u00edm z ponuky d\u00e1tumov a term\u00ednov prehliadok:<\/strong><\/p>\n\n\n\r\n<section class=\"mb-4\">\r\n    <nav class=\"wper-days\">\r\n        \r\n            <\/nav>\r\n\r\n    \r\n    <ul id=\"wperItems\" class=\"wper-list\">\r\n        Sorry, this date is not available.    <\/ul>\r\n<\/section>\r\n\r\n<div class=\"wper-modal\">\r\n    <div class=\"wper-modal__inner\">\r\n        <div class=\"wper-modal__header\">\r\n            <button type=\"button\" class=\"wper-modal__close js-wper-close-modal\">\r\n                <svg width=\"16\" height=\"16\" viewBox=\"0 0 16 16\" fill=\"none\" class=\"svg\" xmlns=\"http:\/\/www.w3.org\/2000\/svg\"><path d=\"M16 7H3.83L9.42 1.41L8 0L0 8L8 16L9.41 14.59L3.83 9H16V7Z\" fill=\"currentColor\"\/><\/svg> <span>Continue shopping<\/span>\r\n            <\/button>\r\n        <\/div>\r\n\r\n        <iframe src=\"\" frameborder=\"0\" class=\"wper-modal__iframe\"><\/iframe>\r\n    <\/div>\r\n<\/div>\r\n\r\n<div class=\"wper-note\">\r\n    <div class=\"wper-note__inner\">\r\n        <div id=\"wperNoteRetail\" class=\"wper-note__content\">\r\n            <h5 class=\"wper-note__title\">Last tickets available only at the museum ticket office.<\/h5>\r\n\r\n            <p>We are sorry, but due to high interest, all tickets reserved for online sales are sold out.<\/p>\r\n\r\n            <p>Last few tickets are available at the castle ticket office. We recommend you visit the ticket office as soon as possible, as tickets sell out quickly.<\/p>\r\n        <\/div>\r\n\r\n        <div id=\"wperNoteSold\" class=\"wper-note__content\">\r\n            <h5 class=\"wper-note__title\">Tickets for this time slot are sold out.<\/h5>\r\n\r\n            <p>We are sorry, but due to high interest, all tickets for this tour are sold out. No tickets are available for this time slot at the castle ticket office either.<\/p>\r\n\r\n            <p>Please try to select another time slot within the day or consider visiting on a different day. We recommend monitoring our website for availability of tickets for individual tours and events.<\/p>\r\n\r\n            <p>Given the high attendance, we advise purchasing tickets well in advance online.<\/p>\r\n        <\/div>\r\n\r\n        <div class=\"wper-note__actions\">\r\n            <button type=\"submit\" class=\"wper-note__close js-wper-close-note\">Got it<\/button>\r\n        <\/div>\r\n    <\/div>\r\n<\/div>\r\n\n\n\n\n<p>Srde\u010dne V\u00e1s poz\u00fdvame na <strong>prv\u00fa tohtoro\u010dn\u00fa \u0161pecializovan\u00fa predn\u00e1\u0161ku z cyklu Poh\u013ead zbl\u00edzka<\/strong>. Po\u010das prehliadky sa dozviete, ako gr\u00f3fske deti aj dospel\u00ed tr\u00e1vili zimn\u00e9 obdobie a ktor\u00fdm \u0161portov\u00fdm aktivit\u00e1m sa venovali.&nbsp;Nezabudneme ani na najv\u00e4\u010d\u0161iu spolo\u010densk\u00fa udalos\u0165 roka \u2013 plesy a b\u00e1ly.&nbsp;Na predn\u00e1\u0161ke uvid\u00edte zimn\u00e9 \u0161portov\u00e9 n\u00e1radie Andr\u00e1ssyovcov a spozn\u00e1te \u0161perky a doplnky, ktor\u00e9 dod\u00e1vali d\u00e1mam eleganciu na plesoch a b\u00e1loch.&nbsp;<br>Vstupenky \u010doskoro k dispoz\u00edcii online alebo v pokladni ka\u0161tie\u013ea.&nbsp;<\/p>\n\n\n\n<p><strong>D\u00e1tum a \u010das:<\/strong> 24.01.2025 o 17:00<\/p>\n\n\n\n<p><strong>Vstupn\u00e9:<\/strong> 15\u20ac\/ z\u013eavnen\u00e9 12\u20ac<\/p>\n\n\n\n<p><strong>Predn\u00e1\u0161aj\u00faci:<\/strong>&nbsp;PhDr. Katar\u00edna B\u00e1ny\u00e1szov\u00e1 a&nbsp;Mgr. Mat\u00fa\u0161 Moln\u00e1r<\/p>\n\n\n\n<div style=\"height:100px\" aria-hidden=\"true\" class=\"wp-block-spacer\"><\/div>\n\n\n\n<div class=\"wp-block-essential-blocks-accordion  root-eb-accordion-hdwoh\"><div class=\"eb-parent-wrapper eb-parent-eb-accordion-hdwoh \"><div class=\"eb-accordion-container eb-accordion-hdwoh\" data-accordion-type=\"accordion\" data-tab-icon=\"fas fa-angle-right\" data-expanded-icon=\"fas fa-angle-down\" data-transition-duration=\"500\"><div class=\"eb-accordion-inner\">\n<div class=\"wp-block-essential-blocks-accordion-item eb-accordion-item-nc07r eb-accordion-wrapper\" data-clickable=\"false\"><div class=\"eb-accordion-title-wrapper eb-accordion-title-wrapper-eb-accordion-hdwoh\" tabindex=\"0\"><span class=\"eb-accordion-icon-wrapper eb-accordion-icon-wrapper-eb-accordion-hdwoh\"><span class=\"fas fa-angle-right eb-accordion-icon\"><\/span><\/span><div class=\"eb-accordion-title-content-wrap title-content-eb-accordion-hdwoh\"><h3 class=\"eb-accordion-title\">Otv\u00e1racie hodiny<\/h3><\/div><\/div><div class=\"eb-accordion-content-wrapper eb-accordion-content-wrapper-eb-accordion-hdwoh\"><div class=\"eb-accordion-content\">\n<p>V\u00e1\u017een\u00fd n\u00e1v\u0161tevn\u00edci, Ka\u0161tie\u013e Betliar je pre V\u00e1s&nbsp;<strong>otvoren\u00fd<\/strong>&nbsp;v mesiacoch&nbsp;<strong>november \u2013 marec<\/strong>&nbsp;denne okrem&nbsp;<strong>pondelka a utorka od 9.00 do 16.30 hod.<\/strong>&nbsp;(posledn\u00fd vstup o 15.30).<\/p>\n\n\n\n<p><\/p>\n\n\n\n<p><strong>Ka\u0161tie\u013e Betliar<\/strong><br>M\u00e1j \u2013 september<br>Denne okrem pondelka od 9.30 do 18.30 h (posledn\u00fd vstup o 17.30 h)<br><strong>November \u2013 marec<\/strong><br>Denne okrem pondelka a utorka od 9.00 do 16.30 h (posledn\u00fd vstup o 15.30 h)<br><strong>Okt\u00f3ber a apr\u00edl&nbsp;<\/strong><br>Denne okrem pondelka 9.30 \u2013 17.30 h (posledn\u00fd vstup o 16.30 h)<br><strong>Historick\u00fd park Ka\u0161tie\u013ea Betliar<\/strong>&nbsp;<br>m\u00e1j \u2013 31. okt\u00f3ber: 7.00 \u2013 21.00 h<br>november \u2013 30. apr\u00edl: 7.00 \u2013 18.00 h<\/p>\n<\/div><\/div><\/div>\n\n\n\n<div class=\"wp-block-essential-blocks-accordion-item eb-accordion-item-kui9u eb-accordion-wrapper\" data-clickable=\"false\"><div class=\"eb-accordion-title-wrapper eb-accordion-title-wrapper-eb-accordion-hdwoh\" tabindex=\"0\"><span class=\"eb-accordion-icon-wrapper eb-accordion-icon-wrapper-eb-accordion-hdwoh\"><span class=\"fas fa-angle-right eb-accordion-icon\"><\/span><\/span><div class=\"eb-accordion-title-content-wrap title-content-eb-accordion-hdwoh\"><h3 class=\"eb-accordion-title\">Kontakt<\/h3><\/div><\/div><div class=\"eb-accordion-content-wrapper eb-accordion-content-wrapper-eb-accordion-hdwoh\"><div class=\"eb-accordion-content\">\n<p>SNM \u2013 M\u00fazeum Betliar<br>Lesn\u00e1 ulica 8\/17,<br>04921 Betliar<\/p>\n\n\n\n<p>Mobil: +421 918 728 400<br>Email: kastielbetliar@snm.sk<\/p>\n<\/div><\/div><\/div>\n\n\n\n<div class=\"wp-block-essential-blocks-accordion-item eb-accordion-item-5j80f eb-accordion-wrapper\" data-clickable=\"false\"><div class=\"eb-accordion-title-wrapper eb-accordion-title-wrapper-eb-accordion-hdwoh\" tabindex=\"0\"><span class=\"eb-accordion-icon-wrapper eb-accordion-icon-wrapper-eb-accordion-hdwoh\"><span class=\"fas fa-angle-right eb-accordion-icon\"><\/span><\/span><div class=\"eb-accordion-title-content-wrap title-content-eb-accordion-hdwoh\"><h3 class=\"eb-accordion-title\">Kde n\u00e1s n\u00e1jdete<\/h3><\/div><\/div><div class=\"eb-accordion-content-wrapper eb-accordion-content-wrapper-eb-accordion-hdwoh\"><div class=\"eb-accordion-content\"><div style=\"height:400pxpx;\" class=\"wp-block-themeisle-blocks-leaflet-map\" id=\"wp-block-themeisle-blocks-leaflet-map-5a854d67\"><\/div>\n<script type=\"text\/javascript\">\n\t\/* <![CDATA[ *\/\n\t\tif ( ! window.themeisleLeafletMaps ) window.themeisleLeafletMaps =[];\n\t\twindow.themeisleLeafletMaps.push( { container: \"wp-block-themeisle-blocks-leaflet-map-5a854d67\", attributes: {\"id\":\"wp-block-themeisle-blocks-leaflet-map-5a854d67\",\"location\":\"Betliar\",\"latitude\":\"48.70597267345212\",\"longitude\":\"20.511046315487764\",\"bbox\":\"20.51104545593262,48.70597267345212,20.51104545593262,48.70597267345212\",\"zoom\":16,\"markers\":[{\"id\":\"7b0e49fa-65dc-4794-9f33-b58080d90705\",\"latitude\":48.706124897724833999745897017419338226318359375,\"longitude\":20.510107015387863071964602568186819553375244140625,\"title\":\"SNM - Ka\\u0161tie\\u013e Betliar\",\"description\":\"\"}],\"height\":\"400px\",\"zoomControl\":true,\"draggable\":true,\"hasCustomCSS\":false,\"customCSS\":\"\",\"TrpContentRestriction\":{\"restriction_type\":\"exclude\",\"selected_languages\":[],\"panel_open\":true},\"otterConditions\":[]} } );\n\t\/* ]]> *\/\n<\/script>\n<\/div><\/div><\/div>\n<\/div><\/div><\/div><\/div>\n\n\n\n<div style=\"height:70px\" aria-hidden=\"true\" class=\"wp-block-spacer\"><\/div>\n\n\n\n<p><strong>V pr\u00edpade ot\u00e1zok t\u00fdkaj\u00facich sa online n\u00e1kupu vstupeniek n\u00e1s kontaktujte na \u00a0<a href=\"mailto:pomoc@snm-online.sk\">pomoc@snm-online.sk<\/a><\/strong><\/p>\n\n\n\n<div style=\"height:100px\" aria-hidden=\"true\" class=\"wp-block-spacer\"><\/div>\n","protected":false},"excerpt":{"rendered":"<p>Vyberte si pros\u00edm z ponuky d\u00e1tumov a term\u00ednov prehliadok: Srde\u010dne V\u00e1s poz\u00fdvame na prv\u00fa tohtoro\u010dn\u00fa \u0161pecializovan\u00fa predn\u00e1\u0161ku z cyklu Poh\u013ead zbl\u00edzka. Po\u010das prehliadky sa dozviete, ako gr\u00f3fske deti aj dospel\u00ed&hellip;&nbsp;<a href=\"https:\/\/snm-online.sk\/en\/pohlad-zblizka-na-zaciatku-slachtickeho-roka\/\" class=\"\" rel=\"bookmark\">Read More &raquo;<span class=\"screen-reader-text\">Poh\u013ead zbl\u00edzka: Na za\u010diatku \u0161\u013eachtick\u00e9ho roka&#8230;<\/span><\/a><\/p>","protected":false},"author":2,"featured_media":0,"parent":0,"menu_order":0,"comment_status":"closed","ping_status":"closed","template":"","meta":{"_eb_attr":"","neve_meta_sidebar":"","neve_meta_container":"","neve_meta_enable_content_width":"","neve_meta_content_width":0,"neve_meta_title_alignment":"","neve_meta_author_avatar":"","neve_post_elements_order":"","neve_meta_disable_header":"","neve_meta_disable_footer":"","neve_meta_disable_title":"","_themeisle_gutenberg_block_has_review":false,"footnotes":""},"class_list":["post-2877","page","type-page","status-publish","hentry"],"_links":{"self":[{"href":"https:\/\/snm-online.sk\/en\/wp-json\/wp\/v2\/pages\/2877","targetHints":{"allow":["GET"]}}],"collection":[{"href":"https:\/\/snm-online.sk\/en\/wp-json\/wp\/v2\/pages"}],"about":[{"href":"https:\/\/snm-online.sk\/en\/wp-json\/wp\/v2\/types\/page"}],"author":[{"embeddable":true,"href":"https:\/\/snm-online.sk\/en\/wp-json\/wp\/v2\/users\/2"}],"replies":[{"embeddable":true,"href":"https:\/\/snm-online.sk\/en\/wp-json\/wp\/v2\/comments?post=2877"}],"version-history":[{"count":6,"href":"https:\/\/snm-online.sk\/en\/wp-json\/wp\/v2\/pages\/2877\/revisions"}],"predecessor-version":[{"id":2997,"href":"https:\/\/snm-online.sk\/en\/wp-json\/wp\/v2\/pages\/2877\/revisions\/2997"}],"wp:attachment":[{"href":"https:\/\/snm-online.sk\/en\/wp-json\/wp\/v2\/media?parent=2877"}],"curies":[{"name":"wp","href":"https:\/\/api.w.org\/{rel}","templated":true}]}}