{"id":2930,"date":"2024-12-18T12:04:12","date_gmt":"2024-12-18T11:04:12","guid":{"rendered":"https:\/\/snm-online.sk\/?page_id=2930"},"modified":"2025-02-19T15:06:48","modified_gmt":"2025-02-19T14:06:48","slug":"kviz-k-vystave-ne-sputani-89","status":"publish","type":"page","link":"https:\/\/snm-online.sk\/en\/kviz-k-vystave-ne-sputani-89\/","title":{"rendered":"Kv\u00edz k v\u00fdstave NE\/SP\u00daTAN\u00cd 89"},"content":{"rendered":"<div id=\"wp-block-themeisle-blocks-advanced-columns-c9c834d4\" class=\"wp-block-themeisle-blocks-advanced-columns has-1-columns has-desktop-equal-layout has-tablet-equal-layout has-mobile-equal-layout has-vertical-unset\"><div class=\"wp-block-themeisle-blocks-advanced-columns-overlay\"><\/div><div class=\"innerblocks-wrap\">\n<div id=\"wp-block-themeisle-blocks-advanced-column-51769682\" class=\"wp-block-themeisle-blocks-advanced-column\"><div class=\"wp-block-image\">\n<figure class=\"alignleft size-large is-resized\"><img loading=\"lazy\" decoding=\"async\" width=\"1024\" height=\"373\" src=\"https:\/\/snm-online.sk\/wp-content\/uploads\/2025\/02\/zmena2_WEB1-1024x373.jpg\" alt=\"\" class=\"wp-image-3186\" style=\"width:1145px;height:auto\" srcset=\"https:\/\/snm-online.sk\/wp-content\/uploads\/2025\/02\/zmena2_WEB1-1024x373.jpg 1024w, https:\/\/snm-online.sk\/wp-content\/uploads\/2025\/02\/zmena2_WEB1-300x109.jpg 300w, https:\/\/snm-online.sk\/wp-content\/uploads\/2025\/02\/zmena2_WEB1-768x280.jpg 768w, https:\/\/snm-online.sk\/wp-content\/uploads\/2025\/02\/zmena2_WEB1-1536x560.jpg 1536w, https:\/\/snm-online.sk\/wp-content\/uploads\/2025\/02\/zmena2_WEB1.jpg 1920w\" sizes=\"auto, (max-width: 1024px) 100vw, 1024px\" \/><\/figure>\n<\/div>\n\n\n<div style=\"height:20px\" aria-hidden=\"true\" class=\"wp-block-spacer\"><\/div>\n\n\n\n<p><strong>ZMENA PROGRAMU:&nbsp;<\/strong><\/p>\n\n\n\n<p><strong>Z organiza\u010dn\u00fdch d\u00f4vodov sa namiesto pl\u00e1novan\u00e9ho kv\u00edzu uskuto\u010dn\u00ed komentovan\u00e1 prehliadka v\u00fdstavou NE\/SP\u00daTAN\u00cd 89&nbsp;so spoluautorom v\u00fdstavy&nbsp;Mgr. Peterom Ja\u0161ekom, PhD. z \u00dastavu pam\u00e4ti n\u00e1roda. Za zmenu v programe sa ospravedl\u0148ujeme.<\/strong><\/p>\n\n\n\n<p><strong>Za\u010diatok prehliadky: 16:30 v priestoroch v\u00fdstavy na pr\u00edzem\u00ed Bratislavsk\u00e9ho hradu.<\/strong><\/p>\n\n\n\n<p><strong>D\u013a\u017eka prehliadky: cca. 60 min.<\/strong><\/p>\n\n\n\n<p>V\u00fdstava&nbsp;NE\/SP\u00daTAN\u00cd 89&nbsp;sa venuje t\u00e9me ml\u00e1de\u017ee v \u010cSSR po\u010das 80. rokov a Ne\u017enej revol\u00facie. N\u00e1jdete na nej predmety z ka\u017edodenn\u00e9ho \u017eivota organizovanej ml\u00e1de\u017ee a uk\u00e1\u017eky toho, ako \u017eili mlad\u00ed, ktor\u00ed si h\u013eadali cestu k slobode. V druhej \u010dasti sa v\u00fdstava venuje Ne\u017enej revol\u00facii v mest\u00e1ch po celom Slovensku.&nbsp;<\/p>\n\n\n\n<p>Viac o v\u00fdstave sa dozviete tu:&nbsp;<a href=\"https:\/\/www.snm.sk\/muzea-snm\/historicke-muzeum\/historicke-muzeum\/navstivte\/aktualne-vystavy?clanok=ne-sputani-89#menu\" target=\"_blank\" rel=\"noreferrer noopener\">https:\/\/www.snm.sk\/muzea-snm\/historicke-muzeum\/historicke-muzeum\/navstivte\/aktualne-vystavy?clanok=ne-sputani-89#menu<\/a><\/p>\n\n\n\n<p class=\"has-text-color has-link-color wp-elements-c4e747889c2642b9a61c605658d182d5\" style=\"color:#cccccc\"><strong>Pr\u00ed\u010fte sa zabavi\u0165, zas\u00fa\u0165a\u017ei\u0165 si a dozvedie\u0165 viac&nbsp;o tom, ako \u017eili mlad\u00ed \u013eudia v druhej polovici 80. rokov a ak\u00fd mali podiel na udalostiach Ne\u017enej revol\u00facie v roku 1989.&nbsp;<\/strong><\/p>\n\n\n\n<p class=\"has-text-color has-link-color wp-elements-d9a6939b2e6afb9bf51c0280b7962db0\" style=\"color:#cccccc\">Autori v\u00fdstavy NE\/SP\u00daTAN\u00cd 89&nbsp;pripravili pre z\u00e1ujemcov o t\u00fato t\u00e9mu vedomostn\u00fd kv\u00edz, venuj\u00faci sa vzdel\u00e1vaniu, eduka\u010dn\u00e9mu syst\u00e9mu, brannej v\u00fdchove, ale aj mimo\u0161kolsk\u00fdm aktivit\u00e1m mlad\u00fdch \u013eud\u00ed v sledovanom obdob\u00ed. Nebud\u00fa ch\u00fdba\u0165 ani ot\u00e1zky o anga\u017eovan\u00ed mlad\u00fdch&nbsp;v neofici\u00e1lnych a protire\u017eimn\u00fdch \u0161trukt\u00farach, ako aj samotn\u00fdm revolu\u010dn\u00fdm udalostiam z novembra 1989.<\/p>\n\n\n\n<p class=\"has-text-color has-link-color wp-elements-35843ded31db16e1097cf8e51af50b60\" style=\"color:#cccccc\"><strong>Ako bude kv\u00edz prebieha\u0165?<\/strong><\/p>\n\n\n\n<ul class=\"wp-block-list\">\n<li class=\"has-text-color has-link-color wp-elements-b5bae5a59a6496ebaca29ca69997fc44\" style=\"color:#cccccc\">Odpor\u00fa\u010dame s\u00fa\u0165a\u017ei\u0165 v t\u00edmoch (2-4 \u00fa\u010dastn\u00edci) \u2013 m\u00f4\u017eete pr\u00eds\u0165 ako t\u00edm alebo spoji\u0165 sily na mieste, ale je mo\u017en\u00e9 hra\u0165 aj ako jednotlivec.<\/li>\n\n\n\n<li class=\"has-text-color has-link-color wp-elements-eadff6473b56a7bf0bb9a5f5e3987456\" style=\"color:#cccccc\">Kv\u00edz sa sklad\u00e1 zo 4 k\u00f4l.&nbsp;Ot\u00e1zky preveria nielen va\u0161e znalosti, ale aj schopnos\u0165 rozm\u00fd\u0161\u013ea\u0165 v \u0161ir\u0161\u00edch s\u00favislostiach.<\/li>\n\n\n\n<li class=\"has-text-color has-link-color wp-elements-7877ccf6b9c82e0b1b94e1394ad81033\" style=\"color:#cccccc\">Najlep\u0161ie t\u00edmy sa m\u00f4\u017eu te\u0161i\u0165 na tematick\u00e9 ceny!<\/li>\n<\/ul>\n\n\n\n<p class=\"has-text-color has-link-color wp-elements-8065f44298de55659c8989d2d163434e\" style=\"color:#cccccc\">Pre lep\u0161\u00ed preh\u013ead odpor\u00fa\u010dame t\u00edmy nahlasova\u0165 po k\u00fape l\u00edstkov (2&nbsp;\u20ac \/ kus, n\u00e1kup mo\u017en\u00fd online) na adrese bratislavskyhrad@snm.sk, aby sme vedeli lep\u0161ie pripravi\u0165 sedenie.<\/p>\n\n\n\n<p class=\"has-text-color has-link-color wp-elements-3a5b68bcc2d8729d18d9cd4ea0d61423\" style=\"color:#cccccc\"><strong>Kv\u00edz sa za\u010dne o 16:30 v priestoroch v\u00fdstavy NE\/SP\u00daTAN\u00cd 89 na pr\u00edzem\u00ed Bratislavsk\u00e9ho hradu. Pokojne v\u0161ak pr\u00ed\u010fte sk\u00f4r \u2013&nbsp;so zak\u00fapenou vstupenkou na podujatie&nbsp;si&nbsp;v\u00fdstavu m\u00f4\u017eete&nbsp;pozrie\u0165 e\u0161te pred samotn\u00fdm&nbsp;kv\u00edzom.<\/strong><\/p>\n\n\n\n<p class=\"has-text-color has-link-color wp-elements-f030681e44b4ffa3e7783e70ded49288\" style=\"color:#cccccc\"><em>Podujatie pre v\u00e1s pripravilo SNM \u2013 Historick\u00e9 m\u00fazeum a \u00dastav pam\u00e4ti n\u00e1roda.<\/em><\/p>\n\n\n\n<div style=\"height:50px\" aria-hidden=\"true\" class=\"wp-block-spacer\"><\/div>\n\n\n\n<p class=\"has-text-align-center\"><strong>If you have any questions about online tickets, please contact us at&nbsp;<a href=\"mailto:pomoc@snm-online.sk\">pomoc@snm-online.sk<\/a><\/strong><\/p>\n\n\n\n<div style=\"height:100px\" aria-hidden=\"true\" class=\"wp-block-spacer\"><\/div>\n<\/div>\n<\/div><\/div>","protected":false},"excerpt":{"rendered":"","protected":false},"author":2,"featured_media":0,"parent":0,"menu_order":0,"comment_status":"closed","ping_status":"closed","template":"","meta":{"_eb_attr":"","neve_meta_sidebar":"","neve_meta_container":"","neve_meta_enable_content_width":"","neve_meta_content_width":0,"neve_meta_title_alignment":"","neve_meta_author_avatar":"","neve_post_elements_order":"","neve_meta_disable_header":"","neve_meta_disable_footer":"","neve_meta_disable_title":"","_themeisle_gutenberg_block_has_review":false,"footnotes":""},"class_list":["post-2930","page","type-page","status-publish","hentry"],"_links":{"self":[{"href":"https:\/\/snm-online.sk\/en\/wp-json\/wp\/v2\/pages\/2930","targetHints":{"allow":["GET"]}}],"collection":[{"href":"https:\/\/snm-online.sk\/en\/wp-json\/wp\/v2\/pages"}],"about":[{"href":"https:\/\/snm-online.sk\/en\/wp-json\/wp\/v2\/types\/page"}],"author":[{"embeddable":true,"href":"https:\/\/snm-online.sk\/en\/wp-json\/wp\/v2\/users\/2"}],"replies":[{"embeddable":true,"href":"https:\/\/snm-online.sk\/en\/wp-json\/wp\/v2\/comments?post=2930"}],"version-history":[{"count":4,"href":"https:\/\/snm-online.sk\/en\/wp-json\/wp\/v2\/pages\/2930\/revisions"}],"predecessor-version":[{"id":3187,"href":"https:\/\/snm-online.sk\/en\/wp-json\/wp\/v2\/pages\/2930\/revisions\/3187"}],"wp:attachment":[{"href":"https:\/\/snm-online.sk\/en\/wp-json\/wp\/v2\/media?parent=2930"}],"curies":[{"name":"wp","href":"https:\/\/api.w.org\/{rel}","templated":true}]}}