{"id":3007,"date":"2025-01-20T10:45:51","date_gmt":"2025-01-20T09:45:51","guid":{"rendered":"https:\/\/snm-online.sk\/?page_id=3007"},"modified":"2025-11-03T16:50:53","modified_gmt":"2025-11-03T15:50:53","slug":"nedele-s-lektorkami-obliekame-slovanov","status":"publish","type":"page","link":"https:\/\/snm-online.sk\/en\/nedele-s-lektorkami-obliekame-slovanov\/","title":{"rendered":"Nedele s lektorkami:\u00a0Obliekame Slovanov"},"content":{"rendered":"<div id=\"wp-block-themeisle-blocks-advanced-columns-540a1b7a\" class=\"wp-block-themeisle-blocks-advanced-columns has-1-columns has-desktop-twoOne-layout has-tablet-equal-layout has-mobile-collapsedRows-layout has-vertical-unset\"><div class=\"wp-block-themeisle-blocks-advanced-columns-overlay\"><\/div><div class=\"innerblocks-wrap\">\n<div id=\"wp-block-themeisle-blocks-advanced-column-ac3b2cf5\" class=\"wp-block-themeisle-blocks-advanced-column\">\n<figure class=\"wp-block-image size-large is-resized\"><img loading=\"lazy\" decoding=\"async\" width=\"1024\" height=\"373\" src=\"https:\/\/snm-online.sk\/wp-content\/uploads\/2025\/01\/formaty-sprievodkyne_WEB1-copy-1024x373.jpg\" alt=\"\" class=\"wp-image-3009\" style=\"width:1128px;height:auto\" srcset=\"https:\/\/snm-online.sk\/wp-content\/uploads\/2025\/01\/formaty-sprievodkyne_WEB1-copy-1024x373.jpg 1024w, https:\/\/snm-online.sk\/wp-content\/uploads\/2025\/01\/formaty-sprievodkyne_WEB1-copy-300x109.jpg 300w, https:\/\/snm-online.sk\/wp-content\/uploads\/2025\/01\/formaty-sprievodkyne_WEB1-copy-768x280.jpg 768w, https:\/\/snm-online.sk\/wp-content\/uploads\/2025\/01\/formaty-sprievodkyne_WEB1-copy-1536x560.jpg 1536w, https:\/\/snm-online.sk\/wp-content\/uploads\/2025\/01\/formaty-sprievodkyne_WEB1-copy.jpg 1920w\" sizes=\"auto, (max-width: 1024px) 100vw, 1024px\" \/><\/figure>\n<\/div>\n<\/div><\/div>\n\n\n\n<div style=\"height:30px\" aria-hidden=\"true\" class=\"wp-block-spacer\"><\/div>\n\n\n\n<p><strong>Please choose from the listed dates:<\/strong><\/p>\n\n\n\r\n<section class=\"mb-4\">\r\n    <nav class=\"wper-days\">\r\n        \r\n            <\/nav>\r\n\r\n    \r\n    <ul id=\"wperItems\" class=\"wper-list\">\r\n        Sorry, this date is not available.    <\/ul>\r\n<\/section>\r\n\r\n<div class=\"wper-modal\">\r\n    <div class=\"wper-modal__inner\">\r\n        <div class=\"wper-modal__header\">\r\n            <button type=\"button\" class=\"wper-modal__close js-wper-close-modal\">\r\n                <svg width=\"16\" height=\"16\" viewbox=\"0 0 16 16\" fill=\"none\" class=\"svg\" xmlns=\"http:\/\/www.w3.org\/2000\/svg\"><path d=\"M16 7H3.83L9.42 1.41L8 0L0 8L8 16L9.41 14.59L3.83 9H16V7Z\" fill=\"currentColor\"\/><\/svg> <span>Continue shopping<\/span>\r\n            <\/button>\r\n        <\/div>\r\n\r\n        <iframe src=\"\" frameborder=\"0\" class=\"wper-modal__iframe\"><\/iframe>\r\n    <\/div>\r\n<\/div>\r\n\r\n<div class=\"wper-note\">\r\n    <div class=\"wper-note__inner\">\r\n        <div id=\"wperNoteRetail\" class=\"wper-note__content\">\r\n            <h5 class=\"wper-note__title\">Last tickets available only at the museum ticket office.<\/h5>\r\n\r\n            <p>We are sorry, but due to high interest, all tickets reserved for online sales are sold out.<\/p>\r\n\r\n            <p>Last few tickets are available at the castle ticket office. We recommend you visit the ticket office as soon as possible, as tickets sell out quickly.<\/p>\r\n        <\/div>\r\n\r\n        <div id=\"wperNoteSold\" class=\"wper-note__content\">\r\n            <h5 class=\"wper-note__title\">Tickets for this time slot are sold out.<\/h5>\r\n\r\n            <p>We are sorry, but due to high interest, all tickets for this tour are sold out. No tickets are available for this time slot at the castle ticket office either.<\/p>\r\n\r\n            <p>Please try to select another time slot within the day or consider visiting on a different day. We recommend monitoring our website for availability of tickets for individual tours and events.<\/p>\r\n\r\n            <p>Given the high attendance, we advise purchasing tickets well in advance online.<\/p>\r\n        <\/div>\r\n\r\n        <div class=\"wper-note__actions\">\r\n            <button type=\"submit\" class=\"wper-note__close js-wper-close-note\">Got it<\/button>\r\n        <\/div>\r\n    <\/div>\r\n<\/div>\r\n\n\n\n\n<p>Z\u00e1bavno-vzdel\u00e1vacia<strong> prehliadka are\u00e1lu Bratislavsk\u00e9ho hradu a expoz\u00edcie Dej\u00edn Slovenska<\/strong>, venovan\u00e1 odievaniu a odevn\u00fdm doplnkom Slovanov v 6. \u2013 10. storo\u010d\u00ed. Pomocou vystaven\u00fdch zbierkov\u00fdch predmetov budeme p\u00e1tra\u0165 po odpovediach na ot\u00e1zky, ako historici vedia, \u010do si obliekali na\u0161i slovansk\u00ed praotcovia a ich dru\u017eky a na \u010do im sl\u00fa\u017eili zdanlivo \u201eiba pekn\u00e9\u201c ozdoby.<\/p>\n\n\n\n<p><strong>Sprev\u00e1dza:<\/strong> \u013dubom\u00edra \u010cern\u00e1kov\u00e1<\/p>\n\n\n\n<p><strong>Trvanie:<\/strong> cca.\u00a02 hodiny<\/p>\n\n\n\n<p><strong>Miesto stretnutia:<\/strong> \u010cestn\u00e9 n\u00e1dvorie pred hradn\u00fdm pal\u00e1com (pri soche Sv\u00e4topluka)<\/p>\n\n\n\n<p><em>Cyklus komentovan\u00fdch prehliadok &#8222;Nedele s lektorkami&#8220; pripravuje SNM \u2013 Historick\u00e9 m\u00fazeum v spolupr\u00e1ci s lektorkami z Asoci\u00e1cie sprievodcov Bratislavy. Organizovan\u00e9 spravidla raz do mesiaca, prehliadky n\u00e1v\u0161tevn\u00edkom p\u00fatav\u00fdm sp\u00f4sobom prin\u00e1\u0161aj\u00fa nov\u00fd poh\u013ead na v\u00fdstavy a expoz\u00edcie m\u00fazea.<\/em><\/p>\n\n\n\n<div style=\"height:100px\" aria-hidden=\"true\" class=\"wp-block-spacer\"><\/div>\n\n\n\n<p><strong>If you have any questions about online tickets, please contact us at\u00a0<a href=\"mailto:pomoc@snm-online.sk\">pomoc@snm-online.sk<\/a><\/strong><\/p>\n\n\n\n<div style=\"height:100px\" aria-hidden=\"true\" class=\"wp-block-spacer\"><\/div>","protected":false},"excerpt":{"rendered":"<p>Vyberte si pros\u00edm z ponuky d\u00e1tumov a term\u00ednov prehliadok: Z\u00e1bavno-vzdel\u00e1vacia prehliadka are\u00e1lu Bratislavsk\u00e9ho hradu a expoz\u00edcie Dej\u00edn Slovenska, venovan\u00e1 odievaniu a odevn\u00fdm doplnkom Slovanov v 6. \u2013 10. storo\u010d\u00ed. Pomocou&hellip;&nbsp;<a href=\"https:\/\/snm-online.sk\/en\/nedele-s-lektorkami-obliekame-slovanov\/\" class=\"\" rel=\"bookmark\">Read More &raquo;<span class=\"screen-reader-text\">Nedele s lektorkami:\u00a0Obliekame Slovanov<\/span><\/a><\/p>","protected":false},"author":2,"featured_media":0,"parent":0,"menu_order":0,"comment_status":"closed","ping_status":"closed","template":"","meta":{"_eb_attr":"","neve_meta_sidebar":"","neve_meta_container":"","neve_meta_enable_content_width":"","neve_meta_content_width":0,"neve_meta_title_alignment":"","neve_meta_author_avatar":"","neve_post_elements_order":"","neve_meta_disable_header":"","neve_meta_disable_footer":"","neve_meta_disable_title":"","_themeisle_gutenberg_block_has_review":false,"footnotes":""},"class_list":["post-3007","page","type-page","status-publish","hentry"],"_links":{"self":[{"href":"https:\/\/snm-online.sk\/en\/wp-json\/wp\/v2\/pages\/3007","targetHints":{"allow":["GET"]}}],"collection":[{"href":"https:\/\/snm-online.sk\/en\/wp-json\/wp\/v2\/pages"}],"about":[{"href":"https:\/\/snm-online.sk\/en\/wp-json\/wp\/v2\/types\/page"}],"author":[{"embeddable":true,"href":"https:\/\/snm-online.sk\/en\/wp-json\/wp\/v2\/users\/2"}],"replies":[{"embeddable":true,"href":"https:\/\/snm-online.sk\/en\/wp-json\/wp\/v2\/comments?post=3007"}],"version-history":[{"count":3,"href":"https:\/\/snm-online.sk\/en\/wp-json\/wp\/v2\/pages\/3007\/revisions"}],"predecessor-version":[{"id":3013,"href":"https:\/\/snm-online.sk\/en\/wp-json\/wp\/v2\/pages\/3007\/revisions\/3013"}],"wp:attachment":[{"href":"https:\/\/snm-online.sk\/en\/wp-json\/wp\/v2\/media?parent=3007"}],"curies":[{"name":"wp","href":"https:\/\/api.w.org\/{rel}","templated":true}]}}