{"id":3015,"date":"2025-01-20T10:53:05","date_gmt":"2025-01-20T09:53:05","guid":{"rendered":"https:\/\/snm-online.sk\/?page_id=3015"},"modified":"2025-12-01T10:28:32","modified_gmt":"2025-12-01T09:28:32","slug":"nedele-s-lektorkami-zeny-na-bratislavskom-hrade","status":"publish","type":"page","link":"https:\/\/snm-online.sk\/en\/nedele-s-lektorkami-zeny-na-bratislavskom-hrade\/","title":{"rendered":"Nedele s lektorkami:\u00a0\u017deny na Bratislavskom hrade"},"content":{"rendered":"<div id=\"wp-block-themeisle-blocks-advanced-columns-d4fccbd2\" class=\"wp-block-themeisle-blocks-advanced-columns has-1-columns has-desktop-equal-layout has-tablet-equal-layout has-mobile-equal-layout has-vertical-unset\"><div class=\"wp-block-themeisle-blocks-advanced-columns-overlay\"><\/div><div class=\"innerblocks-wrap\">\n<div id=\"wp-block-themeisle-blocks-advanced-column-ff085094\" class=\"wp-block-themeisle-blocks-advanced-column\">\n<figure class=\"wp-block-image size-full is-resized\"><img loading=\"lazy\" decoding=\"async\" width=\"1920\" height=\"700\" src=\"https:\/\/snm-online.sk\/wp-content\/uploads\/2025\/01\/formaty-sprievodkyne_WEB1.jpg\" alt=\"\" class=\"wp-image-3016\" style=\"width:1112px;height:auto\" srcset=\"https:\/\/snm-online.sk\/wp-content\/uploads\/2025\/01\/formaty-sprievodkyne_WEB1.jpg 1920w, https:\/\/snm-online.sk\/wp-content\/uploads\/2025\/01\/formaty-sprievodkyne_WEB1-300x109.jpg 300w, https:\/\/snm-online.sk\/wp-content\/uploads\/2025\/01\/formaty-sprievodkyne_WEB1-1024x373.jpg 1024w, https:\/\/snm-online.sk\/wp-content\/uploads\/2025\/01\/formaty-sprievodkyne_WEB1-768x280.jpg 768w, https:\/\/snm-online.sk\/wp-content\/uploads\/2025\/01\/formaty-sprievodkyne_WEB1-1536x560.jpg 1536w\" sizes=\"auto, (max-width: 1920px) 100vw, 1920px\" \/><\/figure>\n\n\n\n<div style=\"height:30px\" aria-hidden=\"true\" class=\"wp-block-spacer\"><\/div>\n\n\n\n<p><strong>Please choose from the listed dates:<\/strong><\/p>\n\n\n\r\n<section class=\"mb-4\">\r\n    <nav class=\"wper-days\">\r\n        \r\n            <\/nav>\r\n\r\n    \r\n    <ul id=\"wperItems\" class=\"wper-list\">\r\n        Sorry, this date is not available.    <\/ul>\r\n<\/section>\r\n\r\n<div class=\"wper-modal\">\r\n    <div class=\"wper-modal__inner\">\r\n        <div class=\"wper-modal__header\">\r\n            <button type=\"button\" class=\"wper-modal__close js-wper-close-modal\">\r\n                <svg width=\"16\" height=\"16\" viewbox=\"0 0 16 16\" fill=\"none\" class=\"svg\" xmlns=\"http:\/\/www.w3.org\/2000\/svg\"><path d=\"M16 7H3.83L9.42 1.41L8 0L0 8L8 16L9.41 14.59L3.83 9H16V7Z\" fill=\"currentColor\"\/><\/svg> <span>Continue shopping<\/span>\r\n            <\/button>\r\n        <\/div>\r\n\r\n        <iframe src=\"\" frameborder=\"0\" class=\"wper-modal__iframe\"><\/iframe>\r\n    <\/div>\r\n<\/div>\r\n\r\n<div class=\"wper-note\">\r\n    <div class=\"wper-note__inner\">\r\n        <div id=\"wperNoteRetail\" class=\"wper-note__content\">\r\n            <h5 class=\"wper-note__title\">Last tickets available only at the museum ticket office.<\/h5>\r\n\r\n            <p>We are sorry, but due to high interest, all tickets reserved for online sales are sold out.<\/p>\r\n\r\n            <p>Last few tickets are available at the castle ticket office. We recommend you visit the ticket office as soon as possible, as tickets sell out quickly.<\/p>\r\n        <\/div>\r\n\r\n        <div id=\"wperNoteSold\" class=\"wper-note__content\">\r\n            <h5 class=\"wper-note__title\">Tickets for this time slot are sold out.<\/h5>\r\n\r\n            <p>We are sorry, but due to high interest, all tickets for this tour are sold out. No tickets are available for this time slot at the castle ticket office either.<\/p>\r\n\r\n            <p>Please try to select another time slot within the day or consider visiting on a different day. We recommend monitoring our website for availability of tickets for individual tours and events.<\/p>\r\n\r\n            <p>Given the high attendance, we advise purchasing tickets well in advance online.<\/p>\r\n        <\/div>\r\n\r\n        <div class=\"wper-note__actions\">\r\n            <button type=\"submit\" class=\"wper-note__close js-wper-close-note\">Got it<\/button>\r\n        <\/div>\r\n    <\/div>\r\n<\/div>\r\n\n\n\n\n<p>Pr\u00ed\u010fte sa dozvedie\u0165 \u010do vedeli u\u017e pravek\u00e9 \u017eeny, ak\u00e9 postavenie mali Keltsk\u00e9 \u017eeny a \u010d\u00edm sa do povest\u00ed zap\u00edsali Slovansk\u00e9 \u017eeny. Spozn\u00e1te v\u0161ak najm\u00e4 konkr\u00e9tne matky, svokry, \u0161vagrin\u00e9, nevesty, man\u017eelky, dc\u00e9ry a vnu\u010dky uhorsk\u00fdch kr\u00e1\u013eovsk\u00fdch rodov od \u010dias vl\u00e1dy Arp\u00e1dovcov a\u017e po vl\u00e1du Habsburgovcov. Tieto \u017eeny na Bratislavskom hrade n\u00e1m pribl\u00ed\u017eia expon\u00e1ty, ktor\u00e9 na Bratislavskom hrade vystavuje SNM \u2013 Historick\u00e9 m\u00fazeum.<br><\/p>\n\n\n\n<p><strong>Sprev\u00e1dza:<\/strong> Katar\u00edna Kr\u00e1likov\u00e1<\/p>\n\n\n\n<p><strong>Trvanie: <\/strong>cca.&nbsp;2 hodiny<\/p>\n\n\n\n<p><strong>Miesto stretnutia:<\/strong> 3. poschodie \u2013 pred vstupom do expoz\u00edcie Dejiny Slovenska (schodisko)<\/p>\n\n\n\n<p><\/p>\n\n\n\n<p><em>Cyklus komentovan\u00fdch prehliadok &#8222;Nedele s lektorkami&#8220; pripravuje SNM \u2013 Historick\u00e9 m\u00fazeum v spolupr\u00e1ci s lektorkami z Asoci\u00e1cie sprievodcov Bratislavy. Organizovan\u00e9 spravidla raz do mesiaca, prehliadky n\u00e1v\u0161tevn\u00edkom p\u00fatav\u00fdm sp\u00f4sobom prin\u00e1\u0161aj\u00fa nov\u00fd poh\u013ead na v\u00fdstavy a expoz\u00edcie m\u00fazea.<\/em><\/p>\n\n\n\n<div style=\"height:30px\" aria-hidden=\"true\" class=\"wp-block-spacer\"><\/div>\n\n\n\n<p><strong>If you have any questions about online tickets, please contact us at&nbsp;<a href=\"mailto:pomoc@snm-online.sk\">pomoc@snm-online.sk<\/a><\/strong><\/p>\n\n\n\n<div style=\"height:100px\" aria-hidden=\"true\" class=\"wp-block-spacer\"><\/div>\n\n\n\n<p><\/p>\n<\/div>\n<\/div><\/div>","protected":false},"excerpt":{"rendered":"","protected":false},"author":2,"featured_media":0,"parent":0,"menu_order":0,"comment_status":"closed","ping_status":"closed","template":"","meta":{"_eb_attr":"","neve_meta_sidebar":"","neve_meta_container":"","neve_meta_enable_content_width":"","neve_meta_content_width":0,"neve_meta_title_alignment":"","neve_meta_author_avatar":"","neve_post_elements_order":"","neve_meta_disable_header":"","neve_meta_disable_footer":"","neve_meta_disable_title":"","_themeisle_gutenberg_block_has_review":false,"footnotes":""},"class_list":["post-3015","page","type-page","status-publish","hentry"],"_links":{"self":[{"href":"https:\/\/snm-online.sk\/en\/wp-json\/wp\/v2\/pages\/3015","targetHints":{"allow":["GET"]}}],"collection":[{"href":"https:\/\/snm-online.sk\/en\/wp-json\/wp\/v2\/pages"}],"about":[{"href":"https:\/\/snm-online.sk\/en\/wp-json\/wp\/v2\/types\/page"}],"author":[{"embeddable":true,"href":"https:\/\/snm-online.sk\/en\/wp-json\/wp\/v2\/users\/2"}],"replies":[{"embeddable":true,"href":"https:\/\/snm-online.sk\/en\/wp-json\/wp\/v2\/comments?post=3015"}],"version-history":[{"count":3,"href":"https:\/\/snm-online.sk\/en\/wp-json\/wp\/v2\/pages\/3015\/revisions"}],"predecessor-version":[{"id":4182,"href":"https:\/\/snm-online.sk\/en\/wp-json\/wp\/v2\/pages\/3015\/revisions\/4182"}],"wp:attachment":[{"href":"https:\/\/snm-online.sk\/en\/wp-json\/wp\/v2\/media?parent=3015"}],"curies":[{"name":"wp","href":"https:\/\/api.w.org\/{rel}","templated":true}]}}