{"id":3029,"date":"2025-01-22T15:13:18","date_gmt":"2025-01-22T14:13:18","guid":{"rendered":"https:\/\/snm-online.sk\/?page_id=3029"},"modified":"2026-03-26T14:35:29","modified_gmt":"2026-03-26T13:35:29","slug":"zamok-bojnice","status":"publish","type":"page","link":"https:\/\/snm-online.sk\/en\/zamok-bojnice\/","title":{"rendered":"Bojnice Castle Museum"},"content":{"rendered":"\n<h2 class=\"wp-block-heading\">Slovensk\u00e9 n\u00e1rodn\u00e9 m\u00fazeum<\/h2>\n\n\n\n<div style=\"height:40px\" aria-hidden=\"true\" class=\"wp-block-spacer\"><\/div>\n\n\n\n<h3 class=\"wp-block-heading has-text-align-center\">Vstupenky na prehliadku z\u00e1mku a jaskyne<\/h3>\n\n\n\n<div style=\"height:20px\" aria-hidden=\"true\" class=\"wp-block-spacer\"><\/div>\n\n\n\n<div id=\"wp-block-themeisle-blocks-advanced-columns-3a4ce610\" class=\"wp-block-themeisle-blocks-advanced-columns has-1-columns has-desktop-equal-layout has-tablet-equal-layout has-mobile-collapsedRows-layout has-vertical-unset\"><div class=\"wp-block-themeisle-blocks-advanced-columns-overlay\"><\/div><div class=\"innerblocks-wrap\">\n<div id=\"wp-block-themeisle-blocks-advanced-column-2f3796f1\" class=\"wp-block-themeisle-blocks-advanced-column\">\n<figure class=\"wp-block-image size-large is-resized has-custom-border\"><img loading=\"lazy\" decoding=\"async\" width=\"1024\" height=\"374\" src=\"https:\/\/snm-online.sk\/wp-content\/uploads\/2025\/01\/Zamok-Bojnice-1024x374.jpg\" alt=\"\" class=\"wp-image-3030\" style=\"border-radius:10px;width:1170px;height:auto\" srcset=\"https:\/\/snm-online.sk\/wp-content\/uploads\/2025\/01\/Zamok-Bojnice-1024x374.jpg 1024w, https:\/\/snm-online.sk\/wp-content\/uploads\/2025\/01\/Zamok-Bojnice-300x110.jpg 300w, https:\/\/snm-online.sk\/wp-content\/uploads\/2025\/01\/Zamok-Bojnice-768x280.jpg 768w, https:\/\/snm-online.sk\/wp-content\/uploads\/2025\/01\/Zamok-Bojnice-1536x561.jpg 1536w, https:\/\/snm-online.sk\/wp-content\/uploads\/2025\/01\/Zamok-Bojnice.jpg 1920w\" sizes=\"auto, (max-width: 1024px) 100vw, 1024px\" \/><\/figure>\n\n\n\n<div style=\"height:50px\" aria-hidden=\"true\" class=\"wp-block-spacer\"><\/div>\n\n\n\r\n<section class=\"mb-4\">\r\n    <nav class=\"wper-days\">\r\n                    <span class=\"wper-days__item js-wper-change-day active\" data-date=\"2026-04-25\">\r\n                <span class=\"long\">Today<\/span>\r\n                <span class=\"short\">Today<\/span>\r\n            <\/span>\r\n                    <span class=\"wper-days__item js-wper-change-day \" data-date=\"2026-04-26\">\r\n                <span class=\"long\">Tomorrow<\/span>\r\n                <span class=\"short\">Tomorrow<\/span>\r\n            <\/span>\r\n                    <span class=\"wper-days__item js-wper-change-day \" data-date=\"2026-04-27\">\r\n                <span class=\"long\">Monday 27.4.<\/span>\r\n                <span class=\"short\">Mon 27.4.<\/span>\r\n            <\/span>\r\n                    <span class=\"wper-days__item js-wper-change-day \" data-date=\"2026-04-28\">\r\n                <span class=\"long\">Tuesday 28.4.<\/span>\r\n                <span class=\"short\">Tue 28.4.<\/span>\r\n            <\/span>\r\n                    <span class=\"wper-days__item js-wper-change-day \" data-date=\"2026-04-29\">\r\n                <span class=\"long\">Wednesday 29.4.<\/span>\r\n                <span class=\"short\">Wed 29.4.<\/span>\r\n            <\/span>\r\n                    <span class=\"wper-days__item js-wper-change-day \" data-date=\"2026-04-30\">\r\n                <span class=\"long\">Thursday 30.4.<\/span>\r\n                <span class=\"short\">Thu 30.4.<\/span>\r\n            <\/span>\r\n                    <span class=\"wper-days__item js-wper-change-day \" data-date=\"2026-05-01\">\r\n                <span class=\"long\">Friday 1.5.<\/span>\r\n                <span class=\"short\">Fri 1.5.<\/span>\r\n            <\/span>\r\n        \r\n                    <div class=\"wper-days__ite\">\r\n                <input type=\"text\" id=\"wperDatepickerInput\" class=\"wper-datepicker-input\" placeholder=\"Other date\" data-min-date=\"2026-04-25\"  readonly>\r\n            <\/div>\r\n            <\/nav>\r\n\r\n    \r\n    <ul id=\"wperItems\" class=\"wper-list\">\r\n            <li class=\"wper-item \">\r\n        <div class=\"wper-item__content\">\r\n            <div>\r\n                <strong><\/strong><br>Today \u00b7 10:00            <\/div>\r\n\r\n            <div class=\"wper-item__meta\">\r\n                Slovak \u00b7 Available 1            <\/div>\r\n        <\/div>\r\n\r\n                    <span>\r\n                                    <a href=\"https:\/\/shop.snm.entradio.sk\/tourTimeSlot\/134577?gatewayButtonTarget=_top&theme=bronzeBrown&localeCode=en\" class=\"wper-button js-wper-show-modal\" target=\"_blank\">\r\n                        <svg width=\"16\" height=\"16\" viewBox=\"0 0 16 16\" fill=\"none\" class=\"svg\" xmlns=\"http:\/\/www.w3.org\/2000\/svg\"><path d=\"M5.25 12.5C4.425 12.5 3.7575 13.175 3.7575 14C3.7575 14.825 4.425 15.5 5.25 15.5C6.075 15.5 6.75 14.825 6.75 14C6.75 13.175 6.075 12.5 5.25 12.5ZM0.75 0.5V2H2.25L4.95 7.6925L3.9375 9.53C3.8175 9.74 3.75 9.9875 3.75 10.25C3.75 11.075 4.425 11.75 5.25 11.75H14.25V10.25H5.565C5.46 10.25 5.3775 10.1675 5.3775 10.0625L5.4 9.9725L6.075 8.75H11.6625C12.225 8.75 12.72 8.4425 12.975 7.9775L15.66 3.11C15.72 3.005 15.75 2.8775 15.75 2.75C15.75 2.3375 15.4125 2 15 2H3.9075L3.2025 0.5H0.75ZM12.75 12.5C11.925 12.5 11.2575 13.175 11.2575 14C11.2575 14.825 11.925 15.5 12.75 15.5C13.575 15.5 14.25 14.825 14.25 14C14.25 13.175 13.575 12.5 12.75 12.5Z\" fill=\"currentColor\"\/><\/svg> <span>Tickets<\/span>\r\n                    <\/a>\r\n                            <\/span>\r\n            <\/li>\r\n    <li class=\"wper-item \">\r\n        <div class=\"wper-item__content\">\r\n            <div>\r\n                <strong><\/strong><br>Today \u00b7 12:00            <\/div>\r\n\r\n            <div class=\"wper-item__meta\">\r\n                Slovak            <\/div>\r\n        <\/div>\r\n\r\n                    <span>\r\n                                    <button class=\"wper-button-secondary js-wper-show-note\" data-note=\"#wperNoteSold\">Sold out<\/button>\r\n                            <\/span>\r\n            <\/li>\r\n    <li class=\"wper-item \">\r\n        <div class=\"wper-item__content\">\r\n            <div>\r\n                <strong><\/strong><br>Today \u00b7 13:00            <\/div>\r\n\r\n            <div class=\"wper-item__meta\">\r\n                Slovak            <\/div>\r\n        <\/div>\r\n\r\n                    <span>\r\n                                    <button class=\"wper-button-secondary js-wper-show-note\" data-note=\"#wperNoteSold\">Sold out<\/button>\r\n                            <\/span>\r\n            <\/li>\r\n    <li class=\"wper-item \">\r\n        <div class=\"wper-item__content\">\r\n            <div>\r\n                <strong><\/strong><br>Today \u00b7 13:15            <\/div>\r\n\r\n            <div class=\"wper-item__meta\">\r\n                English \u00b7 Available 33            <\/div>\r\n        <\/div>\r\n\r\n                    <span>\r\n                                    <a href=\"https:\/\/shop.snm.entradio.sk\/tourTimeSlot\/134581?gatewayButtonTarget=_top&theme=bronzeBrown&localeCode=en\" class=\"wper-button js-wper-show-modal\" target=\"_blank\">\r\n                        <svg width=\"16\" height=\"16\" viewBox=\"0 0 16 16\" fill=\"none\" class=\"svg\" xmlns=\"http:\/\/www.w3.org\/2000\/svg\"><path d=\"M5.25 12.5C4.425 12.5 3.7575 13.175 3.7575 14C3.7575 14.825 4.425 15.5 5.25 15.5C6.075 15.5 6.75 14.825 6.75 14C6.75 13.175 6.075 12.5 5.25 12.5ZM0.75 0.5V2H2.25L4.95 7.6925L3.9375 9.53C3.8175 9.74 3.75 9.9875 3.75 10.25C3.75 11.075 4.425 11.75 5.25 11.75H14.25V10.25H5.565C5.46 10.25 5.3775 10.1675 5.3775 10.0625L5.4 9.9725L6.075 8.75H11.6625C12.225 8.75 12.72 8.4425 12.975 7.9775L15.66 3.11C15.72 3.005 15.75 2.8775 15.75 2.75C15.75 2.3375 15.4125 2 15 2H3.9075L3.2025 0.5H0.75ZM12.75 12.5C11.925 12.5 11.2575 13.175 11.2575 14C11.2575 14.825 11.925 15.5 12.75 15.5C13.575 15.5 14.25 14.825 14.25 14C14.25 13.175 13.575 12.5 12.75 12.5Z\" fill=\"currentColor\"\/><\/svg> <span>Tickets<\/span>\r\n                    <\/a>\r\n                            <\/span>\r\n            <\/li>\r\n    <li class=\"wper-item \">\r\n        <div class=\"wper-item__content\">\r\n            <div>\r\n                <strong><\/strong><br>Today \u00b7 14:00            <\/div>\r\n\r\n            <div class=\"wper-item__meta\">\r\n                Slovak            <\/div>\r\n        <\/div>\r\n\r\n                    <span>\r\n                                    <button class=\"wper-button-secondary js-wper-show-note\" data-note=\"#wperNoteSold\">Sold out<\/button>\r\n                            <\/span>\r\n            <\/li>\r\n    <li class=\"wper-item \">\r\n        <div class=\"wper-item__content\">\r\n            <div>\r\n                <strong><\/strong><br>Today \u00b7 15:00            <\/div>\r\n\r\n            <div class=\"wper-item__meta\">\r\n                Slovak            <\/div>\r\n        <\/div>\r\n\r\n                    <span>\r\n                                    <button class=\"wper-button-secondary js-wper-show-note\" data-note=\"#wperNoteSold\">Sold out<\/button>\r\n                            <\/span>\r\n            <\/li>\r\n    <li class=\"wper-item \">\r\n        <div class=\"wper-item__content\">\r\n            <div>\r\n                <strong><\/strong><br>Today \u00b7 16:00            <\/div>\r\n\r\n            <div class=\"wper-item__meta\">\r\n                Slovak \u00b7 Available 4            <\/div>\r\n        <\/div>\r\n\r\n                    <span>\r\n                                    <a href=\"https:\/\/shop.snm.entradio.sk\/tourTimeSlot\/134584?gatewayButtonTarget=_top&theme=bronzeBrown&localeCode=en\" class=\"wper-button js-wper-show-modal\" target=\"_blank\">\r\n                        <svg width=\"16\" height=\"16\" viewBox=\"0 0 16 16\" fill=\"none\" class=\"svg\" xmlns=\"http:\/\/www.w3.org\/2000\/svg\"><path d=\"M5.25 12.5C4.425 12.5 3.7575 13.175 3.7575 14C3.7575 14.825 4.425 15.5 5.25 15.5C6.075 15.5 6.75 14.825 6.75 14C6.75 13.175 6.075 12.5 5.25 12.5ZM0.75 0.5V2H2.25L4.95 7.6925L3.9375 9.53C3.8175 9.74 3.75 9.9875 3.75 10.25C3.75 11.075 4.425 11.75 5.25 11.75H14.25V10.25H5.565C5.46 10.25 5.3775 10.1675 5.3775 10.0625L5.4 9.9725L6.075 8.75H11.6625C12.225 8.75 12.72 8.4425 12.975 7.9775L15.66 3.11C15.72 3.005 15.75 2.8775 15.75 2.75C15.75 2.3375 15.4125 2 15 2H3.9075L3.2025 0.5H0.75ZM12.75 12.5C11.925 12.5 11.2575 13.175 11.2575 14C11.2575 14.825 11.925 15.5 12.75 15.5C13.575 15.5 14.25 14.825 14.25 14C14.25 13.175 13.575 12.5 12.75 12.5Z\" fill=\"currentColor\"\/><\/svg> <span>Tickets<\/span>\r\n                    <\/a>\r\n                            <\/span>\r\n            <\/li>\r\n    <\/ul>\r\n<\/section>\r\n\r\n<div class=\"wper-modal\">\r\n    <div class=\"wper-modal__inner\">\r\n        <div class=\"wper-modal__header\">\r\n            <button type=\"button\" class=\"wper-modal__close js-wper-close-modal\">\r\n                <svg width=\"16\" height=\"16\" viewBox=\"0 0 16 16\" fill=\"none\" class=\"svg\" xmlns=\"http:\/\/www.w3.org\/2000\/svg\"><path d=\"M16 7H3.83L9.42 1.41L8 0L0 8L8 16L9.41 14.59L3.83 9H16V7Z\" fill=\"currentColor\"\/><\/svg> <span>Continue shopping<\/span>\r\n            <\/button>\r\n        <\/div>\r\n\r\n        <iframe src=\"\" frameborder=\"0\" class=\"wper-modal__iframe\"><\/iframe>\r\n    <\/div>\r\n<\/div>\r\n\r\n<div class=\"wper-note\">\r\n    <div class=\"wper-note__inner\">\r\n        <div id=\"wperNoteRetail\" class=\"wper-note__content\">\r\n            <h5 class=\"wper-note__title\">Last tickets available only at the museum ticket office.<\/h5>\r\n\r\n            <p>We are sorry, but due to high interest, all tickets reserved for online sales are sold out.<\/p>\r\n\r\n            <p>Last few tickets are available at the castle ticket office. We recommend you visit the ticket office as soon as possible, as tickets sell out quickly.<\/p>\r\n        <\/div>\r\n\r\n        <div id=\"wperNoteSold\" class=\"wper-note__content\">\r\n            <h5 class=\"wper-note__title\">Tickets for this time slot are sold out.<\/h5>\r\n\r\n            <p>We are sorry, but due to high interest, all tickets for this tour are sold out. No tickets are available for this time slot at the castle ticket office either.<\/p>\r\n\r\n            <p>Please try to select another time slot within the day or consider visiting on a different day. We recommend monitoring our website for availability of tickets for individual tours and events.<\/p>\r\n\r\n            <p>Given the high attendance, we advise purchasing tickets well in advance online.<\/p>\r\n        <\/div>\r\n\r\n        <div class=\"wper-note__actions\">\r\n            <button type=\"submit\" class=\"wper-note__close js-wper-close-note\">Got it<\/button>\r\n        <\/div>\r\n    <\/div>\r\n<\/div>\r\n\n\n\n\n<p>Nav\u0161t\u00edvte tie naj\u017eiadanej\u0161ie a najzauj\u00edmavej\u0161ie priestory Bojnick\u00e9ho z\u00e1mku.<\/p>\n\n\n\n<p>S\u00fa\u010das\u0165ou Prehliadky z\u00e1mku a jaskyne je okrem in\u00e9ho Gr\u00f3fsky byt s reprezentat\u00edvnou Zlatou s\u00e1lou, Hu\u0148adyho s\u00e1la s unik\u00e1tnym barokov\u00fdm lustrom, jednotliv\u00e9 poschodia Stredn\u00e9ho hradu so zachoval\u00fdmi neogotick\u00fdmi interi\u00e9rmi, z\u00e1mock\u00e1 kaplnka s origin\u00e1lom zn\u00e1meho Bojnick\u00e9ho olt\u00e1ra.&nbsp;Z\u00e1ver prehliadky vedie kroky n\u00e1v\u0161tevn\u00edkov do rodinnej hrobky, v ktorej na\u0161iel miesto posledn\u00e9ho odpo\u010dinku gr\u00f3f J\u00e1n P\u00e1lfi, posledn\u00fd \u0161\u013eachtick\u00fd majite\u013e Bojnick\u00e9ho z\u00e1mku.&nbsp;Prehliadku ukon\u010duje unik\u00e1tna pr\u00edrodn\u00e1 travert\u00ednov\u00e1 jasky\u0148a nach\u00e1dzaj\u00faca sa priamo pod z\u00e1mkom.&nbsp;Prehliadka z\u00e1mku a jaskyne je sprev\u00e1dzan\u00e1. N\u00e1v\u0161tevn\u00edci dostan\u00fa od lektora odborn\u00fd v\u00fdklad doplnen\u00fd o zauj\u00edmav\u00e9 inform\u00e1cie.<\/p>\n\n\n\n<h5 class=\"wp-block-heading\">Z hist\u00f3rie m\u00fazea<\/h5>\n\n\n\n<p>My\u0161lienkou zriadi\u0165 v Bojnickom z\u00e1mku m\u00fazeum sa zaoberal u\u017e jeho posledn\u00fd majite\u013e, gr\u00f3f J\u00e1n Franti\u0161ek P\u00e1lfi (P\u00e1lffy). Vo svojom testamente zo d\u0148a 14. novembra 1907 vyslovil \u017eelanie, aby jeho pal\u00e1ce vo Viedni a Budape\u0161ti, ka\u0161tie\u013e v Kr\u00e1\u013eovej a z\u00e1mok v Bojniciach boli spr\u00edstupnen\u00e9 pre verejnos\u0165 a aby umeleck\u00e9 diela zostali na p\u00f4vodn\u00fdch miestach a prehliadka bola umo\u017enen\u00e1 v\u0161etk\u00fdm z\u00e1ujemcom.&nbsp;<\/p>\n\n\n\n<p>Prv\u00e1 vlastivedn\u00e1 expoz\u00edcia bola do Bojnick\u00e9ho z\u00e1mku umiestnen\u00e1 v roku 1941 z\u00e1sluhou \u010dlenov Muze\u00e1lneho spolku Hornej Nitry. Tu bola a\u017e do ve\u013ek\u00e9ho po\u017eiaru z\u00e1mku d\u0148a 9. m\u00e1ja 1950. De\u0148 po po\u017eiari boli vypracovan\u00e9 n\u00e1vrhy na finan\u010dn\u00e9 zabezpe\u010denie opravy a vyu\u017eitie obnoven\u00e9ho objektu pre m\u00fazeum. Rada Krajsk\u00e9ho n\u00e1rodn\u00e9ho v\u00fdboru v Nitre uznesen\u00edm \u010d. 107\/1950 zo d\u0148a 7. septembra rozhodla o zriaden\u00ed Krajsk\u00e9ho nitrianskeho m\u00fazea so s\u00eddlom v Bojnickom z\u00e1mku. Po \u00fazemnej reorganiz\u00e1cii v roku 1960 m\u00fazeum prestalo plni\u0165 funkciu krajskej in\u0161tit\u00facie a stalo sa region\u00e1lnym pracoviskom zameran\u00fdm na v\u00fdskum a dokument\u00e1ciu Horn\u00e9ho Ponitria. V r\u00e1mci novej siete m\u00faze\u00ed Stredoslovensk\u00e9ho kraja mu pripadla \u00faloha vlastivedn\u00e9ho m\u00fazea okresu Prievidza.&nbsp;<\/p>\n<\/div>\n<\/div><\/div>\n\n\n\n<div style=\"height:50px\" aria-hidden=\"true\" class=\"wp-block-spacer\"><\/div>\n\n\n\n<div class=\"wp-block-essential-blocks-accordion  root-eb-accordion-ssnof\"><div class=\"eb-parent-wrapper eb-parent-eb-accordion-ssnof \"><div class=\"eb-accordion-container eb-accordion-ssnof\" data-accordion-type=\"accordion\" data-tab-icon=\"fas fa-angle-right\" data-expanded-icon=\"fas fa-angle-down\" data-transition-duration=\"500\"><div class=\"eb-accordion-inner\">\n<div class=\"wp-block-essential-blocks-accordion-item eb-accordion-item-i203w eb-accordion-wrapper\" data-clickable=\"false\"><div class=\"eb-accordion-title-wrapper eb-accordion-title-wrapper-eb-accordion-ssnof\" tabindex=\"0\"><span class=\"eb-accordion-icon-wrapper eb-accordion-icon-wrapper-eb-accordion-ssnof\"><i icon=\"fas fa-angle-right\" class=\"fas fa-angle-right eb-accordion-icon\"><\/i><\/span><div class=\"eb-accordion-title-content-wrap title-content-eb-accordion-ssnof\"><h3 class=\"eb-accordion-title\">Otv\u00e1racie hodiny<\/h3><\/div><\/div><div class=\"eb-accordion-content-wrapper eb-accordion-content-wrapper-eb-accordion-ssnof\"><div class=\"eb-accordion-content\">\n<h6 class=\"wp-block-heading has-neve-text-color-color has-text-color has-link-color wp-elements-e78b47eb8af249f6df7ddde29c1cf960\"><strong>November \u2013 Marec<\/strong><\/h6>\n\n\n\n<p class=\"has-neve-text-color-color has-text-color has-link-color wp-elements-997671e2b6e2e748d5beeb540ed3fcd0\"><strong>Od stredy do nedele od 10.00 do 15.00 h<\/strong><\/p>\n\n\n\n<h6 class=\"wp-block-heading has-neve-text-color-color has-text-color has-link-color wp-elements-fcc634d2ac0d89edf8482f78889fea3b\"><strong>Apr\u00edl<\/strong><\/h6>\n\n\n\n<p class=\"has-neve-text-color-color has-text-color has-link-color wp-elements-387789ebd49149072a7afc89659789ed\">Denne okrem pondelka od 10.00 do 16.00 h<\/p>\n\n\n\n<h6 class=\"wp-block-heading has-neve-text-color-color has-text-color has-link-color wp-elements-be795f60a739e0bf6f2717c5e8f9656f\"><strong>M\u00e1j<\/strong><\/h6>\n\n\n\n<p class=\"has-neve-text-color-color has-text-color has-link-color wp-elements-ddf87ade467e70caec80fa84d20f2afe\">Denne okrem pondelka od 9.00 do 17.00 h<\/p>\n\n\n\n<h6 class=\"wp-block-heading has-neve-text-color-color has-text-color has-link-color wp-elements-285288a800da3b138e448194e64b350c\"><strong>J\u00fan \u2013 August<\/strong><\/h6>\n\n\n\n<p class=\"has-neve-text-color-color has-text-color has-link-color wp-elements-8422ca25f6e4a48fb3be962d2648306e\">Denne od 9.00 do 17.00 h<\/p>\n\n\n\n<h6 class=\"wp-block-heading has-neve-text-color-color has-text-color has-link-color wp-elements-4a9508c0904fc110a9ca63c66b2d3105\"><strong>September<\/strong><\/h6>\n\n\n\n<p class=\"has-neve-text-color-color has-text-color has-link-color wp-elements-276ed9f21454eb471d0ee4cac8cc22c8\"><strong><\/strong>Denne okrem pondelka od 9.00 do 17.00 h<\/p>\n\n\n\n<h6 class=\"wp-block-heading has-neve-text-color-color has-text-color has-link-color wp-elements-64643e6af413fb8dd723b5a52749df2a\"><strong>Okt\u00f3ber<\/strong><\/h6>\n\n\n\n<p class=\"has-neve-text-color-color has-text-color has-link-color wp-elements-c2148bd59a3b30bbbee9bbf8997412ff\">Denne okrem pondelka od 10.00 do 15.00 h<\/p>\n\n\n\n<h6 class=\"wp-block-heading has-neve-text-color-color has-text-color has-link-color wp-elements-631ddaec9292ef3ffa9ca2e507da6339\"><strong>Obedn\u00e1 prest\u00e1vka<\/strong><\/h6>\n\n\n\n<p class=\"has-neve-text-color-color has-text-color has-link-color wp-elements-496dc43d009e0997b032633ac8d81468\">Obedn\u00e1 prest\u00e1vka je stanoven\u00e1 od 12.00 do 12.30 h. V&nbsp;tomto \u010dase je pokladnica m\u00fazea uzatvoren\u00e1 a&nbsp;nie je mo\u017en\u00e9 si zak\u00fapi\u0165 vstupenky na prehliadku. N\u00e1v\u0161tevn\u00edci, ktor\u00ed sa v&nbsp;\u010dase obednej prest\u00e1vky nach\u00e1dzaj\u00fa na prehliadkovej trase, m\u00f4\u017eu neru\u0161ene pokra\u010dova\u0165 v&nbsp;prehliadke bez preru\u0161enia.<\/p>\n<\/div><\/div><\/div>\n\n\n\n<div class=\"wp-block-essential-blocks-accordion-item eb-accordion-item-4qdup eb-accordion-wrapper\" data-clickable=\"false\"><div class=\"eb-accordion-title-wrapper eb-accordion-title-wrapper-eb-accordion-ssnof\" tabindex=\"0\"><span class=\"eb-accordion-icon-wrapper eb-accordion-icon-wrapper-eb-accordion-ssnof\"><i icon=\"fas fa-angle-right\" class=\"fas fa-angle-right eb-accordion-icon\"><\/i><\/span><div class=\"eb-accordion-title-content-wrap title-content-eb-accordion-ssnof\"><h3 class=\"eb-accordion-title\">Kontakt<\/h3><\/div><\/div><div class=\"eb-accordion-content-wrapper eb-accordion-content-wrapper-eb-accordion-ssnof\"><div class=\"eb-accordion-content\">\n<h6 class=\"wp-block-heading has-neve-text-color-color has-text-color has-link-color wp-elements-06ff4a5df458a386e297326b35ac7e9c\"><strong>S\u00eddlo<\/strong>&nbsp;<\/h6>\n\n\n\n<p class=\"has-neve-text-color-color has-text-color has-link-color wp-elements-07c45da578ac8ffe5c22db55e9172446\">SNM \u2013 M\u00fazeum Bojnice&nbsp;<br>Z\u00e1mok a okolie 1&nbsp;<br>972 01 Bojnice&nbsp;<\/p>\n\n\n\n<h6 class=\"wp-block-heading has-neve-text-color-color has-text-color has-link-color wp-elements-991a682f17f814659b2efb2c0a2b40ba\"><strong>Kontakt<\/strong>&nbsp;<\/h6>\n\n\n\n<p class=\"has-neve-text-color-color has-text-color has-link-color wp-elements-4448fd77c6f26d9fc4b3b9eeab2a5948\">e-mail:&nbsp; &nbsp;<a href=\"mailto:rezervacie@bojnicecastle.sk\">rezervacie@bojnicecastle.sk<\/a>&nbsp;<br>&nbsp; &nbsp; &nbsp; &nbsp; &nbsp; &nbsp; &nbsp;<a href=\"mailto:sekretariat@bojnicecastle.sk\">sekretariat@bojnicecastle.sk<\/a>&nbsp;&nbsp;<br>telef\u00f3n:&nbsp; +421 46 5430 633,&nbsp;<br>&nbsp; &nbsp; &nbsp; &nbsp; &nbsp; &nbsp; &nbsp; +421 46 5430 624&nbsp;<\/p>\n<\/div><\/div><\/div>\n\n\n\n<div class=\"wp-block-essential-blocks-accordion-item eb-accordion-item-kamsz eb-accordion-wrapper\" data-clickable=\"false\"><div class=\"eb-accordion-title-wrapper eb-accordion-title-wrapper-eb-accordion-ssnof\" tabindex=\"0\"><span class=\"eb-accordion-icon-wrapper eb-accordion-icon-wrapper-eb-accordion-ssnof\"><i icon=\"fas fa-angle-right\" class=\"fas fa-angle-right eb-accordion-icon\"><\/i><\/span><div class=\"eb-accordion-title-content-wrap title-content-eb-accordion-ssnof\"><h3 class=\"eb-accordion-title\">Kde n\u00e1s n\u00e1jdete<\/h3><\/div><\/div><div class=\"eb-accordion-content-wrapper eb-accordion-content-wrapper-eb-accordion-ssnof\"><div class=\"eb-accordion-content\"><div style=\"height:400pxpx;\" class=\"wp-block-themeisle-blocks-leaflet-map\" id=\"wp-block-themeisle-blocks-leaflet-map-aa715657\"><\/div>\n<script type=\"text\/javascript\">\n\t\/* <![CDATA[ *\/\n\t\tif ( ! window.themeisleLeafletMaps ) window.themeisleLeafletMaps =[];\n\t\twindow.themeisleLeafletMaps.push( { container: \"wp-block-themeisle-blocks-leaflet-map-aa715657\", attributes: {\"id\":\"wp-block-themeisle-blocks-leaflet-map-aa715657\",\"location\":\"Bojnice\",\"latitude\":\"48.77994889800228\",\"longitude\":\"18.5798572523741\",\"bbox\":\"18.579854965209964,48.77994889800228,18.579854965209964,48.77994889800228\",\"zoom\":15,\"markers\":[{\"id\":\"5092b11d-fb44-4d1d-aeae-1854640e16ea\",\"latitude\":48.77992061881091245822972268797457218170166015625,\"longitude\":18.5777957462282330425296095199882984161376953125,\"title\":\"SNM - Z\\u00e1mok Bojnice\",\"description\":\"\"}],\"height\":\"400px\",\"zoomControl\":true,\"draggable\":true,\"hasCustomCSS\":false,\"customCSS\":\"\",\"TrpContentRestriction\":{\"restriction_type\":\"exclude\",\"selected_languages\":[],\"panel_open\":true},\"otterConditions\":[]} } );\n\t\/* ]]> *\/\n<\/script>\n<\/div><\/div><\/div>\n<\/div><\/div><\/div><\/div>\n\n\n\n<div style=\"height:100px\" aria-hidden=\"true\" class=\"wp-block-spacer\"><\/div>\n\n\n\n<h4 class=\"wp-block-heading has-text-align-center\">Sledujte n\u00e1s na soci\u00e1lnych sie\u0165ach<\/h4>\n\n\n\n<div class=\"wp-block-essential-blocks-social  root-eb-social-links-zg2vj\"><div class=\"eb-parent-wrapper eb-parent-eb-social-links-zg2vj \"><div class=\"eb-social-links-zg2vj eb-social-links-wrapper\"><ul class=\"eb-socials\"><li><a class=\"facebook-f-original  \" href=\"\" target=\"_self\" rel=\"noopener\" aria-label=\"social link\"><i class=\"fab fa-facebook-f hvr-icon eb-social-icon\" icon=\"fab fa-facebook-f\"><\/i><\/a><\/li><li><a class=\"instagram-original  \" href=\"\" target=\"_self\" rel=\"noopener\" aria-label=\"social link\"><i class=\"fab fa-instagram hvr-icon eb-social-icon\" icon=\"fab fa-instagram\"><\/i><\/a><\/li><li><a class=\"youtube-original  \" href=\"\" target=\"_self\" rel=\"noopener\" aria-label=\"social link\"><i class=\"fab fa-youtube hvr-icon eb-social-icon\" icon=\"fab fa-youtube\"><\/i><\/a><\/li><\/ul><\/div><\/div><\/div>\n\n\n\n<div style=\"height:50px\" aria-hidden=\"true\" class=\"wp-block-spacer\"><\/div>\n\n\n\n<p class=\"has-text-align-center\"><strong>V pr\u00edpade ot\u00e1zok t\u00fdkaj\u00facich sa online n\u00e1kupu vstupeniek n\u00e1s kontaktujte na&nbsp;<a href=\"mailto:pomoc@snm-online.sk\">pomoc@snm-online.sk<\/a><\/strong><\/p>\n\n\n\n<div style=\"height:100px\" aria-hidden=\"true\" class=\"wp-block-spacer\"><\/div>\n","protected":false},"excerpt":{"rendered":"<p>Slovensk\u00e9 n\u00e1rodn\u00e9 m\u00fazeum Vstupenky na prehliadku z\u00e1mku a jaskyne Sledujte n\u00e1s na soci\u00e1lnych sie\u0165ach V pr\u00edpade ot\u00e1zok t\u00fdkaj\u00facich sa online n\u00e1kupu vstupeniek n\u00e1s kontaktujte na&nbsp;pomoc@snm-online.sk<\/p>","protected":false},"author":2,"featured_media":0,"parent":0,"menu_order":0,"comment_status":"closed","ping_status":"closed","template":"","meta":{"_eb_attr":"","neve_meta_sidebar":"","neve_meta_container":"","neve_meta_enable_content_width":"","neve_meta_content_width":0,"neve_meta_title_alignment":"","neve_meta_author_avatar":"","neve_post_elements_order":"","neve_meta_disable_header":"","neve_meta_disable_footer":"","neve_meta_disable_title":"","_themeisle_gutenberg_block_has_review":false,"footnotes":""},"class_list":["post-3029","page","type-page","status-publish","hentry"],"_links":{"self":[{"href":"https:\/\/snm-online.sk\/en\/wp-json\/wp\/v2\/pages\/3029","targetHints":{"allow":["GET"]}}],"collection":[{"href":"https:\/\/snm-online.sk\/en\/wp-json\/wp\/v2\/pages"}],"about":[{"href":"https:\/\/snm-online.sk\/en\/wp-json\/wp\/v2\/types\/page"}],"author":[{"embeddable":true,"href":"https:\/\/snm-online.sk\/en\/wp-json\/wp\/v2\/users\/2"}],"replies":[{"embeddable":true,"href":"https:\/\/snm-online.sk\/en\/wp-json\/wp\/v2\/comments?post=3029"}],"version-history":[{"count":40,"href":"https:\/\/snm-online.sk\/en\/wp-json\/wp\/v2\/pages\/3029\/revisions"}],"predecessor-version":[{"id":5183,"href":"https:\/\/snm-online.sk\/en\/wp-json\/wp\/v2\/pages\/3029\/revisions\/5183"}],"wp:attachment":[{"href":"https:\/\/snm-online.sk\/en\/wp-json\/wp\/v2\/media?parent=3029"}],"curies":[{"name":"wp","href":"https:\/\/api.w.org\/{rel}","templated":true}]}}