{"id":3033,"date":"2025-01-22T15:10:42","date_gmt":"2025-01-22T14:10:42","guid":{"rendered":"https:\/\/snm-online.sk\/?page_id=3033"},"modified":"2025-03-06T08:19:20","modified_gmt":"2025-03-06T07:19:20","slug":"valentin-na-zamku-7-pribehov-lasky","status":"publish","type":"page","link":"https:\/\/snm-online.sk\/en\/valentin-na-zamku-7-pribehov-lasky\/","title":{"rendered":"Valent\u00edn na z\u00e1mku \u2013 7 pr\u00edbehov l\u00e1sky"},"content":{"rendered":"<div id=\"wp-block-themeisle-blocks-advanced-columns-7891e601\" class=\"wp-block-themeisle-blocks-advanced-columns has-1-columns has-desktop-equal-layout has-tablet-equal-layout has-mobile-equal-layout has-vertical-unset\"><div class=\"wp-block-themeisle-blocks-advanced-columns-overlay\"><\/div><div class=\"innerblocks-wrap\">\n<div id=\"wp-block-themeisle-blocks-advanced-column-3fe35bcf\" class=\"wp-block-themeisle-blocks-advanced-column\"><div class=\"wp-block-image\">\n<figure class=\"alignleft size-large is-resized\"><img loading=\"lazy\" decoding=\"async\" width=\"1024\" height=\"417\" src=\"https:\/\/snm-online.sk\/wp-content\/uploads\/2025\/01\/valentin_2025_web-1024x417.jpg\" alt=\"\" class=\"wp-image-3031\" style=\"width:1062px;height:auto\" srcset=\"https:\/\/snm-online.sk\/wp-content\/uploads\/2025\/01\/valentin_2025_web-1024x417.jpg 1024w, https:\/\/snm-online.sk\/wp-content\/uploads\/2025\/01\/valentin_2025_web-300x122.jpg 300w, https:\/\/snm-online.sk\/wp-content\/uploads\/2025\/01\/valentin_2025_web-768x313.jpg 768w, https:\/\/snm-online.sk\/wp-content\/uploads\/2025\/01\/valentin_2025_web.jpg 1488w\" sizes=\"auto, (max-width: 1024px) 100vw, 1024px\" \/><\/figure>\n<\/div><\/div>\n<\/div><\/div>\n\n\n\n<div style=\"height:20px\" aria-hidden=\"true\" class=\"wp-block-spacer\"><\/div>\n\n\n\n<p><strong>Please choose from the listed dates:<\/strong><\/p>\n\n\n\n<p><strong>Valent\u00edn na z\u00e1mku \u2013 nezabudnute\u013en\u00fd z\u00e1\u017eitok pre zamilovan\u00fdch!<\/strong><\/p>\n\n\n\n<p><strong>14. a 15. febru\u00e1ra<\/strong> otvor\u00edme br\u00e1ny Bojnick\u00e9ho z\u00e1mku pre v\u0161etk\u00fdch, ktor\u00ed t\u00fa\u017eia pre\u017ei\u0165 ve\u010der pln\u00fd romantiky a tajomn\u00fdch pr\u00edbehov.<\/p>\n\n\n\n<p>Pr\u00ed\u010fte si vychutna\u0165 jedine\u010dn\u00e9 ve\u010dern\u00e9 prehliadky v \u010darovnej atmosf\u00e9re.<\/p>\n\n\n\n<p><strong>SNM \u2013 M\u00fazeum Bojnice v\u00e1s poz\u00fdva na romantick\u00fa ve\u010dern\u00fa prehliadku pod n\u00e1zvom Valent\u00edn na z\u00e1mku \u2013 7 pr\u00edbehov l\u00e1sky, ktor\u00e1 div\u00e1kov prenesie do sveta historick\u00fdch a liter\u00e1rnych pr\u00edbehov pln\u00fdch v\u00e1\u0161ne, oddanosti a osudov\u00fdch stretnut\u00ed.<\/strong><\/p>\n\n\n\n<p>U\u017eite si nezabudnute\u013en\u00fd z\u00e1\u017eitok v magickej atmosf\u00e9re z\u00e1mku, kde sa zlievaj\u00fa hist\u00f3ria, umenie a romantika.<\/p>\n\n\n\n<p>Prehliadka v\u00e1s prevedie vzru\u0161uj\u00facimi pr\u00edbehmi l\u00e1sky, ktor\u00e9 o\u017eij\u00fa v autentick\u00fdch priestoroch Bojnick\u00e9ho z\u00e1mku. S odborn\u00fdm v\u00fdkladom a sc\u00e9nick\u00fdmi inscen\u00e1ciami sa ocitnete v pr\u00edbehoch o sl\u00e1vnych p\u00e1roch, ako s\u00fa Orfeus a Eurydika, Odyseus a Penelop\u00e9, Sigurd a Brunhilda, Tristan a Isolda, ale aj o na\u0161ich dom\u00e1cich hrdinoch, Milanovi Rastislavovi \u0160tef\u00e1nikovi a Mikul\u00e1\u0161ovi Schneiderovi Trnavskom.<\/p>\n\n\n\n<p>Z\u00e1\u017eitok bude sprev\u00e1dzan\u00fd hudbou, obrazmi a inscen\u00e1ciami, ktor\u00e9 navodia t\u00fa prav\u00fa romantick\u00fa atmosf\u00e9ru. Na z\u00e1ver prehliadky v\u00e1m pozveme na n\u00e1dvorie z\u00e1mku do \u0161peci\u00e1lneho fotok\u00fatika, kde si budete m\u00f4c\u0165 vytvori\u0165 romantick\u00fa pamiatku na tento v\u00fdnimo\u010dn\u00fd ve\u010der.<\/p>\n\n\n\n<div style=\"height:50px\" aria-hidden=\"true\" class=\"wp-block-spacer\"><\/div>\n\n\n\n<p class=\"has-text-align-center\"><strong>If you have any questions about online tickets, please contact us at&nbsp;<a href=\"mailto:pomoc@snm-online.sk\">pomoc@snm-online.sk<\/a><\/strong><\/p>\n\n\n\n<div style=\"height:100px\" aria-hidden=\"true\" class=\"wp-block-spacer\"><\/div>","protected":false},"excerpt":{"rendered":"<p>Vyberte si pros\u00edm z ponuky d\u00e1tumov a term\u00ednov prehliadok: Valent\u00edn na z\u00e1mku \u2013 nezabudnute\u013en\u00fd z\u00e1\u017eitok pre zamilovan\u00fdch! 14. a 15. febru\u00e1ra otvor\u00edme br\u00e1ny Bojnick\u00e9ho z\u00e1mku pre v\u0161etk\u00fdch, ktor\u00ed t\u00fa\u017eia pre\u017ei\u0165&hellip;&nbsp;<a href=\"https:\/\/snm-online.sk\/en\/valentin-na-zamku-7-pribehov-lasky\/\" class=\"\" rel=\"bookmark\">Read More &raquo;<span class=\"screen-reader-text\">Valent\u00edn na z\u00e1mku \u2013 7 pr\u00edbehov l\u00e1sky<\/span><\/a><\/p>","protected":false},"author":2,"featured_media":0,"parent":0,"menu_order":0,"comment_status":"closed","ping_status":"closed","template":"","meta":{"_eb_attr":"","neve_meta_sidebar":"","neve_meta_container":"","neve_meta_enable_content_width":"","neve_meta_content_width":0,"neve_meta_title_alignment":"","neve_meta_author_avatar":"","neve_post_elements_order":"","neve_meta_disable_header":"","neve_meta_disable_footer":"","neve_meta_disable_title":"","_themeisle_gutenberg_block_has_review":false,"footnotes":""},"class_list":["post-3033","page","type-page","status-publish","hentry"],"_links":{"self":[{"href":"https:\/\/snm-online.sk\/en\/wp-json\/wp\/v2\/pages\/3033","targetHints":{"allow":["GET"]}}],"collection":[{"href":"https:\/\/snm-online.sk\/en\/wp-json\/wp\/v2\/pages"}],"about":[{"href":"https:\/\/snm-online.sk\/en\/wp-json\/wp\/v2\/types\/page"}],"author":[{"embeddable":true,"href":"https:\/\/snm-online.sk\/en\/wp-json\/wp\/v2\/users\/2"}],"replies":[{"embeddable":true,"href":"https:\/\/snm-online.sk\/en\/wp-json\/wp\/v2\/comments?post=3033"}],"version-history":[{"count":2,"href":"https:\/\/snm-online.sk\/en\/wp-json\/wp\/v2\/pages\/3033\/revisions"}],"predecessor-version":[{"id":3209,"href":"https:\/\/snm-online.sk\/en\/wp-json\/wp\/v2\/pages\/3033\/revisions\/3209"}],"wp:attachment":[{"href":"https:\/\/snm-online.sk\/en\/wp-json\/wp\/v2\/media?parent=3033"}],"curies":[{"name":"wp","href":"https:\/\/api.w.org\/{rel}","templated":true}]}}