{"id":3055,"date":"2025-01-27T15:25:59","date_gmt":"2025-01-27T14:25:59","guid":{"rendered":"https:\/\/snm-online.sk\/?page_id=3055"},"modified":"2025-01-27T15:30:24","modified_gmt":"2025-01-27T14:30:24","slug":"lubostna-a-eroticka-magia","status":"publish","type":"page","link":"https:\/\/snm-online.sk\/en\/lubostna-a-eroticka-magia\/","title":{"rendered":"\u013d\u00fabostn\u00e1 a erotick\u00e1 m\u00e1gia"},"content":{"rendered":"<div id=\"wp-block-themeisle-blocks-advanced-columns-a5be6d8e\" class=\"wp-block-themeisle-blocks-advanced-columns has-1-columns has-desktop-equal-layout has-tablet-equal-layout has-mobile-equal-layout has-vertical-unset\"><div class=\"wp-block-themeisle-blocks-advanced-columns-overlay\"><\/div><div class=\"innerblocks-wrap\">\n<div id=\"wp-block-themeisle-blocks-advanced-column-d9a7fc97\" class=\"wp-block-themeisle-blocks-advanced-column\">\n<figure class=\"wp-block-image size-large is-resized\"><img loading=\"lazy\" decoding=\"async\" width=\"1024\" height=\"468\" src=\"https:\/\/snm-online.sk\/wp-content\/uploads\/2025\/01\/c_Nadaska_Bojnice_1050-1024x468.jpg\" alt=\"\" class=\"wp-image-3060\" style=\"width:1170px;height:auto\" srcset=\"https:\/\/snm-online.sk\/wp-content\/uploads\/2025\/01\/c_Nadaska_Bojnice_1050-1024x468.jpg 1024w, https:\/\/snm-online.sk\/wp-content\/uploads\/2025\/01\/c_Nadaska_Bojnice_1050-300x137.jpg 300w, https:\/\/snm-online.sk\/wp-content\/uploads\/2025\/01\/c_Nadaska_Bojnice_1050-768x351.jpg 768w, https:\/\/snm-online.sk\/wp-content\/uploads\/2025\/01\/c_Nadaska_Bojnice_1050.jpg 1050w\" sizes=\"auto, (max-width: 1024px) 100vw, 1024px\" \/><\/figure>\n\n\n\n<div style=\"height:20px\" aria-hidden=\"true\" class=\"wp-block-spacer\"><\/div>\n\n\n\n<p><strong>Please choose from the listed dates:<\/strong><\/p>\n<\/div>\n<\/div><\/div>\n\n\n\r\n<section class=\"mb-4\">\r\n    <nav class=\"wper-days\">\r\n        \r\n            <\/nav>\r\n\r\n    \r\n    <ul id=\"wperItems\" class=\"wper-list\">\r\n        Sorry, this date is not available.    <\/ul>\r\n<\/section>\r\n\r\n<div class=\"wper-modal\">\r\n    <div class=\"wper-modal__inner\">\r\n        <div class=\"wper-modal__header\">\r\n            <button type=\"button\" class=\"wper-modal__close js-wper-close-modal\">\r\n                <svg width=\"16\" height=\"16\" viewbox=\"0 0 16 16\" fill=\"none\" class=\"svg\" xmlns=\"http:\/\/www.w3.org\/2000\/svg\"><path d=\"M16 7H3.83L9.42 1.41L8 0L0 8L8 16L9.41 14.59L3.83 9H16V7Z\" fill=\"currentColor\"\/><\/svg> <span>Continue shopping<\/span>\r\n            <\/button>\r\n        <\/div>\r\n\r\n        <iframe src=\"\" frameborder=\"0\" class=\"wper-modal__iframe\"><\/iframe>\r\n    <\/div>\r\n<\/div>\r\n\r\n<div class=\"wper-note\">\r\n    <div class=\"wper-note__inner\">\r\n        <div id=\"wperNoteRetail\" class=\"wper-note__content\">\r\n            <h5 class=\"wper-note__title\">Last tickets available only at the museum ticket office.<\/h5>\r\n\r\n            <p>We are sorry, but due to high interest, all tickets reserved for online sales are sold out.<\/p>\r\n\r\n            <p>Last few tickets are available at the castle ticket office. We recommend you visit the ticket office as soon as possible, as tickets sell out quickly.<\/p>\r\n        <\/div>\r\n\r\n        <div id=\"wperNoteSold\" class=\"wper-note__content\">\r\n            <h5 class=\"wper-note__title\">Tickets for this time slot are sold out.<\/h5>\r\n\r\n            <p>We are sorry, but due to high interest, all tickets for this tour are sold out. No tickets are available for this time slot at the castle ticket office either.<\/p>\r\n\r\n            <p>Please try to select another time slot within the day or consider visiting on a different day. We recommend monitoring our website for availability of tickets for individual tours and events.<\/p>\r\n\r\n            <p>Given the high attendance, we advise purchasing tickets well in advance online.<\/p>\r\n        <\/div>\r\n\r\n        <div class=\"wper-note__actions\">\r\n            <button type=\"submit\" class=\"wper-note__close js-wper-close-note\">Got it<\/button>\r\n        <\/div>\r\n    <\/div>\r\n<\/div>\r\n\n\n\n\n<p>Vst\u00fapte do sveta, kde sa l\u00e1ska a v\u00e1\u0161e\u0148 st\u00e1vaj\u00fa predmetom tajomn\u00fdch ritu\u00e1lov a magick\u00fdch prakt\u00edk.<\/p>\n\n\n\n<p>Na predn\u00e1\u0161ke histori\u010dky a etnologi\u010dky Katar\u00edny N\u00e1daskej \u013d\u00fabostn\u00e1 a erotick\u00e1 m\u00e1gia odhal\u00edte starod\u00e1vne \u010dary, ktor\u00e9 si \u013eudia v minulosti privol\u00e1vali, aby uchovali svoju l\u00e1sku alebo pril\u00e1kali nov\u00fa v\u00e1\u0161e\u0148 do svojho \u017eivota.<\/p>\n\n\n\n<p>Ak\u00fd bol rozdiel medzi m\u00e1giou l\u00e1sky a erotick\u00fdm \u010darovan\u00edm? Kto st\u00e1l za t\u00fdmi najtajomnej\u0161\u00edmi ritu\u00e1lmi?<\/p>\n\n\n\n<p>Pridajte sa k n\u00e1m na ceste za poznan\u00edm star\u00fdch magick\u00fdch prakt\u00edk, ktor\u00e9 odhalia, ako l\u00e1ska prech\u00e1dzala cez prah tajomn\u00fdch s\u00edl a \u010darovn\u00fdch zakl\u00ednadiel.<\/p>\n\n\n\n<p>Predn\u00e1\u0161ka sa uskuto\u010dn\u00ed v klubovni Bojnick\u00e9ho z\u00e1mku v nede\u013eu 16. febru\u00e1ra o 17:00 hod.<\/p>\n\n\n\n<div style=\"height:30px\" aria-hidden=\"true\" class=\"wp-block-spacer\"><\/div>\n\n\n\n<p><strong>If you have any questions about online tickets, please contact us at<\/strong>\u00a0<a href=\"mailto:pomoc@snm-online.sk\"><strong>pomoc@snm-online.sk<\/strong><\/a><\/p>\n\n\n\n<div style=\"height:100px\" aria-hidden=\"true\" class=\"wp-block-spacer\"><\/div>","protected":false},"excerpt":{"rendered":"<p>Vst\u00fapte do sveta, kde sa l\u00e1ska a v\u00e1\u0161e\u0148 st\u00e1vaj\u00fa predmetom tajomn\u00fdch ritu\u00e1lov a magick\u00fdch prakt\u00edk. Na predn\u00e1\u0161ke histori\u010dky a etnologi\u010dky Katar\u00edny N\u00e1daskej \u013d\u00fabostn\u00e1 a erotick\u00e1 m\u00e1gia odhal\u00edte starod\u00e1vne \u010dary, ktor\u00e9&hellip;&nbsp;<a href=\"https:\/\/snm-online.sk\/en\/lubostna-a-eroticka-magia\/\" class=\"\" rel=\"bookmark\">Read More &raquo;<span class=\"screen-reader-text\">\u013d\u00fabostn\u00e1 a erotick\u00e1 m\u00e1gia<\/span><\/a><\/p>","protected":false},"author":2,"featured_media":0,"parent":0,"menu_order":0,"comment_status":"closed","ping_status":"closed","template":"","meta":{"_eb_attr":"","neve_meta_sidebar":"","neve_meta_container":"","neve_meta_enable_content_width":"","neve_meta_content_width":0,"neve_meta_title_alignment":"","neve_meta_author_avatar":"","neve_post_elements_order":"","neve_meta_disable_header":"","neve_meta_disable_footer":"","neve_meta_disable_title":"","_themeisle_gutenberg_block_has_review":false,"footnotes":""},"class_list":["post-3055","page","type-page","status-publish","hentry"],"_links":{"self":[{"href":"https:\/\/snm-online.sk\/en\/wp-json\/wp\/v2\/pages\/3055","targetHints":{"allow":["GET"]}}],"collection":[{"href":"https:\/\/snm-online.sk\/en\/wp-json\/wp\/v2\/pages"}],"about":[{"href":"https:\/\/snm-online.sk\/en\/wp-json\/wp\/v2\/types\/page"}],"author":[{"embeddable":true,"href":"https:\/\/snm-online.sk\/en\/wp-json\/wp\/v2\/users\/2"}],"replies":[{"embeddable":true,"href":"https:\/\/snm-online.sk\/en\/wp-json\/wp\/v2\/comments?post=3055"}],"version-history":[{"count":5,"href":"https:\/\/snm-online.sk\/en\/wp-json\/wp\/v2\/pages\/3055\/revisions"}],"predecessor-version":[{"id":3063,"href":"https:\/\/snm-online.sk\/en\/wp-json\/wp\/v2\/pages\/3055\/revisions\/3063"}],"wp:attachment":[{"href":"https:\/\/snm-online.sk\/en\/wp-json\/wp\/v2\/media?parent=3055"}],"curies":[{"name":"wp","href":"https:\/\/api.w.org\/{rel}","templated":true}]}}