{"id":3097,"date":"2025-01-31T09:20:53","date_gmt":"2025-01-31T08:20:53","guid":{"rendered":"https:\/\/snm-online.sk\/?page_id=3097"},"modified":"2025-02-07T10:17:53","modified_gmt":"2025-02-07T09:17:53","slug":"pohlad-zblizka-zo-zakulisia-vztahov-andrassyovcov","status":"publish","type":"page","link":"https:\/\/snm-online.sk\/en\/pohlad-zblizka-zo-zakulisia-vztahov-andrassyovcov\/","title":{"rendered":"Poh\u013ead zbl\u00edzka: Zo z\u00e1kulisia vz\u0165ahov Andr\u00e1ssyovcov"},"content":{"rendered":"<h2 class=\"wp-block-heading\"><strong>Medzi citom a rozumom<\/strong><\/h2>\n\n\n\n<div id=\"wp-block-themeisle-blocks-advanced-columns-5ee54797\" class=\"wp-block-themeisle-blocks-advanced-columns has-1-columns has-desktop-equal-layout has-tablet-equal-layout has-mobile-equal-layout has-vertical-unset\"><div class=\"wp-block-themeisle-blocks-advanced-columns-overlay\"><\/div><div class=\"innerblocks-wrap\">\n<div id=\"wp-block-themeisle-blocks-advanced-column-a0e60df1\" class=\"wp-block-themeisle-blocks-advanced-column\">\n<figure class=\"wp-block-image size-large is-resized\"><img loading=\"lazy\" decoding=\"async\" width=\"1024\" height=\"373\" src=\"https:\/\/snm-online.sk\/wp-content\/uploads\/2025\/01\/Pohlad-zblizka-1024x373.jpg\" alt=\"\" class=\"wp-image-3098\" style=\"width:1046px;height:auto\" srcset=\"https:\/\/snm-online.sk\/wp-content\/uploads\/2025\/01\/Pohlad-zblizka-1024x373.jpg 1024w, https:\/\/snm-online.sk\/wp-content\/uploads\/2025\/01\/Pohlad-zblizka-300x109.jpg 300w, https:\/\/snm-online.sk\/wp-content\/uploads\/2025\/01\/Pohlad-zblizka-768x280.jpg 768w, https:\/\/snm-online.sk\/wp-content\/uploads\/2025\/01\/Pohlad-zblizka-1536x560.jpg 1536w, https:\/\/snm-online.sk\/wp-content\/uploads\/2025\/01\/Pohlad-zblizka.jpg 1920w\" sizes=\"auto, (max-width: 1024px) 100vw, 1024px\" \/><\/figure>\n\n\n\n<div style=\"height:20px\" aria-hidden=\"true\" class=\"wp-block-spacer\"><\/div>\n\n\n\n<p><strong>Please choose from the listed dates:<\/strong><\/p>\n\n\n\r\n<section class=\"mb-4\">\r\n    <nav class=\"wper-days\">\r\n        \r\n            <\/nav>\r\n\r\n    \r\n    <ul id=\"wperItems\" class=\"wper-list\">\r\n        Sorry, this date is not available.    <\/ul>\r\n<\/section>\r\n\r\n<div class=\"wper-modal\">\r\n    <div class=\"wper-modal__inner\">\r\n        <div class=\"wper-modal__header\">\r\n            <button type=\"button\" class=\"wper-modal__close js-wper-close-modal\">\r\n                <svg width=\"16\" height=\"16\" viewbox=\"0 0 16 16\" fill=\"none\" class=\"svg\" xmlns=\"http:\/\/www.w3.org\/2000\/svg\"><path d=\"M16 7H3.83L9.42 1.41L8 0L0 8L8 16L9.41 14.59L3.83 9H16V7Z\" fill=\"currentColor\"\/><\/svg> <span>Continue shopping<\/span>\r\n            <\/button>\r\n        <\/div>\r\n\r\n        <iframe src=\"\" frameborder=\"0\" class=\"wper-modal__iframe\"><\/iframe>\r\n    <\/div>\r\n<\/div>\r\n\r\n<div class=\"wper-note\">\r\n    <div class=\"wper-note__inner\">\r\n        <div id=\"wperNoteRetail\" class=\"wper-note__content\">\r\n            <h5 class=\"wper-note__title\">Last tickets available only at the museum ticket office.<\/h5>\r\n\r\n            <p>We are sorry, but due to high interest, all tickets reserved for online sales are sold out.<\/p>\r\n\r\n            <p>Last few tickets are available at the castle ticket office. We recommend you visit the ticket office as soon as possible, as tickets sell out quickly.<\/p>\r\n        <\/div>\r\n\r\n        <div id=\"wperNoteSold\" class=\"wper-note__content\">\r\n            <h5 class=\"wper-note__title\">Tickets for this time slot are sold out.<\/h5>\r\n\r\n            <p>We are sorry, but due to high interest, all tickets for this tour are sold out. No tickets are available for this time slot at the castle ticket office either.<\/p>\r\n\r\n            <p>Please try to select another time slot within the day or consider visiting on a different day. We recommend monitoring our website for availability of tickets for individual tours and events.<\/p>\r\n\r\n            <p>Given the high attendance, we advise purchasing tickets well in advance online.<\/p>\r\n        <\/div>\r\n\r\n        <div class=\"wper-note__actions\">\r\n            <button type=\"submit\" class=\"wper-note__close js-wper-close-note\">Got it<\/button>\r\n        <\/div>\r\n    <\/div>\r\n<\/div>\r\n\n\n\n\n<p>V sobotu 15. febru\u00e1ra o 16:00 v\u00e1s poz\u00fdvame na \u010fal\u0161iu zo \u0161peci\u00e1lnych prehliadok ka\u0161tie\u013ea Betliar v r\u00e1mci cyklu&nbsp;<strong>Poh\u013ead zbl\u00edzka<\/strong>.&nbsp;<\/p>\n\n\n\n<p>Pri pr\u00edle\u017eitosti bl\u00ed\u017eiaceho sa d\u0148a zamilovan\u00fdch v\u00e1s srde\u010dne poz\u00fdvame do priestorov Betlianskeho ka\u0161tie\u013ea na podujatie&nbsp;<strong>Poh\u013ead zbl\u00edzka: Zo z\u00e1kulisia vz\u0165ahov Andr\u00e1ssyovcov<\/strong>.&nbsp;<\/p>\n\n\n\n<p>Od 16:00 sa m\u00f4\u017eete te\u0161i\u0165 na podujatie, ktor\u00e9 v\u00e1s obozn\u00e1mi s r\u00f4znymi poh\u013eadmi na man\u017eelstvo v tejto \u0161\u013eachtickej rodine. Nie ka\u017ed\u00e9 man\u017eelstvo bolo postaven\u00e9 na l\u00e1ske \u2013 niektor\u00e9 vznikali ako s\u00fa\u010das\u0165 sob\u00e1\u0161nej politiky a strat\u00e9gie, pri\u010dom cie\u013eom bolo z\u00edska\u0165 \u010do najvhodnej\u0161ieho partnera z in\u00e9ho v\u00fdznamn\u00e9ho rodu. Mno\u017estvo t\u00fdchto zv\u00e4zkov sa muselo vysporiada\u0165 aj s probl\u00e9mami, ako bola nevera.&nbsp;<\/p>\n\n\n\n<p>O zauj\u00edmavostiach zo z\u00e1kulisia t\u00fdchto vz\u0165ahov v\u00e1m porozpr\u00e1va historik Mgr. Mat\u00fa\u0161 Moln\u00e1r, ved\u00faci Oddelenia v\u00fdskumu a starostlivosti o zbierkov\u00fd fond SNM \u2013 M\u00fazea Betliar.&nbsp;<\/p>\n\n\n\n<p>Te\u0161\u00edme sa na va\u0161u n\u00e1v\u0161tevu!&nbsp;<\/p>\n\n\n\n<div style=\"height:50px\" aria-hidden=\"true\" class=\"wp-block-spacer\"><\/div>\n<\/div>\n<\/div><\/div>\n\n\n\n<p><strong>If you have any questions about online tickets, please contact us at&nbsp;<a href=\"mailto:pomoc@snm-online.sk\">pomoc@snm-online.sk<\/a><\/strong><\/p>\n\n\n\n<div style=\"height:100px\" aria-hidden=\"true\" class=\"wp-block-spacer\"><\/div>","protected":false},"excerpt":{"rendered":"<p>Medzi citom a rozumom V pr\u00edpade ot\u00e1zok t\u00fdkaj\u00facich sa online n\u00e1kupu vstupeniek n\u00e1s kontaktujte na&nbsp;pomoc@snm-online.sk<\/p>","protected":false},"author":2,"featured_media":0,"parent":0,"menu_order":0,"comment_status":"closed","ping_status":"closed","template":"","meta":{"_eb_attr":"","neve_meta_sidebar":"","neve_meta_container":"","neve_meta_enable_content_width":"","neve_meta_content_width":0,"neve_meta_title_alignment":"","neve_meta_author_avatar":"","neve_post_elements_order":"","neve_meta_disable_header":"","neve_meta_disable_footer":"","neve_meta_disable_title":"","_themeisle_gutenberg_block_has_review":false,"footnotes":""},"class_list":["post-3097","page","type-page","status-publish","hentry"],"_links":{"self":[{"href":"https:\/\/snm-online.sk\/en\/wp-json\/wp\/v2\/pages\/3097","targetHints":{"allow":["GET"]}}],"collection":[{"href":"https:\/\/snm-online.sk\/en\/wp-json\/wp\/v2\/pages"}],"about":[{"href":"https:\/\/snm-online.sk\/en\/wp-json\/wp\/v2\/types\/page"}],"author":[{"embeddable":true,"href":"https:\/\/snm-online.sk\/en\/wp-json\/wp\/v2\/users\/2"}],"replies":[{"embeddable":true,"href":"https:\/\/snm-online.sk\/en\/wp-json\/wp\/v2\/comments?post=3097"}],"version-history":[{"count":9,"href":"https:\/\/snm-online.sk\/en\/wp-json\/wp\/v2\/pages\/3097\/revisions"}],"predecessor-version":[{"id":3144,"href":"https:\/\/snm-online.sk\/en\/wp-json\/wp\/v2\/pages\/3097\/revisions\/3144"}],"wp:attachment":[{"href":"https:\/\/snm-online.sk\/en\/wp-json\/wp\/v2\/media?parent=3097"}],"curies":[{"name":"wp","href":"https:\/\/api.w.org\/{rel}","templated":true}]}}