{"id":3214,"date":"2025-03-19T16:10:07","date_gmt":"2025-03-19T15:10:07","guid":{"rendered":"https:\/\/snm-online.sk\/?page_id=3214"},"modified":"2025-03-19T16:17:40","modified_gmt":"2025-03-19T15:17:40","slug":"signor-vespa-a-richard-tizik-moj-zivot-s-vespou","status":"publish","type":"page","link":"https:\/\/snm-online.sk\/en\/signor-vespa-a-richard-tizik-moj-zivot-s-vespou\/","title":{"rendered":"Signor Vespa a Richard T\u00edzik: M\u00f4j \u017eivot s Vespou"},"content":{"rendered":"<div id=\"wp-block-themeisle-blocks-advanced-columns-ed7fdf2c\" class=\"wp-block-themeisle-blocks-advanced-columns has-1-columns has-desktop-equal-layout has-tablet-equal-layout has-mobile-equal-layout has-vertical-unset\"><div class=\"wp-block-themeisle-blocks-advanced-columns-overlay\"><\/div><div class=\"innerblocks-wrap\">\n<div id=\"wp-block-themeisle-blocks-advanced-column-80856a57\" class=\"wp-block-themeisle-blocks-advanced-column\">\n<figure class=\"wp-block-image size-large\"><img loading=\"lazy\" decoding=\"async\" width=\"1024\" height=\"373\" src=\"https:\/\/snm-online.sk\/wp-content\/uploads\/2025\/03\/2025-04-10-vespa-podujatie_WEB1-1024x373.jpg\" alt=\"\" class=\"wp-image-3217\" srcset=\"https:\/\/snm-online.sk\/wp-content\/uploads\/2025\/03\/2025-04-10-vespa-podujatie_WEB1-1024x373.jpg 1024w, https:\/\/snm-online.sk\/wp-content\/uploads\/2025\/03\/2025-04-10-vespa-podujatie_WEB1-300x109.jpg 300w, https:\/\/snm-online.sk\/wp-content\/uploads\/2025\/03\/2025-04-10-vespa-podujatie_WEB1-768x280.jpg 768w, https:\/\/snm-online.sk\/wp-content\/uploads\/2025\/03\/2025-04-10-vespa-podujatie_WEB1-1536x560.jpg 1536w, https:\/\/snm-online.sk\/wp-content\/uploads\/2025\/03\/2025-04-10-vespa-podujatie_WEB1.jpg 1920w\" sizes=\"auto, (max-width: 1024px) 100vw, 1024px\" \/><\/figure>\n\n\n\n<div style=\"height:20px\" aria-hidden=\"true\" class=\"wp-block-spacer\"><\/div>\n\n\n\n<p><strong>Please choose from the listed dates:<\/strong><\/p>\n\n\n\r\n<section class=\"mb-4\">\r\n    <nav class=\"wper-days\">\r\n        \r\n            <\/nav>\r\n\r\n    \r\n    <ul id=\"wperItems\" class=\"wper-list\">\r\n        Sorry, this date is not available.    <\/ul>\r\n<\/section>\r\n\r\n<div class=\"wper-modal\">\r\n    <div class=\"wper-modal__inner\">\r\n        <div class=\"wper-modal__header\">\r\n            <button type=\"button\" class=\"wper-modal__close js-wper-close-modal\">\r\n                <svg width=\"16\" height=\"16\" viewbox=\"0 0 16 16\" fill=\"none\" class=\"svg\" xmlns=\"http:\/\/www.w3.org\/2000\/svg\"><path d=\"M16 7H3.83L9.42 1.41L8 0L0 8L8 16L9.41 14.59L3.83 9H16V7Z\" fill=\"currentColor\"\/><\/svg> <span>Continue shopping<\/span>\r\n            <\/button>\r\n        <\/div>\r\n\r\n        <iframe src=\"\" frameborder=\"0\" class=\"wper-modal__iframe\"><\/iframe>\r\n    <\/div>\r\n<\/div>\r\n\r\n<div class=\"wper-note\">\r\n    <div class=\"wper-note__inner\">\r\n        <div id=\"wperNoteRetail\" class=\"wper-note__content\">\r\n            <h5 class=\"wper-note__title\">Last tickets available only at the museum ticket office.<\/h5>\r\n\r\n            <p>We are sorry, but due to high interest, all tickets reserved for online sales are sold out.<\/p>\r\n\r\n            <p>Last few tickets are available at the castle ticket office. We recommend you visit the ticket office as soon as possible, as tickets sell out quickly.<\/p>\r\n        <\/div>\r\n\r\n        <div id=\"wperNoteSold\" class=\"wper-note__content\">\r\n            <h5 class=\"wper-note__title\">Tickets for this time slot are sold out.<\/h5>\r\n\r\n            <p>We are sorry, but due to high interest, all tickets for this tour are sold out. No tickets are available for this time slot at the castle ticket office either.<\/p>\r\n\r\n            <p>Please try to select another time slot within the day or consider visiting on a different day. We recommend monitoring our website for availability of tickets for individual tours and events.<\/p>\r\n\r\n            <p>Given the high attendance, we advise purchasing tickets well in advance online.<\/p>\r\n        <\/div>\r\n\r\n        <div class=\"wper-note__actions\">\r\n            <button type=\"submit\" class=\"wper-note__close js-wper-close-note\">Got it<\/button>\r\n        <\/div>\r\n    <\/div>\r\n<\/div>\r\n\n\n\n\n<p><strong>Rozpr\u00e1vanie o Vespe spojen\u00e9 s komentovanou prehliadku.<\/strong><\/p>\n\n\n\n<p><strong>Hostia ve\u010dera:<\/strong> Jozef \u2013 Signor Vespa, zn\u00e1my slovensk\u00fd blogger a vlogger, Richard T\u00edzik z ko\u0161ick\u00e9ho Vespa Clubu, majite\u013e predajne Italia Scooter.\u00a0 <strong>Moderuje:<\/strong> Zuzana Golianov\u00e1<\/p>\n\n\n\n<p>D\u00f4le\u017eitou s\u00fa\u010das\u0165ou vernis\u00e1\u017ee v\u00fdstavy Vespa. Legend\u00e1rny sk\u00fater Made in Italy bol zraz vespistov z Vespa Klub Slovakia a Vespa Club Ko\u0161ice, ktor\u00fd zorganizovali Jozef alias Signor Vespa a Richard T\u00edzik.<\/p>\n\n\n\n<p>Jozef je napriek svojmu mlad\u00e9mu veku legendou vo svojom odbore. V sedle svojich troch milovan\u00fdch sk\u00fatrov Vespa PK 50, GTS Super Tech 300 a Primavera Touring 125 pre\u0161iel viac ako 80&nbsp;000 km. V roku 2022 absolvoval individu\u00e1lnu cestu z Ko\u0161\u00edc a\u017e do Maroka a za dvadsa\u0165p\u00e4\u0165 dn\u00ed nabehal 7.200 km.<\/p>\n\n\n\n<p>Na Bratislavskom hrade sa Jozef podel\u00ed s publikom o svoje dobrodru\u017estv\u00e1 a pr\u00edhody spojen\u00e9 s cestami na dvojkolesovom t\u00e1to\u0161ovi. Hostia ve\u010dera n\u00e1m z\u00e1rove\u0148 pribl\u00ed\u017eia ich spolo\u010dn\u00fa v\u00e1\u0161e\u0148 pre Vespu a poodhalia tajomstvo najsl\u00e1vnej\u0161ieho talianskeho sk\u00fatra a \u0161pecifik\u00e1 niektor\u00fdch vystaven\u00fdch modelov.<\/p>\n\n\n\n<p>\u201eVespa pre m\u0148a znamen\u00e1 dokonal\u00fd prostriedok na pohyb po meste. Zaparkujete ju kdeko\u013evek, vyhnete sa dopravn\u00fdm z\u00e1pcham. \u013dudia ju \u010dastokr\u00e1t vn\u00edmaj\u00fa ako m\u00f3dnu ikonu a v tom im d\u00e1vam za pravdu, preto\u017ee je naozaj kr\u00e1sna. Taliani dizajnu rozumej\u00fa, hoci tento klenot bol p\u00f4vodne ur\u010den\u00fd na v\u0161etky typy povrchov vr\u00e1tane po\u013en\u00fdch ciest. Od roku 2020, ke\u010f som si k\u00fapil svoj \u201ek\u00fasok Talianska\u201c a za\u010dal jazdi\u0165 na Vespe, pre\u0161iel som na nej viac ako 80&nbsp;000 kilometrov\u2026 Doposia\u013e som sa s \u0148ou dostal v\u0161ade. Jazdil som na nej po asfaltk\u00e1ch i cest\u00e1ch pln\u00fdch v\u00fdmo\u013eov, predieral som sa pomedzi aut\u00e1 stojace v z\u00e1pche a pravidelne na nej chodievam hoci len na k\u00e1vu do \u0161t\u00fdlovej kaviarne.\u201c<\/p>\n\n\n\n<p>Signor Vespa<\/p>\n\n\n\n<p>Je mo\u017en\u00e9, \u017ee sa po\u010das n\u00e1\u0161ho stretnutia dozvieme aj nie\u010do o najbli\u017e\u0161\u00edch cestovn\u00fdch pl\u00e1noch Signora Vespu.<\/p>\n\n\n\n<div style=\"height:100px\" aria-hidden=\"true\" class=\"wp-block-spacer\"><\/div>\n\n\n\n<p class=\"has-text-align-center\"><strong>If you have any questions about online tickets, please contact us at&nbsp;<a href=\"mailto:pomoc@snm-online.sk\">pomoc@snm-online.sk<\/a><\/strong><\/p>\n<\/div>\n<\/div><\/div>\n\n\n\n<div style=\"height:100px\" aria-hidden=\"true\" class=\"wp-block-spacer\"><\/div>","protected":false},"excerpt":{"rendered":"","protected":false},"author":2,"featured_media":0,"parent":0,"menu_order":0,"comment_status":"closed","ping_status":"closed","template":"","meta":{"_eb_attr":"","neve_meta_sidebar":"","neve_meta_container":"","neve_meta_enable_content_width":"","neve_meta_content_width":0,"neve_meta_title_alignment":"","neve_meta_author_avatar":"","neve_post_elements_order":"","neve_meta_disable_header":"","neve_meta_disable_footer":"","neve_meta_disable_title":"","_themeisle_gutenberg_block_has_review":false,"footnotes":""},"class_list":["post-3214","page","type-page","status-publish","hentry"],"_links":{"self":[{"href":"https:\/\/snm-online.sk\/en\/wp-json\/wp\/v2\/pages\/3214","targetHints":{"allow":["GET"]}}],"collection":[{"href":"https:\/\/snm-online.sk\/en\/wp-json\/wp\/v2\/pages"}],"about":[{"href":"https:\/\/snm-online.sk\/en\/wp-json\/wp\/v2\/types\/page"}],"author":[{"embeddable":true,"href":"https:\/\/snm-online.sk\/en\/wp-json\/wp\/v2\/users\/2"}],"replies":[{"embeddable":true,"href":"https:\/\/snm-online.sk\/en\/wp-json\/wp\/v2\/comments?post=3214"}],"version-history":[{"count":8,"href":"https:\/\/snm-online.sk\/en\/wp-json\/wp\/v2\/pages\/3214\/revisions"}],"predecessor-version":[{"id":3226,"href":"https:\/\/snm-online.sk\/en\/wp-json\/wp\/v2\/pages\/3214\/revisions\/3226"}],"wp:attachment":[{"href":"https:\/\/snm-online.sk\/en\/wp-json\/wp\/v2\/media?parent=3214"}],"curies":[{"name":"wp","href":"https:\/\/api.w.org\/{rel}","templated":true}]}}