{"id":3233,"date":"2025-03-25T10:09:22","date_gmt":"2025-03-25T09:09:22","guid":{"rendered":"https:\/\/snm-online.sk\/?page_id=3233"},"modified":"2026-03-20T13:40:44","modified_gmt":"2026-03-20T12:40:44","slug":"cisarove-nove-saty","status":"publish","type":"page","link":"https:\/\/snm-online.sk\/en\/cisarove-nove-saty\/","title":{"rendered":"Cis\u00e1rov\u00e9 nov\u00e9 \u0161aty"},"content":{"rendered":"<div id=\"wp-block-themeisle-blocks-advanced-columns-c2182c8c\" class=\"wp-block-themeisle-blocks-advanced-columns has-1-columns has-desktop-equal-layout has-tablet-equal-layout has-mobile-equal-layout has-vertical-unset\"><div class=\"wp-block-themeisle-blocks-advanced-columns-overlay\"><\/div><div class=\"innerblocks-wrap\">\n<div id=\"wp-block-themeisle-blocks-advanced-column-e2a98ded\" class=\"wp-block-themeisle-blocks-advanced-column\">\n<figure class=\"wp-block-image size-full is-resized\"><img loading=\"lazy\" decoding=\"async\" width=\"1640\" height=\"664\" src=\"https:\/\/snm-online.sk\/wp-content\/uploads\/2025\/03\/Cisarove-nove-saty.jpg\" alt=\"\" class=\"wp-image-3236\" style=\"width:1160px;height:auto\" srcset=\"https:\/\/snm-online.sk\/wp-content\/uploads\/2025\/03\/Cisarove-nove-saty.jpg 1640w, https:\/\/snm-online.sk\/wp-content\/uploads\/2025\/03\/Cisarove-nove-saty-300x121.jpg 300w, https:\/\/snm-online.sk\/wp-content\/uploads\/2025\/03\/Cisarove-nove-saty-1024x415.jpg 1024w, https:\/\/snm-online.sk\/wp-content\/uploads\/2025\/03\/Cisarove-nove-saty-768x311.jpg 768w, https:\/\/snm-online.sk\/wp-content\/uploads\/2025\/03\/Cisarove-nove-saty-1536x622.jpg 1536w\" sizes=\"auto, (max-width: 1640px) 100vw, 1640px\" \/><\/figure>\n\n\n\n<div style=\"height:20px\" aria-hidden=\"true\" class=\"wp-block-spacer\"><\/div>\n<\/div>\n<\/div><\/div>\n\n\n\n<p><strong>Please choose from the listed dates:<\/strong><\/p>\n\n\n\r\n<section class=\"mb-4\">\r\n    <nav class=\"wper-days\">\r\n        \r\n            <\/nav>\r\n\r\n    \r\n    <ul id=\"wperItems\" class=\"wper-list\">\r\n        Sorry, this date is not available.    <\/ul>\r\n<\/section>\r\n\r\n<div class=\"wper-modal\">\r\n    <div class=\"wper-modal__inner\">\r\n        <div class=\"wper-modal__header\">\r\n            <button type=\"button\" class=\"wper-modal__close js-wper-close-modal\">\r\n                <svg width=\"16\" height=\"16\" viewbox=\"0 0 16 16\" fill=\"none\" class=\"svg\" xmlns=\"http:\/\/www.w3.org\/2000\/svg\"><path d=\"M16 7H3.83L9.42 1.41L8 0L0 8L8 16L9.41 14.59L3.83 9H16V7Z\" fill=\"currentColor\"\/><\/svg> <span>Continue shopping<\/span>\r\n            <\/button>\r\n        <\/div>\r\n\r\n        <iframe src=\"\" frameborder=\"0\" class=\"wper-modal__iframe\"><\/iframe>\r\n    <\/div>\r\n<\/div>\r\n\r\n<div class=\"wper-note\">\r\n    <div class=\"wper-note__inner\">\r\n        <div id=\"wperNoteRetail\" class=\"wper-note__content\">\r\n            <h5 class=\"wper-note__title\">Last tickets available only at the museum ticket office.<\/h5>\r\n\r\n            <p>We are sorry, but due to high interest, all tickets reserved for online sales are sold out.<\/p>\r\n\r\n            <p>Last few tickets are available at the castle ticket office. We recommend you visit the ticket office as soon as possible, as tickets sell out quickly.<\/p>\r\n        <\/div>\r\n\r\n        <div id=\"wperNoteSold\" class=\"wper-note__content\">\r\n            <h5 class=\"wper-note__title\">Tickets for this time slot are sold out.<\/h5>\r\n\r\n            <p>We are sorry, but due to high interest, all tickets for this tour are sold out. No tickets are available for this time slot at the castle ticket office either.<\/p>\r\n\r\n            <p>Please try to select another time slot within the day or consider visiting on a different day. We recommend monitoring our website for availability of tickets for individual tours and events.<\/p>\r\n\r\n            <p>Given the high attendance, we advise purchasing tickets well in advance online.<\/p>\r\n        <\/div>\r\n\r\n        <div class=\"wper-note__actions\">\r\n            <button type=\"submit\" class=\"wper-note__close js-wper-close-note\">Got it<\/button>\r\n        <\/div>\r\n    <\/div>\r\n<\/div>\r\n\n\n\n\n<p style=\"font-size:24px\"><strong>Cis\u00e1rove nov\u00e9 \u0161aty<\/strong><\/p>\n\n\n\n<p><strong>Cis\u00e1rove nov\u00e9 \u0161aty<\/strong><\/p>\n\n\n\n<p>\u0160aty, \u0161aty, \u0161aty&#8230; \u010co\u017ee sa to bude dia\u0165 na \u010cervenom Kameni po\u010das Ve\u013ekej noci?&nbsp;Ubytuje sa tu samotn\u00fd cis\u00e1r a vyhl\u00e1si s\u00fa\u0165a\u017e o vyhotovenie t\u00fdch najkraj\u0161\u00edch \u0161iat na celom svete!&nbsp; V hre bude polovica kr\u00e1\u013eovstva a ruka samotnej princeznej, do ktorej sa zamiluje pouli\u010dn\u00fd cirkusant. Ako to cel\u00e9 dopadne sa dozviete v\u010faka divadeln\u00e9mu prevedeniu najob\u013e\u00fabenej\u0161ej rozpr\u00e1vky o \u0161at\u00e1ch,&nbsp; ktorej autorom nie je nik men\u0161\u00ed ako Hans Christian Andersen.<\/p>\n\n\n\n<p><strong>Predstavenie uvedieme od 4. 4. do 6. 4. 2026<\/strong> v\u017edy v \u010dasoch <strong>o 12:00, 14:00 a 16:00 hod. <\/strong><br><br><strong>Trvanie<\/strong> <strong>predstavenia je pribli\u017ene 50 min\u00fat.<\/strong><\/p>\n\n\n\n<p><\/p>\n\n\n\n<p><strong>Deti do 3 rokov a seniori nad 70 rokov maj\u00fa vstup zdarma.<\/strong><\/p>\n\n\n\n<div style=\"height:100px\" aria-hidden=\"true\" class=\"wp-block-spacer\"><\/div>\n\n\n\n<p class=\"has-text-align-center\"><strong>If you have any questions about online tickets, please contact us at&nbsp;<a href=\"mailto:pomoc@snm-online.sk\">pomoc@snm-online.sk<\/a><\/strong><\/p>\n\n\n\n<div style=\"height:100px\" aria-hidden=\"true\" class=\"wp-block-spacer\"><\/div>\n\n\n\n<p><\/p>","protected":false},"excerpt":{"rendered":"<p>Vyberte si pros\u00edm z ponuky d\u00e1tumov a term\u00ednov prehliadok: Cis\u00e1rove nov\u00e9 \u0161aty Cis\u00e1rove nov\u00e9 \u0161aty \u0160aty, \u0161aty, \u0161aty&#8230; \u010co\u017ee sa to bude dia\u0165 na \u010cervenom Kameni po\u010das Ve\u013ekej noci?&nbsp;Ubytuje sa&hellip;&nbsp;<a href=\"https:\/\/snm-online.sk\/en\/cisarove-nove-saty\/\" class=\"\" rel=\"bookmark\">Read More &raquo;<span class=\"screen-reader-text\">Cis\u00e1rov\u00e9 nov\u00e9 \u0161aty<\/span><\/a><\/p>","protected":false},"author":2,"featured_media":0,"parent":0,"menu_order":0,"comment_status":"closed","ping_status":"closed","template":"","meta":{"_eb_attr":"","neve_meta_sidebar":"","neve_meta_container":"","neve_meta_enable_content_width":"","neve_meta_content_width":0,"neve_meta_title_alignment":"","neve_meta_author_avatar":"","neve_post_elements_order":"","neve_meta_disable_header":"","neve_meta_disable_footer":"","neve_meta_disable_title":"","_themeisle_gutenberg_block_has_review":false,"footnotes":""},"class_list":["post-3233","page","type-page","status-publish","hentry"],"_links":{"self":[{"href":"https:\/\/snm-online.sk\/en\/wp-json\/wp\/v2\/pages\/3233","targetHints":{"allow":["GET"]}}],"collection":[{"href":"https:\/\/snm-online.sk\/en\/wp-json\/wp\/v2\/pages"}],"about":[{"href":"https:\/\/snm-online.sk\/en\/wp-json\/wp\/v2\/types\/page"}],"author":[{"embeddable":true,"href":"https:\/\/snm-online.sk\/en\/wp-json\/wp\/v2\/users\/2"}],"replies":[{"embeddable":true,"href":"https:\/\/snm-online.sk\/en\/wp-json\/wp\/v2\/comments?post=3233"}],"version-history":[{"count":9,"href":"https:\/\/snm-online.sk\/en\/wp-json\/wp\/v2\/pages\/3233\/revisions"}],"predecessor-version":[{"id":5144,"href":"https:\/\/snm-online.sk\/en\/wp-json\/wp\/v2\/pages\/3233\/revisions\/5144"}],"wp:attachment":[{"href":"https:\/\/snm-online.sk\/en\/wp-json\/wp\/v2\/media?parent=3233"}],"curies":[{"name":"wp","href":"https:\/\/api.w.org\/{rel}","templated":true}]}}