{"id":3254,"date":"2025-03-27T09:11:49","date_gmt":"2025-03-27T08:11:49","guid":{"rendered":"https:\/\/snm-online.sk\/?page_id=3254"},"modified":"2026-03-23T11:46:45","modified_gmt":"2026-03-23T10:46:45","slug":"velka-noc-na-dedine","status":"publish","type":"page","link":"https:\/\/snm-online.sk\/en\/velka-noc-na-dedine\/","title":{"rendered":"Ve\u013ek\u00e1 noc na dedine"},"content":{"rendered":"<div id=\"wp-block-themeisle-blocks-advanced-columns-b97b53cc\" class=\"wp-block-themeisle-blocks-advanced-columns has-1-columns has-desktop-equal-layout has-tablet-equal-layout has-mobile-equal-layout has-vertical-unset\"><div class=\"wp-block-themeisle-blocks-advanced-columns-overlay\"><\/div><div class=\"innerblocks-wrap\">\n<div id=\"wp-block-themeisle-blocks-advanced-column-a6c2f3aa\" class=\"wp-block-themeisle-blocks-advanced-column\">\n<figure class=\"wp-block-image size-large is-resized\"><img loading=\"lazy\" decoding=\"async\" width=\"1024\" height=\"373\" src=\"https:\/\/snm-online.sk\/wp-content\/uploads\/2026\/03\/banery-web-02-1024x373.jpg\" alt=\"\" class=\"wp-image-5146\" style=\"width:1170px;height:auto\" srcset=\"https:\/\/snm-online.sk\/wp-content\/uploads\/2026\/03\/banery-web-02-1024x373.jpg 1024w, https:\/\/snm-online.sk\/wp-content\/uploads\/2026\/03\/banery-web-02-300x109.jpg 300w, https:\/\/snm-online.sk\/wp-content\/uploads\/2026\/03\/banery-web-02-768x280.jpg 768w, https:\/\/snm-online.sk\/wp-content\/uploads\/2026\/03\/banery-web-02-1536x560.jpg 1536w, https:\/\/snm-online.sk\/wp-content\/uploads\/2026\/03\/banery-web-02-18x7.jpg 18w, https:\/\/snm-online.sk\/wp-content\/uploads\/2026\/03\/banery-web-02.jpg 1920w\" sizes=\"auto, (max-width: 1024px) 100vw, 1024px\" \/><\/figure>\n\n\n\n<div style=\"height:30px\" aria-hidden=\"true\" class=\"wp-block-spacer\"><\/div>\n<\/div>\n<\/div><\/div>\n\n\n\n<p><strong>Please choose from the listed dates:<\/strong><\/p>\n\n\n\r\n<section class=\"mb-4\">\r\n    <nav class=\"wper-days\">\r\n        \r\n            <\/nav>\r\n\r\n    \r\n    <ul id=\"wperItems\" class=\"wper-list\">\r\n        Sorry, this date is not available.    <\/ul>\r\n<\/section>\r\n\r\n<div class=\"wper-modal\">\r\n    <div class=\"wper-modal__inner\">\r\n        <div class=\"wper-modal__header\">\r\n            <button type=\"button\" class=\"wper-modal__close js-wper-close-modal\">\r\n                <svg width=\"16\" height=\"16\" viewbox=\"0 0 16 16\" fill=\"none\" class=\"svg\" xmlns=\"http:\/\/www.w3.org\/2000\/svg\"><path d=\"M16 7H3.83L9.42 1.41L8 0L0 8L8 16L9.41 14.59L3.83 9H16V7Z\" fill=\"currentColor\"\/><\/svg> <span>Continue shopping<\/span>\r\n            <\/button>\r\n        <\/div>\r\n\r\n        <iframe src=\"\" frameborder=\"0\" class=\"wper-modal__iframe\"><\/iframe>\r\n    <\/div>\r\n<\/div>\r\n\r\n<div class=\"wper-note\">\r\n    <div class=\"wper-note__inner\">\r\n        <div id=\"wperNoteRetail\" class=\"wper-note__content\">\r\n            <h5 class=\"wper-note__title\">Last tickets available only at the museum ticket office.<\/h5>\r\n\r\n            <p>We are sorry, but due to high interest, all tickets reserved for online sales are sold out.<\/p>\r\n\r\n            <p>Last few tickets are available at the castle ticket office. We recommend you visit the ticket office as soon as possible, as tickets sell out quickly.<\/p>\r\n        <\/div>\r\n\r\n        <div id=\"wperNoteSold\" class=\"wper-note__content\">\r\n            <h5 class=\"wper-note__title\">Tickets for this time slot are sold out.<\/h5>\r\n\r\n            <p>We are sorry, but due to high interest, all tickets for this tour are sold out. No tickets are available for this time slot at the castle ticket office either.<\/p>\r\n\r\n            <p>Please try to select another time slot within the day or consider visiting on a different day. We recommend monitoring our website for availability of tickets for individual tours and events.<\/p>\r\n\r\n            <p>Given the high attendance, we advise purchasing tickets well in advance online.<\/p>\r\n        <\/div>\r\n\r\n        <div class=\"wper-note__actions\">\r\n            <button type=\"submit\" class=\"wper-note__close js-wper-close-note\">Got it<\/button>\r\n        <\/div>\r\n    <\/div>\r\n<\/div>\r\n\n\n\n\n<p>Trad\u00edcie a zvyky na\u0161ich predkov, ktor\u00e9 sprev\u00e1dzali ve\u013ekono\u010dn\u00e9 obdobie, e\u0161te nie s\u00fa minulos\u0165ou. Za\u017ei\u0165 ich m\u00f4\u017eete <strong>v nede\u013eu 29. marca 2026<\/strong> od 10.00 do 16.00 hod. v M\u00fazeu slovenskej dediny na podujat\u00ed <strong>Ve\u013ek\u00e1 noc na dedine.<\/strong><\/p>\n\n\n\n<p>V programe o 10.30, 12.30 a 14.30 hod. V\u00e1m FS Lysec a DFS Mal\u00fd Lysec z Belej-Dul\u00edc predstav\u00ed <strong>tradi\u010dn\u00e9 predve\u013ekono\u010dn\u00e9 a ve\u013ekono\u010dn\u00e9 zvyky<\/strong> \u2013 vyn\u00e1\u0161anie Moreny a prin\u00e1\u0161anie lete\u010dka. Z\u00e1rove\u0148 sa postar\u00e1 aj o&nbsp;ve\u013ekono\u010dn\u00fa \u0161iba\u010dku a oblieva\u010dku.<\/p>\n\n\n\n<p>Neodmyslite\u013en\u00fdm symbolom sviatkov Ve\u013ekej noci s\u00fa <strong>zdoben\u00e9 vaj\u00ed\u010dka<\/strong>. S naj\u010dastej\u0161\u00edmi technikami, ktor\u00fdmi sa zdobili kraslice, sa n\u00e1v\u0161tevn\u00edci a&nbsp;n\u00e1v\u0161tevn\u00ed\u010dky m\u00fazea bud\u00fa m\u00f4c\u0165 zozn\u00e1mi\u0165 po\u010das programovej nedele a priamo od v\u00fdrobcov a v\u00fdrobk\u00fd\u0148 si ich aj k\u00fapi\u0165.<\/p>\n\n\n\n<p>Okrem krasl\u00edc s\u00fa pripraven\u00e9 aj uk\u00e1\u017eky pletenia <strong>korb\u00e1\u010dov<\/strong>, ako aj predaj a&nbsp;v\u00fdroba \u013eudovoumeleck\u00fdch a&nbsp;remeseln\u00fdch v\u00fdrobkov.<\/p>\n\n\n\n<p>Po\u010das predve\u013ekono\u010dn\u00e9ho p\u00f4stu sa pri varen\u00ed nesmeli pou\u017e\u00edva\u0165 \u017eivo\u010d\u00ed\u0161ne tuky. Gazdinky tak boli odk\u00e1zan\u00e9 na rastlinn\u00e9 oleje. Ako sa v minulosti z\u00edskaval lisovan\u00edm, V\u00e1m pribl\u00ed\u017eime na prehliadke <strong>v&nbsp;oravskej olej\u00e1rni<\/strong>.<\/p>\n\n\n\n<p>Pre mal\u00fdch, ale aj ve\u013ek\u00fdch n\u00e1v\u0161tevn\u00edkov s\u00fa prichystan\u00e9 aj <strong>tvoriv\u00e9 dielne<\/strong>, v ktor\u00fdch si bud\u00fa m\u00f4c\u0165 vysk\u00fa\u0161a\u0165 svoju \u0161ikovnos\u0165 pri zdoben\u00ed krasl\u00edc. Do tvorivej dielne si, pros\u00edme, doneste vlastn\u00e9 vyf\u00faknut\u00e9 alebo natvrdo uvaren\u00e9 vaj\u00ed\u010dka.<\/p>\n\n\n\n<p>Po\u010das podujatia si n\u00e1v\u0161tevn\u00edci bud\u00fa m\u00f4c\u0165 vysk\u00fa\u0161a\u0165 jazdu na koni.<\/p>\n\n\n\n<p>O 13.30 hod. sa bud\u00fa kona\u0165 ev. a. v. slu\u017eby Bo\u017eie v kostole z Rudna.&nbsp;<\/p>\n\n\n\n<p>Organiz\u00e1tor si vyhradzuje pr\u00e1vo na zmenu programu.<\/p>\n\n\n\n<p><\/p>\n\n\n\n<p><\/p>\n\n\n\n<p><\/p>\n\n\n\n<p><strong>If you have any questions about online tickets, please contact us at <a href=\"mailto:pomoc@snm-online.sk\">pomoc@snm-online.sk<\/a><\/strong><\/p>\n\n\n\n<div style=\"height:100px\" aria-hidden=\"true\" class=\"wp-block-spacer\"><\/div>\n\n\n\n<p><\/p>","protected":false},"excerpt":{"rendered":"<p>Vyberte si pros\u00edm z ponuky d\u00e1tumov a term\u00ednov prehliadok: Trad\u00edcie a zvyky na\u0161ich predkov, ktor\u00e9 sprev\u00e1dzali ve\u013ekono\u010dn\u00e9 obdobie, e\u0161te nie s\u00fa minulos\u0165ou. Za\u017ei\u0165 ich m\u00f4\u017eete v nede\u013eu 29. marca 2026&hellip;&nbsp;<a href=\"https:\/\/snm-online.sk\/en\/velka-noc-na-dedine\/\" class=\"\" rel=\"bookmark\">Read More &raquo;<span class=\"screen-reader-text\">Ve\u013ek\u00e1 noc na dedine<\/span><\/a><\/p>","protected":false},"author":2,"featured_media":0,"parent":0,"menu_order":0,"comment_status":"closed","ping_status":"closed","template":"","meta":{"_eb_attr":"","neve_meta_sidebar":"","neve_meta_container":"","neve_meta_enable_content_width":"","neve_meta_content_width":0,"neve_meta_title_alignment":"","neve_meta_author_avatar":"","neve_post_elements_order":"","neve_meta_disable_header":"","neve_meta_disable_footer":"","neve_meta_disable_title":"","_themeisle_gutenberg_block_has_review":false,"footnotes":""},"class_list":["post-3254","page","type-page","status-publish","hentry"],"_links":{"self":[{"href":"https:\/\/snm-online.sk\/en\/wp-json\/wp\/v2\/pages\/3254","targetHints":{"allow":["GET"]}}],"collection":[{"href":"https:\/\/snm-online.sk\/en\/wp-json\/wp\/v2\/pages"}],"about":[{"href":"https:\/\/snm-online.sk\/en\/wp-json\/wp\/v2\/types\/page"}],"author":[{"embeddable":true,"href":"https:\/\/snm-online.sk\/en\/wp-json\/wp\/v2\/users\/2"}],"replies":[{"embeddable":true,"href":"https:\/\/snm-online.sk\/en\/wp-json\/wp\/v2\/comments?post=3254"}],"version-history":[{"count":6,"href":"https:\/\/snm-online.sk\/en\/wp-json\/wp\/v2\/pages\/3254\/revisions"}],"predecessor-version":[{"id":5147,"href":"https:\/\/snm-online.sk\/en\/wp-json\/wp\/v2\/pages\/3254\/revisions\/5147"}],"wp:attachment":[{"href":"https:\/\/snm-online.sk\/en\/wp-json\/wp\/v2\/media?parent=3254"}],"curies":[{"name":"wp","href":"https:\/\/api.w.org\/{rel}","templated":true}]}}