{"id":3265,"date":"2025-03-27T09:46:28","date_gmt":"2025-03-27T08:46:28","guid":{"rendered":"https:\/\/snm-online.sk\/?page_id=3265"},"modified":"2025-03-27T09:46:59","modified_gmt":"2025-03-27T08:46:59","slug":"kde-bolo-tam-bolo","status":"publish","type":"page","link":"https:\/\/snm-online.sk\/en\/kde-bolo-tam-bolo\/","title":{"rendered":"Kde bolo, tam bolo"},"content":{"rendered":"<h4 class=\"wp-block-heading\"><strong>Moderovan\u00e1 diskusia s pam\u00e4tn\u00edkmi<\/strong><\/h4>\n\n\n\n<div id=\"wp-block-themeisle-blocks-advanced-columns-5e74c2cb\" class=\"wp-block-themeisle-blocks-advanced-columns has-1-columns has-desktop-equal-layout has-tablet-equal-layout has-mobile-equal-layout has-vertical-unset\"><div class=\"wp-block-themeisle-blocks-advanced-columns-overlay\"><\/div><div class=\"innerblocks-wrap\">\n<div id=\"wp-block-themeisle-blocks-advanced-column-1edf2a30\" class=\"wp-block-themeisle-blocks-advanced-column\">\n<figure class=\"wp-block-image size-large\"><img loading=\"lazy\" decoding=\"async\" width=\"1024\" height=\"373\" src=\"https:\/\/snm-online.sk\/wp-content\/uploads\/2025\/03\/1920x700_Kde-bolo-tam-bolo-v-MAK-2025-1024x373.jpg\" alt=\"\" class=\"wp-image-3266\" srcset=\"https:\/\/snm-online.sk\/wp-content\/uploads\/2025\/03\/1920x700_Kde-bolo-tam-bolo-v-MAK-2025-1024x373.jpg 1024w, https:\/\/snm-online.sk\/wp-content\/uploads\/2025\/03\/1920x700_Kde-bolo-tam-bolo-v-MAK-2025-300x109.jpg 300w, https:\/\/snm-online.sk\/wp-content\/uploads\/2025\/03\/1920x700_Kde-bolo-tam-bolo-v-MAK-2025-768x280.jpg 768w, https:\/\/snm-online.sk\/wp-content\/uploads\/2025\/03\/1920x700_Kde-bolo-tam-bolo-v-MAK-2025-1536x560.jpg 1536w, https:\/\/snm-online.sk\/wp-content\/uploads\/2025\/03\/1920x700_Kde-bolo-tam-bolo-v-MAK-2025-2048x747.jpg 2048w\" sizes=\"auto, (max-width: 1024px) 100vw, 1024px\" \/><\/figure>\n\n\n\n<div style=\"height:30px\" aria-hidden=\"true\" class=\"wp-block-spacer\"><\/div>\n\n\n\n<p><strong>Please choose from the listed dates:<\/strong><\/p>\n\n\n\r\n<section class=\"mb-4\">\r\n    <nav class=\"wper-days\">\r\n        \r\n            <\/nav>\r\n\r\n    \r\n    <ul id=\"wperItems\" class=\"wper-list\">\r\n        Sorry, this date is not available.    <\/ul>\r\n<\/section>\r\n\r\n<div class=\"wper-modal\">\r\n    <div class=\"wper-modal__inner\">\r\n        <div class=\"wper-modal__header\">\r\n            <button type=\"button\" class=\"wper-modal__close js-wper-close-modal\">\r\n                <svg width=\"16\" height=\"16\" viewbox=\"0 0 16 16\" fill=\"none\" class=\"svg\" xmlns=\"http:\/\/www.w3.org\/2000\/svg\"><path d=\"M16 7H3.83L9.42 1.41L8 0L0 8L8 16L9.41 14.59L3.83 9H16V7Z\" fill=\"currentColor\"\/><\/svg> <span>Continue shopping<\/span>\r\n            <\/button>\r\n        <\/div>\r\n\r\n        <iframe src=\"\" frameborder=\"0\" class=\"wper-modal__iframe\"><\/iframe>\r\n    <\/div>\r\n<\/div>\r\n\r\n<div class=\"wper-note\">\r\n    <div class=\"wper-note__inner\">\r\n        <div id=\"wperNoteRetail\" class=\"wper-note__content\">\r\n            <h5 class=\"wper-note__title\">Last tickets available only at the museum ticket office.<\/h5>\r\n\r\n            <p>We are sorry, but due to high interest, all tickets reserved for online sales are sold out.<\/p>\r\n\r\n            <p>Last few tickets are available at the castle ticket office. We recommend you visit the ticket office as soon as possible, as tickets sell out quickly.<\/p>\r\n        <\/div>\r\n\r\n        <div id=\"wperNoteSold\" class=\"wper-note__content\">\r\n            <h5 class=\"wper-note__title\">Tickets for this time slot are sold out.<\/h5>\r\n\r\n            <p>We are sorry, but due to high interest, all tickets for this tour are sold out. No tickets are available for this time slot at the castle ticket office either.<\/p>\r\n\r\n            <p>Please try to select another time slot within the day or consider visiting on a different day. We recommend monitoring our website for availability of tickets for individual tours and events.<\/p>\r\n\r\n            <p>Given the high attendance, we advise purchasing tickets well in advance online.<\/p>\r\n        <\/div>\r\n\r\n        <div class=\"wper-note__actions\">\r\n            <button type=\"submit\" class=\"wper-note__close js-wper-close-note\">Got it<\/button>\r\n        <\/div>\r\n    <\/div>\r\n<\/div>\r\n\n\n\n\n<p><strong>Vo \u0161tvrtok 3. apr\u00edla 2025 o\u00a016.30 hod.<\/strong> si <strong>v M\u00fazeu Andreja Kme\u0165a <\/strong>vypo\u010dujete od b\u00fdval\u00fdch pracovn\u00edkov neopakovate\u013en\u00e9 sk\u00fasenosti, netradi\u010dn\u00e9 z\u00e1\u017eitky \u010di nezverejnen\u00e9 \u201cpiko\u0161ky\u201c o\u00a0tom, ako sa rozv\u00edjalo m\u00fazeum v\u00a0minulom tis\u00edcro\u010d\u00ed, ke\u010f v\u00fdpo\u010dtov\u00e1 a\u00a0digit\u00e1lna technika boli e\u0161te len s\u00fa\u010das\u0165ou sci-fi literat\u00fary.<\/p>\n\n\n\n<p>Na svoje p\u00f4sobenie bud\u00fa spom\u00edna\u0165 b\u00fdval\u00fd entomol\u00f3g RNDr. Vladim\u00edr Straka a s\u00fa\u010dasn\u00fd zool\u00f3g RNDr. Boris Astalo\u0161, ktor\u00fd v&nbsp;in\u0161tit\u00facii p\u00f4sob\u00ed takmer 40 rokov. Za dlh\u00fdmi rokmi v slu\u017eb\u00e1ch m\u00fazea sa ohliadne aj jeho prv\u00e1 botani\u010dka Mgr. Katar\u00edna \u0160kovirov\u00e1.<\/p>\n\n\n\n<p>Koncom roka 2024 sme si v\u00fdstavn\u00fdm projektom pripomenuli 60. v\u00fdro\u010die zalo\u017eenia Tur\u010dianskeho m\u00fazea Andreja Kme\u0165a, ktor\u00e9 zaplnilo priestory 1. \u00fa\u010delovej budovy Slovensk\u00e9ho n\u00e1rodn\u00e9ho m\u00fazea z roku 1908. Autentick\u00e9 spomienky pracovn\u00edkov, ktor\u00ed s\u00fa s&nbsp;m\u00fazeom sp\u00e4t\u00ed viac ako tri \u010di \u0161tyri desa\u0165ro\u010dia, doplnia to, \u010do sa nezmestilo na aktu\u00e1lnu v\u00fdstavu 60 rokov M\u00fazea Andreja Kme\u0165a, ktor\u00fa si m\u00f4\u017eete pozrie\u0165 do 25. m\u00e1ja 2025. Okrem toho si 3. apr\u00edla 2025 pripomenieme \u010fal\u0161\u00ed v\u00fdznamn\u00fd m\u00ed\u013enik \u2013 presne 8 rokov od otvorenia nov\u00fdch expoz\u00edci\u00ed, ktor\u00e9 dali m\u00fazeu nov\u00fd rozmer a priniesli n\u00e1v\u0161tevn\u00edkom modern\u00fd poh\u013ead na jeho bohat\u00e9 zbierky. Podujatie bude s\u00fa\u010das\u0165ou programu pravideln\u00fdch populariza\u010dno-n\u00e1u\u010dn\u00fdch stretnut\u00ed v&nbsp;priestoroch m\u00fazea pod n\u00e1zvom \u201c\u0160tvrtky v&nbsp;m\u00fazeu\u201c.<\/p>\n<\/div>\n<\/div><\/div>\n\n\n\n<div style=\"height:50px\" aria-hidden=\"true\" class=\"wp-block-spacer\"><\/div>\n\n\n\n<p><strong>If you have any questions about online tickets, please contact us at <a href=\"mailto:pomoc@snm-online.sk\">pomoc@snm-online.sk<\/a><\/strong><\/p>\n\n\n\n<div style=\"height:100px\" aria-hidden=\"true\" class=\"wp-block-spacer\"><\/div>","protected":false},"excerpt":{"rendered":"<p>Moderovan\u00e1 diskusia s pam\u00e4tn\u00edkmi V pr\u00edpade ot\u00e1zok t\u00fdkaj\u00facich sa online n\u00e1kupu vstupeniek n\u00e1s kontaktujte na pomoc@snm-online.sk<\/p>","protected":false},"author":2,"featured_media":0,"parent":0,"menu_order":0,"comment_status":"closed","ping_status":"closed","template":"","meta":{"_eb_attr":"","neve_meta_sidebar":"","neve_meta_container":"","neve_meta_enable_content_width":"","neve_meta_content_width":0,"neve_meta_title_alignment":"","neve_meta_author_avatar":"","neve_post_elements_order":"","neve_meta_disable_header":"","neve_meta_disable_footer":"","neve_meta_disable_title":"","_themeisle_gutenberg_block_has_review":false,"footnotes":""},"class_list":["post-3265","page","type-page","status-publish","hentry"],"_links":{"self":[{"href":"https:\/\/snm-online.sk\/en\/wp-json\/wp\/v2\/pages\/3265","targetHints":{"allow":["GET"]}}],"collection":[{"href":"https:\/\/snm-online.sk\/en\/wp-json\/wp\/v2\/pages"}],"about":[{"href":"https:\/\/snm-online.sk\/en\/wp-json\/wp\/v2\/types\/page"}],"author":[{"embeddable":true,"href":"https:\/\/snm-online.sk\/en\/wp-json\/wp\/v2\/users\/2"}],"replies":[{"embeddable":true,"href":"https:\/\/snm-online.sk\/en\/wp-json\/wp\/v2\/comments?post=3265"}],"version-history":[{"count":2,"href":"https:\/\/snm-online.sk\/en\/wp-json\/wp\/v2\/pages\/3265\/revisions"}],"predecessor-version":[{"id":3268,"href":"https:\/\/snm-online.sk\/en\/wp-json\/wp\/v2\/pages\/3265\/revisions\/3268"}],"wp:attachment":[{"href":"https:\/\/snm-online.sk\/en\/wp-json\/wp\/v2\/media?parent=3265"}],"curies":[{"name":"wp","href":"https:\/\/api.w.org\/{rel}","templated":true}]}}