{"id":3379,"date":"2025-04-17T08:30:40","date_gmt":"2025-04-17T06:30:40","guid":{"rendered":"https:\/\/snm-online.sk\/?page_id=3379"},"modified":"2026-04-16T14:35:44","modified_gmt":"2026-04-16T12:35:44","slug":"laska-na-dedine","status":"publish","type":"page","link":"https:\/\/snm-online.sk\/en\/laska-na-dedine\/","title":{"rendered":"L\u00e1ska na dedine"},"content":{"rendered":"<div id=\"wp-block-themeisle-blocks-advanced-columns-8feb4e25\" class=\"wp-block-themeisle-blocks-advanced-columns has-1-columns has-desktop-equal-layout has-tablet-equal-layout has-mobile-equal-layout has-vertical-unset\"><div class=\"wp-block-themeisle-blocks-advanced-columns-overlay\"><\/div><div class=\"innerblocks-wrap\">\n<div id=\"wp-block-themeisle-blocks-advanced-column-254ca360\" class=\"wp-block-themeisle-blocks-advanced-column\">\n<figure class=\"wp-block-image size-full is-resized\"><img loading=\"lazy\" decoding=\"async\" width=\"1920\" height=\"700\" src=\"https:\/\/snm-online.sk\/wp-content\/uploads\/2026\/04\/banery-web-02-2.jpg\" alt=\"\" class=\"wp-image-5244\" style=\"width:1170px;height:auto\" srcset=\"https:\/\/snm-online.sk\/wp-content\/uploads\/2026\/04\/banery-web-02-2.jpg 1920w, https:\/\/snm-online.sk\/wp-content\/uploads\/2026\/04\/banery-web-02-2-300x109.jpg 300w, https:\/\/snm-online.sk\/wp-content\/uploads\/2026\/04\/banery-web-02-2-1024x373.jpg 1024w, https:\/\/snm-online.sk\/wp-content\/uploads\/2026\/04\/banery-web-02-2-768x280.jpg 768w, https:\/\/snm-online.sk\/wp-content\/uploads\/2026\/04\/banery-web-02-2-1536x560.jpg 1536w, https:\/\/snm-online.sk\/wp-content\/uploads\/2026\/04\/banery-web-02-2-18x7.jpg 18w\" sizes=\"auto, (max-width: 1920px) 100vw, 1920px\" \/><\/figure>\n\n\n\n<div style=\"height:30px\" aria-hidden=\"true\" class=\"wp-block-spacer\"><\/div>\n<\/div>\n<\/div><\/div>\n\n\n\n<p><strong>Please choose from the listed dates:<\/strong><\/p>\n\n\n\r\n<section class=\"mb-4\">\r\n    <nav class=\"wper-days\">\r\n                    <span class=\"wper-days__item js-wper-change-day active\" data-date=\"2026-04-26\">\r\n                <span class=\"long\">Tomorrow<\/span>\r\n                <span class=\"short\">Tomorrow<\/span>\r\n            <\/span>\r\n        \r\n            <\/nav>\r\n\r\n    \r\n    <ul id=\"wperItems\" class=\"wper-list\">\r\n            <li class=\"wper-item\">\r\n        <div class=\"wper-item__content\">\r\n            <div>\r\n                <strong>L\u00e1ska na dedine<\/strong><br>Tomorrow \u00b7 10:00            <\/div>\r\n\r\n            <div class=\"wper-item__meta\">\r\n                            <\/div>\r\n        <\/div>\r\n\r\n                    <span>\r\n                                    <a href=\"https:\/\/shop.snm.entradio.sk\/tourTimeSlot\/141058?gatewayButtonTarget=_top&theme=bronzeBrown&localeCode=en\" class=\"wper-button js-wper-show-modal\" target=\"_blank\">\r\n                        <svg width=\"16\" height=\"16\" viewbox=\"0 0 16 16\" fill=\"none\" class=\"svg\" xmlns=\"http:\/\/www.w3.org\/2000\/svg\"><path d=\"M5.25 12.5C4.425 12.5 3.7575 13.175 3.7575 14C3.7575 14.825 4.425 15.5 5.25 15.5C6.075 15.5 6.75 14.825 6.75 14C6.75 13.175 6.075 12.5 5.25 12.5ZM0.75 0.5V2H2.25L4.95 7.6925L3.9375 9.53C3.8175 9.74 3.75 9.9875 3.75 10.25C3.75 11.075 4.425 11.75 5.25 11.75H14.25V10.25H5.565C5.46 10.25 5.3775 10.1675 5.3775 10.0625L5.4 9.9725L6.075 8.75H11.6625C12.225 8.75 12.72 8.4425 12.975 7.9775L15.66 3.11C15.72 3.005 15.75 2.8775 15.75 2.75C15.75 2.3375 15.4125 2 15 2H3.9075L3.2025 0.5H0.75ZM12.75 12.5C11.925 12.5 11.2575 13.175 11.2575 14C11.2575 14.825 11.925 15.5 12.75 15.5C13.575 15.5 14.25 14.825 14.25 14C14.25 13.175 13.575 12.5 12.75 12.5Z\" fill=\"currentColor\"\/><\/svg> <span>Tickets<\/span>\r\n                    <\/a>\r\n                            <\/span>\r\n            <\/li>\r\n    <\/ul>\r\n<\/section>\r\n\r\n<div class=\"wper-modal\">\r\n    <div class=\"wper-modal__inner\">\r\n        <div class=\"wper-modal__header\">\r\n            <button type=\"button\" class=\"wper-modal__close js-wper-close-modal\">\r\n                <svg width=\"16\" height=\"16\" viewbox=\"0 0 16 16\" fill=\"none\" class=\"svg\" xmlns=\"http:\/\/www.w3.org\/2000\/svg\"><path d=\"M16 7H3.83L9.42 1.41L8 0L0 8L8 16L9.41 14.59L3.83 9H16V7Z\" fill=\"currentColor\"\/><\/svg> <span>Continue shopping<\/span>\r\n            <\/button>\r\n        <\/div>\r\n\r\n        <iframe src=\"\" frameborder=\"0\" class=\"wper-modal__iframe\"><\/iframe>\r\n    <\/div>\r\n<\/div>\r\n\r\n<div class=\"wper-note\">\r\n    <div class=\"wper-note__inner\">\r\n        <div id=\"wperNoteRetail\" class=\"wper-note__content\">\r\n            <h5 class=\"wper-note__title\">Last tickets available only at the museum ticket office.<\/h5>\r\n\r\n            <p>We are sorry, but due to high interest, all tickets reserved for online sales are sold out.<\/p>\r\n\r\n            <p>Last few tickets are available at the castle ticket office. We recommend you visit the ticket office as soon as possible, as tickets sell out quickly.<\/p>\r\n        <\/div>\r\n\r\n        <div id=\"wperNoteSold\" class=\"wper-note__content\">\r\n            <h5 class=\"wper-note__title\">Tickets for this time slot are sold out.<\/h5>\r\n\r\n            <p>We are sorry, but due to high interest, all tickets for this tour are sold out. No tickets are available for this time slot at the castle ticket office either.<\/p>\r\n\r\n            <p>Please try to select another time slot within the day or consider visiting on a different day. We recommend monitoring our website for availability of tickets for individual tours and events.<\/p>\r\n\r\n            <p>Given the high attendance, we advise purchasing tickets well in advance online.<\/p>\r\n        <\/div>\r\n\r\n        <div class=\"wper-note__actions\">\r\n            <button type=\"submit\" class=\"wper-note__close js-wper-close-note\">Got it<\/button>\r\n        <\/div>\r\n    <\/div>\r\n<\/div>\r\n\n\n\n\n<p>V\u202fdedinskom spolo\u010denstve&nbsp;sa&nbsp;l\u00e1ska nesmela prejavova\u0165 na verejnosti&nbsp;\u013eubovo\u013en\u00fdm sp\u00f4sobom. L\u00e1sku si za\u013e\u00fabenci prejavovali darmi alebo \u010dinmi. O \u013e\u00fabostnom zvykoslov\u00ed v\u202fminulosti sa&nbsp;dozviete&nbsp;viac&nbsp;<strong>na podujat\u00ed L\u00e1ska na dedine<\/strong>, ktor\u00e9 sa v M\u00fazeu slovenskej dediny uskuto\u010dn\u00ed&nbsp;<strong>v\u202fnede\u013eu 26.\u202fapr\u00edla 2026.<\/strong>&nbsp;Pr\u00e1ve t\u00fdmto podujat\u00edm priv\u00edtame spolo\u010dne letn\u00fa n\u00e1v\u0161tevn\u00edcku sez\u00f3nu.&nbsp;<\/p>\n\n\n\n<p>Ako sa kedysi&nbsp;<strong>stavali m\u00e1je<\/strong>&nbsp;\u2013 prejavy l\u00e1sky \u2013 na&nbsp;Kysuciach, V\u00e1m predvedie Folkl\u00f3rny s\u00fabor Drev\u00e1r z\u202fKr\u00e1sna nad Kysucou o\u202f12.00 a\u202f14.00 hod.&nbsp;&nbsp;<\/p>\n\n\n\n<p><strong>V \u013e\u00fabostnej poradni<\/strong>&nbsp;\u201eNe\u010darovan\u00fd \u017een\u00edch jak nemasten\u00fd hrach\u201c sa dozviete \u201ezasv\u00e4ten\u00e9\u201c rady a magick\u00e9 praktiky, ktor\u00e9 mali pom\u00f4c\u0165 v \u013e\u00fabostn\u00fdch z\u00e1le\u017eitostiach.&nbsp;&nbsp;<\/p>\n\n\n\n<p>Predn\u00e1\u0161ky o\u202fbylink\u00e1ch&nbsp; pod n\u00e1zvom&nbsp;&nbsp;<strong>Trad\u00edcie v\u202fn\u00e1s<\/strong>&nbsp;prezradia viac o\u202ftom, \u010do by mala obsahova\u0165&nbsp;<strong>,,Dom\u00e1ca zelinkov\u00e1 lek\u00e1rni\u010dka\u201c<\/strong>&nbsp;o\u202f11:00 hod. Pozrieme sa na to \u010do pom\u00e1halo dievkam pri \u013e\u00fabostn\u00fdch \u010daroch po\u010das predn\u00e1\u0161ky&nbsp;<strong>,,M\u00e1gia v\u202fruk\u00e1ch dievok\u201c<\/strong>&nbsp;o\u202f14:45 hod.&nbsp;&nbsp;<\/p>\n\n\n\n<p>V r\u00e1mci&nbsp;<strong>v\u00fdstavky<\/strong>&nbsp;\u201eKe\u010f svadba, tak svadba!\u201c sa dozviete zauj\u00edmavosti zo svadobn\u00e9ho zvykoslovia. Predstav\u00edme rozmanitos\u0165 svadobn\u00fdch oby\u010daj\u00ed&nbsp;z\u202fprvej polovice 20. storo\u010dia. Dozviete sa&nbsp;napr\u00edklad aj&nbsp;o\u202ftom,&nbsp;\u010do predch\u00e1dzalo svadbe, alebo&nbsp;\u010do na nej nesmelo ch\u00fdba\u0165.&nbsp;&nbsp;<\/p>\n\n\n\n<p>Pre najmen\u0161\u00edch n\u00e1v\u0161tevn\u00edkov bude pripraven\u00e1&nbsp;<strong>tvoriv\u00e1 diel\u0148a<\/strong>, kde si bud\u00fa m\u00f4c\u0165 vlastnoru\u010dne vyrobi\u0165 kvietky z&nbsp;papiera \u010di ml\u00e1deneck\u00e9 pierko.&nbsp;&nbsp;<\/p>\n\n\n\n<p>S\u00fa\u010das\u0165ou podujatia bud\u00fa aj&nbsp;<strong>ev. a. v. slu\u017eby Bo\u017eie<\/strong>&nbsp;v kostole z Rudna o\u202f13.30 hod.&nbsp;&nbsp;<\/p>\n\n\n\n<p>S\u00fa\u010das\u0165ou programu, ktor\u00fd bude prebieha\u0165 od 10.00 do 16.00 hod., bude aj predaj \u013eudovoumeleck\u00fdch v\u00fdrobkov.&nbsp;Organiz\u00e1tor podujatia si vyhradzuje pr\u00e1vo na zmenu programu.&nbsp;<\/p>\n\n\n\n<div style=\"height:50px\" aria-hidden=\"true\" class=\"wp-block-spacer\"><\/div>\n\n\n\n<p><strong>If you have any questions about online tickets, please contact us at&nbsp;<a href=\"mailto:pomoc@snm-online.sk\">pomoc@snm-online.sk<\/a><\/strong><\/p>\n\n\n\n<div style=\"height:100px\" aria-hidden=\"true\" class=\"wp-block-spacer\"><\/div>","protected":false},"excerpt":{"rendered":"<p>Vyberte si pros\u00edm z ponuky d\u00e1tumov a term\u00ednov prehliadok: V\u202fdedinskom spolo\u010denstve&nbsp;sa&nbsp;l\u00e1ska nesmela prejavova\u0165 na verejnosti&nbsp;\u013eubovo\u013en\u00fdm sp\u00f4sobom. L\u00e1sku si za\u013e\u00fabenci prejavovali darmi alebo \u010dinmi. O \u013e\u00fabostnom zvykoslov\u00ed v\u202fminulosti sa&nbsp;dozviete&nbsp;viac&nbsp;na podujat\u00ed L\u00e1ska&hellip;&nbsp;<a href=\"https:\/\/snm-online.sk\/en\/laska-na-dedine\/\" class=\"\" rel=\"bookmark\">Read More &raquo;<span class=\"screen-reader-text\">L\u00e1ska na dedine<\/span><\/a><\/p>","protected":false},"author":2,"featured_media":0,"parent":0,"menu_order":0,"comment_status":"closed","ping_status":"closed","template":"","meta":{"_eb_attr":"","neve_meta_sidebar":"","neve_meta_container":"","neve_meta_enable_content_width":"","neve_meta_content_width":0,"neve_meta_title_alignment":"","neve_meta_author_avatar":"","neve_post_elements_order":"","neve_meta_disable_header":"","neve_meta_disable_footer":"","neve_meta_disable_title":"","_themeisle_gutenberg_block_has_review":false,"footnotes":""},"class_list":["post-3379","page","type-page","status-publish","hentry"],"_links":{"self":[{"href":"https:\/\/snm-online.sk\/en\/wp-json\/wp\/v2\/pages\/3379","targetHints":{"allow":["GET"]}}],"collection":[{"href":"https:\/\/snm-online.sk\/en\/wp-json\/wp\/v2\/pages"}],"about":[{"href":"https:\/\/snm-online.sk\/en\/wp-json\/wp\/v2\/types\/page"}],"author":[{"embeddable":true,"href":"https:\/\/snm-online.sk\/en\/wp-json\/wp\/v2\/users\/2"}],"replies":[{"embeddable":true,"href":"https:\/\/snm-online.sk\/en\/wp-json\/wp\/v2\/comments?post=3379"}],"version-history":[{"count":5,"href":"https:\/\/snm-online.sk\/en\/wp-json\/wp\/v2\/pages\/3379\/revisions"}],"predecessor-version":[{"id":5245,"href":"https:\/\/snm-online.sk\/en\/wp-json\/wp\/v2\/pages\/3379\/revisions\/5245"}],"wp:attachment":[{"href":"https:\/\/snm-online.sk\/en\/wp-json\/wp\/v2\/media?parent=3379"}],"curies":[{"name":"wp","href":"https:\/\/api.w.org\/{rel}","templated":true}]}}