{"id":3435,"date":"2025-04-30T16:02:45","date_gmt":"2025-04-30T14:02:45","guid":{"rendered":"https:\/\/snm-online.sk\/?page_id=3435"},"modified":"2025-04-30T17:20:37","modified_gmt":"2025-04-30T15:20:37","slug":"historicke-muzeum-vystava-marie-antoinette-rytierska-sien","status":"publish","type":"page","link":"https:\/\/snm-online.sk\/en\/historicke-muzeum-vystava-marie-antoinette-rytierska-sien\/","title":{"rendered":"History Museum + Marie Antoinette Exhibition (Knights' Hall)"},"content":{"rendered":"<h2 class=\"wp-block-heading\">Slovak National Museum<\/h2>\n\n\n\n<div id=\"wp-block-themeisle-blocks-advanced-columns-a788e388\" class=\"wp-block-themeisle-blocks-advanced-columns has-2-columns has-desktop-equal-layout has-tablet-equal-layout has-mobile-collapsedRows-layout has-vertical-unset\"><div class=\"wp-block-themeisle-blocks-advanced-columns-overlay\"><\/div><div class=\"innerblocks-wrap\">\n<div id=\"wp-block-themeisle-blocks-advanced-column-87831dcd\" class=\"wp-block-themeisle-blocks-advanced-column\"><div class=\"wp-block-image\">\n<figure class=\"aligncenter size-full\"><img loading=\"lazy\" decoding=\"async\" width=\"768\" height=\"512\" src=\"https:\/\/snm-online.sk\/wp-content\/uploads\/2025\/04\/002-hrad-05.jpg\" alt=\"\" class=\"wp-image-3439\" style=\"object-fit:cover\" srcset=\"https:\/\/snm-online.sk\/wp-content\/uploads\/2025\/04\/002-hrad-05.jpg 768w, https:\/\/snm-online.sk\/wp-content\/uploads\/2025\/04\/002-hrad-05-300x200.jpg 300w\" sizes=\"auto, (max-width: 768px) 100vw, 768px\" \/><\/figure>\n<\/div><\/div>\n\n\n\n<div id=\"wp-block-themeisle-blocks-advanced-column-8f9bc32e\" class=\"wp-block-themeisle-blocks-advanced-column\"><div class=\"wp-block-image\">\n<figure class=\"aligncenter size-full\"><img loading=\"lazy\" decoding=\"async\" width=\"768\" height=\"512\" src=\"https:\/\/snm-online.sk\/wp-content\/uploads\/2025\/04\/001-MA_predaj-listkov_768x512_01-2.jpg\" alt=\"\" class=\"wp-image-3437\" style=\"object-fit:cover\" srcset=\"https:\/\/snm-online.sk\/wp-content\/uploads\/2025\/04\/001-MA_predaj-listkov_768x512_01-2.jpg 768w, https:\/\/snm-online.sk\/wp-content\/uploads\/2025\/04\/001-MA_predaj-listkov_768x512_01-2-300x200.jpg 300w\" sizes=\"auto, (max-width: 768px) 100vw, 768px\" \/><\/figure>\n<\/div><\/div>\n<\/div><\/div>\n\n\n\n<div style=\"height:30px\" aria-hidden=\"true\" class=\"wp-block-spacer\"><\/div>\n\n\n\n<p><strong>Enjoy Bratislava Castle to the fullest with a ticket that opens all the doors for you!<\/strong><\/p>\n\n\n\n<p>The ticket includes:<\/p>\n\n\n\n<ul class=\"wp-block-list\">\n<li>The Marie Antoinette Exhibition: From Vienna to Versailles and to the Guillotine<\/li>\n\n\n\n<li>All other current exhibitions and displays at the SNM \u2013 Historical Museum<\/li>\n\n\n\n<li>Entrance to the Treasury<\/li>\n\n\n\n<li>The exhibition \"Shape of the Spirit: The Power and Beauty of African Art\" (North Walls)<\/li>\n<\/ul>\n\n\n\n<p><strong>Explore the history of Slovakia and Bratislava Castle inside the Slovak National Museum \u2013 Museum of History.<br><\/strong><em>Meet the Celts from Bratislava<\/em> in the Castle\u2019s basement, <em>history of the building<\/em> on the ground floor, the Baroque Staircase, Northern State Rooms, the permanent exhibitions <em>\u201eAltar as an Object\u201c<\/em> and <em>\u201eHistory of Slovakia\u201c from Prehistory to the Middle Ages.<\/em> Plus, don\u2019t miss the Treasury, the Crown Tower, and temporary exhibitions on the ground, second, and third floors. Your ticket also includes access to the African art exhibition in the Northern Defensive Walls.<\/p>\n\n\n\n<p><strong>MARIE ANTOINETTE: From Vienna to Versailles and to the Guillotine<br><\/strong>The splendor and grandeur of Versailles are coming to the magnificent Knights\u2019 Hall at Bratislava Castle. You will have the opportunity to view costumes, wigs, paintings, furniture, and other works of art on loan from the Palace of Versailles. The exhibition will also feature items from the collections of Slovak museums and film clips that will give you a glimpse into the life of this famous queen\u2014from her childhood at the imperial Sch\u00f6nbrunn Palace, through the lavish life of the French monarch at Versailles, to her death on the scaffold.<\/p>\n\n\n\r\n<section class=\"mb-4\">\r\n    <nav class=\"wper-days\">\r\n                    <span class=\"wper-days__item js-wper-change-day active\" data-date=\"2026-04-25\">\r\n                <span class=\"long\">Today<\/span>\r\n                <span class=\"short\">Today<\/span>\r\n            <\/span>\r\n                    <span class=\"wper-days__item js-wper-change-day\" data-date=\"2026-04-26\">\r\n                <span class=\"long\">Tomorrow<\/span>\r\n                <span class=\"short\">Tomorrow<\/span>\r\n            <\/span>\r\n                    <span class=\"wper-days__item js-wper-change-day\" data-date=\"2026-04-27\">\r\n                <span class=\"long\">Monday 27.4.<\/span>\r\n                <span class=\"short\">Mon 27.4.<\/span>\r\n            <\/span>\r\n                    <span class=\"wper-days__item js-wper-change-day\" data-date=\"2026-04-28\">\r\n                <span class=\"long\">Tuesday 28.4.<\/span>\r\n                <span class=\"short\">Tue 28.4.<\/span>\r\n            <\/span>\r\n                    <span class=\"wper-days__item js-wper-change-day\" data-date=\"2026-04-29\">\r\n                <span class=\"long\">Wednesday 29.4.<\/span>\r\n                <span class=\"short\">Wed 29.4.<\/span>\r\n            <\/span>\r\n                    <span class=\"wper-days__item js-wper-change-day\" data-date=\"2026-04-30\">\r\n                <span class=\"long\">Thursday 30.4.<\/span>\r\n                <span class=\"short\">Thu 30.4.<\/span>\r\n            <\/span>\r\n                    <span class=\"wper-days__item js-wper-change-day\" data-date=\"2026-05-01\">\r\n                <span class=\"long\">Friday 1.5.<\/span>\r\n                <span class=\"short\">Fri 1.5.<\/span>\r\n            <\/span>\r\n        \r\n                    <div class=\"wper-days__ite\">\r\n                <input type=\"text\" id=\"wperDatepickerInput\" class=\"wper-datepicker-input\" placeholder=\"Other date\" data-min-date=\"2026-04-25\"  readonly>\r\n            <\/div>\r\n            <\/nav>\r\n\r\n    \r\n    <ul id=\"wperItems\" class=\"wper-list\">\r\n            <li class=\"wper-item\">\r\n        <div class=\"wper-item__content\">\r\n            <div>\r\n                <strong>Prehliadka - HRAD + MARIE<\/strong><br>Today \u00b7 10:00 - 18:00            <\/div>\r\n\r\n            <div class=\"wper-item__meta\">\r\n                            <\/div>\r\n        <\/div>\r\n\r\n                    <span>\r\n                                    <a href=\"https:\/\/shop.snm.entradio.sk\/tourTimeSlot\/129394?gatewayButtonTarget=_top&theme=bronzeBrown&localeCode=en\" class=\"wper-button js-wper-show-modal\" target=\"_blank\">\r\n                        <svg width=\"16\" height=\"16\" viewbox=\"0 0 16 16\" fill=\"none\" class=\"svg\" xmlns=\"http:\/\/www.w3.org\/2000\/svg\"><path d=\"M5.25 12.5C4.425 12.5 3.7575 13.175 3.7575 14C3.7575 14.825 4.425 15.5 5.25 15.5C6.075 15.5 6.75 14.825 6.75 14C6.75 13.175 6.075 12.5 5.25 12.5ZM0.75 0.5V2H2.25L4.95 7.6925L3.9375 9.53C3.8175 9.74 3.75 9.9875 3.75 10.25C3.75 11.075 4.425 11.75 5.25 11.75H14.25V10.25H5.565C5.46 10.25 5.3775 10.1675 5.3775 10.0625L5.4 9.9725L6.075 8.75H11.6625C12.225 8.75 12.72 8.4425 12.975 7.9775L15.66 3.11C15.72 3.005 15.75 2.8775 15.75 2.75C15.75 2.3375 15.4125 2 15 2H3.9075L3.2025 0.5H0.75ZM12.75 12.5C11.925 12.5 11.2575 13.175 11.2575 14C11.2575 14.825 11.925 15.5 12.75 15.5C13.575 15.5 14.25 14.825 14.25 14C14.25 13.175 13.575 12.5 12.75 12.5Z\" fill=\"currentColor\"\/><\/svg> <span>Tickets<\/span>\r\n                    <\/a>\r\n                            <\/span>\r\n            <\/li>\r\n    <\/ul>\r\n<\/section>\r\n\r\n<div class=\"wper-modal\">\r\n    <div class=\"wper-modal__inner\">\r\n        <div class=\"wper-modal__header\">\r\n            <button type=\"button\" class=\"wper-modal__close js-wper-close-modal\">\r\n                <svg width=\"16\" height=\"16\" viewbox=\"0 0 16 16\" fill=\"none\" class=\"svg\" xmlns=\"http:\/\/www.w3.org\/2000\/svg\"><path d=\"M16 7H3.83L9.42 1.41L8 0L0 8L8 16L9.41 14.59L3.83 9H16V7Z\" fill=\"currentColor\"\/><\/svg> <span>Continue shopping<\/span>\r\n            <\/button>\r\n        <\/div>\r\n\r\n        <iframe src=\"\" frameborder=\"0\" class=\"wper-modal__iframe\"><\/iframe>\r\n    <\/div>\r\n<\/div>\r\n\r\n<div class=\"wper-note\">\r\n    <div class=\"wper-note__inner\">\r\n        <div id=\"wperNoteRetail\" class=\"wper-note__content\">\r\n            <h5 class=\"wper-note__title\">Last tickets available only at the museum ticket office.<\/h5>\r\n\r\n            <p>We are sorry, but due to high interest, all tickets reserved for online sales are sold out.<\/p>\r\n\r\n            <p>Last few tickets are available at the castle ticket office. We recommend you visit the ticket office as soon as possible, as tickets sell out quickly.<\/p>\r\n        <\/div>\r\n\r\n        <div id=\"wperNoteSold\" class=\"wper-note__content\">\r\n            <h5 class=\"wper-note__title\">Tickets for this time slot are sold out.<\/h5>\r\n\r\n            <p>We are sorry, but due to high interest, all tickets for this tour are sold out. No tickets are available for this time slot at the castle ticket office either.<\/p>\r\n\r\n            <p>Please try to select another time slot within the day or consider visiting on a different day. We recommend monitoring our website for availability of tickets for individual tours and events.<\/p>\r\n\r\n            <p>Given the high attendance, we advise purchasing tickets well in advance online.<\/p>\r\n        <\/div>\r\n\r\n        <div class=\"wper-note__actions\">\r\n            <button type=\"submit\" class=\"wper-note__close js-wper-close-note\">Got it<\/button>\r\n        <\/div>\r\n    <\/div>\r\n<\/div>\r\n\n\n\n\n<p><strong>If you have any questions about online tickets, please contact us at\u00a0<a href=\"mailto:pomoc@snm-online.sk\">pomoc@snm-online.sk<\/a><\/strong><\/p>\n\n\n\n<div style=\"height:100px\" aria-hidden=\"true\" class=\"wp-block-spacer\"><\/div>","protected":false},"excerpt":{"rendered":"<p>Slovensk\u00e9 n\u00e1rodn\u00e9 m\u00fazeum Vychutnajte si Bratislavsk\u00fd hrad naplno s l\u00edstkom, ktor\u00fd v\u00e1m otvor\u00ed v\u0161etky dvere! L\u00edstok zah\u0155\u0148a: Objavujte dejiny Slovenska a Bratislavsk\u00e9ho hradu v SNM \u2013 Historickom m\u00fazeu.Kelti z Bratislavy&hellip;&nbsp;<a href=\"https:\/\/snm-online.sk\/en\/historicke-muzeum-vystava-marie-antoinette-rytierska-sien\/\" class=\"\" rel=\"bookmark\">Read More &raquo;<span class=\"screen-reader-text\">History Museum + Marie Antoinette Exhibition (Knights' Hall)<\/span><\/a><\/p>","protected":false},"author":2,"featured_media":0,"parent":0,"menu_order":0,"comment_status":"closed","ping_status":"closed","template":"","meta":{"_eb_attr":"","neve_meta_sidebar":"","neve_meta_container":"","neve_meta_enable_content_width":"","neve_meta_content_width":0,"neve_meta_title_alignment":"","neve_meta_author_avatar":"","neve_post_elements_order":"","neve_meta_disable_header":"","neve_meta_disable_footer":"","neve_meta_disable_title":"","_themeisle_gutenberg_block_has_review":false,"footnotes":""},"class_list":["post-3435","page","type-page","status-publish","hentry"],"_links":{"self":[{"href":"https:\/\/snm-online.sk\/en\/wp-json\/wp\/v2\/pages\/3435","targetHints":{"allow":["GET"]}}],"collection":[{"href":"https:\/\/snm-online.sk\/en\/wp-json\/wp\/v2\/pages"}],"about":[{"href":"https:\/\/snm-online.sk\/en\/wp-json\/wp\/v2\/types\/page"}],"author":[{"embeddable":true,"href":"https:\/\/snm-online.sk\/en\/wp-json\/wp\/v2\/users\/2"}],"replies":[{"embeddable":true,"href":"https:\/\/snm-online.sk\/en\/wp-json\/wp\/v2\/comments?post=3435"}],"version-history":[{"count":6,"href":"https:\/\/snm-online.sk\/en\/wp-json\/wp\/v2\/pages\/3435\/revisions"}],"predecessor-version":[{"id":5072,"href":"https:\/\/snm-online.sk\/en\/wp-json\/wp\/v2\/pages\/3435\/revisions\/5072"}],"wp:attachment":[{"href":"https:\/\/snm-online.sk\/en\/wp-json\/wp\/v2\/media?parent=3435"}],"curies":[{"name":"wp","href":"https:\/\/api.w.org\/{rel}","templated":true}]}}