{"id":3518,"date":"2025-05-12T14:32:51","date_gmt":"2025-05-12T12:32:51","guid":{"rendered":"https:\/\/snm-online.sk\/?page_id=3518"},"modified":"2025-05-15T06:41:57","modified_gmt":"2025-05-15T04:41:57","slug":"detska-nedela","status":"publish","type":"page","link":"https:\/\/snm-online.sk\/en\/detska-nedela\/","title":{"rendered":"Detsk\u00e1 nede\u013ea"},"content":{"rendered":"<div id=\"wp-block-themeisle-blocks-advanced-columns-1a378b71\" class=\"wp-block-themeisle-blocks-advanced-columns has-1-columns has-desktop-equal-layout has-tablet-equal-layout has-mobile-equal-layout has-vertical-unset\"><div class=\"wp-block-themeisle-blocks-advanced-columns-overlay\"><\/div><div class=\"innerblocks-wrap\">\n<div id=\"wp-block-themeisle-blocks-advanced-column-f45006fc\" class=\"wp-block-themeisle-blocks-advanced-column\">\n<figure class=\"wp-block-image size-large is-resized\"><img loading=\"lazy\" decoding=\"async\" width=\"1024\" height=\"373\" src=\"https:\/\/snm-online.sk\/wp-content\/uploads\/2025\/05\/1920-webimg-1024x373.png\" alt=\"\" class=\"wp-image-3519\" style=\"width:1170px;height:auto\" srcset=\"https:\/\/snm-online.sk\/wp-content\/uploads\/2025\/05\/1920-webimg-1024x373.png 1024w, https:\/\/snm-online.sk\/wp-content\/uploads\/2025\/05\/1920-webimg-300x109.png 300w, https:\/\/snm-online.sk\/wp-content\/uploads\/2025\/05\/1920-webimg-768x280.png 768w, https:\/\/snm-online.sk\/wp-content\/uploads\/2025\/05\/1920-webimg-1536x560.png 1536w, https:\/\/snm-online.sk\/wp-content\/uploads\/2025\/05\/1920-webimg.png 1920w\" sizes=\"auto, (max-width: 1024px) 100vw, 1024px\" \/><\/figure>\n\n\n\n<div style=\"height:30px\" aria-hidden=\"true\" class=\"wp-block-spacer\"><\/div>\n\n\n\n<p><strong>Please choose from the listed dates:<\/strong><\/p>\n\n\n\r\n<section class=\"mb-4\">\r\n    <nav class=\"wper-days\">\r\n        \r\n            <\/nav>\r\n\r\n    \r\n    <ul id=\"wperItems\" class=\"wper-list\">\r\n        Sorry, this date is not available.    <\/ul>\r\n<\/section>\r\n\r\n<div class=\"wper-modal\">\r\n    <div class=\"wper-modal__inner\">\r\n        <div class=\"wper-modal__header\">\r\n            <button type=\"button\" class=\"wper-modal__close js-wper-close-modal\">\r\n                <svg width=\"16\" height=\"16\" viewbox=\"0 0 16 16\" fill=\"none\" class=\"svg\" xmlns=\"http:\/\/www.w3.org\/2000\/svg\"><path d=\"M16 7H3.83L9.42 1.41L8 0L0 8L8 16L9.41 14.59L3.83 9H16V7Z\" fill=\"currentColor\"\/><\/svg> <span>Continue shopping<\/span>\r\n            <\/button>\r\n        <\/div>\r\n\r\n        <iframe src=\"\" frameborder=\"0\" class=\"wper-modal__iframe\"><\/iframe>\r\n    <\/div>\r\n<\/div>\r\n\r\n<div class=\"wper-note\">\r\n    <div class=\"wper-note__inner\">\r\n        <div id=\"wperNoteRetail\" class=\"wper-note__content\">\r\n            <h5 class=\"wper-note__title\">Last tickets available only at the museum ticket office.<\/h5>\r\n\r\n            <p>We are sorry, but due to high interest, all tickets reserved for online sales are sold out.<\/p>\r\n\r\n            <p>Last few tickets are available at the castle ticket office. We recommend you visit the ticket office as soon as possible, as tickets sell out quickly.<\/p>\r\n        <\/div>\r\n\r\n        <div id=\"wperNoteSold\" class=\"wper-note__content\">\r\n            <h5 class=\"wper-note__title\">Tickets for this time slot are sold out.<\/h5>\r\n\r\n            <p>We are sorry, but due to high interest, all tickets for this tour are sold out. No tickets are available for this time slot at the castle ticket office either.<\/p>\r\n\r\n            <p>Please try to select another time slot within the day or consider visiting on a different day. We recommend monitoring our website for availability of tickets for individual tours and events.<\/p>\r\n\r\n            <p>Given the high attendance, we advise purchasing tickets well in advance online.<\/p>\r\n        <\/div>\r\n\r\n        <div class=\"wper-note__actions\">\r\n            <button type=\"submit\" class=\"wper-note__close js-wper-close-note\">Got it<\/button>\r\n        <\/div>\r\n    <\/div>\r\n<\/div>\r\n\n\n\n\n<p>De\u0148 pln\u00fd hier a z\u00e1bavy \u2013 aj tak\u00e1 bude <strong>Detsk\u00e1 nede\u013ea<\/strong>, ktor\u00e1 sa <strong>uskuto\u010dn\u00ed v&nbsp;nede\u013eu 25. m\u00e1ja 2025 v M\u00fazeu slovenskej dediny<\/strong>. Podujatie bude patri\u0165 de\u0165om a ich rodi\u010dom. Nielen najmen\u0161\u00ed n\u00e1v\u0161tevn\u00edci sa od 10.00 do 16.00 hod. m\u00f4\u017eu <strong>te\u0161i\u0165 na divadeln\u00e9 predstavenie, detsk\u00e9 hry, piesne a tance z minul\u00fdch \u010dias, rozpr\u00e1vkov\u00fd les, tombolu a dobov\u00e9 vyu\u010dovanie.<\/strong><\/p>\n\n\n\n<p>Hlavn\u00fd program pripravili deti de\u0165om. Na podujat\u00ed vyst\u00fapia \u010dlenovia detsk\u00fdch folkl\u00f3rnych s\u00faborov <strong>DFS Drienka zo Slovenskej \u013dup\u010de a&nbsp;zahrani\u010dn\u00fd hos\u0165<\/strong> z&nbsp;moravsk\u00e9ho Vala\u0161ska \u2013 folkl\u00f3rny spolok <strong>Lipta z&nbsp;Lipt\u00e1lu<\/strong> zlo\u017een\u00fd zo skup\u00edn Mal\u00e1 Lipta, Mal\u00ed Oga\u0159i, Mal\u016f\u0161ata a&nbsp;Cimb\u00e1lov\u00e1 muzika. Ich spolo\u010dn\u00e9 vyst\u00fapenie si m\u00f4\u017eete pozrie\u0165 o&nbsp;10.30, 13.30 a&nbsp;15.30 hod.<\/p>\n\n\n\n<p>Pr\u00edbeh <strong>\u201eO \u010cervenej \u010diapo\u010dke, hladnom vlkovi a troch prasiatkach&#8220;&nbsp;<\/strong>vyrozpr\u00e1vaj\u00fa \u010dlenovia <em>Vr\u00fatock\u00e9ho ochotn\u00edckeho divadla DOSKA<\/em> o&nbsp;11.00 a&nbsp;14.30 hod.<\/p>\n\n\n\n<p>Pre najmen\u0161\u00edch n\u00e1v\u0161tevn\u00edkov bude pripraven\u00e9 <strong>putovanie rozpr\u00e1vkov\u00fdm lesom<\/strong> pod veden\u00edm \u0161tudentiek a \u0161tudentov <em>S\u00fakromnej spojenej \u0161koly z Martina<\/em>. S&nbsp;<strong>hlavi\u010dkou ako makovi\u010dkou<\/strong> m\u00f4\u017ee od\u00eds\u0165 nejedna par\u00e1dnica \u2013 tradi\u010dn\u00e9 \u00fa\u010desy bud\u00fa diev\u010dat\u00e1m \u010desa\u0165 \u0161tudentky <em>Strednej odbornej \u0161koly obchodu a slu\u017eieb z&nbsp;Martina.<\/em><\/p>\n\n\n\n<p>Ako sa sedelo v star\u00fdch \u0161kolsk\u00fdch laviciach \u010di p\u00edsalo na tabu\u013eky? Va\u0161e ratolesti bud\u00fa m\u00f4c\u0165 za\u017ei\u0165 <strong>dobov\u00e9 vyu\u010dovanie<\/strong> v&nbsp;na\u0161ej element\u00e1rnej \u0161kole z&nbsp;Petrov\u00edc.<\/p>\n\n\n\n<p>Pre \u0161ikovn\u00e9 ru\u010di\u010dky bude pripraven\u00e1 <strong>tvoriv\u00e1 diel\u0148a<\/strong>, v ktorej si deti vlastnoru\u010dne zhotovia krojovan\u00fa b\u00e1biku, \u201ev\u013a\u010dka\u201c, korkov\u00e9 lo\u010fky \u010di tradi\u010dn\u00fa \u201efrnd\u017ealku\u201c z gomb\u00edkov. S\u00fa\u010das\u0165ou podujatia bud\u00fa aj detsk\u00e9 hry na tr\u00e1ve \u010di kolkov\u00e1 dr\u00e1ha. Nebude ch\u00fdba\u0165 ani <strong>ob\u013e\u00faben\u00e1 tombola<\/strong>, v ktorej m\u00f4\u017ee ka\u017ed\u00fd detsk\u00fd n\u00e1v\u0161tevn\u00edk vysk\u00fa\u0161a\u0165 svoje \u0161\u0165astie (\u0165ah bude o 12.00 a&nbsp;14.00 hod.).<\/p>\n\n\n\n<p>S\u00fa\u010das\u0165ou programu bud\u00fa aj uk\u00e1\u017eky tradi\u010dnej \u013eudovej a umeleckej v\u00fdroby. O tradi\u010dn\u00e9 jedl\u00e1 bude obohaten\u00e1 aj ponuka kr\u010dmy z Oravskej Polhory.<\/p>\n\n\n\n<p>Deti do 3 rokov maj\u00fa vstup na podujatie vo\u013en\u00fd, od 3 do 12 rokov maj\u00fa <strong>z\u013eavnen\u00e9 vstupn\u00e9 1&nbsp;euro.<\/strong> Podujatie podporilo OZ Jahodn\u00edcke h\u00e1je. Organiz\u00e1tor si vyhradzuje pr\u00e1vo na zmenu programu.<\/p>\n\n\n\n<div style=\"height:100px\" aria-hidden=\"true\" class=\"wp-block-spacer\"><\/div>\n\n\n\n<p><strong>If you have any questions about online tickets, please contact us at&nbsp;<a href=\"mailto:pomoc@snm-online.sk\">pomoc@snm-online.sk<\/a><\/strong><\/p>\n\n\n\n<div style=\"height:100px\" aria-hidden=\"true\" class=\"wp-block-spacer\"><\/div>\n<\/div>\n<\/div><\/div>\n\n\n\n<p><\/p>","protected":false},"excerpt":{"rendered":"","protected":false},"author":2,"featured_media":0,"parent":0,"menu_order":0,"comment_status":"closed","ping_status":"closed","template":"","meta":{"_eb_attr":"","neve_meta_sidebar":"","neve_meta_container":"","neve_meta_enable_content_width":"","neve_meta_content_width":0,"neve_meta_title_alignment":"","neve_meta_author_avatar":"","neve_post_elements_order":"","neve_meta_disable_header":"","neve_meta_disable_footer":"","neve_meta_disable_title":"","_themeisle_gutenberg_block_has_review":false,"footnotes":""},"class_list":["post-3518","page","type-page","status-publish","hentry"],"_links":{"self":[{"href":"https:\/\/snm-online.sk\/en\/wp-json\/wp\/v2\/pages\/3518","targetHints":{"allow":["GET"]}}],"collection":[{"href":"https:\/\/snm-online.sk\/en\/wp-json\/wp\/v2\/pages"}],"about":[{"href":"https:\/\/snm-online.sk\/en\/wp-json\/wp\/v2\/types\/page"}],"author":[{"embeddable":true,"href":"https:\/\/snm-online.sk\/en\/wp-json\/wp\/v2\/users\/2"}],"replies":[{"embeddable":true,"href":"https:\/\/snm-online.sk\/en\/wp-json\/wp\/v2\/comments?post=3518"}],"version-history":[{"count":2,"href":"https:\/\/snm-online.sk\/en\/wp-json\/wp\/v2\/pages\/3518\/revisions"}],"predecessor-version":[{"id":3534,"href":"https:\/\/snm-online.sk\/en\/wp-json\/wp\/v2\/pages\/3518\/revisions\/3534"}],"wp:attachment":[{"href":"https:\/\/snm-online.sk\/en\/wp-json\/wp\/v2\/media?parent=3518"}],"curies":[{"name":"wp","href":"https:\/\/api.w.org\/{rel}","templated":true}]}}