{"id":3540,"date":"2025-05-20T11:26:32","date_gmt":"2025-05-20T09:26:32","guid":{"rendered":"https:\/\/snm-online.sk\/?page_id=3540"},"modified":"2025-05-20T11:28:05","modified_gmt":"2025-05-20T09:28:05","slug":"o-certovi-kolofonovi","status":"publish","type":"page","link":"https:\/\/snm-online.sk\/en\/o-certovi-kolofonovi\/","title":{"rendered":"O \u010dertovi Kolof\u00f3novi"},"content":{"rendered":"<div id=\"wp-block-themeisle-blocks-advanced-columns-b9449953\" class=\"wp-block-themeisle-blocks-advanced-columns has-1-columns has-desktop-equal-layout has-tablet-equal-layout has-mobile-equal-layout has-vertical-unset\"><div class=\"wp-block-themeisle-blocks-advanced-columns-overlay\"><\/div><div class=\"innerblocks-wrap\">\n<div id=\"wp-block-themeisle-blocks-advanced-column-dcc3bc03\" class=\"wp-block-themeisle-blocks-advanced-column\">\n<figure class=\"wp-block-image size-large is-resized\"><img loading=\"lazy\" decoding=\"async\" width=\"1024\" height=\"341\" src=\"https:\/\/snm-online.sk\/wp-content\/uploads\/2025\/05\/Kolofon-1024x341.jpg\" alt=\"\" class=\"wp-image-3541\" style=\"width:1170px;height:auto\" srcset=\"https:\/\/snm-online.sk\/wp-content\/uploads\/2025\/05\/Kolofon-1024x341.jpg 1024w, https:\/\/snm-online.sk\/wp-content\/uploads\/2025\/05\/Kolofon-300x100.jpg 300w, https:\/\/snm-online.sk\/wp-content\/uploads\/2025\/05\/Kolofon-768x256.jpg 768w, https:\/\/snm-online.sk\/wp-content\/uploads\/2025\/05\/Kolofon.jpg 1350w\" sizes=\"auto, (max-width: 1024px) 100vw, 1024px\" \/><\/figure>\n\n\n\n<div style=\"height:20px\" aria-hidden=\"true\" class=\"wp-block-spacer\"><\/div>\n<\/div>\n<\/div><\/div>\n\n\n\n<p><strong>Please choose from the listed dates:<\/strong><\/p>\n\n\n\r\n<section class=\"mb-4\">\r\n    <nav class=\"wper-days\">\r\n        \r\n            <\/nav>\r\n\r\n    \r\n    <ul id=\"wperItems\" class=\"wper-list\">\r\n        Sorry, this date is not available.    <\/ul>\r\n<\/section>\r\n\r\n<div class=\"wper-modal\">\r\n    <div class=\"wper-modal__inner\">\r\n        <div class=\"wper-modal__header\">\r\n            <button type=\"button\" class=\"wper-modal__close js-wper-close-modal\">\r\n                <svg width=\"16\" height=\"16\" viewbox=\"0 0 16 16\" fill=\"none\" class=\"svg\" xmlns=\"http:\/\/www.w3.org\/2000\/svg\"><path d=\"M16 7H3.83L9.42 1.41L8 0L0 8L8 16L9.41 14.59L3.83 9H16V7Z\" fill=\"currentColor\"\/><\/svg> <span>Continue shopping<\/span>\r\n            <\/button>\r\n        <\/div>\r\n\r\n        <iframe src=\"\" frameborder=\"0\" class=\"wper-modal__iframe\"><\/iframe>\r\n    <\/div>\r\n<\/div>\r\n\r\n<div class=\"wper-note\">\r\n    <div class=\"wper-note__inner\">\r\n        <div id=\"wperNoteRetail\" class=\"wper-note__content\">\r\n            <h5 class=\"wper-note__title\">Last tickets available only at the museum ticket office.<\/h5>\r\n\r\n            <p>We are sorry, but due to high interest, all tickets reserved for online sales are sold out.<\/p>\r\n\r\n            <p>Last few tickets are available at the castle ticket office. We recommend you visit the ticket office as soon as possible, as tickets sell out quickly.<\/p>\r\n        <\/div>\r\n\r\n        <div id=\"wperNoteSold\" class=\"wper-note__content\">\r\n            <h5 class=\"wper-note__title\">Tickets for this time slot are sold out.<\/h5>\r\n\r\n            <p>We are sorry, but due to high interest, all tickets for this tour are sold out. No tickets are available for this time slot at the castle ticket office either.<\/p>\r\n\r\n            <p>Please try to select another time slot within the day or consider visiting on a different day. We recommend monitoring our website for availability of tickets for individual tours and events.<\/p>\r\n\r\n            <p>Given the high attendance, we advise purchasing tickets well in advance online.<\/p>\r\n        <\/div>\r\n\r\n        <div class=\"wper-note__actions\">\r\n            <button type=\"submit\" class=\"wper-note__close js-wper-close-note\">Got it<\/button>\r\n        <\/div>\r\n    <\/div>\r\n<\/div>\r\n\n\n\n\n<p>J\u00fan na \u010cervenom Kameni otvor\u00ed \u010fal\u0161ia Rozpr\u00e1vkov\u00e1 nede\u013ea. Predstavenie O \u010dertovi Kolof\u00f3novi od energiou v\u017edy nabit\u00e9ho Petra G\u00e4rtnera je pote\u0161en\u00edm pre mal\u00fdch aj ve\u013ek\u00fdch div\u00e1kov. Mix \u010dertovsk\u00fdch rozpr\u00e1vok, \u013eudov\u00fdch rozpr\u00e1vok, popkult\u00fary, divok\u00e9ho z\u00e1padu a romantick\u00fdch kom\u00e9di\u00ed je receptom na neopakovate\u013en\u00fa z\u00e1bavu v spolo\u010dnosti klasick\u00fdch marionetov\u00fdch b\u00e1bok.<\/p>\n\n\n\n<p>D\u013a\u017eka predstavenia: 45 min\u00fat<\/p>\n\n\n\n<p><strong>Predstavenie sa uskuto\u010dn\u00ed v\u00a0nede\u013eu 1. j\u00fana o\u00a015.00 hod.<\/strong><\/p>\n\n\n\n<div style=\"height:71px\" aria-hidden=\"true\" class=\"wp-block-spacer\"><\/div>\n\n\n\n<p><br><strong>If you have any questions about online tickets, please contact us at\u00a0<\/strong><a href=\"mailto:pomoc@snm-online.sk\">pomoc@snm-online.sk<\/a><\/p>\n\n\n\n<div style=\"height:100px\" aria-hidden=\"true\" class=\"wp-block-spacer\"><\/div>","protected":false},"excerpt":{"rendered":"<p>Vyberte si pros\u00edm z ponuky d\u00e1tumov a term\u00ednov prehliadok: J\u00fan na \u010cervenom Kameni otvor\u00ed \u010fal\u0161ia Rozpr\u00e1vkov\u00e1 nede\u013ea. Predstavenie O \u010dertovi Kolof\u00f3novi od energiou v\u017edy nabit\u00e9ho Petra G\u00e4rtnera je pote\u0161en\u00edm pre&hellip;&nbsp;<a href=\"https:\/\/snm-online.sk\/en\/o-certovi-kolofonovi\/\" class=\"\" rel=\"bookmark\">Read More &raquo;<span class=\"screen-reader-text\">O \u010dertovi Kolof\u00f3novi<\/span><\/a><\/p>","protected":false},"author":2,"featured_media":0,"parent":0,"menu_order":0,"comment_status":"closed","ping_status":"closed","template":"","meta":{"_eb_attr":"","neve_meta_sidebar":"","neve_meta_container":"","neve_meta_enable_content_width":"","neve_meta_content_width":0,"neve_meta_title_alignment":"","neve_meta_author_avatar":"","neve_post_elements_order":"","neve_meta_disable_header":"","neve_meta_disable_footer":"","neve_meta_disable_title":"","_themeisle_gutenberg_block_has_review":false,"footnotes":""},"class_list":["post-3540","page","type-page","status-publish","hentry"],"_links":{"self":[{"href":"https:\/\/snm-online.sk\/en\/wp-json\/wp\/v2\/pages\/3540","targetHints":{"allow":["GET"]}}],"collection":[{"href":"https:\/\/snm-online.sk\/en\/wp-json\/wp\/v2\/pages"}],"about":[{"href":"https:\/\/snm-online.sk\/en\/wp-json\/wp\/v2\/types\/page"}],"author":[{"embeddable":true,"href":"https:\/\/snm-online.sk\/en\/wp-json\/wp\/v2\/users\/2"}],"replies":[{"embeddable":true,"href":"https:\/\/snm-online.sk\/en\/wp-json\/wp\/v2\/comments?post=3540"}],"version-history":[{"count":1,"href":"https:\/\/snm-online.sk\/en\/wp-json\/wp\/v2\/pages\/3540\/revisions"}],"predecessor-version":[{"id":3542,"href":"https:\/\/snm-online.sk\/en\/wp-json\/wp\/v2\/pages\/3540\/revisions\/3542"}],"wp:attachment":[{"href":"https:\/\/snm-online.sk\/en\/wp-json\/wp\/v2\/media?parent=3540"}],"curies":[{"name":"wp","href":"https:\/\/api.w.org\/{rel}","templated":true}]}}