{"id":3593,"date":"2025-05-29T15:54:19","date_gmt":"2025-05-29T13:54:19","guid":{"rendered":"https:\/\/snm-online.sk\/?page_id=3593"},"modified":"2026-04-17T15:41:40","modified_gmt":"2026-04-17T13:41:40","slug":"trh-starozitnosti","status":"publish","type":"page","link":"https:\/\/snm-online.sk\/en\/trh-starozitnosti\/","title":{"rendered":"Trh staro\u017eitnost\u00ed"},"content":{"rendered":"<div id=\"wp-block-themeisle-blocks-advanced-columns-4269467c\" class=\"wp-block-themeisle-blocks-advanced-columns has-1-columns has-desktop-equal-layout has-tablet-equal-layout has-mobile-equal-layout has-vertical-unset\"><div class=\"wp-block-themeisle-blocks-advanced-columns-overlay\"><\/div><div class=\"innerblocks-wrap\">\n<div id=\"wp-block-themeisle-blocks-advanced-column-36eafffe\" class=\"wp-block-themeisle-blocks-advanced-column\">\n<figure class=\"wp-block-image size-full has-custom-border\"><img loading=\"lazy\" decoding=\"async\" width=\"1920\" height=\"700\" src=\"https:\/\/snm-online.sk\/wp-content\/uploads\/2026\/04\/Trh-starozitnosti.jpg\" alt=\"\" class=\"wp-image-5264\" style=\"border-radius:5px\" srcset=\"https:\/\/snm-online.sk\/wp-content\/uploads\/2026\/04\/Trh-starozitnosti.jpg 1920w, https:\/\/snm-online.sk\/wp-content\/uploads\/2026\/04\/Trh-starozitnosti-300x109.jpg 300w, https:\/\/snm-online.sk\/wp-content\/uploads\/2026\/04\/Trh-starozitnosti-1024x373.jpg 1024w, https:\/\/snm-online.sk\/wp-content\/uploads\/2026\/04\/Trh-starozitnosti-768x280.jpg 768w, https:\/\/snm-online.sk\/wp-content\/uploads\/2026\/04\/Trh-starozitnosti-1536x560.jpg 1536w, https:\/\/snm-online.sk\/wp-content\/uploads\/2026\/04\/Trh-starozitnosti-18x7.jpg 18w\" sizes=\"auto, (max-width: 1920px) 100vw, 1920px\" \/><\/figure>\n\n\n\n<div style=\"height:15px\" aria-hidden=\"true\" class=\"wp-block-spacer\"><\/div>\n\n\n\n<p><strong>Please choose from the listed dates:<\/strong><\/p>\n\n\n\r\n<section class=\"mb-4\">\r\n    <nav class=\"wper-days\">\r\n        \r\n            <\/nav>\r\n\r\n    \r\n    <ul id=\"wperItems\" class=\"wper-list\">\r\n        Sorry, this date is not available.    <\/ul>\r\n<\/section>\r\n\r\n<div class=\"wper-modal\">\r\n    <div class=\"wper-modal__inner\">\r\n        <div class=\"wper-modal__header\">\r\n            <button type=\"button\" class=\"wper-modal__close js-wper-close-modal\">\r\n                <svg width=\"16\" height=\"16\" viewbox=\"0 0 16 16\" fill=\"none\" class=\"svg\" xmlns=\"http:\/\/www.w3.org\/2000\/svg\"><path d=\"M16 7H3.83L9.42 1.41L8 0L0 8L8 16L9.41 14.59L3.83 9H16V7Z\" fill=\"currentColor\"\/><\/svg> <span>Continue shopping<\/span>\r\n            <\/button>\r\n        <\/div>\r\n\r\n        <iframe src=\"\" frameborder=\"0\" class=\"wper-modal__iframe\"><\/iframe>\r\n    <\/div>\r\n<\/div>\r\n\r\n<div class=\"wper-note\">\r\n    <div class=\"wper-note__inner\">\r\n        <div id=\"wperNoteRetail\" class=\"wper-note__content\">\r\n            <h5 class=\"wper-note__title\">Last tickets available only at the museum ticket office.<\/h5>\r\n\r\n            <p>We are sorry, but due to high interest, all tickets reserved for online sales are sold out.<\/p>\r\n\r\n            <p>Last few tickets are available at the castle ticket office. We recommend you visit the ticket office as soon as possible, as tickets sell out quickly.<\/p>\r\n        <\/div>\r\n\r\n        <div id=\"wperNoteSold\" class=\"wper-note__content\">\r\n            <h5 class=\"wper-note__title\">Tickets for this time slot are sold out.<\/h5>\r\n\r\n            <p>We are sorry, but due to high interest, all tickets for this tour are sold out. No tickets are available for this time slot at the castle ticket office either.<\/p>\r\n\r\n            <p>Please try to select another time slot within the day or consider visiting on a different day. We recommend monitoring our website for availability of tickets for individual tours and events.<\/p>\r\n\r\n            <p>Given the high attendance, we advise purchasing tickets well in advance online.<\/p>\r\n        <\/div>\r\n\r\n        <div class=\"wper-note__actions\">\r\n            <button type=\"submit\" class=\"wper-note__close js-wper-close-note\">Got it<\/button>\r\n        <\/div>\r\n    <\/div>\r\n<\/div>\r\n\n\n\n\n<h2 class=\"wp-block-heading\"><em><br><\/em>Trh staro\u017eitnost\u00ed na hrade \u010cerven\u00fd Kame\u0148<\/h2>\n\n\n\n<p>H\u013ead\u00e1te poklady s pr\u00edbehom?<\/p>\n\n\n\n<p>Prv\u00fd tohtoro\u010dn\u00fd Trh staro\u017eitnost\u00ed na hrade \u010cerven\u00fd Kame\u0148 je tu!<\/p>\n\n\n\n<p>Poz\u00fdvame v\u00e1s do jedine\u010dnej atmosf\u00e9ry historick\u00e9ho hradu, kde o\u017e\u00edvaj\u00fa predmety minulosti. \u010cak\u00e1 na v\u00e1s pestr\u00e1 ponuka staro\u017eitnost\u00ed, ktor\u00e9 si so sebou nes\u00fa vlastn\u00fd pr\u00edbeh \u2013 od starod\u00e1vneho n\u00e1bytku, cez knihy, fotografie a\u017e po mince \u010di drobn\u00e9 poklady pre zberate\u013eov.<\/p>\n\n\n\n<p>Ka\u017ed\u00fd k\u00fasok je origin\u00e1l. Ka\u017ed\u00fd m\u00e1 svoju hist\u00f3riu.<\/p>\n\n\n\n<p>Pr\u00ed\u010fte sa prejs\u0165 medzi st\u00e1nkami, objavova\u0165, vybera\u0165 a mo\u017eno si odnies\u0165 nie\u010do, \u010do v\u00e1s bude te\u0161i\u0165 e\u0161te dlh\u00e9 roky.<\/p>\n\n\n\n<p>Te\u0161\u00edme sa na v\u00e1s na hrade \u010cerven\u00fd Kame\u0148 \u2013 mieste, kde minulos\u0165 \u017eije.<\/p>\n\n\n\n<p><strong>Podujatie sa bude kona\u0165 v\u00a0sobotu 25. apr\u00edla 2026 v\u00a0\u010dase od 7.00 do 14.00 hod.<br><\/strong><\/p>\n\n\n\n<p><strong>Predaj vstupeniek je do 12.00 hod.<\/strong><\/p>\n<\/div>\n<\/div><\/div>\n\n\n\n<div style=\"height:50px\" aria-hidden=\"true\" class=\"wp-block-spacer\"><\/div>\n\n\n\n<p><strong>If you have any questions about online tickets, please contact us at&nbsp;<a href=\"mailto:pomoc@snm-online.sk\">pomoc@snm-online.sk<\/a><\/strong><\/p>\n\n\n\n<div style=\"height:100px\" aria-hidden=\"true\" class=\"wp-block-spacer\"><\/div>","protected":false},"excerpt":{"rendered":"<p>V pr\u00edpade ot\u00e1zok t\u00fdkaj\u00facich sa online n\u00e1kupu vstupeniek n\u00e1s kontaktujte na&nbsp;pomoc@snm-online.sk<\/p>","protected":false},"author":2,"featured_media":0,"parent":0,"menu_order":0,"comment_status":"closed","ping_status":"closed","template":"","meta":{"_eb_attr":"","neve_meta_sidebar":"","neve_meta_container":"","neve_meta_enable_content_width":"","neve_meta_content_width":0,"neve_meta_title_alignment":"","neve_meta_author_avatar":"","neve_post_elements_order":"","neve_meta_disable_header":"","neve_meta_disable_footer":"","neve_meta_disable_title":"","_themeisle_gutenberg_block_has_review":false,"footnotes":""},"class_list":["post-3593","page","type-page","status-publish","hentry"],"_links":{"self":[{"href":"https:\/\/snm-online.sk\/en\/wp-json\/wp\/v2\/pages\/3593","targetHints":{"allow":["GET"]}}],"collection":[{"href":"https:\/\/snm-online.sk\/en\/wp-json\/wp\/v2\/pages"}],"about":[{"href":"https:\/\/snm-online.sk\/en\/wp-json\/wp\/v2\/types\/page"}],"author":[{"embeddable":true,"href":"https:\/\/snm-online.sk\/en\/wp-json\/wp\/v2\/users\/2"}],"replies":[{"embeddable":true,"href":"https:\/\/snm-online.sk\/en\/wp-json\/wp\/v2\/comments?post=3593"}],"version-history":[{"count":17,"href":"https:\/\/snm-online.sk\/en\/wp-json\/wp\/v2\/pages\/3593\/revisions"}],"predecessor-version":[{"id":5266,"href":"https:\/\/snm-online.sk\/en\/wp-json\/wp\/v2\/pages\/3593\/revisions\/5266"}],"wp:attachment":[{"href":"https:\/\/snm-online.sk\/en\/wp-json\/wp\/v2\/media?parent=3593"}],"curies":[{"name":"wp","href":"https:\/\/api.w.org\/{rel}","templated":true}]}}