{"id":3610,"date":"2025-06-02T09:58:14","date_gmt":"2025-06-02T07:58:14","guid":{"rendered":"https:\/\/snm-online.sk\/?page_id=3610"},"modified":"2025-06-02T09:58:15","modified_gmt":"2025-06-02T07:58:15","slug":"dnes-tovaris-zajtra-majster","status":"publish","type":"page","link":"https:\/\/snm-online.sk\/en\/dnes-tovaris-zajtra-majster\/","title":{"rendered":"Dnes tovari\u0161, zajtra majster"},"content":{"rendered":"<div id=\"wp-block-themeisle-blocks-advanced-columns-70666b2d\" class=\"wp-block-themeisle-blocks-advanced-columns has-1-columns has-desktop-equal-layout has-tablet-equal-layout has-mobile-equal-layout has-vertical-unset\"><div class=\"wp-block-themeisle-blocks-advanced-columns-overlay\"><\/div><div class=\"innerblocks-wrap\">\n<div id=\"wp-block-themeisle-blocks-advanced-column-8378c1d0\" class=\"wp-block-themeisle-blocks-advanced-column\">\n<figure class=\"wp-block-image size-large is-resized\"><img loading=\"lazy\" decoding=\"async\" width=\"1024\" height=\"373\" src=\"https:\/\/snm-online.sk\/wp-content\/uploads\/2025\/06\/webimg_1920_tovaris-majster-2025-1024x373.png\" alt=\"\" class=\"wp-image-3611\" style=\"width:1170px;height:auto\" srcset=\"https:\/\/snm-online.sk\/wp-content\/uploads\/2025\/06\/webimg_1920_tovaris-majster-2025-1024x373.png 1024w, https:\/\/snm-online.sk\/wp-content\/uploads\/2025\/06\/webimg_1920_tovaris-majster-2025-300x109.png 300w, https:\/\/snm-online.sk\/wp-content\/uploads\/2025\/06\/webimg_1920_tovaris-majster-2025-768x280.png 768w, https:\/\/snm-online.sk\/wp-content\/uploads\/2025\/06\/webimg_1920_tovaris-majster-2025-1536x560.png 1536w, https:\/\/snm-online.sk\/wp-content\/uploads\/2025\/06\/webimg_1920_tovaris-majster-2025.png 1920w\" sizes=\"auto, (max-width: 1024px) 100vw, 1024px\" \/><\/figure>\n\n\n\n<div style=\"height:20px\" aria-hidden=\"true\" class=\"wp-block-spacer\"><\/div>\n\n\n\n<p><strong>Please choose from the listed dates:<\/strong><\/p>\n\n\n\r\n<section class=\"mb-4\">\r\n    <nav class=\"wper-days\">\r\n        \r\n            <\/nav>\r\n\r\n    \r\n    <ul id=\"wperItems\" class=\"wper-list\">\r\n        Sorry, this date is not available.    <\/ul>\r\n<\/section>\r\n\r\n<div class=\"wper-modal\">\r\n    <div class=\"wper-modal__inner\">\r\n        <div class=\"wper-modal__header\">\r\n            <button type=\"button\" class=\"wper-modal__close js-wper-close-modal\">\r\n                <svg width=\"16\" height=\"16\" viewbox=\"0 0 16 16\" fill=\"none\" class=\"svg\" xmlns=\"http:\/\/www.w3.org\/2000\/svg\"><path d=\"M16 7H3.83L9.42 1.41L8 0L0 8L8 16L9.41 14.59L3.83 9H16V7Z\" fill=\"currentColor\"\/><\/svg> <span>Continue shopping<\/span>\r\n            <\/button>\r\n        <\/div>\r\n\r\n        <iframe src=\"\" frameborder=\"0\" class=\"wper-modal__iframe\"><\/iframe>\r\n    <\/div>\r\n<\/div>\r\n\r\n<div class=\"wper-note\">\r\n    <div class=\"wper-note__inner\">\r\n        <div id=\"wperNoteRetail\" class=\"wper-note__content\">\r\n            <h5 class=\"wper-note__title\">Last tickets available only at the museum ticket office.<\/h5>\r\n\r\n            <p>We are sorry, but due to high interest, all tickets reserved for online sales are sold out.<\/p>\r\n\r\n            <p>Last few tickets are available at the castle ticket office. We recommend you visit the ticket office as soon as possible, as tickets sell out quickly.<\/p>\r\n        <\/div>\r\n\r\n        <div id=\"wperNoteSold\" class=\"wper-note__content\">\r\n            <h5 class=\"wper-note__title\">Tickets for this time slot are sold out.<\/h5>\r\n\r\n            <p>We are sorry, but due to high interest, all tickets for this tour are sold out. No tickets are available for this time slot at the castle ticket office either.<\/p>\r\n\r\n            <p>Please try to select another time slot within the day or consider visiting on a different day. We recommend monitoring our website for availability of tickets for individual tours and events.<\/p>\r\n\r\n            <p>Given the high attendance, we advise purchasing tickets well in advance online.<\/p>\r\n        <\/div>\r\n\r\n        <div class=\"wper-note__actions\">\r\n            <button type=\"submit\" class=\"wper-note__close js-wper-close-note\">Got it<\/button>\r\n        <\/div>\r\n    <\/div>\r\n<\/div>\r\n\n\n\n\n<p>Objavte zabudnut\u00e9 remesl\u00e1 so \u0161ikovn\u00fdmi \u201etovari\u0161mi\u201c \u2013 \u0161tudentkami a \u0161tudentmi stredn\u00fdch \u0161k\u00f4l. Svoje majstrovstvo V\u00e1m predved\u00fa po\u010das podujatia <strong>Dnes tovari\u0161, zajtra majster<\/strong> v&nbsp;M\u00fazeu slovenskej dediny, <strong>netradi\u010dne, v&nbsp;sobotu 7. j\u00fana 2025.<\/strong><\/p>\n\n\n\n<p>Po\u010das programu od 10.00 do 16.00 hod. sa predstavia <strong>\u0161tudentky a \u0161tudenti zo \u0160koly umeleck\u00e9ho priemyslu Ru\u017eomberok<\/strong> s v\u00fdrobkami a uk\u00e1\u017ekami niektor\u00fdch textiln\u00fdch techn\u00edk a&nbsp;<strong>Strednej odbornej \u0161koly strojn\u00edckej Kysuck\u00e9 Nov\u00e9 Mesto<\/strong> s pr\u00e1cou v kov\u00e1\u010dskej vyhni. Prv\u00fdkr\u00e1t sa predstavia \u0161tudenti zo <strong>S\u00fakromnej \u0161koly umeleck\u00e9ho priemyslu Hodru\u0161a-H\u00e1mre<\/strong>, ktor\u00ed bud\u00fa prezentova\u0165 kov\u00e1\u010dske, zlatn\u00edcke a kovoryteck\u00e9 pr\u00e1ce.<\/p>\n\n\n\n<p>\u0160tudenti v\u00e1s zozn\u00e1mia s niektor\u00fdmi <strong>tradi\u010dn\u00fdmi postupmi a technikami \u013eudovej v\u00fdroby, prenesen\u00fdmi do s\u00fa\u010dasn\u00fdch \u0161kolsk\u00fdch osnov<\/strong>. Na podujat\u00ed budete m\u00f4c\u0165 spozn\u00e1va\u0165 aj pr\u00e1cu r\u00f4znych \u013eudov\u00fdch remeseln\u00edkov, ktor\u00fdch v\u00fdrobky i v\u00fdrobn\u00e9 postupy m\u00f4\u017eu sl\u00fa\u017ei\u0165 \u0161tudentom ako in\u0161pir\u00e1cia.<\/p>\n\n\n\n<p>Program podujatia bude prebieha\u0165 ako tvoriv\u00e1 diel\u0148a, realizovan\u00e1 v dvoroch na\u0161ich usadlost\u00ed. Ka\u017ed\u00fd n\u00e1v\u0161tevn\u00edk sa m\u00f4\u017ee pripoji\u0165 k \u0161tudentom \u010di v\u00fdrobcom a vysk\u00fa\u0161a\u0165 si niektor\u00e9 \u010dinnosti, <strong>napr\u00edklad tkanie na obru\u010di aj na tk\u00e1\u010dskom stave, niektor\u00e9 predtk\u00e1\u010dske techniky, kutie s&nbsp;kov\u00e1\u010dmi na po\u013enej kov\u00e1\u010dskej vyhni, br\u00fasenie no\u017e\u00edkov na ru\u010dnej br\u00faske, dlabanie kor\u00fdtka, zhotovenie ba\u010dovsk\u00e9ho riadu zo svoru alebo si pozrie\u0165 tradi\u010dn\u00fd sp\u00f4sob v\u00fdroby keramiky.<\/strong> Zauj\u00edmav\u00e9 bude sledova\u0165 <strong>pr\u00e1cu zlatn\u00edkov \u010di kovorytcov.<\/strong><\/p>\n\n\n\n<p>N\u00e1v\u0161tevn\u00edci bud\u00fa ma\u0165 okrem in\u00e9ho aj mo\u017enos\u0165 z\u00edska\u0165 inform\u00e1cie o \u0161tudijn\u00fdch odboroch a&nbsp;zameraniach prezentuj\u00facich sa \u0161k\u00f4l.<\/p>\n\n\n\n<p>Po\u010das cel\u00e9ho programu bude prebieha\u0165 <strong>jarmok tradi\u010dn\u00fdch remesiel.<\/strong><\/p>\n\n\n\n<p>Podujatie Dnes tovari\u0161, zajtra majster je <strong>s\u00fa\u010das\u0165ou Tur\u010dianskych sl\u00e1vnost\u00ed folkl\u00f3ru <\/strong>organizovan\u00fdch <strong>Tur\u010dianskym kult\u00farnym strediskom. Ich 41. ro\u010dn\u00edk vyvrchol\u00ed v&nbsp;M\u00fazeu slovenskej dediny v rovnak\u00fd de\u0148.<\/strong> V hlavnom programe vyst\u00fapia detsk\u00e9 folkl\u00f3rne s\u00fabory, folkl\u00f3rne skupiny a s\u00fabory, \u013eudov\u00e9 hudby, spev\u00e1cke skupiny a s\u00f3listi in\u0161trumentalisti z Turca a ako hos\u0165 folkl\u00f3rny s\u00fabor V\u00e1h z&nbsp;Liptovsk\u00e9ho Mikul\u00e1\u0161a (hlavn\u00fd program Tur\u010dianskych sl\u00e1vnost\u00ed folkl\u00f3ru n\u00e1jdete tu: <a href=\"https:\/\/www.tks.sk\/oblasti-cinnosti\/41-rocnik-turcianskych-slavnosti-folkloru\/\">https:\/\/www.tks.sk\/oblasti-cinnosti\/41-rocnik-turcianskych-slavnosti-folkloru\/<\/a>).<\/p>\n\n\n\n<p>Podujatie sa kon\u00e1 v&nbsp;r\u00e1mci T\u00fd\u017ed\u0148a m\u00faze\u00ed v&nbsp;pr\u00edrode, ktor\u00fd je organizovan\u00fd z iniciat\u00edvy \u00danie m\u00faze\u00ed v&nbsp;pr\u00edrode p\u00f4sobiacej pri Zv\u00e4ze m\u00faze\u00ed na Slovensku.<\/p>\n\n\n\n<p>Organiz\u00e1tor si vyhradzuje pr\u00e1vo na zmenu programu.<\/p>\n<\/div>\n<\/div><\/div>\n\n\n\n<div style=\"height:50px\" aria-hidden=\"true\" class=\"wp-block-spacer\"><\/div>\n\n\n\n<p><strong>If you have any questions about online tickets, please contact us at\u00a0<a href=\"mailto:pomoc@snm-online.sk\">pomoc@snm-online.sk<\/a><\/strong><\/p>\n\n\n\n<div style=\"height:100px\" aria-hidden=\"true\" class=\"wp-block-spacer\"><\/div>","protected":false},"excerpt":{"rendered":"<p>V pr\u00edpade ot\u00e1zok t\u00fdkaj\u00facich sa online n\u00e1kupu vstupeniek n\u00e1s kontaktujte na\u00a0pomoc@snm-online.sk<\/p>","protected":false},"author":2,"featured_media":0,"parent":0,"menu_order":0,"comment_status":"closed","ping_status":"closed","template":"","meta":{"_eb_attr":"","neve_meta_sidebar":"","neve_meta_container":"","neve_meta_enable_content_width":"","neve_meta_content_width":0,"neve_meta_title_alignment":"","neve_meta_author_avatar":"","neve_post_elements_order":"","neve_meta_disable_header":"","neve_meta_disable_footer":"","neve_meta_disable_title":"","_themeisle_gutenberg_block_has_review":false,"footnotes":""},"class_list":["post-3610","page","type-page","status-publish","hentry"],"_links":{"self":[{"href":"https:\/\/snm-online.sk\/en\/wp-json\/wp\/v2\/pages\/3610","targetHints":{"allow":["GET"]}}],"collection":[{"href":"https:\/\/snm-online.sk\/en\/wp-json\/wp\/v2\/pages"}],"about":[{"href":"https:\/\/snm-online.sk\/en\/wp-json\/wp\/v2\/types\/page"}],"author":[{"embeddable":true,"href":"https:\/\/snm-online.sk\/en\/wp-json\/wp\/v2\/users\/2"}],"replies":[{"embeddable":true,"href":"https:\/\/snm-online.sk\/en\/wp-json\/wp\/v2\/comments?post=3610"}],"version-history":[{"count":2,"href":"https:\/\/snm-online.sk\/en\/wp-json\/wp\/v2\/pages\/3610\/revisions"}],"predecessor-version":[{"id":3613,"href":"https:\/\/snm-online.sk\/en\/wp-json\/wp\/v2\/pages\/3610\/revisions\/3613"}],"wp:attachment":[{"href":"https:\/\/snm-online.sk\/en\/wp-json\/wp\/v2\/media?parent=3610"}],"curies":[{"name":"wp","href":"https:\/\/api.w.org\/{rel}","templated":true}]}}