{"id":3655,"date":"2025-06-05T14:21:21","date_gmt":"2025-06-05T12:21:21","guid":{"rendered":"https:\/\/snm-online.sk\/?page_id=3655"},"modified":"2025-08-27T09:10:16","modified_gmt":"2025-08-27T07:10:16","slug":"caj-o-piatej","status":"publish","type":"page","link":"https:\/\/snm-online.sk\/en\/caj-o-piatej\/","title":{"rendered":"\u010caj o piatej"},"content":{"rendered":"<div id=\"wp-block-themeisle-blocks-advanced-columns-3bd5b326\" class=\"wp-block-themeisle-blocks-advanced-columns has-1-columns has-desktop-equal-layout has-tablet-equal-layout has-mobile-equal-layout has-vertical-unset\"><div class=\"wp-block-themeisle-blocks-advanced-columns-overlay\"><\/div><div class=\"innerblocks-wrap\">\n<div id=\"wp-block-themeisle-blocks-advanced-column-dfb0e59c\" class=\"wp-block-themeisle-blocks-advanced-column\">\n<figure class=\"wp-block-image size-full is-resized has-custom-border\" id=\"wp-block-themeisle-blocks-image-d57840f4\"><img loading=\"lazy\" decoding=\"async\" width=\"1350\" height=\"450\" src=\"https:\/\/snm-online.sk\/wp-content\/uploads\/2025\/08\/Caj-o-piatej-01.jpg\" alt=\"\" class=\"wp-image-4428\" style=\"border-radius:5px;width:1170px;height:auto\" srcset=\"https:\/\/snm-online.sk\/wp-content\/uploads\/2025\/08\/Caj-o-piatej-01.jpg 1350w, https:\/\/snm-online.sk\/wp-content\/uploads\/2025\/08\/Caj-o-piatej-01-300x100.jpg 300w, https:\/\/snm-online.sk\/wp-content\/uploads\/2025\/08\/Caj-o-piatej-01-1024x341.jpg 1024w, https:\/\/snm-online.sk\/wp-content\/uploads\/2025\/08\/Caj-o-piatej-01-768x256.jpg 768w\" sizes=\"auto, (max-width: 1350px) 100vw, 1350px\" \/><\/figure>\n\n\n\n<div style=\"height:20px\" aria-hidden=\"true\" class=\"wp-block-spacer\"><\/div>\n\n\n\n<p><strong>Please choose from the listed dates:<\/strong><\/p>\n\n\n\r\n<section class=\"mb-4\">\r\n    <nav class=\"wper-days\">\r\n        \r\n            <\/nav>\r\n\r\n    \r\n    <ul id=\"wperItems\" class=\"wper-list\">\r\n        Sorry, this date is not available.    <\/ul>\r\n<\/section>\r\n\r\n<div class=\"wper-modal\">\r\n    <div class=\"wper-modal__inner\">\r\n        <div class=\"wper-modal__header\">\r\n            <button type=\"button\" class=\"wper-modal__close js-wper-close-modal\">\r\n                <svg width=\"16\" height=\"16\" viewbox=\"0 0 16 16\" fill=\"none\" class=\"svg\" xmlns=\"http:\/\/www.w3.org\/2000\/svg\"><path d=\"M16 7H3.83L9.42 1.41L8 0L0 8L8 16L9.41 14.59L3.83 9H16V7Z\" fill=\"currentColor\"\/><\/svg> <span>Continue shopping<\/span>\r\n            <\/button>\r\n        <\/div>\r\n\r\n        <iframe src=\"\" frameborder=\"0\" class=\"wper-modal__iframe\"><\/iframe>\r\n    <\/div>\r\n<\/div>\r\n\r\n<div class=\"wper-note\">\r\n    <div class=\"wper-note__inner\">\r\n        <div id=\"wperNoteRetail\" class=\"wper-note__content\">\r\n            <h5 class=\"wper-note__title\">Last tickets available only at the museum ticket office.<\/h5>\r\n\r\n            <p>We are sorry, but due to high interest, all tickets reserved for online sales are sold out.<\/p>\r\n\r\n            <p>Last few tickets are available at the castle ticket office. We recommend you visit the ticket office as soon as possible, as tickets sell out quickly.<\/p>\r\n        <\/div>\r\n\r\n        <div id=\"wperNoteSold\" class=\"wper-note__content\">\r\n            <h5 class=\"wper-note__title\">Tickets for this time slot are sold out.<\/h5>\r\n\r\n            <p>We are sorry, but due to high interest, all tickets for this tour are sold out. No tickets are available for this time slot at the castle ticket office either.<\/p>\r\n\r\n            <p>Please try to select another time slot within the day or consider visiting on a different day. We recommend monitoring our website for availability of tickets for individual tours and events.<\/p>\r\n\r\n            <p>Given the high attendance, we advise purchasing tickets well in advance online.<\/p>\r\n        <\/div>\r\n\r\n        <div class=\"wper-note__actions\">\r\n            <button type=\"submit\" class=\"wper-note__close js-wper-close-note\">Got it<\/button>\r\n        <\/div>\r\n    <\/div>\r\n<\/div>\r\n\n\n\n\n<p>\u010caj o piatej Deluxe je mal\u00fdm, \u010dervenokamensk\u00fdm sviatkom. Ve\u013ek\u00e1, reprezenta\u010dn\u00e1 jed\u00e1le\u0148, v ktorej kedysi stolovala \u0161\u013eachta, na jednu mal\u00fa chv\u00ed\u013eu v roku znovu o\u017eije, aby prich\u00fdlila zvedochtiv\u00fdch n\u00e1v\u0161tevn\u00edkov a v\u0161etk\u00fdch troch historikov z predch\u00e1dzaj\u00facich \u010cajov o piatej.<\/p>\n\n\n\n<p>Ak\u00e9 s\u00fa tie najp\u00e1l\u010divej\u0161ie probl\u00e9my s portr\u00e9tmi, s ich v\u00fdskumom, ich z\u00e1chranou, ich bud\u00facnos\u0165ou? Pr\u00e1ve pri vz\u00e1jomnej konfront\u00e1cii troch diskutuj\u00facich sa m\u00f4\u017eeme dosta\u0165 v t\u00fdchto ot\u00e1zkach na kore\u0148 veci. Ako inak, deluxe bude v tento de\u0148 tie\u017e koncert Stories Quartet, \u010daj a \u010dajov\u00e9 \u0161pecialitky.<\/p>\n\n\n\n<p><\/p>\n<\/div>\n<\/div><\/div>\n\n\n\n<div style=\"height:50px\" aria-hidden=\"true\" class=\"wp-block-spacer\"><\/div>\n\n\n\n<p><strong>If you have any questions about online tickets, please contact us at&nbsp;<a href=\"mailto:pomoc@snm-online.sk\">pomoc@snm-online.sk<\/a><\/strong><\/p>\n\n\n\n<div style=\"height:100px\" aria-hidden=\"true\" class=\"wp-block-spacer\"><\/div>","protected":false},"excerpt":{"rendered":"<p>V pr\u00edpade ot\u00e1zok t\u00fdkaj\u00facich sa online n\u00e1kupu vstupeniek n\u00e1s kontaktujte na&nbsp;pomoc@snm-online.sk<\/p>","protected":false},"author":2,"featured_media":0,"parent":0,"menu_order":0,"comment_status":"closed","ping_status":"closed","template":"","meta":{"_eb_attr":"","neve_meta_sidebar":"","neve_meta_container":"","neve_meta_enable_content_width":"","neve_meta_content_width":0,"neve_meta_title_alignment":"","neve_meta_author_avatar":"","neve_post_elements_order":"","neve_meta_disable_header":"","neve_meta_disable_footer":"","neve_meta_disable_title":"","_themeisle_gutenberg_block_has_review":false,"footnotes":""},"class_list":["post-3655","page","type-page","status-publish","hentry"],"_links":{"self":[{"href":"https:\/\/snm-online.sk\/en\/wp-json\/wp\/v2\/pages\/3655","targetHints":{"allow":["GET"]}}],"collection":[{"href":"https:\/\/snm-online.sk\/en\/wp-json\/wp\/v2\/pages"}],"about":[{"href":"https:\/\/snm-online.sk\/en\/wp-json\/wp\/v2\/types\/page"}],"author":[{"embeddable":true,"href":"https:\/\/snm-online.sk\/en\/wp-json\/wp\/v2\/users\/2"}],"replies":[{"embeddable":true,"href":"https:\/\/snm-online.sk\/en\/wp-json\/wp\/v2\/comments?post=3655"}],"version-history":[{"count":7,"href":"https:\/\/snm-online.sk\/en\/wp-json\/wp\/v2\/pages\/3655\/revisions"}],"predecessor-version":[{"id":4429,"href":"https:\/\/snm-online.sk\/en\/wp-json\/wp\/v2\/pages\/3655\/revisions\/4429"}],"wp:attachment":[{"href":"https:\/\/snm-online.sk\/en\/wp-json\/wp\/v2\/media?parent=3655"}],"curies":[{"name":"wp","href":"https:\/\/api.w.org\/{rel}","templated":true}]}}