{"id":3731,"date":"2025-06-13T14:41:00","date_gmt":"2025-06-13T12:41:00","guid":{"rendered":"https:\/\/snm-online.sk\/?page_id=3731"},"modified":"2025-06-13T14:41:45","modified_gmt":"2025-06-13T12:41:45","slug":"na-svateho-jana","status":"publish","type":"page","link":"https:\/\/snm-online.sk\/en\/na-svateho-jana\/","title":{"rendered":"Na sv\u00e4t\u00e9ho J\u00e1na"},"content":{"rendered":"<div id=\"wp-block-themeisle-blocks-advanced-columns-7b3f2acf\" class=\"wp-block-themeisle-blocks-advanced-columns has-1-columns has-desktop-equal-layout has-tablet-equal-layout has-mobile-equal-layout has-vertical-unset\"><div class=\"wp-block-themeisle-blocks-advanced-columns-overlay\"><\/div><div class=\"innerblocks-wrap\">\n<div id=\"wp-block-themeisle-blocks-advanced-column-8990984b\" class=\"wp-block-themeisle-blocks-advanced-column\">\n<figure class=\"wp-block-image size-large is-resized\"><img loading=\"lazy\" decoding=\"async\" width=\"1024\" height=\"373\" src=\"https:\/\/snm-online.sk\/wp-content\/uploads\/2025\/06\/web_1920_na-svateho-jana-1024x373.png\" alt=\"\" class=\"wp-image-3732\" style=\"width:1170px;height:auto\" srcset=\"https:\/\/snm-online.sk\/wp-content\/uploads\/2025\/06\/web_1920_na-svateho-jana-1024x373.png 1024w, https:\/\/snm-online.sk\/wp-content\/uploads\/2025\/06\/web_1920_na-svateho-jana-300x109.png 300w, https:\/\/snm-online.sk\/wp-content\/uploads\/2025\/06\/web_1920_na-svateho-jana-768x280.png 768w, https:\/\/snm-online.sk\/wp-content\/uploads\/2025\/06\/web_1920_na-svateho-jana-1536x560.png 1536w, https:\/\/snm-online.sk\/wp-content\/uploads\/2025\/06\/web_1920_na-svateho-jana.png 1920w\" sizes=\"auto, (max-width: 1024px) 100vw, 1024px\" \/><\/figure>\n\n\n\n<div style=\"height:30px\" aria-hidden=\"true\" class=\"wp-block-spacer\"><\/div>\n\n\n\n<p><strong>Please choose from the listed dates:<\/strong><\/p>\n\n\n\r\n<section class=\"mb-4\">\r\n    <nav class=\"wper-days\">\r\n        \r\n            <\/nav>\r\n\r\n    \r\n    <ul id=\"wperItems\" class=\"wper-list\">\r\n        Sorry, this date is not available.    <\/ul>\r\n<\/section>\r\n\r\n<div class=\"wper-modal\">\r\n    <div class=\"wper-modal__inner\">\r\n        <div class=\"wper-modal__header\">\r\n            <button type=\"button\" class=\"wper-modal__close js-wper-close-modal\">\r\n                <svg width=\"16\" height=\"16\" viewbox=\"0 0 16 16\" fill=\"none\" class=\"svg\" xmlns=\"http:\/\/www.w3.org\/2000\/svg\"><path d=\"M16 7H3.83L9.42 1.41L8 0L0 8L8 16L9.41 14.59L3.83 9H16V7Z\" fill=\"currentColor\"\/><\/svg> <span>Continue shopping<\/span>\r\n            <\/button>\r\n        <\/div>\r\n\r\n        <iframe src=\"\" frameborder=\"0\" class=\"wper-modal__iframe\"><\/iframe>\r\n    <\/div>\r\n<\/div>\r\n\r\n<div class=\"wper-note\">\r\n    <div class=\"wper-note__inner\">\r\n        <div id=\"wperNoteRetail\" class=\"wper-note__content\">\r\n            <h5 class=\"wper-note__title\">Last tickets available only at the museum ticket office.<\/h5>\r\n\r\n            <p>We are sorry, but due to high interest, all tickets reserved for online sales are sold out.<\/p>\r\n\r\n            <p>Last few tickets are available at the castle ticket office. We recommend you visit the ticket office as soon as possible, as tickets sell out quickly.<\/p>\r\n        <\/div>\r\n\r\n        <div id=\"wperNoteSold\" class=\"wper-note__content\">\r\n            <h5 class=\"wper-note__title\">Tickets for this time slot are sold out.<\/h5>\r\n\r\n            <p>We are sorry, but due to high interest, all tickets for this tour are sold out. No tickets are available for this time slot at the castle ticket office either.<\/p>\r\n\r\n            <p>Please try to select another time slot within the day or consider visiting on a different day. We recommend monitoring our website for availability of tickets for individual tours and events.<\/p>\r\n\r\n            <p>Given the high attendance, we advise purchasing tickets well in advance online.<\/p>\r\n        <\/div>\r\n\r\n        <div class=\"wper-note__actions\">\r\n            <button type=\"submit\" class=\"wper-note__close js-wper-close-note\">Got it<\/button>\r\n        <\/div>\r\n    <\/div>\r\n<\/div>\r\n\n\n\n\n<p>Magick\u00fa moc sv\u00e4toj\u00e1nskej noci m\u00f4\u017eete za\u017ei\u0165 <strong>v sobotu 21. j\u00fana 2025<\/strong> po\u010das podujatia <strong>Na sv\u00e4t\u00e9ho J\u00e1na<\/strong> v martinskom M\u00fazeu slovenskej dediny. V najv\u00e4\u010d\u0161om m\u00fazeu v pr\u00edrode na Slovensku v netradi\u010dnom \u010dase <strong>\u2013 od 18.00 hod. a\u017e do 23.00 hod.<\/strong> \u2013 spozn\u00e1te j\u00e1nske zvyky, vychutn\u00e1te si koncert pesni\u010dk\u00e1ra Chrisa Ellysa s&nbsp;violon\u010delistom Matejom Tk\u00e1\u010dom a&nbsp;zabav\u00edte sa pri h\u013eadan\u00ed pokladu alebo pri vatre.<\/p>\n\n\n\n<p>Tvorba pesni\u010dk\u00e1ra <strong>Chrisa Ellysa<\/strong>, ktor\u00fd sa na svoju hudobn\u00fa cestu vydal v roku 2016, sa nesie v duchu indie-folku s jemn\u00fdmi gitarov\u00fdmi vyhr\u00e1vkami a chrap\u013eav\u00fdm baryt\u00f3nom. Jeho piesne p\u00f4sobia ako osobn\u00e9 v\u00fdpovede potuln\u00e9ho raps\u00f3da a nes\u00fa v sebe odkaz folkov\u00fdch legiend ako Simon&amp;Garfunkel, Glen Hansard \u010di Damien Rice. Na violon\u010dele ho bude sprev\u00e1dza\u0165 <strong>Matej Tk\u00e1\u010d<\/strong>, zn\u00e1my zo spolupr\u00e1c na albumoch Jany Kirchner, Katky Ko\u0161\u010dovej \u010di skup\u00edn Para a Longital. Koncert sa v are\u00e1li M\u00fazea slovenskej dediny za\u010dne o&nbsp;22.00 hod.<\/p>\n\n\n\n<p><strong>J\u00e1nske piesne a&nbsp;tance z&nbsp;Turca a Kys\u00fac<\/strong> predstav\u00ed diev\u010densk\u00fd Folkl\u00f3rny s\u00fabor Slnovrat a&nbsp;\u010dlenky Detsk\u00e9ho folkl\u00f3rneho s\u00faboru L\u00fa\u010dik z Tur\u010dianskych Tepl\u00edc v&nbsp;programe <em>J\u00e1ne, mil\u00fd J\u00e1ne<\/em>. Podmaniv\u00fa atmosf\u00e9ru, ktor\u00e1 sprev\u00e1dzala sv\u00e4toj\u00e1nsku noc, vy\u010daruje <strong>Folkl\u00f3rna skupina Javorn\u00edk<\/strong> z&nbsp;L\u00fak pod Makytou<strong>.<\/strong> J\u00e1nsku vatru zap\u00e1lime po zotmen\u00ed o 21.30 hod.<\/p>\n\n\n\n<p>Pre n\u00e1v\u0161tevn\u00edkov s\u00fa pripraven\u00e9 <strong>no\u010dn\u00e9 prehliadky m\u00fazea<\/strong> s tematikou j\u00e1nskych zvykov. Pri nich sa dozviete o p\u00f4soben\u00ed magick\u00fdch s\u00edl alebo bytost\u00ed, ktor\u00e9 mali po\u010das j\u00e1nskeho ve\u010dera v\u00e4\u010d\u0161iu silu ako po in\u00e9 dni. Pre deti aj dospel\u00fdch bude prichystan\u00e9 <strong>\u010d\u00edtanie stra\u0161ideln\u00fdch pr\u00edbehov<\/strong> o nadprirodzen\u00fdch bytostiach, ktor\u00e9 mo\u017eno stretn\u00fa aj po\u010das podujatia.<\/p>\n\n\n\n<p>Ve\u013ea povier o sv\u00e4toj\u00e1nskej noci sa vz\u0165ahovalo k pokladom, ku ktor\u00fdm sa pr\u00e1ve v t\u00fato noc dalo dosta\u0165 naj\u013eah\u0161ie. N\u00e1v\u0161tevn\u00edci bud\u00fa m\u00f4c\u0165 pomocou rie\u0161enia r\u00f4znych h\u00e1daniek <strong>h\u013eada\u0165 poklad,<\/strong> ktor\u00fd ukr\u00fdva na\u0161e m\u00fazeum.<\/p>\n\n\n\n<p>Byliny nazbieran\u00e9 po\u010das sv\u00e4toj\u00e1nskej noci maj\u00fa vraj mimoriadnu silu \u2013 lie\u010div\u00fa aj magick\u00fa, preto sa spolu s bylink\u00e1rkou Ivkou m\u00f4\u017eete vyda\u0165 h\u013eada\u0165 a <strong>spozn\u00e1va\u0165 bylinky<\/strong>, ktor\u00e9 rast\u00fa v\u202fare\u00e1li.<\/p>\n\n\n\n<p><strong>Odpor\u00fa\u010dame n\u00e1v\u0161tevn\u00edkom, aby si so sebou priniesli baterku alebo in\u00fd zdroj svetla<\/strong>. Program bude trva\u0165 od 18.00 do 23.00 hod., vstup do are\u00e1lu bude mo\u017en\u00fd do 21.30 hod.<\/p>\n\n\n\n<p>Organiz\u00e1tor si vyhradzuje pr\u00e1vo na zmenu programu. <strong><\/strong><\/p>\n\n\n\n<div style=\"height:50px\" aria-hidden=\"true\" class=\"wp-block-spacer\"><\/div>\n\n\n\n<p><strong>If you have any questions about online tickets, please contact us at\u00a0<a href=\"mailto:pomoc@snm-online.sk\">pomoc@snm-online.sk<\/a><\/strong><\/p>\n<\/div>\n<\/div><\/div>\n\n\n\n<div style=\"height:100px\" aria-hidden=\"true\" class=\"wp-block-spacer\"><\/div>","protected":false},"excerpt":{"rendered":"","protected":false},"author":2,"featured_media":0,"parent":0,"menu_order":0,"comment_status":"closed","ping_status":"closed","template":"","meta":{"_eb_attr":"","neve_meta_sidebar":"","neve_meta_container":"","neve_meta_enable_content_width":"","neve_meta_content_width":0,"neve_meta_title_alignment":"","neve_meta_author_avatar":"","neve_post_elements_order":"","neve_meta_disable_header":"","neve_meta_disable_footer":"","neve_meta_disable_title":"","_themeisle_gutenberg_block_has_review":false,"footnotes":""},"class_list":["post-3731","page","type-page","status-publish","hentry"],"_links":{"self":[{"href":"https:\/\/snm-online.sk\/en\/wp-json\/wp\/v2\/pages\/3731","targetHints":{"allow":["GET"]}}],"collection":[{"href":"https:\/\/snm-online.sk\/en\/wp-json\/wp\/v2\/pages"}],"about":[{"href":"https:\/\/snm-online.sk\/en\/wp-json\/wp\/v2\/types\/page"}],"author":[{"embeddable":true,"href":"https:\/\/snm-online.sk\/en\/wp-json\/wp\/v2\/users\/2"}],"replies":[{"embeddable":true,"href":"https:\/\/snm-online.sk\/en\/wp-json\/wp\/v2\/comments?post=3731"}],"version-history":[{"count":2,"href":"https:\/\/snm-online.sk\/en\/wp-json\/wp\/v2\/pages\/3731\/revisions"}],"predecessor-version":[{"id":3734,"href":"https:\/\/snm-online.sk\/en\/wp-json\/wp\/v2\/pages\/3731\/revisions\/3734"}],"wp:attachment":[{"href":"https:\/\/snm-online.sk\/en\/wp-json\/wp\/v2\/media?parent=3731"}],"curies":[{"name":"wp","href":"https:\/\/api.w.org\/{rel}","templated":true}]}}