{"id":3829,"date":"2025-06-18T11:21:53","date_gmt":"2025-06-18T09:21:53","guid":{"rendered":"https:\/\/snm-online.sk\/?page_id=3829"},"modified":"2025-12-01T10:12:18","modified_gmt":"2025-12-01T09:12:18","slug":"vystava-premietanie-filmu-potopa","status":"publish","type":"page","link":"https:\/\/snm-online.sk\/en\/vystava-premietanie-filmu-potopa\/","title":{"rendered":"V\u00fdstava + premietanie filmu Potopa"},"content":{"rendered":"<div id=\"wp-block-themeisle-blocks-advanced-columns-99c49e46\" class=\"wp-block-themeisle-blocks-advanced-columns has-1-columns has-desktop-equal-layout has-tablet-equal-layout has-mobile-equal-layout has-vertical-unset\"><div class=\"wp-block-themeisle-blocks-advanced-columns-overlay\"><\/div><div class=\"innerblocks-wrap\">\n<div id=\"wp-block-themeisle-blocks-advanced-column-73eaa7b1\" class=\"wp-block-themeisle-blocks-advanced-column\">\n<figure class=\"wp-block-image size-full is-resized\" id=\"wp-block-themeisle-blocks-image-ceb85c50\"><img loading=\"lazy\" decoding=\"async\" width=\"1920\" height=\"700\" src=\"https:\/\/snm-online.sk\/wp-content\/uploads\/2025\/06\/potopa.png\" alt=\"\" class=\"wp-image-3831\" style=\"width:1170px;height:auto\" srcset=\"https:\/\/snm-online.sk\/wp-content\/uploads\/2025\/06\/potopa.png 1920w, https:\/\/snm-online.sk\/wp-content\/uploads\/2025\/06\/potopa-300x109.png 300w, https:\/\/snm-online.sk\/wp-content\/uploads\/2025\/06\/potopa-1024x373.png 1024w, https:\/\/snm-online.sk\/wp-content\/uploads\/2025\/06\/potopa-768x280.png 768w, https:\/\/snm-online.sk\/wp-content\/uploads\/2025\/06\/potopa-1536x560.png 1536w\" sizes=\"auto, (max-width: 1920px) 100vw, 1920px\" \/><\/figure>\n<\/div>\n<\/div><\/div>\n\n\n\n<div style=\"height:30px\" aria-hidden=\"true\" class=\"wp-block-spacer\"><\/div>\n\n\n\n<p><strong>Please choose from the listed dates:<\/strong><\/p>\n\n\n\r\n<section class=\"mb-4\">\r\n    <nav class=\"wper-days\">\r\n        \r\n            <\/nav>\r\n\r\n    \r\n    <ul id=\"wperItems\" class=\"wper-list\">\r\n        Sorry, this date is not available.    <\/ul>\r\n<\/section>\r\n\r\n<div class=\"wper-modal\">\r\n    <div class=\"wper-modal__inner\">\r\n        <div class=\"wper-modal__header\">\r\n            <button type=\"button\" class=\"wper-modal__close js-wper-close-modal\">\r\n                <svg width=\"16\" height=\"16\" viewbox=\"0 0 16 16\" fill=\"none\" class=\"svg\" xmlns=\"http:\/\/www.w3.org\/2000\/svg\"><path d=\"M16 7H3.83L9.42 1.41L8 0L0 8L8 16L9.41 14.59L3.83 9H16V7Z\" fill=\"currentColor\"\/><\/svg> <span>Continue shopping<\/span>\r\n            <\/button>\r\n        <\/div>\r\n\r\n        <iframe src=\"\" frameborder=\"0\" class=\"wper-modal__iframe\"><\/iframe>\r\n    <\/div>\r\n<\/div>\r\n\r\n<div class=\"wper-note\">\r\n    <div class=\"wper-note__inner\">\r\n        <div id=\"wperNoteRetail\" class=\"wper-note__content\">\r\n            <h5 class=\"wper-note__title\">Last tickets available only at the museum ticket office.<\/h5>\r\n\r\n            <p>We are sorry, but due to high interest, all tickets reserved for online sales are sold out.<\/p>\r\n\r\n            <p>Last few tickets are available at the castle ticket office. We recommend you visit the ticket office as soon as possible, as tickets sell out quickly.<\/p>\r\n        <\/div>\r\n\r\n        <div id=\"wperNoteSold\" class=\"wper-note__content\">\r\n            <h5 class=\"wper-note__title\">Tickets for this time slot are sold out.<\/h5>\r\n\r\n            <p>We are sorry, but due to high interest, all tickets for this tour are sold out. No tickets are available for this time slot at the castle ticket office either.<\/p>\r\n\r\n            <p>Please try to select another time slot within the day or consider visiting on a different day. We recommend monitoring our website for availability of tickets for individual tours and events.<\/p>\r\n\r\n            <p>Given the high attendance, we advise purchasing tickets well in advance online.<\/p>\r\n        <\/div>\r\n\r\n        <div class=\"wper-note__actions\">\r\n            <button type=\"submit\" class=\"wper-note__close js-wper-close-note\">Got it<\/button>\r\n        <\/div>\r\n    <\/div>\r\n<\/div>\r\n\n\n\n\n<p><strong>Spravte si zo svojej n\u00e1v\u0161tevy v\u00fdstavy skuto\u010dn\u00fa udalos\u0165!<\/strong><\/p>\n\n\n\n<p>Organiz\u00e1tori v\u00fdstavy <em>Marie Antoinette z Viedne do Versailles a\u017e pod gilot\u00ednu<\/em> v\u00e1m v spolupr\u00e1ci s Film Europe prin\u00e1\u0161aj\u00fa kombinovan\u00fd m\u00fazejno-filmov\u00fd z\u00e1\u017eitok priamo na Bratislavskom hrade.<\/p>\n\n\n\n<p><strong>Zak\u00fapen\u00fd l\u00edstok v\u00e1m umo\u017en\u00ed vst\u00fapi\u0165 do v\u00fdstavy a sveta <em>Marie Antoinette<\/em> a n\u00e1sledne sa o 16:00 z\u00fa\u010dastni\u0165 aj premietania filmovej novinky Potopa (SK premi\u00e9ra: j\u00fan 2025) priamo v priestoroch Bratislavsk\u00e9ho hradu \u2013 v poslednej miestnosti v\u00fdstavy. Odpor\u00fa\u010dame v\u00e1m preto pr\u00eds\u0165 na v\u00fdstavu 45 a\u017e 60 min\u00fat pred za\u010diatkom filmu (cca. o 15:00), aby ste si cel\u00fa v\u00fdstavu mohli pozrie\u0165, predt\u00fdm ako sa film za\u010dne.<\/strong><\/p>\n\n\n\n<p>Pozn\u00e1mka: Premietanie filmu bude vo franc\u00fazskom jazyku s \u010desk\u00fdmi titulkami. Vekov\u00e1 pr\u00edstupnos\u0165 filmu je 15+. V\u00fdstava ako aj pr\u00edstup do premietacej miestnosti s\u00fa bari\u00e9rov\u00e9 (1, 4 a 2 schody).&nbsp;<\/p>\n\n\n\n<p>Viac o v\u00fdstave:<br><strong><em>Marie Antoinette z Viedne do Versailles a\u017e pod gilot\u00ednu&nbsp;<\/em><\/strong><\/p>\n\n\n\n<p>Do ve\u013ekolepej Rytierskej siene Bratislavsk\u00e9ho hradu pri\u0161la n\u00e1dhera a honosnos\u0165 Versailles. Vy si tak m\u00f4\u017eete pozrie\u0165 kost\u00fdmy, parochne, obrazy, n\u00e1bytok a \u010fal\u0161ie umeleck\u00e9 predmety zapo\u017ei\u010dan\u00e9 Versaillsk\u00fdm z\u00e1mkom a doplnen\u00e9 o predmety aj zo zbierok slovensk\u00fdch m\u00faze\u00ed. Spolu v\u00e1m pribl\u00ed\u017eia \u017eivot tejto zn\u00e1mej kr\u00e1\u013eovnej od detstva na cis\u00e1rskom z\u00e1mku Sch\u00f6nbrunn, cez prepychov\u00fd \u017eivot franc\u00fazskej panovn\u00ed\u010dky vo Versailles a\u017e po jej smr\u0165 na popravisku.<\/p>\n\n\n\n<p>The exhibition was organized in collaboration with Ch\u00e2teau de Versailles Spectacles, SNM \u2013 Historick\u00e9 m\u00fazeum a Beart production s.r.o.<\/p>\n\n\n\n<p>Viac o filme:<\/p>\n\n\n\n<p><strong>Potopa<\/strong><\/p>\n\n\n\n<p>Posledn\u00e9 dni \u013dudov\u00edta XVI. a M\u00e1rie Antoinetty<\/p>\n\n\n\n<p>1792. \u013dudov\u00edt XVI., jeho man\u017eelka M\u00e1ria Antoinetta a ich deti s\u00fa zatknut\u00ed a uv\u00e4znen\u00ed v Templi, zlovestnom par\u00ed\u017eskom z\u00e1mockom komplexe, kde \u010dakaj\u00fa na s\u00fad. Izolovan\u00ed od n\u00e1dhery Versailles s\u00fa prv\u00fdkr\u00e1t v \u017eivote zranite\u013en\u00ed. Fascinuj\u00faci, doteraz nevyrozpr\u00e1van\u00fd dobov\u00fd pr\u00edbeh o udalostiach, ktor\u00e9 st\u00e1li pri zrode n\u00e1\u0161ho modern\u00e9ho sveta. Vo\u013ene in\u0161pirovan\u00fd z\u00e1piskami Cl\u00e9ryho, kr\u00e1\u013eovho komorn\u00edka, ktor\u00fd s n\u00edm zostal a\u017e do jeho smrti.<\/p>\n\n\n\n<p>Film Gianlucu Jodiceho prin\u00e1\u0161a pr\u00edbeh \u013dudov\u00edta XVI. a M\u00e1rie Antoinetty na ve\u013ek\u00e9 pl\u00e1tno sp\u00f4sobom, ak\u00fd tu e\u0161te nebol. Namiesto ok\u00e1zal\u00fdch ve\u010dierkov, kr\u00e1\u013eovskej dekadencie a n\u00e1dhery Versailles m\u00e1me mo\u017enos\u0165 nahliadnu\u0165 do ponur\u00e9ho sveta, v ktorom s\u00fa t\u00edto zosaden\u00ed monarchovia zbaven\u00ed svojej moci a postavenia a \u010dakaj\u00fa na svoj &#8211; dnes u\u017e zn\u00e1my &#8211; osud. Franc\u00fazske hviezdy Guillame Canet (LA BELLE E\u00c9POQUE) a M\u00e9lanie Laurent (NEHANEBN\u00cd BASTARDI) pod\u00e1vaj\u00fa strhuj\u00face v\u00fdkony v \u00falohe osudom zmietan\u00e9ho kr\u00e1\u013eovsk\u00e9ho p\u00e1ru, ktor\u00fd &#8211; \u00faplne izolovan\u00fd a po prv\u00fdkr\u00e1t v privilegovanom \u017eivote oboch man\u017eelov zranite\u013en\u00fd &#8211; je zatknut\u00fd a uv\u00e4znen\u00fd v Templi, zlovestnom par\u00ed\u017eskom z\u00e1mockom komplexe. Laurent, ktor\u00e1 rozb\u00edja kr\u00e1\u013eovninu povestn\u00fa masku slu\u0161nosti a umiernenosti, odha\u013euje jej krehk\u00fa zranite\u013enos\u0165 a rast\u00faci strach z toho, \u010do prines\u00fa nadch\u00e1dzaj\u00face dni.<\/p>\n\n\n\n<p>R\u00e9\u017eia: Gianluca Jodice, Scen\u00e1r: Filippo Gravino, Gianluca Jodice<\/p>\n\n\n\n<p>Hraj\u00fa: Guillaume Canet, M\u00e9lanie Laurent, Aurore Broutin, Hugo Dillon, Fabrizio Rongione<\/p>\n\n\n\n<p>Strih: Giuseppe Trepiccione, Kamera: Daniele Cipr\u00ec, Zvuk: Pierre-Yves Lavou\u00e9, Michele Mazzucco, Hudba: Fabio Massimo Capogrosso<\/p>\n\n\n\n<p>P\u00f4vodn\u00fd n\u00e1zov: Le Deluge, Rok: 2024, Krajina: Franc\u00fazsko, Taliansko,&nbsp;<\/p>\n\n\n\n<p>Jazyk: FR, Titulky: CZ, Stop\u00e1\u017e: 102 min<\/p>\n\n\n\n<p>\u017d\u00e1ner: Dr\u00e1ma, Historick\u00fd, \u017divotopisn\u00fd<\/p>\n\n\n\n<p>Pr\u00edstupnos\u0165: 15+<\/p>\n\n\n\n<div style=\"height:50px\" aria-hidden=\"true\" class=\"wp-block-spacer\"><\/div>\n\n\n\n<p><strong>If you have any questions about online tickets, please contact us at&nbsp;<a href=\"mailto:pomoc@snm-online.sk\">pomoc@snm-online.sk<\/a><\/strong><\/p>\n\n\n\n<div style=\"height:100px\" aria-hidden=\"true\" class=\"wp-block-spacer\"><\/div>","protected":false},"excerpt":{"rendered":"<p>Vyberte si pros\u00edm z ponuky d\u00e1tumov a term\u00ednov prehliadok: Spravte si zo svojej n\u00e1v\u0161tevy v\u00fdstavy skuto\u010dn\u00fa udalos\u0165! Organiz\u00e1tori v\u00fdstavy Marie Antoinette z Viedne do Versailles a\u017e pod gilot\u00ednu v\u00e1m v&hellip;&nbsp;<a href=\"https:\/\/snm-online.sk\/en\/vystava-premietanie-filmu-potopa\/\" class=\"\" rel=\"bookmark\">Read More &raquo;<span class=\"screen-reader-text\">V\u00fdstava + premietanie filmu Potopa<\/span><\/a><\/p>","protected":false},"author":2,"featured_media":0,"parent":0,"menu_order":0,"comment_status":"closed","ping_status":"closed","template":"","meta":{"_eb_attr":"","neve_meta_sidebar":"","neve_meta_container":"","neve_meta_enable_content_width":"","neve_meta_content_width":0,"neve_meta_title_alignment":"","neve_meta_author_avatar":"","neve_post_elements_order":"","neve_meta_disable_header":"","neve_meta_disable_footer":"","neve_meta_disable_title":"","_themeisle_gutenberg_block_has_review":false,"footnotes":""},"class_list":["post-3829","page","type-page","status-publish","hentry"],"_links":{"self":[{"href":"https:\/\/snm-online.sk\/en\/wp-json\/wp\/v2\/pages\/3829","targetHints":{"allow":["GET"]}}],"collection":[{"href":"https:\/\/snm-online.sk\/en\/wp-json\/wp\/v2\/pages"}],"about":[{"href":"https:\/\/snm-online.sk\/en\/wp-json\/wp\/v2\/types\/page"}],"author":[{"embeddable":true,"href":"https:\/\/snm-online.sk\/en\/wp-json\/wp\/v2\/users\/2"}],"replies":[{"embeddable":true,"href":"https:\/\/snm-online.sk\/en\/wp-json\/wp\/v2\/comments?post=3829"}],"version-history":[{"count":11,"href":"https:\/\/snm-online.sk\/en\/wp-json\/wp\/v2\/pages\/3829\/revisions"}],"predecessor-version":[{"id":4833,"href":"https:\/\/snm-online.sk\/en\/wp-json\/wp\/v2\/pages\/3829\/revisions\/4833"}],"wp:attachment":[{"href":"https:\/\/snm-online.sk\/en\/wp-json\/wp\/v2\/media?parent=3829"}],"curies":[{"name":"wp","href":"https:\/\/api.w.org\/{rel}","templated":true}]}}