{"id":3873,"date":"2025-06-20T10:17:31","date_gmt":"2025-06-20T08:17:31","guid":{"rendered":"https:\/\/snm-online.sk\/?page_id=3873"},"modified":"2025-06-20T10:17:33","modified_gmt":"2025-06-20T08:17:33","slug":"koncert-kapely-presburger-klezmer-band","status":"publish","type":"page","link":"https:\/\/snm-online.sk\/en\/koncert-kapely-presburger-klezmer-band\/","title":{"rendered":"Koncert kapely Pre\u00dfburger Klezmer Band"},"content":{"rendered":"<div id=\"wp-block-themeisle-blocks-advanced-columns-2a78f149\" class=\"wp-block-themeisle-blocks-advanced-columns has-1-columns has-desktop-equal-layout has-tablet-equal-layout has-mobile-equal-layout has-vertical-unset\"><div class=\"wp-block-themeisle-blocks-advanced-columns-overlay\"><\/div><div class=\"innerblocks-wrap\">\n<div id=\"wp-block-themeisle-blocks-advanced-column-aabe5afd\" class=\"wp-block-themeisle-blocks-advanced-column\">\n<figure class=\"wp-block-image size-full is-resized has-custom-border\" id=\"wp-block-themeisle-blocks-image-4fff06a6\"><img loading=\"lazy\" decoding=\"async\" width=\"2560\" height=\"828\" src=\"https:\/\/snm-online.sk\/wp-content\/uploads\/2025\/06\/Koncert-MZK-upr-scaled.png\" alt=\"\" class=\"wp-image-3876\" style=\"border-radius:0px;width:1170px;height:auto\" srcset=\"https:\/\/snm-online.sk\/wp-content\/uploads\/2025\/06\/Koncert-MZK-upr-scaled.png 2560w, https:\/\/snm-online.sk\/wp-content\/uploads\/2025\/06\/Koncert-MZK-upr-300x97.png 300w, https:\/\/snm-online.sk\/wp-content\/uploads\/2025\/06\/Koncert-MZK-upr-1024x331.png 1024w, https:\/\/snm-online.sk\/wp-content\/uploads\/2025\/06\/Koncert-MZK-upr-768x248.png 768w, https:\/\/snm-online.sk\/wp-content\/uploads\/2025\/06\/Koncert-MZK-upr-1536x497.png 1536w, https:\/\/snm-online.sk\/wp-content\/uploads\/2025\/06\/Koncert-MZK-upr-2048x662.png 2048w\" sizes=\"auto, (max-width: 2560px) 100vw, 2560px\" \/><\/figure>\n\n\n\n<div style=\"height:30px\" aria-hidden=\"true\" class=\"wp-block-spacer\"><\/div>\n<\/div>\n<\/div><\/div>\n\n\n\n<p><strong>Please choose from the listed dates:<\/strong><\/p>\n\n\n\r\n<section class=\"mb-4\">\r\n    <nav class=\"wper-days\">\r\n        \r\n            <\/nav>\r\n\r\n    \r\n    <ul id=\"wperItems\" class=\"wper-list\">\r\n        Sorry, this date is not available.    <\/ul>\r\n<\/section>\r\n\r\n<div class=\"wper-modal\">\r\n    <div class=\"wper-modal__inner\">\r\n        <div class=\"wper-modal__header\">\r\n            <button type=\"button\" class=\"wper-modal__close js-wper-close-modal\">\r\n                <svg width=\"16\" height=\"16\" viewbox=\"0 0 16 16\" fill=\"none\" class=\"svg\" xmlns=\"http:\/\/www.w3.org\/2000\/svg\"><path d=\"M16 7H3.83L9.42 1.41L8 0L0 8L8 16L9.41 14.59L3.83 9H16V7Z\" fill=\"currentColor\"\/><\/svg> <span>Continue shopping<\/span>\r\n            <\/button>\r\n        <\/div>\r\n\r\n        <iframe src=\"\" frameborder=\"0\" class=\"wper-modal__iframe\"><\/iframe>\r\n    <\/div>\r\n<\/div>\r\n\r\n<div class=\"wper-note\">\r\n    <div class=\"wper-note__inner\">\r\n        <div id=\"wperNoteRetail\" class=\"wper-note__content\">\r\n            <h5 class=\"wper-note__title\">Last tickets available only at the museum ticket office.<\/h5>\r\n\r\n            <p>We are sorry, but due to high interest, all tickets reserved for online sales are sold out.<\/p>\r\n\r\n            <p>Last few tickets are available at the castle ticket office. We recommend you visit the ticket office as soon as possible, as tickets sell out quickly.<\/p>\r\n        <\/div>\r\n\r\n        <div id=\"wperNoteSold\" class=\"wper-note__content\">\r\n            <h5 class=\"wper-note__title\">Tickets for this time slot are sold out.<\/h5>\r\n\r\n            <p>We are sorry, but due to high interest, all tickets for this tour are sold out. No tickets are available for this time slot at the castle ticket office either.<\/p>\r\n\r\n            <p>Please try to select another time slot within the day or consider visiting on a different day. We recommend monitoring our website for availability of tickets for individual tours and events.<\/p>\r\n\r\n            <p>Given the high attendance, we advise purchasing tickets well in advance online.<\/p>\r\n        <\/div>\r\n\r\n        <div class=\"wper-note__actions\">\r\n            <button type=\"submit\" class=\"wper-note__close js-wper-close-note\">Got it<\/button>\r\n        <\/div>\r\n    <\/div>\r\n<\/div>\r\n\n\n\n\n<p>SNM \u2013 M\u00fazeum \u017eidovskej kult\u00fary V\u00e1s srde\u010dne poz\u00fdva na koncert kapely <strong>Pre\u00dfburger Klezmer Band<\/strong>, ktor\u00fd sa uskuto\u010dn\u00ed v&nbsp;priestoroch s\u00eddelnej budovy SNM \u2013 M\u017dK v&nbsp;Bratislave na \u017didovskej 17 vo \u0161tvrtok 26. j\u00fana 2025 o&nbsp;18:00 hod. Koncert je sprievodn\u00fdm podujat\u00edm k&nbsp;v\u00fdstave <strong><em>\u201ePre\u00dfburger Klezmer Band \u2013 30 rokov slovenskej legendy klezmer a worldmusic\u201c<\/em><\/strong>, ktor\u00fa m\u00fazeum sl\u00e1vnostne predstavilo&nbsp; 12. j\u00fana. V\u00fdstava mapuje 30 rokov hudobnej cesty tejto bratislavskej legendy klezmeru a&nbsp;worldmusic. Toto jedine\u010dn\u00e9hudobn\u00e9 zoskupenie&nbsp;si od svojho zalo\u017eenia v&nbsp;roku 1995 z\u00edskalo mno\u017estvo priaznivcov a&nbsp;vypracovalo sa na jednu z&nbsp;naj\u00faspe\u0161nej\u0161\u00edch kapiel svojho \u017e\u00e1nru v&nbsp;Eur\u00f3pe.<\/p>\n\n\n\n<p>Pre\u00dfburger Klezmer Band sa vo svojej tvorbe in\u0161piruje nielen emot\u00edvnou a tane\u010dnou hudbou <em>klezmeru <\/em>strednej a&nbsp;v\u00fdchodnej Eur\u00f3py, ale jeho jedine\u010dn\u00fd hudobn\u00fd prejav spo\u010d\u00edva aj v&nbsp;sp\u00e1jan\u00ed prvkov r\u00f4znych regi\u00f3nov a etn\u00edk. <em>Pre\u00dfburger Klezmer Band<\/em>&nbsp;preto pr\u00e1vom patr\u00ed medzi popredn\u00fdch predstavite\u013eov eur\u00f3pskej worldmusic sc\u00e9ny. To v\u0161etko s pridan\u00edm&nbsp;origin\u00e1lnej esencie s\u00fa\u010dasn\u00fdch modern\u00fdch \u0161t\u00fdlov, ako jazz, rock, reggae a&nbsp;latino vytv\u00e1ra jedine\u010dne namie\u0161an\u00fd hudobn\u00fd kokteil.<\/p>\n\n\n\n<p>\u00da\u010das\u0165 na podujat\u00ed je spoplatnen\u00e1 jednotn\u00fdm vstupn\u00fdm 5\u20ac.<\/p>\n\n\n\n<p>Kapacita \u00fa\u010dastn\u00edkov podujatia je obmedzen\u00e1, preto pros\u00edme o nahl\u00e1senie Va\u0161ej \u00fa\u010dasti na emailovej adrese sekretariat.mzk@snm.sk alebo na telef\u00f3nnych \u010d\u00edslach<br>+421 2 204 90 101, +421 905 723 658.<\/p>\n\n\n\n<div style=\"height:50px\" aria-hidden=\"true\" class=\"wp-block-spacer\"><\/div>\n\n\n\n<p><strong>If you have any questions about online tickets, please contact us at&nbsp;<a href=\"mailto:pomoc@snm-online.sk\">pomoc@snm-online.sk<\/a><\/strong><\/p>\n\n\n\n<div style=\"height:100px\" aria-hidden=\"true\" class=\"wp-block-spacer\"><\/div>","protected":false},"excerpt":{"rendered":"<p>Vyberte si pros\u00edm z ponuky d\u00e1tumov a term\u00ednov prehliadok: SNM \u2013 M\u00fazeum \u017eidovskej kult\u00fary V\u00e1s srde\u010dne poz\u00fdva na koncert kapely Pre\u00dfburger Klezmer Band, ktor\u00fd sa uskuto\u010dn\u00ed v&nbsp;priestoroch s\u00eddelnej budovy SNM&hellip;&nbsp;<a href=\"https:\/\/snm-online.sk\/en\/koncert-kapely-presburger-klezmer-band\/\" class=\"\" rel=\"bookmark\">Read More &raquo;<span class=\"screen-reader-text\">Koncert kapely Pre\u00dfburger Klezmer Band<\/span><\/a><\/p>","protected":false},"author":2,"featured_media":0,"parent":0,"menu_order":0,"comment_status":"closed","ping_status":"closed","template":"","meta":{"_eb_attr":"","neve_meta_sidebar":"","neve_meta_container":"","neve_meta_enable_content_width":"","neve_meta_content_width":0,"neve_meta_title_alignment":"","neve_meta_author_avatar":"","neve_post_elements_order":"","neve_meta_disable_header":"","neve_meta_disable_footer":"","neve_meta_disable_title":"","_themeisle_gutenberg_block_has_review":false,"footnotes":""},"class_list":["post-3873","page","type-page","status-publish","hentry"],"_links":{"self":[{"href":"https:\/\/snm-online.sk\/en\/wp-json\/wp\/v2\/pages\/3873","targetHints":{"allow":["GET"]}}],"collection":[{"href":"https:\/\/snm-online.sk\/en\/wp-json\/wp\/v2\/pages"}],"about":[{"href":"https:\/\/snm-online.sk\/en\/wp-json\/wp\/v2\/types\/page"}],"author":[{"embeddable":true,"href":"https:\/\/snm-online.sk\/en\/wp-json\/wp\/v2\/users\/2"}],"replies":[{"embeddable":true,"href":"https:\/\/snm-online.sk\/en\/wp-json\/wp\/v2\/comments?post=3873"}],"version-history":[{"count":4,"href":"https:\/\/snm-online.sk\/en\/wp-json\/wp\/v2\/pages\/3873\/revisions"}],"predecessor-version":[{"id":3879,"href":"https:\/\/snm-online.sk\/en\/wp-json\/wp\/v2\/pages\/3873\/revisions\/3879"}],"wp:attachment":[{"href":"https:\/\/snm-online.sk\/en\/wp-json\/wp\/v2\/media?parent=3873"}],"curies":[{"name":"wp","href":"https:\/\/api.w.org\/{rel}","templated":true}]}}