{"id":4004,"date":"2025-07-04T11:19:39","date_gmt":"2025-07-04T09:19:39","guid":{"rendered":"https:\/\/snm-online.sk\/?page_id=4004"},"modified":"2026-03-27T16:29:14","modified_gmt":"2026-03-27T15:29:14","slug":"komentovana-prehliadka-parku","status":"publish","type":"page","link":"https:\/\/snm-online.sk\/en\/komentovana-prehliadka-parku\/","title":{"rendered":"Guided tour of the park"},"content":{"rendered":"<h2 class=\"wp-block-heading\">Betliar Museum<\/h2>\n\n\n\n<div id=\"wp-block-themeisle-blocks-advanced-columns-e5813eee\" class=\"wp-block-themeisle-blocks-advanced-columns has-1-columns has-desktop-equal-layout has-tablet-equal-layout has-mobile-equal-layout has-vertical-unset\"><div class=\"wp-block-themeisle-blocks-advanced-columns-overlay\"><\/div><div class=\"innerblocks-wrap\">\n<div id=\"wp-block-themeisle-blocks-advanced-column-53a7953f\" class=\"wp-block-themeisle-blocks-advanced-column\">\n<figure class=\"wp-block-image size-full is-resized\" id=\"wp-block-themeisle-blocks-image-163c1ba3\"><img loading=\"lazy\" decoding=\"async\" width=\"1920\" height=\"700\" src=\"https:\/\/snm-online.sk\/wp-content\/uploads\/2025\/09\/komentovane-prehliadky-banner-1920-x-700-px.png\" alt=\"\" class=\"wp-image-4443\" style=\"width:1170px;height:auto\" srcset=\"https:\/\/snm-online.sk\/wp-content\/uploads\/2025\/09\/komentovane-prehliadky-banner-1920-x-700-px.png 1920w, https:\/\/snm-online.sk\/wp-content\/uploads\/2025\/09\/komentovane-prehliadky-banner-1920-x-700-px-300x109.png 300w, https:\/\/snm-online.sk\/wp-content\/uploads\/2025\/09\/komentovane-prehliadky-banner-1920-x-700-px-1024x373.png 1024w, https:\/\/snm-online.sk\/wp-content\/uploads\/2025\/09\/komentovane-prehliadky-banner-1920-x-700-px-768x280.png 768w, https:\/\/snm-online.sk\/wp-content\/uploads\/2025\/09\/komentovane-prehliadky-banner-1920-x-700-px-1536x560.png 1536w\" sizes=\"auto, (max-width: 1920px) 100vw, 1920px\" \/><\/figure>\n\n\n\n<div style=\"height:20px\" aria-hidden=\"true\" class=\"wp-block-spacer\"><\/div>\n<\/div>\n<\/div><\/div>\n\n\n\n<p><strong>Please choose from the listed dates:<\/strong><\/p>\n\n\n\r\n<section class=\"mb-4\">\r\n    <nav class=\"wper-days\">\r\n                    <span class=\"wper-days__item js-wper-change-day active\" data-date=\"2026-04-28\">\r\n                <span class=\"long\">Tuesday 28.4.<\/span>\r\n                <span class=\"short\">Tue 28.4.<\/span>\r\n            <\/span>\r\n                    <span class=\"wper-days__item js-wper-change-day\" data-date=\"2026-04-30\">\r\n                <span class=\"long\">Thursday 30.4.<\/span>\r\n                <span class=\"short\">Thu 30.4.<\/span>\r\n            <\/span>\r\n        \r\n            <\/nav>\r\n\r\n    \r\n    <ul id=\"wperItems\" class=\"wper-list\">\r\n            <li class=\"wper-item\">\r\n        <div class=\"wper-item__content\">\r\n            <div>\r\n                <strong>Guided tour of the park<\/strong><br>28.4. \u00b7 13:00            <\/div>\r\n\r\n            <div class=\"wper-item__meta\">\r\n                Available 25            <\/div>\r\n        <\/div>\r\n\r\n                    <span>\r\n                                    <a href=\"https:\/\/shop.snm.entradio.sk\/tourTimeSlot\/134237?gatewayButtonTarget=_top&theme=bronzeBrown&localeCode=en\" class=\"wper-button js-wper-show-modal\" target=\"_blank\">\r\n                        <svg width=\"16\" height=\"16\" viewbox=\"0 0 16 16\" fill=\"none\" class=\"svg\" xmlns=\"http:\/\/www.w3.org\/2000\/svg\"><path d=\"M5.25 12.5C4.425 12.5 3.7575 13.175 3.7575 14C3.7575 14.825 4.425 15.5 5.25 15.5C6.075 15.5 6.75 14.825 6.75 14C6.75 13.175 6.075 12.5 5.25 12.5ZM0.75 0.5V2H2.25L4.95 7.6925L3.9375 9.53C3.8175 9.74 3.75 9.9875 3.75 10.25C3.75 11.075 4.425 11.75 5.25 11.75H14.25V10.25H5.565C5.46 10.25 5.3775 10.1675 5.3775 10.0625L5.4 9.9725L6.075 8.75H11.6625C12.225 8.75 12.72 8.4425 12.975 7.9775L15.66 3.11C15.72 3.005 15.75 2.8775 15.75 2.75C15.75 2.3375 15.4125 2 15 2H3.9075L3.2025 0.5H0.75ZM12.75 12.5C11.925 12.5 11.2575 13.175 11.2575 14C11.2575 14.825 11.925 15.5 12.75 15.5C13.575 15.5 14.25 14.825 14.25 14C14.25 13.175 13.575 12.5 12.75 12.5Z\" fill=\"currentColor\"\/><\/svg> <span>Tickets<\/span>\r\n                    <\/a>\r\n                            <\/span>\r\n            <\/li>\r\n    <\/ul>\r\n<\/section>\r\n\r\n<div class=\"wper-modal\">\r\n    <div class=\"wper-modal__inner\">\r\n        <div class=\"wper-modal__header\">\r\n            <button type=\"button\" class=\"wper-modal__close js-wper-close-modal\">\r\n                <svg width=\"16\" height=\"16\" viewbox=\"0 0 16 16\" fill=\"none\" class=\"svg\" xmlns=\"http:\/\/www.w3.org\/2000\/svg\"><path d=\"M16 7H3.83L9.42 1.41L8 0L0 8L8 16L9.41 14.59L3.83 9H16V7Z\" fill=\"currentColor\"\/><\/svg> <span>Continue shopping<\/span>\r\n            <\/button>\r\n        <\/div>\r\n\r\n        <iframe src=\"\" frameborder=\"0\" class=\"wper-modal__iframe\"><\/iframe>\r\n    <\/div>\r\n<\/div>\r\n\r\n<div class=\"wper-note\">\r\n    <div class=\"wper-note__inner\">\r\n        <div id=\"wperNoteRetail\" class=\"wper-note__content\">\r\n            <h5 class=\"wper-note__title\">Last tickets available only at the museum ticket office.<\/h5>\r\n\r\n            <p>We are sorry, but due to high interest, all tickets reserved for online sales are sold out.<\/p>\r\n\r\n            <p>Last few tickets are available at the castle ticket office. We recommend you visit the ticket office as soon as possible, as tickets sell out quickly.<\/p>\r\n        <\/div>\r\n\r\n        <div id=\"wperNoteSold\" class=\"wper-note__content\">\r\n            <h5 class=\"wper-note__title\">Tickets for this time slot are sold out.<\/h5>\r\n\r\n            <p>We are sorry, but due to high interest, all tickets for this tour are sold out. No tickets are available for this time slot at the castle ticket office either.<\/p>\r\n\r\n            <p>Please try to select another time slot within the day or consider visiting on a different day. We recommend monitoring our website for availability of tickets for individual tours and events.<\/p>\r\n\r\n            <p>Given the high attendance, we advise purchasing tickets well in advance online.<\/p>\r\n        <\/div>\r\n\r\n        <div class=\"wper-note__actions\">\r\n            <button type=\"submit\" class=\"wper-note__close js-wper-close-note\">Got it<\/button>\r\n        <\/div>\r\n    <\/div>\r\n<\/div>\r\n\n\n\n\n<p>The Slovak National Museum \u2013 Betliar Museum invites all visitors to a unique summer program. <\/p>\n\n\n\n<p>Throughout the summer, guided tours of the historic park at Betliar Castle will take place every Tuesday and Thursday at 1:00 p.m.<\/p>\n\n\n\n<p>Tento park s&nbsp;rozlohou 57 ha &nbsp;je najv\u00e4\u010d\u0161\u00edm historick\u00fdm pr\u00edrodno-krajin\u00e1rskym parkom na Slovensku. Od roku 1978 je betliarsky park zaraden\u00fd do zoznamu umelecky a kult\u00farne hodnotn\u00fdch parkov sveta, ktor\u00e9 eviduje UNESCO.&nbsp;<\/p>\n\n\n\n<p>This special tour offers a glimpse into the history of one of the most beautiful historic parks in Slovakia, which is part of a national cultural monument. Visitors will learn interesting facts about its origins, development, and architectural features, as well as about the flora and exceptional trees found within it.<\/p>\n\n\n\n<p>The guided tour lasts approximately 60 minutes and begins at the main entrance to the manor house.<\/p>\n\n\n\n<p>Come discover the history of the historic park in Betliar and enjoy its charm with a guided tour led by a park specialist. <\/p>\n\n\n\n<p>The SNM \u2013 Betliar Museum looks forward to your visit<\/p>\n\n\n\n<div style=\"height:50px\" aria-hidden=\"true\" class=\"wp-block-spacer\"><\/div>\n\n\n\n<p><strong>If you have any questions about online tickets, please contact us at&nbsp;<a href=\"mailto:pomoc@snm-online.sk\">pomoc@snm-online.sk<\/a><\/strong><\/p>\n\n\n\n<div style=\"height:100px\" aria-hidden=\"true\" class=\"wp-block-spacer\"><\/div>\n\n\n\n<p><br><\/p>","protected":false},"excerpt":{"rendered":"<p>Ka\u0161tie\u013e Betliar Vyberte si pros\u00edm z ponuky d\u00e1tumov a term\u00ednov prehliadok: Slovensk\u00e9 n\u00e1rodn\u00e9 m\u00fazeum \u2013 M\u00fazeum Betliar poz\u00fdva v\u0161etk\u00fdch n\u00e1v\u0161tevn\u00edkov na jedine\u010dn\u00fd letn\u00fd program. Po\u010das cel\u00e9ho leta sa ka\u017ed\u00fd utorok&hellip;&nbsp;<a href=\"https:\/\/snm-online.sk\/en\/komentovana-prehliadka-parku\/\" class=\"\" rel=\"bookmark\">Read More &raquo;<span class=\"screen-reader-text\">Guided tour of the park<\/span><\/a><\/p>","protected":false},"author":2,"featured_media":0,"parent":0,"menu_order":0,"comment_status":"closed","ping_status":"closed","template":"","meta":{"_eb_attr":"","neve_meta_sidebar":"","neve_meta_container":"","neve_meta_enable_content_width":"","neve_meta_content_width":0,"neve_meta_title_alignment":"","neve_meta_author_avatar":"","neve_post_elements_order":"","neve_meta_disable_header":"","neve_meta_disable_footer":"","neve_meta_disable_title":"","_themeisle_gutenberg_block_has_review":false,"footnotes":""},"class_list":["post-4004","page","type-page","status-publish","hentry"],"_links":{"self":[{"href":"https:\/\/snm-online.sk\/en\/wp-json\/wp\/v2\/pages\/4004","targetHints":{"allow":["GET"]}}],"collection":[{"href":"https:\/\/snm-online.sk\/en\/wp-json\/wp\/v2\/pages"}],"about":[{"href":"https:\/\/snm-online.sk\/en\/wp-json\/wp\/v2\/types\/page"}],"author":[{"embeddable":true,"href":"https:\/\/snm-online.sk\/en\/wp-json\/wp\/v2\/users\/2"}],"replies":[{"embeddable":true,"href":"https:\/\/snm-online.sk\/en\/wp-json\/wp\/v2\/comments?post=4004"}],"version-history":[{"count":9,"href":"https:\/\/snm-online.sk\/en\/wp-json\/wp\/v2\/pages\/4004\/revisions"}],"predecessor-version":[{"id":5185,"href":"https:\/\/snm-online.sk\/en\/wp-json\/wp\/v2\/pages\/4004\/revisions\/5185"}],"wp:attachment":[{"href":"https:\/\/snm-online.sk\/en\/wp-json\/wp\/v2\/media?parent=4004"}],"curies":[{"name":"wp","href":"https:\/\/api.w.org\/{rel}","templated":true}]}}