{"id":4113,"date":"2025-07-07T14:59:29","date_gmt":"2025-07-07T12:59:29","guid":{"rendered":"https:\/\/snm-online.sk\/?page_id=4113"},"modified":"2025-07-08T13:31:36","modified_gmt":"2025-07-08T11:31:36","slug":"maly-okruh-prehliadka-hradu-cerveny-kamen","status":"publish","type":"page","link":"https:\/\/snm-online.sk\/en\/maly-okruh-prehliadka-hradu-cerveny-kamen\/","title":{"rendered":"Short Tour"},"content":{"rendered":"<h2 class=\"wp-block-heading\">Tour of \u010cerven\u00fd Kame\u0148 Castle<\/h2>\n\n\n\n<div id=\"wp-block-themeisle-blocks-advanced-columns-fec1fe74\" class=\"wp-block-themeisle-blocks-advanced-columns has-2-columns has-desktop-equal-layout has-tablet-equal-layout has-mobile-equal-layout has-vertical-unset\"><div class=\"wp-block-themeisle-blocks-advanced-columns-overlay\"><\/div><div class=\"innerblocks-wrap\">\n<div id=\"wp-block-themeisle-blocks-advanced-column-fe07f75b\" class=\"wp-block-themeisle-blocks-advanced-column\">\n<figure class=\"wp-block-image size-full has-custom-border\" id=\"wp-block-themeisle-blocks-image-52968fdc\"><img loading=\"lazy\" decoding=\"async\" width=\"1350\" height=\"709\" src=\"https:\/\/snm-online.sk\/wp-content\/uploads\/2024\/10\/interier-Hrad-Cerveny-Kamen.jpg\" alt=\"\" class=\"wp-image-2040\" style=\"border-radius:5px;aspect-ratio:3\/2;object-fit:cover\" srcset=\"https:\/\/snm-online.sk\/wp-content\/uploads\/2024\/10\/interier-Hrad-Cerveny-Kamen.jpg 1350w, https:\/\/snm-online.sk\/wp-content\/uploads\/2024\/10\/interier-Hrad-Cerveny-Kamen-300x158.jpg 300w, https:\/\/snm-online.sk\/wp-content\/uploads\/2024\/10\/interier-Hrad-Cerveny-Kamen-1024x538.jpg 1024w, https:\/\/snm-online.sk\/wp-content\/uploads\/2024\/10\/interier-Hrad-Cerveny-Kamen-768x403.jpg 768w\" sizes=\"auto, (max-width: 1350px) 100vw, 1350px\" \/><\/figure>\n<\/div>\n\n\n\n<div id=\"wp-block-themeisle-blocks-advanced-column-a7510ad6\" class=\"wp-block-themeisle-blocks-advanced-column\">\n<figure class=\"wp-block-image size-full has-custom-border\" id=\"wp-block-themeisle-blocks-image-e3c0f991\"><img loading=\"lazy\" decoding=\"async\" width=\"2560\" height=\"1920\" src=\"https:\/\/snm-online.sk\/wp-content\/uploads\/2025\/07\/Salonik-Cerveny-Kamen-scaled.jpg\" alt=\"\" class=\"wp-image-4081\" style=\"border-radius:5px;aspect-ratio:3\/2;object-fit:cover\" srcset=\"https:\/\/snm-online.sk\/wp-content\/uploads\/2025\/07\/Salonik-Cerveny-Kamen-scaled.jpg 2560w, https:\/\/snm-online.sk\/wp-content\/uploads\/2025\/07\/Salonik-Cerveny-Kamen-300x225.jpg 300w, https:\/\/snm-online.sk\/wp-content\/uploads\/2025\/07\/Salonik-Cerveny-Kamen-1024x768.jpg 1024w, https:\/\/snm-online.sk\/wp-content\/uploads\/2025\/07\/Salonik-Cerveny-Kamen-768x576.jpg 768w, https:\/\/snm-online.sk\/wp-content\/uploads\/2025\/07\/Salonik-Cerveny-Kamen-1536x1152.jpg 1536w, https:\/\/snm-online.sk\/wp-content\/uploads\/2025\/07\/Salonik-Cerveny-Kamen-2048x1536.jpg 2048w\" sizes=\"auto, (max-width: 2560px) 100vw, 2560px\" \/><\/figure>\n<\/div>\n<\/div><\/div>\n\n\n\n<p><\/p>\n\n\n\n<p><strong>Please choose from the listed dates:<\/strong><\/p>\n\n\n\r\n<section class=\"mb-4\">\r\n    <nav class=\"wper-days\">\r\n                    <span class=\"wper-days__item js-wper-change-day active\" data-date=\"2026-05-02\">\r\n                <span class=\"long\">Today<\/span>\r\n                <span class=\"short\">Today<\/span>\r\n            <\/span>\r\n                    <span class=\"wper-days__item js-wper-change-day\" data-date=\"2026-05-03\">\r\n                <span class=\"long\">Tomorrow<\/span>\r\n                <span class=\"short\">Tomorrow<\/span>\r\n            <\/span>\r\n                    <span class=\"wper-days__item js-wper-change-day\" data-date=\"2026-05-04\">\r\n                <span class=\"long\">Monday 4.5.<\/span>\r\n                <span class=\"short\">Mon 4.5.<\/span>\r\n            <\/span>\r\n                    <span class=\"wper-days__item js-wper-change-day\" data-date=\"2026-05-05\">\r\n                <span class=\"long\">Tuesday 5.5.<\/span>\r\n                <span class=\"short\">Tue 5.5.<\/span>\r\n            <\/span>\r\n                    <span class=\"wper-days__item js-wper-change-day\" data-date=\"2026-05-06\">\r\n                <span class=\"long\">Wednesday 6.5.<\/span>\r\n                <span class=\"short\">Wed 6.5.<\/span>\r\n            <\/span>\r\n                    <span class=\"wper-days__item js-wper-change-day\" data-date=\"2026-05-07\">\r\n                <span class=\"long\">Thursday 7.5.<\/span>\r\n                <span class=\"short\">Thu 7.5.<\/span>\r\n            <\/span>\r\n                    <span class=\"wper-days__item js-wper-change-day\" data-date=\"2026-05-08\">\r\n                <span class=\"long\">Friday 8.5.<\/span>\r\n                <span class=\"short\">Fri 8.5.<\/span>\r\n            <\/span>\r\n        \r\n                    <div class=\"wper-days__ite\">\r\n                <input type=\"text\" id=\"wperDatepickerInput\" class=\"wper-datepicker-input\" placeholder=\"Other date\" data-min-date=\"2026-05-02\"  readonly>\r\n            <\/div>\r\n            <\/nav>\r\n\r\n    \r\n    <ul id=\"wperItems\" class=\"wper-list\">\r\n            <li class=\"wper-item past\">\r\n        <div class=\"wper-item__content\">\r\n            <div>\r\n                <strong><\/strong><br>Today \u00b7 09:00            <\/div>\r\n\r\n            <div class=\"wper-item__meta\">\r\n                            <\/div>\r\n        <\/div>\r\n\r\n            <\/li>\r\n    <li class=\"wper-item past\">\r\n        <div class=\"wper-item__content\">\r\n            <div>\r\n                <strong><\/strong><br>Today \u00b7 10:00            <\/div>\r\n\r\n            <div class=\"wper-item__meta\">\r\n                            <\/div>\r\n        <\/div>\r\n\r\n            <\/li>\r\n    <li class=\"wper-item past\">\r\n        <div class=\"wper-item__content\">\r\n            <div>\r\n                <strong><\/strong><br>Today \u00b7 10:30            <\/div>\r\n\r\n            <div class=\"wper-item__meta\">\r\n                            <\/div>\r\n        <\/div>\r\n\r\n            <\/li>\r\n    <li class=\"wper-item past\">\r\n        <div class=\"wper-item__content\">\r\n            <div>\r\n                <strong><\/strong><br>Today \u00b7 10:45            <\/div>\r\n\r\n            <div class=\"wper-item__meta\">\r\n                            <\/div>\r\n        <\/div>\r\n\r\n            <\/li>\r\n    <li class=\"wper-item past\">\r\n        <div class=\"wper-item__content\">\r\n            <div>\r\n                <strong><\/strong><br>Today \u00b7 11:00            <\/div>\r\n\r\n            <div class=\"wper-item__meta\">\r\n                            <\/div>\r\n        <\/div>\r\n\r\n            <\/li>\r\n    <li class=\"wper-item past\">\r\n        <div class=\"wper-item__content\">\r\n            <div>\r\n                <strong><\/strong><br>Today \u00b7 11:30            <\/div>\r\n\r\n            <div class=\"wper-item__meta\">\r\n                            <\/div>\r\n        <\/div>\r\n\r\n            <\/li>\r\n    <li class=\"wper-item past\">\r\n        <div class=\"wper-item__content\">\r\n            <div>\r\n                <strong><\/strong><br>Today \u00b7 12:00            <\/div>\r\n\r\n            <div class=\"wper-item__meta\">\r\n                            <\/div>\r\n        <\/div>\r\n\r\n            <\/li>\r\n    <li class=\"wper-item past\">\r\n        <div class=\"wper-item__content\">\r\n            <div>\r\n                <strong><\/strong><br>Today \u00b7 12:30            <\/div>\r\n\r\n            <div class=\"wper-item__meta\">\r\n                            <\/div>\r\n        <\/div>\r\n\r\n            <\/li>\r\n    <li class=\"wper-item past\">\r\n        <div class=\"wper-item__content\">\r\n            <div>\r\n                <strong><\/strong><br>Today \u00b7 12:45            <\/div>\r\n\r\n            <div class=\"wper-item__meta\">\r\n                            <\/div>\r\n        <\/div>\r\n\r\n            <\/li>\r\n    <li class=\"wper-item past\">\r\n        <div class=\"wper-item__content\">\r\n            <div>\r\n                <strong><\/strong><br>Today \u00b7 13:00            <\/div>\r\n\r\n            <div class=\"wper-item__meta\">\r\n                            <\/div>\r\n        <\/div>\r\n\r\n            <\/li>\r\n    <li class=\"wper-item past\">\r\n        <div class=\"wper-item__content\">\r\n            <div>\r\n                <strong><\/strong><br>Today \u00b7 13:30            <\/div>\r\n\r\n            <div class=\"wper-item__meta\">\r\n                            <\/div>\r\n        <\/div>\r\n\r\n            <\/li>\r\n    <li class=\"wper-item past\">\r\n        <div class=\"wper-item__content\">\r\n            <div>\r\n                <strong><\/strong><br>Today \u00b7 14:00            <\/div>\r\n\r\n            <div class=\"wper-item__meta\">\r\n                            <\/div>\r\n        <\/div>\r\n\r\n            <\/li>\r\n    <li class=\"wper-item past\">\r\n        <div class=\"wper-item__content\">\r\n            <div>\r\n                <strong><\/strong><br>Today \u00b7 14:30            <\/div>\r\n\r\n            <div class=\"wper-item__meta\">\r\n                            <\/div>\r\n        <\/div>\r\n\r\n            <\/li>\r\n    <li class=\"wper-item past\">\r\n        <div class=\"wper-item__content\">\r\n            <div>\r\n                <strong><\/strong><br>Today \u00b7 15:00            <\/div>\r\n\r\n            <div class=\"wper-item__meta\">\r\n                            <\/div>\r\n        <\/div>\r\n\r\n            <\/li>\r\n    <li class=\"wper-item past\">\r\n        <div class=\"wper-item__content\">\r\n            <div>\r\n                <strong><\/strong><br>Today \u00b7 15:30            <\/div>\r\n\r\n            <div class=\"wper-item__meta\">\r\n                            <\/div>\r\n        <\/div>\r\n\r\n            <\/li>\r\n    <li class=\"wper-item past\">\r\n        <div class=\"wper-item__content\">\r\n            <div>\r\n                <strong><\/strong><br>Today \u00b7 16:00            <\/div>\r\n\r\n            <div class=\"wper-item__meta\">\r\n                            <\/div>\r\n        <\/div>\r\n\r\n            <\/li>\r\n    <li class=\"wper-item past\">\r\n        <div class=\"wper-item__content\">\r\n            <div>\r\n                <strong><\/strong><br>Today \u00b7 17:00            <\/div>\r\n\r\n            <div class=\"wper-item__meta\">\r\n                            <\/div>\r\n        <\/div>\r\n\r\n            <\/li>\r\n    <\/ul>\r\n<\/section>\r\n\r\n<div class=\"wper-modal\">\r\n    <div class=\"wper-modal__inner\">\r\n        <div class=\"wper-modal__header\">\r\n            <button type=\"button\" class=\"wper-modal__close js-wper-close-modal\">\r\n                <svg width=\"16\" height=\"16\" viewbox=\"0 0 16 16\" fill=\"none\" class=\"svg\" xmlns=\"http:\/\/www.w3.org\/2000\/svg\"><path d=\"M16 7H3.83L9.42 1.41L8 0L0 8L8 16L9.41 14.59L3.83 9H16V7Z\" fill=\"currentColor\"\/><\/svg> <span>Continue shopping<\/span>\r\n            <\/button>\r\n        <\/div>\r\n\r\n        <iframe src=\"\" frameborder=\"0\" class=\"wper-modal__iframe\"><\/iframe>\r\n    <\/div>\r\n<\/div>\r\n\r\n<div class=\"wper-note\">\r\n    <div class=\"wper-note__inner\">\r\n        <div id=\"wperNoteRetail\" class=\"wper-note__content\">\r\n            <h5 class=\"wper-note__title\">Last tickets available only at the museum ticket office.<\/h5>\r\n\r\n            <p>We are sorry, but due to high interest, all tickets reserved for online sales are sold out.<\/p>\r\n\r\n            <p>Last few tickets are available at the castle ticket office. We recommend you visit the ticket office as soon as possible, as tickets sell out quickly.<\/p>\r\n        <\/div>\r\n\r\n        <div id=\"wperNoteSold\" class=\"wper-note__content\">\r\n            <h5 class=\"wper-note__title\">Tickets for this time slot are sold out.<\/h5>\r\n\r\n            <p>We are sorry, but due to high interest, all tickets for this tour are sold out. No tickets are available for this time slot at the castle ticket office either.<\/p>\r\n\r\n            <p>Please try to select another time slot within the day or consider visiting on a different day. We recommend monitoring our website for availability of tickets for individual tours and events.<\/p>\r\n\r\n            <p>Given the high attendance, we advise purchasing tickets well in advance online.<\/p>\r\n        <\/div>\r\n\r\n        <div class=\"wper-note__actions\">\r\n            <button type=\"submit\" class=\"wper-note__close js-wper-close-note\">Got it<\/button>\r\n        <\/div>\r\n    <\/div>\r\n<\/div>\r\n\n\n\n\n<p class=\"has-neve-text-color-color has-text-color has-link-color wp-elements-5fbeb9168f487c67fa07070f019ffeaa\"><strong>Tour duration: approx. 60 minutes<\/strong><\/p>\n\n\n\n<p><strong>Guided tour in a foreign language: 11:30 a.m. and 3:30 p.m.<\/strong><\/p>\n\n\n\n<p>The Short Tour route leads through twenty-four lavishly furnished rooms. Visitors pass through salons, bedrooms, the dining room, and the Knights\u2019 Hall, where they can view period interior furnishings of the nobility from the Renaissance to the Art Nouveau era. The tour of the castle\u2019s interior also includes the unique Sala Terrena and the castle pharmacy.<\/p>\n\n\n\n<p>\u010cerven\u00fd Kame\u0148 Castle was built after 1241 as one of many castles constructed as part of a systematic campaign to build stone castles supported by both King B\u00e9la IV and the local nobility, and it became part of a network of border castles stretching from Dev\u00edn to Stre\u010dno. During the Middle Ages, the Hungarian nobility received it as a gift for providing military or economic assistance to the monarch. Many nobles took turns residing here. The most famous among them were Mat\u00fa\u0161 \u010c\u00e1k of Tren\u010d\u00edn, the Wolfurts, the Z\u00e1po\u013eskys, and the Turzovs. However, all these families took turns here at relatively short intervals, so the most significant ones are those families that \u201cexchanged\u201d \u010cerven\u00fd Kame\u0148 during the 16th century. In the first half of the 16th century, it was the Fuggers, who gradually demolished the Gothic castle and built a Renaissance fortress in its place to store the raw materials they traded in. However, during the 16th century, their commercial position in Hungary gradually weakened, and so they decided to sell it in the second half of the 16th century. The new owner was Mikul\u00e1\u0161 II P\u00e1lffy, who married M\u00e1ria Magdal\u00e9na Fuggerov\u00e1 and received part of the estate as her dowry. From 1588 onward, Mikul\u00e1\u0161 and M\u00e1ria were the sole owners of the estate and the castle, and their intention was to establish a stately residence for the family here. The P\u00e1lffys retained the property until 1945, when they fled to Austria to escape the advancing Soviet army. In 1949, the castle was declared a national cultural heritage site. A museum was established here, dedicated to documenting the development of the nobility\u2019s residential culture from the 16th to the early 20th century and the evolution of military technology in Slovak castles.<\/p>\n\n\n\n<div style=\"height:50px\" aria-hidden=\"true\" class=\"wp-block-spacer\"><\/div>\n\n\n\n<p><strong>If you have any questions about online tickets, please contact us at&nbsp;<a href=\"mailto:pomoc@snm-online.sk\">pomoc@snm-online.sk<\/a><\/strong><\/p>\n\n\n\n<div style=\"height:100px\" aria-hidden=\"true\" class=\"wp-block-spacer\"><\/div>","protected":false},"excerpt":{"rendered":"<p>Prehliadka hradu \u010cerven\u00fd Kame\u0148 Vyberte si pros\u00edm z ponuky d\u00e1tumov \/ Please choose from the listed dates: D\u013a\u017eka prehliadky: cca 60 min\u00fat Prehliadka v cudzom jazyku: 11:30 a 15:30 hod.&hellip;&nbsp;<a href=\"https:\/\/snm-online.sk\/en\/maly-okruh-prehliadka-hradu-cerveny-kamen\/\" class=\"\" rel=\"bookmark\">Read More &raquo;<span class=\"screen-reader-text\">Short Tour<\/span><\/a><\/p>","protected":false},"author":2,"featured_media":0,"parent":0,"menu_order":0,"comment_status":"closed","ping_status":"closed","template":"","meta":{"_eb_attr":"","neve_meta_sidebar":"","neve_meta_container":"","neve_meta_enable_content_width":"","neve_meta_content_width":0,"neve_meta_title_alignment":"","neve_meta_author_avatar":"","neve_post_elements_order":"","neve_meta_disable_header":"","neve_meta_disable_footer":"","neve_meta_disable_title":"","_themeisle_gutenberg_block_has_review":false,"footnotes":""},"class_list":["post-4113","page","type-page","status-publish","hentry"],"_links":{"self":[{"href":"https:\/\/snm-online.sk\/en\/wp-json\/wp\/v2\/pages\/4113","targetHints":{"allow":["GET"]}}],"collection":[{"href":"https:\/\/snm-online.sk\/en\/wp-json\/wp\/v2\/pages"}],"about":[{"href":"https:\/\/snm-online.sk\/en\/wp-json\/wp\/v2\/types\/page"}],"author":[{"embeddable":true,"href":"https:\/\/snm-online.sk\/en\/wp-json\/wp\/v2\/users\/2"}],"replies":[{"embeddable":true,"href":"https:\/\/snm-online.sk\/en\/wp-json\/wp\/v2\/comments?post=4113"}],"version-history":[{"count":12,"href":"https:\/\/snm-online.sk\/en\/wp-json\/wp\/v2\/pages\/4113\/revisions"}],"predecessor-version":[{"id":4172,"href":"https:\/\/snm-online.sk\/en\/wp-json\/wp\/v2\/pages\/4113\/revisions\/4172"}],"wp:attachment":[{"href":"https:\/\/snm-online.sk\/en\/wp-json\/wp\/v2\/media?parent=4113"}],"curies":[{"name":"wp","href":"https:\/\/api.w.org\/{rel}","templated":true}]}}