{"id":4145,"date":"2025-07-07T15:30:45","date_gmt":"2025-07-07T13:30:45","guid":{"rendered":"https:\/\/snm-online.sk\/?page_id=4145"},"modified":"2025-09-01T15:08:32","modified_gmt":"2025-09-01T13:08:32","slug":"renesancna-pevnost","status":"publish","type":"page","link":"https:\/\/snm-online.sk\/en\/renesancna-pevnost\/","title":{"rendered":"Renaissance Fortress Tour"},"content":{"rendered":"<h2 class=\"wp-block-heading\">Castle Cellars Tour<\/h2>\n\n\n\n<div id=\"wp-block-themeisle-blocks-advanced-columns-9267d669\" class=\"wp-block-themeisle-blocks-advanced-columns has-2-columns has-desktop-equal-layout has-tablet-equal-layout has-mobile-equal-layout has-vertical-unset\"><div class=\"wp-block-themeisle-blocks-advanced-columns-overlay\"><\/div><div class=\"innerblocks-wrap\">\n<div id=\"wp-block-themeisle-blocks-advanced-column-152049e0\" class=\"wp-block-themeisle-blocks-advanced-column\">\n<figure class=\"wp-block-image size-full has-custom-border\" id=\"wp-block-themeisle-blocks-image-2bad432b\"><img loading=\"lazy\" decoding=\"async\" width=\"1171\" height=\"709\" src=\"https:\/\/snm-online.sk\/wp-content\/uploads\/2025\/07\/Hradny-interier-3-upr.jpg\" alt=\"\" class=\"wp-image-4117\" style=\"border-radius:5px;aspect-ratio:3\/2;object-fit:cover\" srcset=\"https:\/\/snm-online.sk\/wp-content\/uploads\/2025\/07\/Hradny-interier-3-upr.jpg 1171w, https:\/\/snm-online.sk\/wp-content\/uploads\/2025\/07\/Hradny-interier-3-upr-300x182.jpg 300w, https:\/\/snm-online.sk\/wp-content\/uploads\/2025\/07\/Hradny-interier-3-upr-1024x620.jpg 1024w, https:\/\/snm-online.sk\/wp-content\/uploads\/2025\/07\/Hradny-interier-3-upr-768x465.jpg 768w\" sizes=\"auto, (max-width: 1171px) 100vw, 1171px\" \/><\/figure>\n<\/div>\n\n\n\n<div id=\"wp-block-themeisle-blocks-advanced-column-29997d13\" class=\"wp-block-themeisle-blocks-advanced-column\">\n<figure class=\"wp-block-image size-full has-custom-border\" id=\"wp-block-themeisle-blocks-image-ef6b5f01\"><img loading=\"lazy\" decoding=\"async\" width=\"2048\" height=\"1152\" src=\"https:\/\/snm-online.sk\/wp-content\/uploads\/2024\/09\/Hradne-podzemie-2.jpg\" alt=\"\" class=\"wp-image-1848\" style=\"border-radius:5px;aspect-ratio:3\/2;object-fit:cover\" srcset=\"https:\/\/snm-online.sk\/wp-content\/uploads\/2024\/09\/Hradne-podzemie-2.jpg 2048w, https:\/\/snm-online.sk\/wp-content\/uploads\/2024\/09\/Hradne-podzemie-2-300x169.jpg 300w, https:\/\/snm-online.sk\/wp-content\/uploads\/2024\/09\/Hradne-podzemie-2-1024x576.jpg 1024w, https:\/\/snm-online.sk\/wp-content\/uploads\/2024\/09\/Hradne-podzemie-2-768x432.jpg 768w, https:\/\/snm-online.sk\/wp-content\/uploads\/2024\/09\/Hradne-podzemie-2-1536x864.jpg 1536w\" sizes=\"auto, (max-width: 2048px) 100vw, 2048px\" \/><\/figure>\n<\/div>\n<\/div><\/div>\n\n\n\n<p><\/p>\n\n\n\n<h5 class=\"wp-block-heading\">Prehliadky Renesan\u010dnej pevnosti s\u00fa dostupn\u00e9 v mesiacoch j\u00fan &#8211; august. <\/h5>\n\n\n\n<p>Roz\u013eahl\u00e9 pivnice a unik\u00e1tne zachovan\u00fd obrann\u00fd syst\u00e9m b\u00fdvalej renesan\u010dnej pevnosti si je m\u00f4\u017en\u00e9 pozrie\u0165 v r\u00e1mci Ve\u013ek\u00e9ho okruhu alebo okruhu Renesan\u010dn\u00e1 pevnos\u0165. Pivnice patria k najv\u00e4\u010d\u0161\u00edm v strednej Eur\u00f3pe. Postavila ich rodina Fuggerovcov po\u010das druhej f\u00e1zy stavby renesan\u010dnej pevnosti v rokoch 1548 \u2013 1555 pod cel\u00fdm juhoz\u00e1padn\u00fdm kr\u00eddlom hradu. Sl\u00fa\u017eili ako sklady rozli\u010dn\u00fdch komod\u00edt, najm\u00e4 v\u00edna. Delia sa na dva trakty. Vonkaj\u0161\u00ed trakt m\u00e1 dve poschodia. Jeho doln\u00e9 poschodie tvor\u00ed miestnos\u0165 dlh\u00e1 70 m a vysok\u00e1 9 m. Z pivn\u00edc sa d\u00e1 prejs\u0165 do obrann\u00e9ho syst\u00e9mu hradu, ktor\u00fd predstavuj\u00fa n\u00e1ro\u017en\u00e9 ba\u0161ty s kazematom a komorov\u00fdmi strie\u013e\u0148ami. \u010cerven\u00fd Kame\u0148 m\u00e1 \u0161tyri ba\u0161ty \u2013 ka\u017ed\u00e1 z nich je inak architektonicky rie\u0161en\u00e1 a ka\u017ed\u00e1 sa stavala dva roky. V r\u00e1mci tohto okruhu je mo4\u017en\u00e9&nbsp;vidie\u0165&nbsp;tri ba\u0161ty: z\u00e1padn\u00fa, ju\u017en\u00fa a v\u00fdchodn\u00fa. Severn\u00e1 ba\u0161ta je vo\u013ene pr\u00edstupn\u00e1 samostatne po\u010das letnej sez\u00f3ny.<\/p>\n\n\n\n<div style=\"height:50px\" aria-hidden=\"true\" class=\"wp-block-spacer\"><\/div>\n\n\n\n<p><strong>If you have any questions about online tickets, please contact us at&nbsp;<a href=\"mailto:pomoc@snm-online.sk\">pomoc@snm-online.sk<\/a><\/strong><\/p>\n\n\n\n<div style=\"height:100px\" aria-hidden=\"true\" class=\"wp-block-spacer\"><\/div>\n\n\n\n<p><\/p>","protected":false},"excerpt":{"rendered":"<p>Prehliadka pivn\u00edc Prehliadky Renesan\u010dnej pevnosti s\u00fa dostupn\u00e9 v mesiacoch j\u00fan &#8211; august. Roz\u013eahl\u00e9 pivnice a unik\u00e1tne zachovan\u00fd obrann\u00fd syst\u00e9m b\u00fdvalej renesan\u010dnej pevnosti si je m\u00f4\u017en\u00e9 pozrie\u0165 v r\u00e1mci Ve\u013ek\u00e9ho okruhu&hellip;&nbsp;<a href=\"https:\/\/snm-online.sk\/en\/renesancna-pevnost\/\" class=\"\" rel=\"bookmark\">Read More &raquo;<span class=\"screen-reader-text\">Renaissance Fortress Tour<\/span><\/a><\/p>","protected":false},"author":2,"featured_media":0,"parent":0,"menu_order":0,"comment_status":"closed","ping_status":"closed","template":"","meta":{"_eb_attr":"","neve_meta_sidebar":"","neve_meta_container":"","neve_meta_enable_content_width":"","neve_meta_content_width":0,"neve_meta_title_alignment":"","neve_meta_author_avatar":"","neve_post_elements_order":"","neve_meta_disable_header":"","neve_meta_disable_footer":"","neve_meta_disable_title":"","_themeisle_gutenberg_block_has_review":false,"footnotes":""},"class_list":["post-4145","page","type-page","status-publish","hentry"],"_links":{"self":[{"href":"https:\/\/snm-online.sk\/en\/wp-json\/wp\/v2\/pages\/4145","targetHints":{"allow":["GET"]}}],"collection":[{"href":"https:\/\/snm-online.sk\/en\/wp-json\/wp\/v2\/pages"}],"about":[{"href":"https:\/\/snm-online.sk\/en\/wp-json\/wp\/v2\/types\/page"}],"author":[{"embeddable":true,"href":"https:\/\/snm-online.sk\/en\/wp-json\/wp\/v2\/users\/2"}],"replies":[{"embeddable":true,"href":"https:\/\/snm-online.sk\/en\/wp-json\/wp\/v2\/comments?post=4145"}],"version-history":[{"count":8,"href":"https:\/\/snm-online.sk\/en\/wp-json\/wp\/v2\/pages\/4145\/revisions"}],"predecessor-version":[{"id":4439,"href":"https:\/\/snm-online.sk\/en\/wp-json\/wp\/v2\/pages\/4145\/revisions\/4439"}],"wp:attachment":[{"href":"https:\/\/snm-online.sk\/en\/wp-json\/wp\/v2\/media?parent=4145"}],"curies":[{"name":"wp","href":"https:\/\/api.w.org\/{rel}","templated":true}]}}