{"id":4281,"date":"2025-07-20T17:38:45","date_gmt":"2025-07-20T15:38:45","guid":{"rendered":"https:\/\/snm-online.sk\/?page_id=4281"},"modified":"2025-07-21T13:05:11","modified_gmt":"2025-07-21T11:05:11","slug":"prehliadka-reprezentacnych-priestorov-marie-terezie","status":"publish","type":"page","link":"https:\/\/snm-online.sk\/en\/prehliadka-reprezentacnych-priestorov-marie-terezie\/","title":{"rendered":"Prehliadka reprezenta\u010dn\u00fdch priestorov M\u00e1rie Ter\u00e9zie"},"content":{"rendered":"<div id=\"wp-block-themeisle-blocks-advanced-columns-6e057095\" class=\"wp-block-themeisle-blocks-advanced-columns has-1-columns has-desktop-equal-layout has-tablet-equal-layout has-mobile-equal-layout has-vertical-unset\"><div class=\"wp-block-themeisle-blocks-advanced-columns-overlay\"><\/div><div class=\"innerblocks-wrap\">\n<div id=\"wp-block-themeisle-blocks-advanced-column-094c8d64\" class=\"wp-block-themeisle-blocks-advanced-column\">\n<figure class=\"wp-block-image size-full\"><img loading=\"lazy\" decoding=\"async\" width=\"1920\" height=\"700\" src=\"https:\/\/snm-online.sk\/wp-content\/uploads\/2025\/07\/2025-08-06-kometovka-juzne-repre_WEB1.jpg\" alt=\"\" class=\"wp-image-4282\" srcset=\"https:\/\/snm-online.sk\/wp-content\/uploads\/2025\/07\/2025-08-06-kometovka-juzne-repre_WEB1.jpg 1920w, https:\/\/snm-online.sk\/wp-content\/uploads\/2025\/07\/2025-08-06-kometovka-juzne-repre_WEB1-300x109.jpg 300w, https:\/\/snm-online.sk\/wp-content\/uploads\/2025\/07\/2025-08-06-kometovka-juzne-repre_WEB1-1024x373.jpg 1024w, https:\/\/snm-online.sk\/wp-content\/uploads\/2025\/07\/2025-08-06-kometovka-juzne-repre_WEB1-768x280.jpg 768w, https:\/\/snm-online.sk\/wp-content\/uploads\/2025\/07\/2025-08-06-kometovka-juzne-repre_WEB1-1536x560.jpg 1536w\" sizes=\"auto, (max-width: 1920px) 100vw, 1920px\" \/><\/figure>\n\n\n\n<div style=\"height:10px\" aria-hidden=\"true\" class=\"wp-block-spacer\"><\/div>\n\n\n\n<p><strong>Please choose from the listed dates:<\/strong><\/p>\n<\/div>\n<\/div><\/div>\n\n\n\r\n<section class=\"mb-4\">\r\n    <nav class=\"wper-days\">\r\n        \r\n            <\/nav>\r\n\r\n    \r\n    <ul id=\"wperItems\" class=\"wper-list\">\r\n        Sorry, this date is not available.    <\/ul>\r\n<\/section>\r\n\r\n<div class=\"wper-modal\">\r\n    <div class=\"wper-modal__inner\">\r\n        <div class=\"wper-modal__header\">\r\n            <button type=\"button\" class=\"wper-modal__close js-wper-close-modal\">\r\n                <svg width=\"16\" height=\"16\" viewbox=\"0 0 16 16\" fill=\"none\" class=\"svg\" xmlns=\"http:\/\/www.w3.org\/2000\/svg\"><path d=\"M16 7H3.83L9.42 1.41L8 0L0 8L8 16L9.41 14.59L3.83 9H16V7Z\" fill=\"currentColor\"\/><\/svg> <span>Continue shopping<\/span>\r\n            <\/button>\r\n        <\/div>\r\n\r\n        <iframe src=\"\" frameborder=\"0\" class=\"wper-modal__iframe\"><\/iframe>\r\n    <\/div>\r\n<\/div>\r\n\r\n<div class=\"wper-note\">\r\n    <div class=\"wper-note__inner\">\r\n        <div id=\"wperNoteRetail\" class=\"wper-note__content\">\r\n            <h5 class=\"wper-note__title\">Last tickets available only at the museum ticket office.<\/h5>\r\n\r\n            <p>We are sorry, but due to high interest, all tickets reserved for online sales are sold out.<\/p>\r\n\r\n            <p>Last few tickets are available at the castle ticket office. We recommend you visit the ticket office as soon as possible, as tickets sell out quickly.<\/p>\r\n        <\/div>\r\n\r\n        <div id=\"wperNoteSold\" class=\"wper-note__content\">\r\n            <h5 class=\"wper-note__title\">Tickets for this time slot are sold out.<\/h5>\r\n\r\n            <p>We are sorry, but due to high interest, all tickets for this tour are sold out. No tickets are available for this time slot at the castle ticket office either.<\/p>\r\n\r\n            <p>Please try to select another time slot within the day or consider visiting on a different day. We recommend monitoring our website for availability of tickets for individual tours and events.<\/p>\r\n\r\n            <p>Given the high attendance, we advise purchasing tickets well in advance online.<\/p>\r\n        <\/div>\r\n\r\n        <div class=\"wper-note__actions\">\r\n            <button type=\"submit\" class=\"wper-note__close js-wper-close-note\">Got it<\/button>\r\n        <\/div>\r\n    <\/div>\r\n<\/div>\r\n\n\n\n\n<p>SNM \u2013 Historick\u00e9 m\u00fazeum v\u00e1s poz\u00fdva na mimoriadnu komentovan\u00fa prehliadku ju\u017en\u00fdmi reprezenta\u010dn\u00fdmi priestormi Bratislavsk\u00e9ho hradu.<\/p>\n\n\n\n<p>Dosta\u0148te sa na miesta, kde sa s &#8222;men\u0161ou prest\u00e1vkou&#8220; stret\u00e1vaj\u00fa \u0161t\u00e1tnici u\u017e viac ako 240 rokov.<\/p>\n\n\n\n<p>S\u00fa\u010dasn\u00e1 podoba Bratislavsk\u00e9ho hradu pripom\u00edna obdobie panovania M\u00e1rie Ter\u00e9zie (1741 \u2013 1780), kedy Bratislavsk\u00fd hrad pre\u0161iel ve\u013ek\u00fdmi prestavbami. Ju\u017en\u00e9 reprezenta\u010dn\u00e9 priestory so svojimi predsie\u0148ami, audien\u010dnou miestnos\u0165ou \u010di zrkadlovou izbou sl\u00fa\u017eili potreb\u00e1m panovn\u00ed\u010dky, ktor\u00e1 tu prij\u00edmala vysokopostaven\u00fdch host\u00ed.<\/p>\n\n\n\n<p>Po postupnom \u00fapadku a po\u017eiari v roku 1811 hrad stratil svoju reprezenta\u010dn\u00fa funkciu a d\u00f4le\u017eitos\u0165. A\u017e v 50. a 60. rokoch 20. storo\u010dia&nbsp;prebehla rekon\u0161trukcia, ktor\u00e1 navr\u00e1tila \u017eivot na Bratislavsk\u00fd hrad.<\/p>\n\n\n\n<p>V s\u00fa\u010dasnosti priestory na prvom poschod\u00ed Bratislavsk\u00e9ho hradu sl\u00fa\u017eia na reprezenta\u010dn\u00e9 \u00fa\u010dely N\u00e1rodnej rady Slovenskej republiky, ale aj potreb\u00e1m prezidenta \u010di predsedu vl\u00e1dy. Slovensko tu prij\u00edma \u0161t\u00e1tnikov zo zahrani\u010dia, usporad\u00fava medzin\u00e1rodn\u00e9 zasadnutia a pod.<\/p>\n\n\n\n<p>Vy si tieto priestory budete m\u00f4c\u0165 pozrie\u0165 6. augusta 2025 po\u010das tejto \u0161peci\u00e1lnej prehliadky. Priestormi v\u00e1s prevedie riadite\u013e SNM \u2013 Historick\u00e9ho m\u00fazea Peter Barta.<\/p>\n\n\n\n<p>Miesto stretnutia: Sl\u00e1vnostn\u00e9 schodisko na 1. poschod\u00ed.<\/p>\n\n\n\n<p>Trvanie: cca. 45 \u2013 60 min.<\/p>\n\n\n\n<div style=\"height:50px\" aria-hidden=\"true\" class=\"wp-block-spacer\"><\/div>\n\n\n\n<p><strong>If you have any questions about online tickets, please contact us at\u00a0<a href=\"mailto:pomoc@snm-online.sk\">pomoc@snm-online.sk<\/a><\/strong><\/p>\n\n\n\n<div style=\"height:100px\" aria-hidden=\"true\" class=\"wp-block-spacer\"><\/div>","protected":false},"excerpt":{"rendered":"<p>SNM \u2013 Historick\u00e9 m\u00fazeum v\u00e1s poz\u00fdva na mimoriadnu komentovan\u00fa prehliadku ju\u017en\u00fdmi reprezenta\u010dn\u00fdmi priestormi Bratislavsk\u00e9ho hradu. Dosta\u0148te sa na miesta, kde sa s &#8222;men\u0161ou prest\u00e1vkou&#8220; stret\u00e1vaj\u00fa \u0161t\u00e1tnici u\u017e viac ako 240&hellip;&nbsp;<a href=\"https:\/\/snm-online.sk\/en\/prehliadka-reprezentacnych-priestorov-marie-terezie\/\" class=\"\" rel=\"bookmark\">Read More &raquo;<span class=\"screen-reader-text\">Prehliadka reprezenta\u010dn\u00fdch priestorov M\u00e1rie Ter\u00e9zie<\/span><\/a><\/p>","protected":false},"author":2,"featured_media":0,"parent":0,"menu_order":0,"comment_status":"closed","ping_status":"closed","template":"","meta":{"_eb_attr":"","neve_meta_sidebar":"","neve_meta_container":"","neve_meta_enable_content_width":"","neve_meta_content_width":0,"neve_meta_title_alignment":"","neve_meta_author_avatar":"","neve_post_elements_order":"","neve_meta_disable_header":"","neve_meta_disable_footer":"","neve_meta_disable_title":"","_themeisle_gutenberg_block_has_review":false,"footnotes":""},"class_list":["post-4281","page","type-page","status-publish","hentry"],"_links":{"self":[{"href":"https:\/\/snm-online.sk\/en\/wp-json\/wp\/v2\/pages\/4281","targetHints":{"allow":["GET"]}}],"collection":[{"href":"https:\/\/snm-online.sk\/en\/wp-json\/wp\/v2\/pages"}],"about":[{"href":"https:\/\/snm-online.sk\/en\/wp-json\/wp\/v2\/types\/page"}],"author":[{"embeddable":true,"href":"https:\/\/snm-online.sk\/en\/wp-json\/wp\/v2\/users\/2"}],"replies":[{"embeddable":true,"href":"https:\/\/snm-online.sk\/en\/wp-json\/wp\/v2\/comments?post=4281"}],"version-history":[{"count":1,"href":"https:\/\/snm-online.sk\/en\/wp-json\/wp\/v2\/pages\/4281\/revisions"}],"predecessor-version":[{"id":4283,"href":"https:\/\/snm-online.sk\/en\/wp-json\/wp\/v2\/pages\/4281\/revisions\/4283"}],"wp:attachment":[{"href":"https:\/\/snm-online.sk\/en\/wp-json\/wp\/v2\/media?parent=4281"}],"curies":[{"name":"wp","href":"https:\/\/api.w.org\/{rel}","templated":true}]}}