{"id":4319,"date":"2025-08-04T11:01:43","date_gmt":"2025-08-04T09:01:43","guid":{"rendered":"https:\/\/snm-online.sk\/?page_id=4319"},"modified":"2025-08-04T11:02:45","modified_gmt":"2025-08-04T09:02:45","slug":"specialne-vecerne-prehliadky","status":"publish","type":"page","link":"https:\/\/snm-online.sk\/en\/specialne-vecerne-prehliadky\/","title":{"rendered":"\u0160peci\u00e1lne ve\u010dern\u00e9 prehliadky"},"content":{"rendered":"<h2 class=\"wp-block-heading\">Luxus a modernita \u0161\u013eachtick\u00e9ho s\u00eddla v Betliari<\/h2>\n\n\n\n<div id=\"wp-block-themeisle-blocks-advanced-columns-14fc14a5\" class=\"wp-block-themeisle-blocks-advanced-columns has-1-columns has-desktop-equal-layout has-tablet-equal-layout has-mobile-equal-layout has-vertical-unset\"><div class=\"wp-block-themeisle-blocks-advanced-columns-overlay\"><\/div><div class=\"innerblocks-wrap\">\n<div id=\"wp-block-themeisle-blocks-advanced-column-c67f75e3\" class=\"wp-block-themeisle-blocks-advanced-column\">\n<figure class=\"wp-block-image size-full is-resized has-custom-border\" id=\"wp-block-themeisle-blocks-image-de17d778\"><img loading=\"lazy\" decoding=\"async\" width=\"1920\" height=\"700\" src=\"https:\/\/snm-online.sk\/wp-content\/uploads\/2025\/08\/1920-x-700-px-Betliar-Specialne-vecerne-prehliadky-.png\" alt=\"\" class=\"wp-image-4320\" style=\"border-radius:5px;width:1170px;height:auto\" srcset=\"https:\/\/snm-online.sk\/wp-content\/uploads\/2025\/08\/1920-x-700-px-Betliar-Specialne-vecerne-prehliadky-.png 1920w, https:\/\/snm-online.sk\/wp-content\/uploads\/2025\/08\/1920-x-700-px-Betliar-Specialne-vecerne-prehliadky--300x109.png 300w, https:\/\/snm-online.sk\/wp-content\/uploads\/2025\/08\/1920-x-700-px-Betliar-Specialne-vecerne-prehliadky--1024x373.png 1024w, https:\/\/snm-online.sk\/wp-content\/uploads\/2025\/08\/1920-x-700-px-Betliar-Specialne-vecerne-prehliadky--768x280.png 768w, https:\/\/snm-online.sk\/wp-content\/uploads\/2025\/08\/1920-x-700-px-Betliar-Specialne-vecerne-prehliadky--1536x560.png 1536w\" sizes=\"auto, (max-width: 1920px) 100vw, 1920px\" \/><\/figure>\n\n\n\n<div style=\"height:20px\" aria-hidden=\"true\" class=\"wp-block-spacer\"><\/div>\n\n\n\n<p><strong><br>Please choose from the listed dates:<\/strong><\/p>\n\n\n\r\n<section class=\"mb-4\">\r\n    <nav class=\"wper-days\">\r\n        \r\n            <\/nav>\r\n\r\n    \r\n    <ul id=\"wperItems\" class=\"wper-list\">\r\n        Sorry, this date is not available.    <\/ul>\r\n<\/section>\r\n\r\n<div class=\"wper-modal\">\r\n    <div class=\"wper-modal__inner\">\r\n        <div class=\"wper-modal__header\">\r\n            <button type=\"button\" class=\"wper-modal__close js-wper-close-modal\">\r\n                <svg width=\"16\" height=\"16\" viewbox=\"0 0 16 16\" fill=\"none\" class=\"svg\" xmlns=\"http:\/\/www.w3.org\/2000\/svg\"><path d=\"M16 7H3.83L9.42 1.41L8 0L0 8L8 16L9.41 14.59L3.83 9H16V7Z\" fill=\"currentColor\"\/><\/svg> <span>Continue shopping<\/span>\r\n            <\/button>\r\n        <\/div>\r\n\r\n        <iframe src=\"\" frameborder=\"0\" class=\"wper-modal__iframe\"><\/iframe>\r\n    <\/div>\r\n<\/div>\r\n\r\n<div class=\"wper-note\">\r\n    <div class=\"wper-note__inner\">\r\n        <div id=\"wperNoteRetail\" class=\"wper-note__content\">\r\n            <h5 class=\"wper-note__title\">Last tickets available only at the museum ticket office.<\/h5>\r\n\r\n            <p>We are sorry, but due to high interest, all tickets reserved for online sales are sold out.<\/p>\r\n\r\n            <p>Last few tickets are available at the castle ticket office. We recommend you visit the ticket office as soon as possible, as tickets sell out quickly.<\/p>\r\n        <\/div>\r\n\r\n        <div id=\"wperNoteSold\" class=\"wper-note__content\">\r\n            <h5 class=\"wper-note__title\">Tickets for this time slot are sold out.<\/h5>\r\n\r\n            <p>We are sorry, but due to high interest, all tickets for this tour are sold out. No tickets are available for this time slot at the castle ticket office either.<\/p>\r\n\r\n            <p>Please try to select another time slot within the day or consider visiting on a different day. We recommend monitoring our website for availability of tickets for individual tours and events.<\/p>\r\n\r\n            <p>Given the high attendance, we advise purchasing tickets well in advance online.<\/p>\r\n        <\/div>\r\n\r\n        <div class=\"wper-note__actions\">\r\n            <button type=\"submit\" class=\"wper-note__close js-wper-close-note\">Got it<\/button>\r\n        <\/div>\r\n    <\/div>\r\n<\/div>\r\n\n\n\n\n<p>Luxus a modernita \u0161\u013eachtick\u00e9ho s\u00eddla v Betliari: Nov\u00e9 trendy kult\u00fary b\u00fdvania na vlastn\u00e9 o\u010di.\u00a0Ako sa \u017eilo v \u0161\u013eachtickom s\u00eddle, kde sa prel\u00ednal aristokratick\u00fd vkus s najnov\u0161\u00edmi technick\u00fdmi vyn\u00e1lezmi svojej doby?Ka\u0161tie\u013e Betliar, jedin\u00e1 \u0161\u013eachtick\u00e1 rezidencia na Slovensku, ktor\u00e1 sa zachovala v p\u00f4vodnom stave so svoj\u00edm autentick\u00fdm zariaden\u00edm, pon\u00faka jedine\u010dn\u00fd poh\u013ead na moderniz\u00e1ciu a luxus v \u017eivote aristokracie konca 19. a za\u010diatku 20. storo\u010dia.<br><\/p>\n\n\n\n<p>N\u00e1v\u0161tevn\u00edci ka\u0161tie\u013ea m\u00f4\u017eu objavi\u0165, ako do \u017eivota gr\u00f3fskej rodiny Andr\u00e1ssyovcov prenikli technick\u00e9 novinky \u2013 od elektrick\u00e9ho osvetlenia, cez \u00fastredn\u00e9 k\u00farenie s liatinov\u00fdmi radi\u00e1tormi, a\u017e po modern\u00e9 sanit\u00e1rne vybavenie ako porcel\u00e1nov\u00e9 toalety s vodovodn\u00fdm splachovan\u00edm.<br>\u0160pecializovan\u00e1 prehliadka poukazuje na kontrast medzi trad\u00edciou a modernitou. V elegantn\u00fdch sal\u00f3noch a reprezenta\u010dn\u00fdch miestnostiach sa stret\u00e1va historick\u00e1 noblesa s pokrokom: ved\u013ea umeleck\u00fdch diel a staro\u017eitnost\u00ed stoja predmety ako mikrovlnn\u00e1 r\u00fara, r\u00fdchlovarn\u00e1 kanvica \u010di kuchynsk\u00fd mix\u00e9r \u2013 v\u0161etko v \u0161t\u00fdle za\u010diatku 20. storo\u010dia.<br><\/p>\n\n\n\n<p>T\u00e9ma moderniz\u00e1cie \u0161\u013eachtick\u00fdch s\u00eddiel n\u00e1m umo\u017e\u0148uje pribl\u00ed\u017ei\u0165 hist\u00f3riu ve\u013emi p\u00fatav\u00fdm sp\u00f4sobom. Zbierkov\u00e9 predmety ka\u0161tie\u013ea Betliar nie s\u00fa len nem\u00fdmi svedkami minulosti \u2013 ukazuj\u00fa, ako \u0161\u013eachta \u017eila, ako sa obklopovala komfortom, ako sledovala trendy a prisp\u00f4sobovala sa dobe.<br>Ka\u0161tie\u013e Betliar tak nepon\u00faka len exkurziu do minulosti, ale aj jedine\u010dn\u00fd z\u00e1\u017eitok \u2013 mo\u017enos\u0165 vidie\u0165 zbl\u00edzka, ako vyzeral \u201eluxus s pr\u00edchu\u0165ou modernity\u201c na prelome storo\u010d\u00ed.<\/p>\n<\/div>\n<\/div><\/div>\n\n\n\n<div style=\"height:50px\" aria-hidden=\"true\" class=\"wp-block-spacer\"><\/div>\n\n\n\n<p class=\"has-text-align-center\"><strong>If you have any questions about online tickets, please contact us at\u00a0<a href=\"mailto:pomoc@snm-online.sk\">pomoc@snm-online.sk<\/a><\/strong><\/p>\n\n\n\n<div style=\"height:100px\" aria-hidden=\"true\" class=\"wp-block-spacer\"><\/div>","protected":false},"excerpt":{"rendered":"<p>Luxus a modernita \u0161\u013eachtick\u00e9ho s\u00eddla v Betliari V pr\u00edpade ot\u00e1zok t\u00fdkaj\u00facich sa online n\u00e1kupu vstupeniek n\u00e1s kontaktujte na\u00a0pomoc@snm-online.sk<\/p>","protected":false},"author":2,"featured_media":0,"parent":0,"menu_order":0,"comment_status":"closed","ping_status":"closed","template":"","meta":{"_eb_attr":"","neve_meta_sidebar":"","neve_meta_container":"","neve_meta_enable_content_width":"","neve_meta_content_width":0,"neve_meta_title_alignment":"","neve_meta_author_avatar":"","neve_post_elements_order":"","neve_meta_disable_header":"","neve_meta_disable_footer":"","neve_meta_disable_title":"","_themeisle_gutenberg_block_has_review":false,"footnotes":""},"class_list":["post-4319","page","type-page","status-publish","hentry"],"_links":{"self":[{"href":"https:\/\/snm-online.sk\/en\/wp-json\/wp\/v2\/pages\/4319","targetHints":{"allow":["GET"]}}],"collection":[{"href":"https:\/\/snm-online.sk\/en\/wp-json\/wp\/v2\/pages"}],"about":[{"href":"https:\/\/snm-online.sk\/en\/wp-json\/wp\/v2\/types\/page"}],"author":[{"embeddable":true,"href":"https:\/\/snm-online.sk\/en\/wp-json\/wp\/v2\/users\/2"}],"replies":[{"embeddable":true,"href":"https:\/\/snm-online.sk\/en\/wp-json\/wp\/v2\/comments?post=4319"}],"version-history":[{"count":3,"href":"https:\/\/snm-online.sk\/en\/wp-json\/wp\/v2\/pages\/4319\/revisions"}],"predecessor-version":[{"id":4323,"href":"https:\/\/snm-online.sk\/en\/wp-json\/wp\/v2\/pages\/4319\/revisions\/4323"}],"wp:attachment":[{"href":"https:\/\/snm-online.sk\/en\/wp-json\/wp\/v2\/media?parent=4319"}],"curies":[{"name":"wp","href":"https:\/\/api.w.org\/{rel}","templated":true}]}}