{"id":4398,"date":"2025-08-15T14:49:04","date_gmt":"2025-08-15T12:49:04","guid":{"rendered":"https:\/\/snm-online.sk\/?page_id=4398"},"modified":"2025-08-15T14:51:52","modified_gmt":"2025-08-15T12:51:52","slug":"jednym-okom","status":"publish","type":"page","link":"https:\/\/snm-online.sk\/en\/jednym-okom\/","title":{"rendered":"Jedn\u00fdm okom"},"content":{"rendered":"<div id=\"wp-block-themeisle-blocks-advanced-columns-a219ffbc\" class=\"wp-block-themeisle-blocks-advanced-columns has-1-columns has-desktop-equal-layout has-tablet-equal-layout has-mobile-equal-layout has-vertical-unset\"><div class=\"wp-block-themeisle-blocks-advanced-columns-overlay\"><\/div><div class=\"innerblocks-wrap\">\n<div id=\"wp-block-themeisle-blocks-advanced-column-f252c3ac\" class=\"wp-block-themeisle-blocks-advanced-column\">\n<figure class=\"wp-block-image size-full is-resized has-custom-border\" id=\"wp-block-themeisle-blocks-image-6ae16a40\"><img loading=\"lazy\" decoding=\"async\" width=\"2560\" height=\"747\" src=\"https:\/\/snm-online.sk\/wp-content\/uploads\/2025\/08\/Jednym-okom-Dizajn--scaled.jpg\" alt=\"\" class=\"wp-image-4400\" style=\"border-radius:5px;width:1170px;height:auto\" srcset=\"https:\/\/snm-online.sk\/wp-content\/uploads\/2025\/08\/Jednym-okom-Dizajn--scaled.jpg 2560w, https:\/\/snm-online.sk\/wp-content\/uploads\/2025\/08\/Jednym-okom-Dizajn--300x88.jpg 300w, https:\/\/snm-online.sk\/wp-content\/uploads\/2025\/08\/Jednym-okom-Dizajn--1024x299.jpg 1024w, https:\/\/snm-online.sk\/wp-content\/uploads\/2025\/08\/Jednym-okom-Dizajn--768x224.jpg 768w, https:\/\/snm-online.sk\/wp-content\/uploads\/2025\/08\/Jednym-okom-Dizajn--1536x448.jpg 1536w, https:\/\/snm-online.sk\/wp-content\/uploads\/2025\/08\/Jednym-okom-Dizajn--2048x598.jpg 2048w\" sizes=\"auto, (max-width: 2560px) 100vw, 2560px\" \/><\/figure>\n\n\n\n<div style=\"height:30px\" aria-hidden=\"true\" class=\"wp-block-spacer\"><\/div>\n\n\n\n<p><strong>Please choose from the listed dates:<\/strong><\/p>\n\n\n\r\n<section class=\"mb-4\">\r\n    <nav class=\"wper-days\">\r\n        \r\n            <\/nav>\r\n\r\n    \r\n    <ul id=\"wperItems\" class=\"wper-list\">\r\n        Sorry, this date is not available.    <\/ul>\r\n<\/section>\r\n\r\n<div class=\"wper-modal\">\r\n    <div class=\"wper-modal__inner\">\r\n        <div class=\"wper-modal__header\">\r\n            <button type=\"button\" class=\"wper-modal__close js-wper-close-modal\">\r\n                <svg width=\"16\" height=\"16\" viewbox=\"0 0 16 16\" fill=\"none\" class=\"svg\" xmlns=\"http:\/\/www.w3.org\/2000\/svg\"><path d=\"M16 7H3.83L9.42 1.41L8 0L0 8L8 16L9.41 14.59L3.83 9H16V7Z\" fill=\"currentColor\"\/><\/svg> <span>Continue shopping<\/span>\r\n            <\/button>\r\n        <\/div>\r\n\r\n        <iframe src=\"\" frameborder=\"0\" class=\"wper-modal__iframe\"><\/iframe>\r\n    <\/div>\r\n<\/div>\r\n\r\n<div class=\"wper-note\">\r\n    <div class=\"wper-note__inner\">\r\n        <div id=\"wperNoteRetail\" class=\"wper-note__content\">\r\n            <h5 class=\"wper-note__title\">Last tickets available only at the museum ticket office.<\/h5>\r\n\r\n            <p>We are sorry, but due to high interest, all tickets reserved for online sales are sold out.<\/p>\r\n\r\n            <p>Last few tickets are available at the castle ticket office. We recommend you visit the ticket office as soon as possible, as tickets sell out quickly.<\/p>\r\n        <\/div>\r\n\r\n        <div id=\"wperNoteSold\" class=\"wper-note__content\">\r\n            <h5 class=\"wper-note__title\">Tickets for this time slot are sold out.<\/h5>\r\n\r\n            <p>We are sorry, but due to high interest, all tickets for this tour are sold out. No tickets are available for this time slot at the castle ticket office either.<\/p>\r\n\r\n            <p>Please try to select another time slot within the day or consider visiting on a different day. We recommend monitoring our website for availability of tickets for individual tours and events.<\/p>\r\n\r\n            <p>Given the high attendance, we advise purchasing tickets well in advance online.<\/p>\r\n        <\/div>\r\n\r\n        <div class=\"wper-note__actions\">\r\n            <button type=\"submit\" class=\"wper-note__close js-wper-close-note\">Got it<\/button>\r\n        <\/div>\r\n    <\/div>\r\n<\/div>\r\n\n\n\n\n<p><strong>Jedn\u00fdm okom<\/strong><\/p>\n\n\n\n<p>Boli ste u\u017e v Afrike? A na Alja\u0161ke? V\u010faka Divadlu \u0160EM sa tam dostanete. \u010co uvid\u00edte?<\/p>\n\n\n\n<p>Bielu krajinu, vl\u010dicu s najkraj\u0161\u00edm zlat\u00fdm ko\u017euchom na svete a pytliakov. Vojnu, tich\u00fa p\u00fa\u0161\u0165 a zasnen\u00fa \u0165avu. Zelen\u00fd prales, mizn\u00face stromy a krokod\u00edla, ktor\u00fd vo vode u\u017e nem\u00e1 miesto.<\/p>\n\n\n\n<p>Po predstaven\u00ed m\u00f4\u017eu deti zdarma absolvova\u0165 prehliadku interi\u00e9rov hradu \u010cerven\u00fd Kame\u0148.<\/p>\n\n\n\n<div style=\"height:50px\" aria-hidden=\"true\" class=\"wp-block-spacer\"><\/div>\n<\/div>\n<\/div><\/div>\n\n\n\n<p><strong>If you have any questions about online tickets, please contact us at\u00a0<a href=\"mailto:pomoc@snm-online.sk\">pomoc@snm-online.sk<\/a><\/strong><\/p>\n\n\n\n<div style=\"height:100px\" aria-hidden=\"true\" class=\"wp-block-spacer\"><\/div>","protected":false},"excerpt":{"rendered":"<p>V pr\u00edpade ot\u00e1zok t\u00fdkaj\u00facich sa online n\u00e1kupu vstupeniek n\u00e1s kontaktujte na\u00a0pomoc@snm-online.sk<\/p>","protected":false},"author":2,"featured_media":0,"parent":0,"menu_order":0,"comment_status":"closed","ping_status":"closed","template":"","meta":{"_eb_attr":"","neve_meta_sidebar":"","neve_meta_container":"","neve_meta_enable_content_width":"","neve_meta_content_width":0,"neve_meta_title_alignment":"","neve_meta_author_avatar":"","neve_post_elements_order":"","neve_meta_disable_header":"","neve_meta_disable_footer":"","neve_meta_disable_title":"","_themeisle_gutenberg_block_has_review":false,"footnotes":""},"class_list":["post-4398","page","type-page","status-publish","hentry"],"_links":{"self":[{"href":"https:\/\/snm-online.sk\/en\/wp-json\/wp\/v2\/pages\/4398","targetHints":{"allow":["GET"]}}],"collection":[{"href":"https:\/\/snm-online.sk\/en\/wp-json\/wp\/v2\/pages"}],"about":[{"href":"https:\/\/snm-online.sk\/en\/wp-json\/wp\/v2\/types\/page"}],"author":[{"embeddable":true,"href":"https:\/\/snm-online.sk\/en\/wp-json\/wp\/v2\/users\/2"}],"replies":[{"embeddable":true,"href":"https:\/\/snm-online.sk\/en\/wp-json\/wp\/v2\/comments?post=4398"}],"version-history":[{"count":3,"href":"https:\/\/snm-online.sk\/en\/wp-json\/wp\/v2\/pages\/4398\/revisions"}],"predecessor-version":[{"id":4403,"href":"https:\/\/snm-online.sk\/en\/wp-json\/wp\/v2\/pages\/4398\/revisions\/4403"}],"wp:attachment":[{"href":"https:\/\/snm-online.sk\/en\/wp-json\/wp\/v2\/media?parent=4398"}],"curies":[{"name":"wp","href":"https:\/\/api.w.org\/{rel}","templated":true}]}}