{"id":440,"date":"2024-05-09T13:33:31","date_gmt":"2024-05-09T11:33:31","guid":{"rendered":"https:\/\/snm-online.sk\/?page_id=440"},"modified":"2026-04-08T09:20:53","modified_gmt":"2026-04-08T07:20:53","slug":"kontaktne-informacie","status":"publish","type":"page","link":"https:\/\/snm-online.sk\/en\/kontaktne-informacie\/","title":{"rendered":"Contact Information"},"content":{"rendered":"<p><strong>Slovak National Museum<\/strong><br>Vajansk\u00e9ho n\u00e1bre\u017eie 2<br>P. O. BOX 13<br>810 06 Bratislava&nbsp;<\/p>\n\n\n\n<p>I\u010cO:&nbsp;00164721<br>DI\u010c:&nbsp;2020603068&nbsp;<br>I\u010c DPH:&nbsp;SK2020603068<\/p>\n\n\n\n<div style=\"height:50px\" aria-hidden=\"true\" class=\"wp-block-spacer\"><\/div>\n\n\n\n<h6 class=\"wp-block-heading\">Spracovanie osobn\u00fdch \u00fadajov<\/h6>\n\n\n\n<p>Osoba zodpovedn\u00e1 za spracovanie osobn\u00fdch \u00fadajov SNM<strong>&nbsp;<\/strong><\/p>\n\n\n\n<p>email:\u00a0\u00a0<a href=\"mailto: zodpovedna.osoba@snm.sk\"><\/a><a href=\"mailto:gdpr.snm@snm.sk\">gdpr.snm@snm.sk<\/a><\/p>\n\n\n\n<div style=\"height:100px\" aria-hidden=\"true\" class=\"wp-block-spacer\"><\/div>\n\n\n\n<h6 class=\"wp-block-heading has-text-align-center\">If you have any questions about online tickets, please contact us at <a href=\"mailto:pomoc@snm-online.sk\">pomoc@snm-online.sk<\/a><\/h6>\n\n\n\n<div style=\"height:100px\" aria-hidden=\"true\" class=\"wp-block-spacer\"><\/div>","protected":false},"excerpt":{"rendered":"<p>Slovensk\u00e9 n\u00e1rodn\u00e9 m\u00fazeumVajansk\u00e9ho n\u00e1bre\u017eie 2P. O. BOX 13810 06 Bratislava&nbsp; I\u010cO:&nbsp;00164721DI\u010c:&nbsp;2020603068&nbsp;I\u010c DPH:&nbsp;SK2020603068 Spracovanie osobn\u00fdch \u00fadajov Osoba zodpovedn\u00e1 za spracovanie osobn\u00fdch \u00fadajov SNM&nbsp; e-mail:\u00a0\u00a0gdpr.snm@snm.sk V pr\u00edpade ot\u00e1zok t\u00fdkaj\u00facich sa online n\u00e1kupu&hellip;&nbsp;<a href=\"https:\/\/snm-online.sk\/en\/kontaktne-informacie\/\" class=\"\" rel=\"bookmark\">Read More &raquo;<span class=\"screen-reader-text\">Contact Information<\/span><\/a><\/p>","protected":false},"author":2,"featured_media":0,"parent":0,"menu_order":0,"comment_status":"closed","ping_status":"closed","template":"","meta":{"_eb_attr":"","neve_meta_sidebar":"","neve_meta_container":"","neve_meta_enable_content_width":"","neve_meta_content_width":0,"neve_meta_title_alignment":"","neve_meta_author_avatar":"","neve_post_elements_order":"","neve_meta_disable_header":"","neve_meta_disable_footer":"","neve_meta_disable_title":"","_themeisle_gutenberg_block_has_review":false,"footnotes":""},"class_list":["post-440","page","type-page","status-publish","hentry"],"_links":{"self":[{"href":"https:\/\/snm-online.sk\/en\/wp-json\/wp\/v2\/pages\/440","targetHints":{"allow":["GET"]}}],"collection":[{"href":"https:\/\/snm-online.sk\/en\/wp-json\/wp\/v2\/pages"}],"about":[{"href":"https:\/\/snm-online.sk\/en\/wp-json\/wp\/v2\/types\/page"}],"author":[{"embeddable":true,"href":"https:\/\/snm-online.sk\/en\/wp-json\/wp\/v2\/users\/2"}],"replies":[{"embeddable":true,"href":"https:\/\/snm-online.sk\/en\/wp-json\/wp\/v2\/comments?post=440"}],"version-history":[{"count":12,"href":"https:\/\/snm-online.sk\/en\/wp-json\/wp\/v2\/pages\/440\/revisions"}],"predecessor-version":[{"id":5218,"href":"https:\/\/snm-online.sk\/en\/wp-json\/wp\/v2\/pages\/440\/revisions\/5218"}],"wp:attachment":[{"href":"https:\/\/snm-online.sk\/en\/wp-json\/wp\/v2\/media?parent=440"}],"curies":[{"name":"wp","href":"https:\/\/api.w.org\/{rel}","templated":true}]}}