{"id":441,"date":"2024-05-09T13:33:31","date_gmt":"2024-05-09T11:33:31","guid":{"rendered":"https:\/\/snm-online.sk\/?page_id=441"},"modified":"2024-07-22T15:57:13","modified_gmt":"2024-07-22T13:57:13","slug":"vseobecne-obchodne-podmienky","status":"publish","type":"page","link":"https:\/\/snm-online.sk\/en\/vseobecne-obchodne-podmienky\/","title":{"rendered":"Terms and Conditions"},"content":{"rendered":"<div data-wp-interactive=\"core\/file\" class=\"wp-block-file\"><object data-wp-bind--hidden=\"!state.hasPdfPreview\" hidden class=\"wp-block-file__embed\" data=\"https:\/\/snm-online.sk\/wp-content\/uploads\/2024\/07\/VOP_SNM_03_2024-Vseobecne-obchodne-podmienky.pdf\" type=\"application\/pdf\" style=\"width:100%;height:1190px\" aria-label=\"Embed of VOP_SNM_03_2024 V\u0161eobecn\u00e9 obchodn\u00e9 podmienky.\"><\/object><a id=\"wp-block-file--media-2b63e1bc-a24f-4ae8-ab54-7b5739e3f742\" href=\"https:\/\/snm-online.sk\/wp-content\/uploads\/2024\/07\/VOP_SNM_03_2024-Vseobecne-obchodne-podmienky.pdf\">VOP_SNM_03_2024 V\u0161eobecn\u00e9 obchodn\u00e9 podmienky<\/a><a href=\"https:\/\/snm-online.sk\/wp-content\/uploads\/2024\/07\/VOP_SNM_03_2024-Vseobecne-obchodne-podmienky.pdf\" class=\"wp-block-file__button wp-element-button\" download aria-describedby=\"wp-block-file--media-2b63e1bc-a24f-4ae8-ab54-7b5739e3f742\">Download<\/a><\/div>","protected":false},"excerpt":{"rendered":"","protected":false},"author":2,"featured_media":0,"parent":0,"menu_order":0,"comment_status":"closed","ping_status":"closed","template":"","meta":{"_eb_attr":"","neve_meta_sidebar":"","neve_meta_container":"","neve_meta_enable_content_width":"","neve_meta_content_width":0,"neve_meta_title_alignment":"","neve_meta_author_avatar":"","neve_post_elements_order":"","neve_meta_disable_header":"","neve_meta_disable_footer":"","neve_meta_disable_title":"","_themeisle_gutenberg_block_has_review":false,"footnotes":""},"class_list":["post-441","page","type-page","status-publish","hentry"],"_links":{"self":[{"href":"https:\/\/snm-online.sk\/en\/wp-json\/wp\/v2\/pages\/441","targetHints":{"allow":["GET"]}}],"collection":[{"href":"https:\/\/snm-online.sk\/en\/wp-json\/wp\/v2\/pages"}],"about":[{"href":"https:\/\/snm-online.sk\/en\/wp-json\/wp\/v2\/types\/page"}],"author":[{"embeddable":true,"href":"https:\/\/snm-online.sk\/en\/wp-json\/wp\/v2\/users\/2"}],"replies":[{"embeddable":true,"href":"https:\/\/snm-online.sk\/en\/wp-json\/wp\/v2\/comments?post=441"}],"version-history":[{"count":4,"href":"https:\/\/snm-online.sk\/en\/wp-json\/wp\/v2\/pages\/441\/revisions"}],"predecessor-version":[{"id":1210,"href":"https:\/\/snm-online.sk\/en\/wp-json\/wp\/v2\/pages\/441\/revisions\/1210"}],"wp:attachment":[{"href":"https:\/\/snm-online.sk\/en\/wp-json\/wp\/v2\/media?parent=441"}],"curies":[{"name":"wp","href":"https:\/\/api.w.org\/{rel}","templated":true}]}}